{"id":28349,"date":"2023-01-30T16:47:14","date_gmt":"2023-01-30T16:47:14","guid":{"rendered":"https:\/\/www.neuraxpharm.com\/cz\/?page_id=28349"},"modified":"2023-03-27T09:59:51","modified_gmt":"2023-03-27T09:59:51","slug":"charles-morris","status":"publish","type":"page","link":"https:\/\/www.neuraxpharm.com\/cz\/o-nas\/vedeni-spolecnosti\/charles-morris","title":{"rendered":"CHARLES MORRIS"},"content":{"rendered":"\t\t<div data-elementor-type=\"wp-page\" data-elementor-id=\"28349\" class=\"elementor elementor-28349\" data-elementor-post-type=\"page\">\n\t\t\t\t\t\t<section class=\"elementor-section elementor-top-section elementor-element elementor-element-47cd21c0 elementor-section-boxed elementor-section-height-default elementor-section-height-default\" data-id=\"47cd21c0\" data-element_type=\"section\" data-e-type=\"section\" data-settings=\"{&quot;jet_parallax_layout_list&quot;:[{&quot;_id&quot;:&quot;f02b98c&quot;,&quot;jet_parallax_layout_image&quot;:{&quot;url&quot;:&quot;&quot;,&quot;id&quot;:&quot;&quot;,&quot;size&quot;:&quot;&quot;},&quot;jet_parallax_layout_image_tablet&quot;:{&quot;url&quot;:&quot;&quot;,&quot;id&quot;:&quot;&quot;,&quot;size&quot;:&quot;&quot;},&quot;jet_parallax_layout_image_mobile&quot;:{&quot;url&quot;:&quot;&quot;,&quot;id&quot;:&quot;&quot;,&quot;size&quot;:&quot;&quot;},&quot;jet_parallax_layout_speed&quot;:{&quot;unit&quot;:&quot;%&quot;,&quot;size&quot;:50,&quot;sizes&quot;:[]},&quot;jet_parallax_layout_type&quot;:&quot;scroll&quot;,&quot;jet_parallax_layout_direction&quot;:&quot;1&quot;,&quot;jet_parallax_layout_fx_direction&quot;:null,&quot;jet_parallax_layout_z_index&quot;:&quot;&quot;,&quot;jet_parallax_layout_bg_x&quot;:50,&quot;jet_parallax_layout_bg_x_tablet&quot;:&quot;&quot;,&quot;jet_parallax_layout_bg_x_mobile&quot;:&quot;&quot;,&quot;jet_parallax_layout_bg_y&quot;:50,&quot;jet_parallax_layout_bg_y_tablet&quot;:&quot;&quot;,&quot;jet_parallax_layout_bg_y_mobile&quot;:&quot;&quot;,&quot;jet_parallax_layout_bg_size&quot;:&quot;auto&quot;,&quot;jet_parallax_layout_bg_size_tablet&quot;:&quot;&quot;,&quot;jet_parallax_layout_bg_size_mobile&quot;:&quot;&quot;,&quot;jet_parallax_layout_animation_prop&quot;:&quot;transform&quot;,&quot;jet_parallax_layout_on&quot;:[&quot;desktop&quot;,&quot;tablet&quot;]}]}\">\n\t\t\t\t\t\t<div class=\"elementor-container elementor-column-gap-default\">\n\t\t\t\t\t<div class=\"elementor-column elementor-col-33 elementor-top-column elementor-element elementor-element-f3cd503\" data-id=\"f3cd503\" data-element_type=\"column\" data-e-type=\"column\">\n\t\t\t<div class=\"elementor-widget-wrap elementor-element-populated\">\n\t\t\t\t\t\t<div class=\"elementor-element elementor-element-24b0d675 elementor-widget elementor-widget-image\" data-id=\"24b0d675\" data-element_type=\"widget\" data-e-type=\"widget\" data-widget_type=\"image.default\">\n\t\t\t\t<div class=\"elementor-widget-container\">\n\t\t\t\t\t\t\t\t\t\t\t\t\t\t\t<img fetchpriority=\"high\" decoding=\"async\" width=\"716\" height=\"700\" src=\"https:\/\/static.neuraxpharm.com\/wp-content\/uploads\/sites\/27\/2023\/03\/27095622\/charles-morris.jpg\" class=\"attachment-full size-full wp-image-28570\" alt=\"\" srcset=\"https:\/\/static.neuraxpharm.com\/wp-content\/uploads\/sites\/27\/2023\/03\/27095622\/charles-morris.jpg 716w, https:\/\/static.neuraxpharm.com\/wp-content\/uploads\/sites\/27\/2023\/03\/27095622\/charles-morris-300x293.jpg 300w, https:\/\/static.neuraxpharm.com\/wp-content\/uploads\/sites\/27\/2023\/03\/27095622\/charles-morris-600x587.jpg 600w\" sizes=\"(max-width: 716px) 100vw, 716px\" \/>\t\t\t\t\t\t\t\t\t\t\t\t\t\t\t<\/div>\n\t\t\t\t<\/div>\n\t\t\t\t<section class=\"elementor-section elementor-inner-section elementor-element elementor-element-3bb87f5a elementor-section-content-top elementor-section-boxed elementor-section-height-default elementor-section-height-default\" data-id=\"3bb87f5a\" data-element_type=\"section\" data-e-type=\"section\" data-settings=\"{&quot;jet_parallax_layout_list&quot;:[{&quot;_id&quot;:&quot;5f899ce&quot;,&quot;jet_parallax_layout_image&quot;:{&quot;url&quot;:&quot;&quot;,&quot;id&quot;:&quot;&quot;,&quot;size&quot;:&quot;&quot;},&quot;jet_parallax_layout_image_tablet&quot;:{&quot;url&quot;:&quot;&quot;,&quot;id&quot;:&quot;&quot;,&quot;size&quot;:&quot;&quot;},&quot;jet_parallax_layout_image_mobile&quot;:{&quot;url&quot;:&quot;&quot;,&quot;id&quot;:&quot;&quot;,&quot;size&quot;:&quot;&quot;},&quot;jet_parallax_layout_speed&quot;:{&quot;unit&quot;:&quot;%&quot;,&quot;size&quot;:50,&quot;sizes&quot;:[]},&quot;jet_parallax_layout_type&quot;:&quot;scroll&quot;,&quot;jet_parallax_layout_direction&quot;:&quot;1&quot;,&quot;jet_parallax_layout_fx_direction&quot;:null,&quot;jet_parallax_layout_z_index&quot;:&quot;&quot;,&quot;jet_parallax_layout_bg_x&quot;:50,&quot;jet_parallax_layout_bg_x_tablet&quot;:&quot;&quot;,&quot;jet_parallax_layout_bg_x_mobile&quot;:&quot;&quot;,&quot;jet_parallax_layout_bg_y&quot;:50,&quot;jet_parallax_layout_bg_y_tablet&quot;:&quot;&quot;,&quot;jet_parallax_layout_bg_y_mobile&quot;:&quot;&quot;,&quot;jet_parallax_layout_bg_size&quot;:&quot;auto&quot;,&quot;jet_parallax_layout_bg_size_tablet&quot;:&quot;&quot;,&quot;jet_parallax_layout_bg_size_mobile&quot;:&quot;&quot;,&quot;jet_parallax_layout_animation_prop&quot;:&quot;transform&quot;,&quot;jet_parallax_layout_on&quot;:[&quot;desktop&quot;,&quot;tablet&quot;]}]}\">\n\t\t\t\t\t\t<div class=\"elementor-container elementor-column-gap-default\">\n\t\t\t\t\t<div class=\"elementor-column elementor-col-50 elementor-inner-column elementor-element elementor-element-6e10229d\" data-id=\"6e10229d\" data-element_type=\"column\" data-e-type=\"column\">\n\t\t\t<div class=\"elementor-widget-wrap elementor-element-populated\">\n\t\t\t\t\t\t<div class=\"elementor-element elementor-element-94f64b2 elementor-view-default elementor-widget elementor-widget-icon\" data-id=\"94f64b2\" data-element_type=\"widget\" data-e-type=\"widget\" data-widget_type=\"icon.default\">\n\t\t\t\t<div class=\"elementor-widget-container\">\n\t\t\t\t\t\t\t<div class=\"elementor-icon-wrapper\">\n\t\t\t<div class=\"elementor-icon\">\n\t\t\t<i aria-hidden=\"true\" class=\"fab fa-linkedin-in\"><\/i>\t\t\t<\/div>\n\t\t<\/div>\n\t\t\t\t\t\t<\/div>\n\t\t\t\t<\/div>\n\t\t\t\t\t<\/div>\n\t\t<\/div>\n\t\t\t\t<div class=\"elementor-column elementor-col-50 elementor-inner-column elementor-element elementor-element-793ba38\" data-id=\"793ba38\" data-element_type=\"column\" data-e-type=\"column\">\n\t\t\t<div class=\"elementor-widget-wrap elementor-element-populated\">\n\t\t\t\t\t\t<div class=\"elementor-element elementor-element-279b20d3 elementor-widget elementor-widget-heading\" data-id=\"279b20d3\" data-element_type=\"widget\" data-e-type=\"widget\" data-widget_type=\"heading.default\">\n\t\t\t\t<div class=\"elementor-widget-container\">\n\t\t\t\t\t<p class=\"elementor-heading-title elementor-size-default\"><a href=\"https:\/\/www.linkedin.com\/in\/charles-morris-35b52035\/\" target=\"_blank\">https:\/\/www.linkedin.com\/in\/charles-morris-35b52035\/<\/a><\/p>\t\t\t\t<\/div>\n\t\t\t\t<\/div>\n\t\t\t\t\t<\/div>\n\t\t<\/div>\n\t\t\t\t\t<\/div>\n\t\t<\/section>\n\t\t\t\t\t<\/div>\n\t\t<\/div>\n\t\t\t\t<div class=\"elementor-column elementor-col-66 elementor-top-column elementor-element elementor-element-2663f02f\" data-id=\"2663f02f\" data-element_type=\"column\" data-e-type=\"column\">\n\t\t\t<div class=\"elementor-widget-wrap elementor-element-populated\">\n\t\t\t\t\t\t<div class=\"elementor-element elementor-element-26b56a6 elementor-widget elementor-widget-jet-breadcrumbs\" data-id=\"26b56a6\" data-element_type=\"widget\" data-e-type=\"widget\" data-widget_type=\"jet-breadcrumbs.default\">\n\t\t\t\t<div class=\"elementor-widget-container\">\n\t\t\t\t\t<div class=\"elementor-jet-breadcrumbs jet-blocks\">\n\t\t<div class=\"jet-breadcrumbs\">\n\t\t<div class=\"jet-breadcrumbs__content\">\n\t\t<div class=\"jet-breadcrumbs__wrap\"><div class=\"jet-breadcrumbs__item\"><a href=\"https:\/\/www.neuraxpharm.com\/cz\/\" class=\"jet-breadcrumbs__item-link is-home\" rel=\"home\" title=\"Neuraxpharm\">Neuraxpharm<\/a><\/div>\n\t\t<\/div>\n\t\t<\/div>\n\t\t<\/div><\/div>\t\t\t\t<\/div>\n\t\t\t\t<\/div>\n\t\t\t\t<div class=\"elementor-element elementor-element-1296bee1 elementor-widget elementor-widget-heading\" data-id=\"1296bee1\" data-element_type=\"widget\" data-e-type=\"widget\" data-widget_type=\"heading.default\">\n\t\t\t\t<div class=\"elementor-widget-container\">\n\t\t\t\t\t<h1 class=\"elementor-heading-title elementor-size-default\">Charles Morris<\/h1>\t\t\t\t<\/div>\n\t\t\t\t<\/div>\n\t\t\t\t<div class=\"elementor-element elementor-element-3d78a3c5 elementor-widget elementor-widget-text-editor\" data-id=\"3d78a3c5\" data-element_type=\"widget\" data-e-type=\"widget\" data-widget_type=\"text-editor.default\">\n\t\t\t\t<div class=\"elementor-widget-container\">\n\t\t\t\t\t\t\t\t\t<p>Charles Morris nastoupil do spole\u010dnosti Neuraxpharm jako Head of Mergers &amp; Acquisitions v lednu 2022. Charles je zku\u0161en\u00fd profesion\u00e1l v oblasti f\u00faz\u00ed a akvizic s dvacetiletou prax\u00ed v oblasti investi\u010dn\u00edho bankovnictv\u00ed a podnikov\u00fdch f\u00faz\u00ed a akvizic ve farmaceutick\u00e9m pr\u016fmyslu, a to v r\u016fzn\u00fdch geografick\u00fdch oblastech, v\u010detn\u011b USA, N\u011bmecka a \u0160pan\u011blska.<\/p><p>P\u0159ed n\u00e1stupem do spole\u010dnosti Neuraxpharm p\u016fsobil Charles jako Global Head of M&amp;A and Corporate Development ve spole\u010dnosti Almirall (2019\u20132021) a p\u0159edt\u00edm byl Vice President, Head of M&amp;A, Pharma General Medicine &amp; Animal Health ve spole\u010dnosti Bayer AG (2010\u20132019). Na za\u010d\u00e1tku sv\u00e9 kari\u00e9ry pracoval Charles v oblasti investi\u010dn\u00edho bankovnictv\u00ed a v\u00fdzkumu cenn\u00fdch pap\u00edr\u016f pro Bank of America, Merrill Lynch a Molecular Securities v New Yorku.<\/p><p>Charles m\u00e1 titul MBA z Columbia Business School (USA) a bakal\u00e1\u0159sk\u00fd titul z ekonomie a politick\u00fdch v\u011bd z Emory University (USA).<\/p>\t\t\t\t\t\t\t\t<\/div>\n\t\t\t\t<\/div>\n\t\t\t\t\t<\/div>\n\t\t<\/div>\n\t\t\t\t\t<\/div>\n\t\t<\/section>\n\t\t\t\t<section class=\"elementor-section elementor-top-section elementor-element elementor-element-265c42ef elementor-section-boxed elementor-section-height-default elementor-section-height-default\" data-id=\"265c42ef\" data-element_type=\"section\" data-e-type=\"section\" data-settings=\"{&quot;jet_parallax_layout_list&quot;:[{&quot;_id&quot;:&quot;e7d9f21&quot;,&quot;jet_parallax_layout_image&quot;:{&quot;url&quot;:&quot;&quot;,&quot;id&quot;:&quot;&quot;,&quot;size&quot;:&quot;&quot;},&quot;jet_parallax_layout_image_tablet&quot;:{&quot;url&quot;:&quot;&quot;,&quot;id&quot;:&quot;&quot;,&quot;size&quot;:&quot;&quot;},&quot;jet_parallax_layout_image_mobile&quot;:{&quot;url&quot;:&quot;&quot;,&quot;id&quot;:&quot;&quot;,&quot;size&quot;:&quot;&quot;},&quot;jet_parallax_layout_speed&quot;:{&quot;unit&quot;:&quot;%&quot;,&quot;size&quot;:50,&quot;sizes&quot;:[]},&quot;jet_parallax_layout_type&quot;:&quot;scroll&quot;,&quot;jet_parallax_layout_direction&quot;:&quot;1&quot;,&quot;jet_parallax_layout_fx_direction&quot;:null,&quot;jet_parallax_layout_z_index&quot;:&quot;&quot;,&quot;jet_parallax_layout_bg_x&quot;:50,&quot;jet_parallax_layout_bg_x_tablet&quot;:&quot;&quot;,&quot;jet_parallax_layout_bg_x_mobile&quot;:&quot;&quot;,&quot;jet_parallax_layout_bg_y&quot;:50,&quot;jet_parallax_layout_bg_y_tablet&quot;:&quot;&quot;,&quot;jet_parallax_layout_bg_y_mobile&quot;:&quot;&quot;,&quot;jet_parallax_layout_bg_size&quot;:&quot;auto&quot;,&quot;jet_parallax_layout_bg_size_tablet&quot;:&quot;&quot;,&quot;jet_parallax_layout_bg_size_mobile&quot;:&quot;&quot;,&quot;jet_parallax_layout_animation_prop&quot;:&quot;transform&quot;,&quot;jet_parallax_layout_on&quot;:[&quot;desktop&quot;,&quot;tablet&quot;]}]}\">\n\t\t\t\t\t\t<div class=\"elementor-container elementor-column-gap-default\">\n\t\t\t\t\t<div class=\"elementor-column elementor-col-100 elementor-top-column elementor-element elementor-element-2c06695b\" data-id=\"2c06695b\" data-element_type=\"column\" data-e-type=\"column\">\n\t\t\t<div class=\"elementor-widget-wrap elementor-element-populated\">\n\t\t\t\t\t\t<div class=\"elementor-element elementor-element-35ec72fc elementor-widget elementor-widget-spacer\" data-id=\"35ec72fc\" data-element_type=\"widget\" data-e-type=\"widget\" data-widget_type=\"spacer.default\">\n\t\t\t\t<div class=\"elementor-widget-container\">\n\t\t\t\t\t\t\t<div class=\"elementor-spacer\">\n\t\t\t<div class=\"elementor-spacer-inner\"><\/div>\n\t\t<\/div>\n\t\t\t\t\t\t<\/div>\n\t\t\t\t<\/div>\n\t\t\t\t\t<\/div>\n\t\t<\/div>\n\t\t\t\t\t<\/div>\n\t\t<\/section>\n\t\t\t\t<\/div>\n\t\t","protected":false},"excerpt":{"rendered":"<p>https:\/\/www.linkedin.com\/in\/charles-morris-35b52035\/ Neuraxpharm Charles Morris Charles Morris nastoupil do spole\u010dnosti Neuraxpharm jako Head of Mergers &amp; Acquisitions v lednu 2022. Charles je zku\u0161en\u00fd profesion\u00e1l v oblasti f\u00faz\u00ed a akvizic s dvacetiletou prax\u00ed v oblasti investi\u010dn\u00edho bankovnictv\u00ed a podnikov\u00fdch f\u00faz\u00ed a akvizic ve farmaceutick\u00e9m pr\u016fmyslu, a to v r\u016fzn\u00fdch geografick\u00fdch oblastech, v\u010detn\u011b USA, N\u011bmecka a \u0160pan\u011blska. P\u0159ed [&hellip;]<\/p>\n","protected":false},"author":2,"featured_media":0,"parent":1998,"menu_order":0,"comment_status":"closed","ping_status":"closed","template":"elementor_header_footer","meta":{"_acf_changed":false,"footnotes":""},"class_list":["post-28349","page","type-page","status-publish","hentry"],"yoast_head":"<!-- This site is optimized with the Yoast SEO Premium plugin v27.2 (Yoast SEO v27.2) - https:\/\/yoast.com\/product\/yoast-seo-premium-wordpress\/ -->\n<title>CHARLES MORRIS - Neuraxpharm CZ<\/title>\n<meta name=\"robots\" content=\"index, follow, max-snippet:-1, max-image-preview:large, max-video-preview:-1\" \/>\n<link rel=\"canonical\" href=\"https:\/\/www.neuraxpharm.com\/cz\/o-nas\/vedeni-spolecnosti\/charles-morris\" \/>\n<meta property=\"og:locale\" content=\"cs_CZ\" \/>\n<meta property=\"og:type\" content=\"article\" \/>\n<meta property=\"og:title\" content=\"CHARLES MORRIS\" \/>\n<meta property=\"og:description\" content=\"https:\/\/www.linkedin.com\/in\/charles-morris-35b52035\/ Neuraxpharm Charles Morris Charles Morris nastoupil do spole\u010dnosti Neuraxpharm jako Head of Mergers &amp; Acquisitions v lednu 2022. Charles je zku\u0161en\u00fd profesion\u00e1l v oblasti f\u00faz\u00ed a akvizic s dvacetiletou prax\u00ed v oblasti investi\u010dn\u00edho bankovnictv\u00ed a podnikov\u00fdch f\u00faz\u00ed a akvizic ve farmaceutick\u00e9m pr\u016fmyslu, a to v r\u016fzn\u00fdch geografick\u00fdch oblastech, v\u010detn\u011b USA, N\u011bmecka a \u0160pan\u011blska. P\u0159ed [&hellip;]\" \/>\n<meta property=\"og:url\" content=\"https:\/\/www.neuraxpharm.com\/cz\/o-nas\/vedeni-spolecnosti\/charles-morris\" \/>\n<meta property=\"og:site_name\" content=\"Neuraxpharm CZ\" \/>\n<meta property=\"article:modified_time\" content=\"2023-03-27T09:59:51+00:00\" \/>\n<meta property=\"og:image\" content=\"https:\/\/www.neuraxpharm.com\/cz\/wp-content\/uploads\/sites\/27\/2023\/03\/charles-morris.jpg\" \/>\n<meta name=\"twitter:card\" content=\"summary_large_image\" \/>\n<meta name=\"twitter:label1\" content=\"Odhadovan\u00e1 doba \u010dten\u00ed\" \/>\n\t<meta name=\"twitter:data1\" content=\"1 minuta\" \/>\n<script type=\"application\/ld+json\" class=\"yoast-schema-graph\">{\"@context\":\"https:\/\/schema.org\",\"@graph\":[{\"@type\":\"WebPage\",\"@id\":\"https:\/\/www.neuraxpharm.com\/cz\/o-nas\/vedeni-spolecnosti\/charles-morris\",\"url\":\"https:\/\/www.neuraxpharm.com\/cz\/o-nas\/vedeni-spolecnosti\/charles-morris\",\"name\":\"CHARLES MORRIS - Neuraxpharm CZ\",\"isPartOf\":{\"@id\":\"https:\/\/www.neuraxpharm.com\/cz\/#website\"},\"primaryImageOfPage\":{\"@id\":\"https:\/\/www.neuraxpharm.com\/cz\/o-nas\/vedeni-spolecnosti\/charles-morris#primaryimage\"},\"image\":{\"@id\":\"https:\/\/www.neuraxpharm.com\/cz\/o-nas\/vedeni-spolecnosti\/charles-morris#primaryimage\"},\"thumbnailUrl\":\"https:\/\/www.neuraxpharm.com\/cz\/wp-content\/uploads\/sites\/27\/2023\/03\/charles-morris.jpg\",\"datePublished\":\"2023-01-30T16:47:14+00:00\",\"dateModified\":\"2023-03-27T09:59:51+00:00\",\"breadcrumb\":{\"@id\":\"https:\/\/www.neuraxpharm.com\/cz\/o-nas\/vedeni-spolecnosti\/charles-morris#breadcrumb\"},\"inLanguage\":\"cs\",\"potentialAction\":[{\"@type\":\"ReadAction\",\"target\":[\"https:\/\/www.neuraxpharm.com\/cz\/o-nas\/vedeni-spolecnosti\/charles-morris\"]}]},{\"@type\":\"ImageObject\",\"inLanguage\":\"cs\",\"@id\":\"https:\/\/www.neuraxpharm.com\/cz\/o-nas\/vedeni-spolecnosti\/charles-morris#primaryimage\",\"url\":\"https:\/\/static.neuraxpharm.com\/wp-content\/uploads\/sites\/27\/2023\/03\/27095622\/charles-morris.jpg\",\"contentUrl\":\"https:\/\/static.neuraxpharm.com\/wp-content\/uploads\/sites\/27\/2023\/03\/27095622\/charles-morris.jpg\",\"width\":716,\"height\":700},{\"@type\":\"BreadcrumbList\",\"@id\":\"https:\/\/www.neuraxpharm.com\/cz\/o-nas\/vedeni-spolecnosti\/charles-morris#breadcrumb\",\"itemListElement\":[{\"@type\":\"ListItem\",\"position\":1,\"name\":\"Home\",\"item\":\"https:\/\/www.neuraxpharm.com\/cz\/\"},{\"@type\":\"ListItem\",\"position\":2,\"name\":\"O n\u00e1s\",\"item\":\"https:\/\/www.neuraxpharm.com\/cz\/o-nas\"},{\"@type\":\"ListItem\",\"position\":3,\"name\":\"Veden\u00ed spole\u010dnosti\",\"item\":\"https:\/\/www.neuraxpharm.com\/cz\/o-nas\/vedeni-spolecnosti\"},{\"@type\":\"ListItem\",\"position\":4,\"name\":\"CHARLES MORRIS\"}]},{\"@type\":\"WebSite\",\"@id\":\"https:\/\/www.neuraxpharm.com\/cz\/#website\",\"url\":\"https:\/\/www.neuraxpharm.com\/cz\/\",\"name\":\"Neuraxpharm CZ\",\"description\":\"Evropsk\u00fd l\u00eddr v oblasti produkt\u016f CNS\",\"potentialAction\":[{\"@type\":\"SearchAction\",\"target\":{\"@type\":\"EntryPoint\",\"urlTemplate\":\"https:\/\/www.neuraxpharm.com\/cz\/?s={search_term_string}\"},\"query-input\":{\"@type\":\"PropertyValueSpecification\",\"valueRequired\":true,\"valueName\":\"search_term_string\"}}],\"inLanguage\":\"cs\"}]}<\/script>\n<!-- \/ Yoast SEO Premium plugin. -->","yoast_head_json":{"title":"CHARLES MORRIS - Neuraxpharm CZ","robots":{"index":"index","follow":"follow","max-snippet":"max-snippet:-1","max-image-preview":"max-image-preview:large","max-video-preview":"max-video-preview:-1"},"canonical":"https:\/\/www.neuraxpharm.com\/cz\/o-nas\/vedeni-spolecnosti\/charles-morris","og_locale":"cs_CZ","og_type":"article","og_title":"CHARLES MORRIS","og_description":"https:\/\/www.linkedin.com\/in\/charles-morris-35b52035\/ Neuraxpharm Charles Morris Charles Morris nastoupil do spole\u010dnosti Neuraxpharm jako Head of Mergers &amp; Acquisitions v lednu 2022. Charles je zku\u0161en\u00fd profesion\u00e1l v oblasti f\u00faz\u00ed a akvizic s dvacetiletou prax\u00ed v oblasti investi\u010dn\u00edho bankovnictv\u00ed a podnikov\u00fdch f\u00faz\u00ed a akvizic ve farmaceutick\u00e9m pr\u016fmyslu, a to v r\u016fzn\u00fdch geografick\u00fdch oblastech, v\u010detn\u011b USA, N\u011bmecka a \u0160pan\u011blska. P\u0159ed [&hellip;]","og_url":"https:\/\/www.neuraxpharm.com\/cz\/o-nas\/vedeni-spolecnosti\/charles-morris","og_site_name":"Neuraxpharm CZ","article_modified_time":"2023-03-27T09:59:51+00:00","og_image":[{"url":"https:\/\/www.neuraxpharm.com\/cz\/wp-content\/uploads\/sites\/27\/2023\/03\/charles-morris.jpg","type":"","width":"","height":""}],"twitter_card":"summary_large_image","twitter_misc":{"Odhadovan\u00e1 doba \u010dten\u00ed":"1 minuta"},"schema":{"@context":"https:\/\/schema.org","@graph":[{"@type":"WebPage","@id":"https:\/\/www.neuraxpharm.com\/cz\/o-nas\/vedeni-spolecnosti\/charles-morris","url":"https:\/\/www.neuraxpharm.com\/cz\/o-nas\/vedeni-spolecnosti\/charles-morris","name":"CHARLES MORRIS - Neuraxpharm CZ","isPartOf":{"@id":"https:\/\/www.neuraxpharm.com\/cz\/#website"},"primaryImageOfPage":{"@id":"https:\/\/www.neuraxpharm.com\/cz\/o-nas\/vedeni-spolecnosti\/charles-morris#primaryimage"},"image":{"@id":"https:\/\/www.neuraxpharm.com\/cz\/o-nas\/vedeni-spolecnosti\/charles-morris#primaryimage"},"thumbnailUrl":"https:\/\/www.neuraxpharm.com\/cz\/wp-content\/uploads\/sites\/27\/2023\/03\/charles-morris.jpg","datePublished":"2023-01-30T16:47:14+00:00","dateModified":"2023-03-27T09:59:51+00:00","breadcrumb":{"@id":"https:\/\/www.neuraxpharm.com\/cz\/o-nas\/vedeni-spolecnosti\/charles-morris#breadcrumb"},"inLanguage":"cs","potentialAction":[{"@type":"ReadAction","target":["https:\/\/www.neuraxpharm.com\/cz\/o-nas\/vedeni-spolecnosti\/charles-morris"]}]},{"@type":"ImageObject","inLanguage":"cs","@id":"https:\/\/www.neuraxpharm.com\/cz\/o-nas\/vedeni-spolecnosti\/charles-morris#primaryimage","url":"https:\/\/static.neuraxpharm.com\/wp-content\/uploads\/sites\/27\/2023\/03\/27095622\/charles-morris.jpg","contentUrl":"https:\/\/static.neuraxpharm.com\/wp-content\/uploads\/sites\/27\/2023\/03\/27095622\/charles-morris.jpg","width":716,"height":700},{"@type":"BreadcrumbList","@id":"https:\/\/www.neuraxpharm.com\/cz\/o-nas\/vedeni-spolecnosti\/charles-morris#breadcrumb","itemListElement":[{"@type":"ListItem","position":1,"name":"Home","item":"https:\/\/www.neuraxpharm.com\/cz\/"},{"@type":"ListItem","position":2,"name":"O n\u00e1s","item":"https:\/\/www.neuraxpharm.com\/cz\/o-nas"},{"@type":"ListItem","position":3,"name":"Veden\u00ed spole\u010dnosti","item":"https:\/\/www.neuraxpharm.com\/cz\/o-nas\/vedeni-spolecnosti"},{"@type":"ListItem","position":4,"name":"CHARLES MORRIS"}]},{"@type":"WebSite","@id":"https:\/\/www.neuraxpharm.com\/cz\/#website","url":"https:\/\/www.neuraxpharm.com\/cz\/","name":"Neuraxpharm CZ","description":"Evropsk\u00fd l\u00eddr v oblasti produkt\u016f CNS","potentialAction":[{"@type":"SearchAction","target":{"@type":"EntryPoint","urlTemplate":"https:\/\/www.neuraxpharm.com\/cz\/?s={search_term_string}"},"query-input":{"@type":"PropertyValueSpecification","valueRequired":true,"valueName":"search_term_string"}}],"inLanguage":"cs"}]}},"acf":[],"_links":{"self":[{"href":"https:\/\/www.neuraxpharm.com\/cz\/wp-json\/wp\/v2\/pages\/28349","targetHints":{"allow":["GET"]}}],"collection":[{"href":"https:\/\/www.neuraxpharm.com\/cz\/wp-json\/wp\/v2\/pages"}],"about":[{"href":"https:\/\/www.neuraxpharm.com\/cz\/wp-json\/wp\/v2\/types\/page"}],"author":[{"embeddable":true,"href":"https:\/\/www.neuraxpharm.com\/cz\/wp-json\/wp\/v2\/users\/2"}],"replies":[{"embeddable":true,"href":"https:\/\/www.neuraxpharm.com\/cz\/wp-json\/wp\/v2\/comments?post=28349"}],"version-history":[{"count":7,"href":"https:\/\/www.neuraxpharm.com\/cz\/wp-json\/wp\/v2\/pages\/28349\/revisions"}],"predecessor-version":[{"id":28610,"href":"https:\/\/www.neuraxpharm.com\/cz\/wp-json\/wp\/v2\/pages\/28349\/revisions\/28610"}],"up":[{"embeddable":true,"href":"https:\/\/www.neuraxpharm.com\/cz\/wp-json\/wp\/v2\/pages\/1998"}],"wp:attachment":[{"href":"https:\/\/www.neuraxpharm.com\/cz\/wp-json\/wp\/v2\/media?parent=28349"}],"curies":[{"name":"wp","href":"https:\/\/api.w.org\/{rel}","templated":true}]}}