{"id":23229,"date":"2021-06-03T14:21:24","date_gmt":"2021-06-03T14:21:24","guid":{"rendered":"https:\/\/www.neuraxpharm.com\/cz\/?page_id=23229"},"modified":"2023-03-27T09:59:02","modified_gmt":"2023-03-27T09:59:02","slug":"maximilian-von-wuelfing","status":"publish","type":"page","link":"https:\/\/www.neuraxpharm.com\/cz\/o-nas\/vedeni-spolecnosti\/maximilian-von-wuelfing","title":{"rendered":"DR MAXIMILIAN VON W\u00dcLFING"},"content":{"rendered":"\t\t<div data-elementor-type=\"wp-page\" data-elementor-id=\"23229\" class=\"elementor elementor-23229\" data-elementor-post-type=\"page\">\n\t\t\t\t\t\t<section class=\"elementor-section elementor-top-section elementor-element elementor-element-7f808905 elementor-section-boxed elementor-section-height-default elementor-section-height-default\" data-id=\"7f808905\" data-element_type=\"section\" data-e-type=\"section\" data-settings=\"{&quot;jet_parallax_layout_list&quot;:[{&quot;jet_parallax_layout_image&quot;:{&quot;url&quot;:&quot;&quot;,&quot;id&quot;:&quot;&quot;,&quot;size&quot;:&quot;&quot;},&quot;_id&quot;:&quot;f02b98c&quot;,&quot;jet_parallax_layout_image_tablet&quot;:{&quot;url&quot;:&quot;&quot;,&quot;id&quot;:&quot;&quot;,&quot;size&quot;:&quot;&quot;},&quot;jet_parallax_layout_image_mobile&quot;:{&quot;url&quot;:&quot;&quot;,&quot;id&quot;:&quot;&quot;,&quot;size&quot;:&quot;&quot;},&quot;jet_parallax_layout_speed&quot;:{&quot;unit&quot;:&quot;%&quot;,&quot;size&quot;:50,&quot;sizes&quot;:[]},&quot;jet_parallax_layout_type&quot;:&quot;scroll&quot;,&quot;jet_parallax_layout_direction&quot;:&quot;1&quot;,&quot;jet_parallax_layout_fx_direction&quot;:null,&quot;jet_parallax_layout_z_index&quot;:&quot;&quot;,&quot;jet_parallax_layout_bg_x&quot;:50,&quot;jet_parallax_layout_bg_x_tablet&quot;:&quot;&quot;,&quot;jet_parallax_layout_bg_x_mobile&quot;:&quot;&quot;,&quot;jet_parallax_layout_bg_y&quot;:50,&quot;jet_parallax_layout_bg_y_tablet&quot;:&quot;&quot;,&quot;jet_parallax_layout_bg_y_mobile&quot;:&quot;&quot;,&quot;jet_parallax_layout_bg_size&quot;:&quot;auto&quot;,&quot;jet_parallax_layout_bg_size_tablet&quot;:&quot;&quot;,&quot;jet_parallax_layout_bg_size_mobile&quot;:&quot;&quot;,&quot;jet_parallax_layout_animation_prop&quot;:&quot;transform&quot;,&quot;jet_parallax_layout_on&quot;:[&quot;desktop&quot;,&quot;tablet&quot;]}]}\">\n\t\t\t\t\t\t<div class=\"elementor-container elementor-column-gap-default\">\n\t\t\t\t\t<div class=\"elementor-column elementor-col-33 elementor-top-column elementor-element elementor-element-3d70389b\" data-id=\"3d70389b\" data-element_type=\"column\" data-e-type=\"column\">\n\t\t\t<div class=\"elementor-widget-wrap elementor-element-populated\">\n\t\t\t\t\t\t<div class=\"elementor-element elementor-element-75ad8cba elementor-widget elementor-widget-image\" data-id=\"75ad8cba\" data-element_type=\"widget\" data-e-type=\"widget\" data-widget_type=\"image.default\">\n\t\t\t\t<div class=\"elementor-widget-container\">\n\t\t\t\t\t\t\t\t\t\t\t\t\t\t\t<img fetchpriority=\"high\" decoding=\"async\" width=\"716\" height=\"700\" src=\"https:\/\/static.neuraxpharm.com\/wp-content\/uploads\/sites\/27\/2023\/03\/27095639\/m-wulfing.jpg\" class=\"attachment-large size-large wp-image-28576\" alt=\"\" srcset=\"https:\/\/static.neuraxpharm.com\/wp-content\/uploads\/sites\/27\/2023\/03\/27095639\/m-wulfing.jpg 716w, https:\/\/static.neuraxpharm.com\/wp-content\/uploads\/sites\/27\/2023\/03\/27095639\/m-wulfing-300x293.jpg 300w, https:\/\/static.neuraxpharm.com\/wp-content\/uploads\/sites\/27\/2023\/03\/27095639\/m-wulfing-600x587.jpg 600w\" sizes=\"(max-width: 716px) 100vw, 716px\" \/>\t\t\t\t\t\t\t\t\t\t\t\t\t\t\t<\/div>\n\t\t\t\t<\/div>\n\t\t\t\t<section class=\"elementor-section elementor-inner-section elementor-element elementor-element-74b8bffa elementor-section-content-top elementor-section-boxed elementor-section-height-default elementor-section-height-default\" data-id=\"74b8bffa\" data-element_type=\"section\" data-e-type=\"section\" data-settings=\"{&quot;jet_parallax_layout_list&quot;:[{&quot;jet_parallax_layout_image&quot;:{&quot;url&quot;:&quot;&quot;,&quot;id&quot;:&quot;&quot;,&quot;size&quot;:&quot;&quot;},&quot;_id&quot;:&quot;5f899ce&quot;,&quot;jet_parallax_layout_image_tablet&quot;:{&quot;url&quot;:&quot;&quot;,&quot;id&quot;:&quot;&quot;,&quot;size&quot;:&quot;&quot;},&quot;jet_parallax_layout_image_mobile&quot;:{&quot;url&quot;:&quot;&quot;,&quot;id&quot;:&quot;&quot;,&quot;size&quot;:&quot;&quot;},&quot;jet_parallax_layout_speed&quot;:{&quot;unit&quot;:&quot;%&quot;,&quot;size&quot;:50,&quot;sizes&quot;:[]},&quot;jet_parallax_layout_type&quot;:&quot;scroll&quot;,&quot;jet_parallax_layout_direction&quot;:&quot;1&quot;,&quot;jet_parallax_layout_fx_direction&quot;:null,&quot;jet_parallax_layout_z_index&quot;:&quot;&quot;,&quot;jet_parallax_layout_bg_x&quot;:50,&quot;jet_parallax_layout_bg_x_tablet&quot;:&quot;&quot;,&quot;jet_parallax_layout_bg_x_mobile&quot;:&quot;&quot;,&quot;jet_parallax_layout_bg_y&quot;:50,&quot;jet_parallax_layout_bg_y_tablet&quot;:&quot;&quot;,&quot;jet_parallax_layout_bg_y_mobile&quot;:&quot;&quot;,&quot;jet_parallax_layout_bg_size&quot;:&quot;auto&quot;,&quot;jet_parallax_layout_bg_size_tablet&quot;:&quot;&quot;,&quot;jet_parallax_layout_bg_size_mobile&quot;:&quot;&quot;,&quot;jet_parallax_layout_animation_prop&quot;:&quot;transform&quot;,&quot;jet_parallax_layout_on&quot;:[&quot;desktop&quot;,&quot;tablet&quot;]}]}\">\n\t\t\t\t\t\t<div class=\"elementor-container elementor-column-gap-default\">\n\t\t\t\t\t<div class=\"elementor-column elementor-col-50 elementor-inner-column elementor-element elementor-element-60646bf2\" data-id=\"60646bf2\" data-element_type=\"column\" data-e-type=\"column\">\n\t\t\t<div class=\"elementor-widget-wrap elementor-element-populated\">\n\t\t\t\t\t\t<div class=\"elementor-element elementor-element-15700adb elementor-view-default elementor-widget elementor-widget-icon\" data-id=\"15700adb\" data-element_type=\"widget\" data-e-type=\"widget\" data-widget_type=\"icon.default\">\n\t\t\t\t<div class=\"elementor-widget-container\">\n\t\t\t\t\t\t\t<div class=\"elementor-icon-wrapper\">\n\t\t\t<div class=\"elementor-icon\">\n\t\t\t<i aria-hidden=\"true\" class=\"fab fa-linkedin-in\"><\/i>\t\t\t<\/div>\n\t\t<\/div>\n\t\t\t\t\t\t<\/div>\n\t\t\t\t<\/div>\n\t\t\t\t\t<\/div>\n\t\t<\/div>\n\t\t\t\t<div class=\"elementor-column elementor-col-50 elementor-inner-column elementor-element elementor-element-15490b\" data-id=\"15490b\" data-element_type=\"column\" data-e-type=\"column\">\n\t\t\t<div class=\"elementor-widget-wrap elementor-element-populated\">\n\t\t\t\t\t\t<div class=\"elementor-element elementor-element-1cc52f3 elementor-widget elementor-widget-heading\" data-id=\"1cc52f3\" data-element_type=\"widget\" data-e-type=\"widget\" data-widget_type=\"heading.default\">\n\t\t\t\t<div class=\"elementor-widget-container\">\n\t\t\t\t\t<p class=\"elementor-heading-title elementor-size-default\"><a href=\"https:\/\/www.linkedin.com\/in\/maximilian-von-wuelfing-8975708\/\" target=\"_blank\">https:\/\/www.linkedin.com\/in\/maximilian-von-wuelfing-8975708\/<\/a><\/p>\t\t\t\t<\/div>\n\t\t\t\t<\/div>\n\t\t\t\t\t<\/div>\n\t\t<\/div>\n\t\t\t\t\t<\/div>\n\t\t<\/section>\n\t\t\t\t\t<\/div>\n\t\t<\/div>\n\t\t\t\t<div class=\"elementor-column elementor-col-66 elementor-top-column elementor-element elementor-element-17640048\" data-id=\"17640048\" data-element_type=\"column\" data-e-type=\"column\">\n\t\t\t<div class=\"elementor-widget-wrap elementor-element-populated\">\n\t\t\t\t\t\t<div class=\"elementor-element elementor-element-3453d9e5 elementor-widget elementor-widget-jet-breadcrumbs\" data-id=\"3453d9e5\" data-element_type=\"widget\" data-e-type=\"widget\" data-widget_type=\"jet-breadcrumbs.default\">\n\t\t\t\t<div class=\"elementor-widget-container\">\n\t\t\t\t\t<div class=\"elementor-jet-breadcrumbs jet-blocks\">\n\t\t<div class=\"jet-breadcrumbs\">\n\t\t<div class=\"jet-breadcrumbs__content\">\n\t\t<div class=\"jet-breadcrumbs__wrap\"><div class=\"jet-breadcrumbs__item\"><a href=\"https:\/\/www.neuraxpharm.com\/cz\/\" class=\"jet-breadcrumbs__item-link is-home\" rel=\"home\" title=\"Neuraxpharm\">Neuraxpharm<\/a><\/div>\n\t\t<\/div>\n\t\t<\/div>\n\t\t<\/div><\/div>\t\t\t\t<\/div>\n\t\t\t\t<\/div>\n\t\t\t\t<div class=\"elementor-element elementor-element-e5e84e8 elementor-widget elementor-widget-heading\" data-id=\"e5e84e8\" data-element_type=\"widget\" data-e-type=\"widget\" data-widget_type=\"heading.default\">\n\t\t\t\t<div class=\"elementor-widget-container\">\n\t\t\t\t\t<h1 class=\"elementor-heading-title elementor-size-default\">DR MAXIMILIAN VON W\u00dcLFING<\/h1>\t\t\t\t<\/div>\n\t\t\t\t<\/div>\n\t\t\t\t<div class=\"elementor-element elementor-element-614cff3 elementor-widget elementor-widget-text-editor\" data-id=\"614cff3\" data-element_type=\"widget\" data-e-type=\"widget\" data-widget_type=\"text-editor.default\">\n\t\t\t\t<div class=\"elementor-widget-container\">\n\t\t\t\t\t\t\t\t\t<p>Dr. Maximilian von W\u00fclfing m\u00e1 v\u00edce ne\u017e 15 let zku\u0161enost\u00ed s mezin\u00e1rodn\u00edm veden\u00edm ve farmaceutick\u00e9m pr\u016fmyslu.<\/p><p>Nastupuje do spole\u010dnosti Neuraxpharm ze spole\u010dnosti Mylan, nyn\u00ed Viatris, kde byl General Manager pro \u0159adu zem\u00ed v Evrop\u011b a naposledy byl General Manager spole\u010dnosti Viatris Germany. D\u0159\u00edve byl Head of Global Brand Marketing zna\u010dky, tak\u00e9 v Mylanu. V roce 2015 nastoupil do spole\u010dnosti Abbott, kde od roku 2012 p\u016fsobil jako Commercial Director for EMEA West. Dr. von W\u00fclfing za\u010dal svou kari\u00e9ru v Altan\u011b, kde m\u011bl na starosti r\u016fzn\u00e9 pozice, a to i pot\u00e9, co spole\u010dnost v roce 2006 p\u0159e\u0161la pod veden\u00ed spole\u010dnosti Nycomed. V roce 2011 se spole\u010dnost Nycomed stala sou\u010d\u00e1st\u00ed spole\u010dnosti Takeda Pharmaceuticals, kde Dr. von W\u00fclfing zast\u00e1val pozici Director Respiratory Franchise pro DACH.<\/p><p>Je dr\u017eitelem titulu PhD ve veterin\u00e1rn\u00ed fyziologii na Freie Universit\u00e4t Berlin v N\u011bmecku a r\u016fzn\u00fdch certifik\u00e1t\u016f EMBA na University of St. Gallen ve \u0160v\u00fdcarsku.<\/p>\t\t\t\t\t\t\t\t<\/div>\n\t\t\t\t<\/div>\n\t\t\t\t\t<\/div>\n\t\t<\/div>\n\t\t\t\t\t<\/div>\n\t\t<\/section>\n\t\t\t\t<section class=\"elementor-section elementor-top-section elementor-element elementor-element-bacc1a9 elementor-section-boxed elementor-section-height-default elementor-section-height-default\" data-id=\"bacc1a9\" data-element_type=\"section\" data-e-type=\"section\" data-settings=\"{&quot;jet_parallax_layout_list&quot;:[{&quot;jet_parallax_layout_image&quot;:{&quot;url&quot;:&quot;&quot;,&quot;id&quot;:&quot;&quot;,&quot;size&quot;:&quot;&quot;},&quot;_id&quot;:&quot;e7d9f21&quot;,&quot;jet_parallax_layout_image_tablet&quot;:{&quot;url&quot;:&quot;&quot;,&quot;id&quot;:&quot;&quot;,&quot;size&quot;:&quot;&quot;},&quot;jet_parallax_layout_image_mobile&quot;:{&quot;url&quot;:&quot;&quot;,&quot;id&quot;:&quot;&quot;,&quot;size&quot;:&quot;&quot;},&quot;jet_parallax_layout_speed&quot;:{&quot;unit&quot;:&quot;%&quot;,&quot;size&quot;:50,&quot;sizes&quot;:[]},&quot;jet_parallax_layout_type&quot;:&quot;scroll&quot;,&quot;jet_parallax_layout_direction&quot;:&quot;1&quot;,&quot;jet_parallax_layout_fx_direction&quot;:null,&quot;jet_parallax_layout_z_index&quot;:&quot;&quot;,&quot;jet_parallax_layout_bg_x&quot;:50,&quot;jet_parallax_layout_bg_x_tablet&quot;:&quot;&quot;,&quot;jet_parallax_layout_bg_x_mobile&quot;:&quot;&quot;,&quot;jet_parallax_layout_bg_y&quot;:50,&quot;jet_parallax_layout_bg_y_tablet&quot;:&quot;&quot;,&quot;jet_parallax_layout_bg_y_mobile&quot;:&quot;&quot;,&quot;jet_parallax_layout_bg_size&quot;:&quot;auto&quot;,&quot;jet_parallax_layout_bg_size_tablet&quot;:&quot;&quot;,&quot;jet_parallax_layout_bg_size_mobile&quot;:&quot;&quot;,&quot;jet_parallax_layout_animation_prop&quot;:&quot;transform&quot;,&quot;jet_parallax_layout_on&quot;:[&quot;desktop&quot;,&quot;tablet&quot;]}]}\">\n\t\t\t\t\t\t<div class=\"elementor-container elementor-column-gap-default\">\n\t\t\t\t\t<div class=\"elementor-column elementor-col-100 elementor-top-column elementor-element elementor-element-7080505\" data-id=\"7080505\" data-element_type=\"column\" data-e-type=\"column\">\n\t\t\t<div class=\"elementor-widget-wrap elementor-element-populated\">\n\t\t\t\t\t\t<div class=\"elementor-element elementor-element-53f8d38 elementor-widget elementor-widget-spacer\" data-id=\"53f8d38\" data-element_type=\"widget\" data-e-type=\"widget\" data-widget_type=\"spacer.default\">\n\t\t\t\t<div class=\"elementor-widget-container\">\n\t\t\t\t\t\t\t<div class=\"elementor-spacer\">\n\t\t\t<div class=\"elementor-spacer-inner\"><\/div>\n\t\t<\/div>\n\t\t\t\t\t\t<\/div>\n\t\t\t\t<\/div>\n\t\t\t\t\t<\/div>\n\t\t<\/div>\n\t\t\t\t\t<\/div>\n\t\t<\/section>\n\t\t\t\t<\/div>\n\t\t","protected":false},"excerpt":{"rendered":"<p>https:\/\/www.linkedin.com\/in\/maximilian-von-wuelfing-8975708\/ Neuraxpharm DR MAXIMILIAN VON W\u00dcLFING Dr. Maximilian von W\u00fclfing m\u00e1 v\u00edce ne\u017e 15 let zku\u0161enost\u00ed s mezin\u00e1rodn\u00edm veden\u00edm ve farmaceutick\u00e9m pr\u016fmyslu. Nastupuje do spole\u010dnosti Neuraxpharm ze spole\u010dnosti Mylan, nyn\u00ed Viatris, kde byl General Manager pro \u0159adu zem\u00ed v Evrop\u011b a naposledy byl General Manager spole\u010dnosti Viatris Germany. D\u0159\u00edve byl Head of Global Brand Marketing [&hellip;]<\/p>\n","protected":false},"author":1,"featured_media":0,"parent":1998,"menu_order":0,"comment_status":"closed","ping_status":"closed","template":"elementor_header_footer","meta":{"_acf_changed":false,"footnotes":""},"class_list":["post-23229","page","type-page","status-publish","hentry"],"yoast_head":"<!-- This site is optimized with the Yoast SEO Premium plugin v27.2 (Yoast SEO v27.2) - https:\/\/yoast.com\/product\/yoast-seo-premium-wordpress\/ -->\n<title>DR MAXIMILIAN VON W\u00dcLFING - Neuraxpharm CZ<\/title>\n<meta name=\"robots\" content=\"index, follow, max-snippet:-1, max-image-preview:large, max-video-preview:-1\" \/>\n<link rel=\"canonical\" href=\"https:\/\/www.neuraxpharm.com\/cz\/o-nas\/vedeni-spolecnosti\/maximilian-von-wuelfing\" \/>\n<meta property=\"og:locale\" content=\"cs_CZ\" \/>\n<meta property=\"og:type\" content=\"article\" \/>\n<meta property=\"og:title\" content=\"DR MAXIMILIAN VON W\u00dcLFING\" \/>\n<meta property=\"og:description\" content=\"https:\/\/www.linkedin.com\/in\/maximilian-von-wuelfing-8975708\/ Neuraxpharm DR MAXIMILIAN VON W\u00dcLFING Dr. Maximilian von W\u00fclfing m\u00e1 v\u00edce ne\u017e 15 let zku\u0161enost\u00ed s mezin\u00e1rodn\u00edm veden\u00edm ve farmaceutick\u00e9m pr\u016fmyslu. Nastupuje do spole\u010dnosti Neuraxpharm ze spole\u010dnosti Mylan, nyn\u00ed Viatris, kde byl General Manager pro \u0159adu zem\u00ed v Evrop\u011b a naposledy byl General Manager spole\u010dnosti Viatris Germany. D\u0159\u00edve byl Head of Global Brand Marketing [&hellip;]\" \/>\n<meta property=\"og:url\" content=\"https:\/\/www.neuraxpharm.com\/cz\/o-nas\/vedeni-spolecnosti\/maximilian-von-wuelfing\" \/>\n<meta property=\"og:site_name\" content=\"Neuraxpharm CZ\" \/>\n<meta property=\"article:modified_time\" content=\"2023-03-27T09:59:02+00:00\" \/>\n<meta property=\"og:image\" content=\"https:\/\/www.neuraxpharm.com\/cz\/wp-content\/uploads\/sites\/27\/2023\/03\/m-wulfing.jpg\" \/>\n<meta name=\"twitter:card\" content=\"summary_large_image\" \/>\n<meta name=\"twitter:label1\" content=\"Odhadovan\u00e1 doba \u010dten\u00ed\" \/>\n\t<meta name=\"twitter:data1\" content=\"1 minuta\" \/>\n<script type=\"application\/ld+json\" class=\"yoast-schema-graph\">{\"@context\":\"https:\/\/schema.org\",\"@graph\":[{\"@type\":\"WebPage\",\"@id\":\"https:\/\/www.neuraxpharm.com\/cz\/o-nas\/vedeni-spolecnosti\/maximilian-von-wuelfing\",\"url\":\"https:\/\/www.neuraxpharm.com\/cz\/o-nas\/vedeni-spolecnosti\/maximilian-von-wuelfing\",\"name\":\"DR MAXIMILIAN VON W\u00dcLFING - Neuraxpharm CZ\",\"isPartOf\":{\"@id\":\"https:\/\/www.neuraxpharm.com\/cz\/#website\"},\"primaryImageOfPage\":{\"@id\":\"https:\/\/www.neuraxpharm.com\/cz\/o-nas\/vedeni-spolecnosti\/maximilian-von-wuelfing#primaryimage\"},\"image\":{\"@id\":\"https:\/\/www.neuraxpharm.com\/cz\/o-nas\/vedeni-spolecnosti\/maximilian-von-wuelfing#primaryimage\"},\"thumbnailUrl\":\"https:\/\/www.neuraxpharm.com\/cz\/wp-content\/uploads\/sites\/27\/2023\/03\/m-wulfing.jpg\",\"datePublished\":\"2021-06-03T14:21:24+00:00\",\"dateModified\":\"2023-03-27T09:59:02+00:00\",\"breadcrumb\":{\"@id\":\"https:\/\/www.neuraxpharm.com\/cz\/o-nas\/vedeni-spolecnosti\/maximilian-von-wuelfing#breadcrumb\"},\"inLanguage\":\"cs\",\"potentialAction\":[{\"@type\":\"ReadAction\",\"target\":[\"https:\/\/www.neuraxpharm.com\/cz\/o-nas\/vedeni-spolecnosti\/maximilian-von-wuelfing\"]}]},{\"@type\":\"ImageObject\",\"inLanguage\":\"cs\",\"@id\":\"https:\/\/www.neuraxpharm.com\/cz\/o-nas\/vedeni-spolecnosti\/maximilian-von-wuelfing#primaryimage\",\"url\":\"https:\/\/static.neuraxpharm.com\/wp-content\/uploads\/sites\/27\/2023\/03\/27095639\/m-wulfing.jpg\",\"contentUrl\":\"https:\/\/static.neuraxpharm.com\/wp-content\/uploads\/sites\/27\/2023\/03\/27095639\/m-wulfing.jpg\",\"width\":716,\"height\":700},{\"@type\":\"BreadcrumbList\",\"@id\":\"https:\/\/www.neuraxpharm.com\/cz\/o-nas\/vedeni-spolecnosti\/maximilian-von-wuelfing#breadcrumb\",\"itemListElement\":[{\"@type\":\"ListItem\",\"position\":1,\"name\":\"Home\",\"item\":\"https:\/\/www.neuraxpharm.com\/cz\/\"},{\"@type\":\"ListItem\",\"position\":2,\"name\":\"O n\u00e1s\",\"item\":\"https:\/\/www.neuraxpharm.com\/cz\/o-nas\"},{\"@type\":\"ListItem\",\"position\":3,\"name\":\"Veden\u00ed spole\u010dnosti\",\"item\":\"https:\/\/www.neuraxpharm.com\/cz\/o-nas\/vedeni-spolecnosti\"},{\"@type\":\"ListItem\",\"position\":4,\"name\":\"DR MAXIMILIAN VON W\u00dcLFING\"}]},{\"@type\":\"WebSite\",\"@id\":\"https:\/\/www.neuraxpharm.com\/cz\/#website\",\"url\":\"https:\/\/www.neuraxpharm.com\/cz\/\",\"name\":\"Neuraxpharm CZ\",\"description\":\"Evropsk\u00fd l\u00eddr v oblasti produkt\u016f CNS\",\"potentialAction\":[{\"@type\":\"SearchAction\",\"target\":{\"@type\":\"EntryPoint\",\"urlTemplate\":\"https:\/\/www.neuraxpharm.com\/cz\/?s={search_term_string}\"},\"query-input\":{\"@type\":\"PropertyValueSpecification\",\"valueRequired\":true,\"valueName\":\"search_term_string\"}}],\"inLanguage\":\"cs\"}]}<\/script>\n<!-- \/ Yoast SEO Premium plugin. -->","yoast_head_json":{"title":"DR MAXIMILIAN VON W\u00dcLFING - Neuraxpharm CZ","robots":{"index":"index","follow":"follow","max-snippet":"max-snippet:-1","max-image-preview":"max-image-preview:large","max-video-preview":"max-video-preview:-1"},"canonical":"https:\/\/www.neuraxpharm.com\/cz\/o-nas\/vedeni-spolecnosti\/maximilian-von-wuelfing","og_locale":"cs_CZ","og_type":"article","og_title":"DR MAXIMILIAN VON W\u00dcLFING","og_description":"https:\/\/www.linkedin.com\/in\/maximilian-von-wuelfing-8975708\/ Neuraxpharm DR MAXIMILIAN VON W\u00dcLFING Dr. Maximilian von W\u00fclfing m\u00e1 v\u00edce ne\u017e 15 let zku\u0161enost\u00ed s mezin\u00e1rodn\u00edm veden\u00edm ve farmaceutick\u00e9m pr\u016fmyslu. Nastupuje do spole\u010dnosti Neuraxpharm ze spole\u010dnosti Mylan, nyn\u00ed Viatris, kde byl General Manager pro \u0159adu zem\u00ed v Evrop\u011b a naposledy byl General Manager spole\u010dnosti Viatris Germany. D\u0159\u00edve byl Head of Global Brand Marketing [&hellip;]","og_url":"https:\/\/www.neuraxpharm.com\/cz\/o-nas\/vedeni-spolecnosti\/maximilian-von-wuelfing","og_site_name":"Neuraxpharm CZ","article_modified_time":"2023-03-27T09:59:02+00:00","og_image":[{"url":"https:\/\/www.neuraxpharm.com\/cz\/wp-content\/uploads\/sites\/27\/2023\/03\/m-wulfing.jpg","type":"","width":"","height":""}],"twitter_card":"summary_large_image","twitter_misc":{"Odhadovan\u00e1 doba \u010dten\u00ed":"1 minuta"},"schema":{"@context":"https:\/\/schema.org","@graph":[{"@type":"WebPage","@id":"https:\/\/www.neuraxpharm.com\/cz\/o-nas\/vedeni-spolecnosti\/maximilian-von-wuelfing","url":"https:\/\/www.neuraxpharm.com\/cz\/o-nas\/vedeni-spolecnosti\/maximilian-von-wuelfing","name":"DR MAXIMILIAN VON W\u00dcLFING - Neuraxpharm CZ","isPartOf":{"@id":"https:\/\/www.neuraxpharm.com\/cz\/#website"},"primaryImageOfPage":{"@id":"https:\/\/www.neuraxpharm.com\/cz\/o-nas\/vedeni-spolecnosti\/maximilian-von-wuelfing#primaryimage"},"image":{"@id":"https:\/\/www.neuraxpharm.com\/cz\/o-nas\/vedeni-spolecnosti\/maximilian-von-wuelfing#primaryimage"},"thumbnailUrl":"https:\/\/www.neuraxpharm.com\/cz\/wp-content\/uploads\/sites\/27\/2023\/03\/m-wulfing.jpg","datePublished":"2021-06-03T14:21:24+00:00","dateModified":"2023-03-27T09:59:02+00:00","breadcrumb":{"@id":"https:\/\/www.neuraxpharm.com\/cz\/o-nas\/vedeni-spolecnosti\/maximilian-von-wuelfing#breadcrumb"},"inLanguage":"cs","potentialAction":[{"@type":"ReadAction","target":["https:\/\/www.neuraxpharm.com\/cz\/o-nas\/vedeni-spolecnosti\/maximilian-von-wuelfing"]}]},{"@type":"ImageObject","inLanguage":"cs","@id":"https:\/\/www.neuraxpharm.com\/cz\/o-nas\/vedeni-spolecnosti\/maximilian-von-wuelfing#primaryimage","url":"https:\/\/static.neuraxpharm.com\/wp-content\/uploads\/sites\/27\/2023\/03\/27095639\/m-wulfing.jpg","contentUrl":"https:\/\/static.neuraxpharm.com\/wp-content\/uploads\/sites\/27\/2023\/03\/27095639\/m-wulfing.jpg","width":716,"height":700},{"@type":"BreadcrumbList","@id":"https:\/\/www.neuraxpharm.com\/cz\/o-nas\/vedeni-spolecnosti\/maximilian-von-wuelfing#breadcrumb","itemListElement":[{"@type":"ListItem","position":1,"name":"Home","item":"https:\/\/www.neuraxpharm.com\/cz\/"},{"@type":"ListItem","position":2,"name":"O n\u00e1s","item":"https:\/\/www.neuraxpharm.com\/cz\/o-nas"},{"@type":"ListItem","position":3,"name":"Veden\u00ed spole\u010dnosti","item":"https:\/\/www.neuraxpharm.com\/cz\/o-nas\/vedeni-spolecnosti"},{"@type":"ListItem","position":4,"name":"DR MAXIMILIAN VON W\u00dcLFING"}]},{"@type":"WebSite","@id":"https:\/\/www.neuraxpharm.com\/cz\/#website","url":"https:\/\/www.neuraxpharm.com\/cz\/","name":"Neuraxpharm CZ","description":"Evropsk\u00fd l\u00eddr v oblasti produkt\u016f CNS","potentialAction":[{"@type":"SearchAction","target":{"@type":"EntryPoint","urlTemplate":"https:\/\/www.neuraxpharm.com\/cz\/?s={search_term_string}"},"query-input":{"@type":"PropertyValueSpecification","valueRequired":true,"valueName":"search_term_string"}}],"inLanguage":"cs"}]}},"acf":[],"_links":{"self":[{"href":"https:\/\/www.neuraxpharm.com\/cz\/wp-json\/wp\/v2\/pages\/23229","targetHints":{"allow":["GET"]}}],"collection":[{"href":"https:\/\/www.neuraxpharm.com\/cz\/wp-json\/wp\/v2\/pages"}],"about":[{"href":"https:\/\/www.neuraxpharm.com\/cz\/wp-json\/wp\/v2\/types\/page"}],"author":[{"embeddable":true,"href":"https:\/\/www.neuraxpharm.com\/cz\/wp-json\/wp\/v2\/users\/1"}],"replies":[{"embeddable":true,"href":"https:\/\/www.neuraxpharm.com\/cz\/wp-json\/wp\/v2\/comments?post=23229"}],"version-history":[{"count":22,"href":"https:\/\/www.neuraxpharm.com\/cz\/wp-json\/wp\/v2\/pages\/23229\/revisions"}],"predecessor-version":[{"id":28589,"href":"https:\/\/www.neuraxpharm.com\/cz\/wp-json\/wp\/v2\/pages\/23229\/revisions\/28589"}],"up":[{"embeddable":true,"href":"https:\/\/www.neuraxpharm.com\/cz\/wp-json\/wp\/v2\/pages\/1998"}],"wp:attachment":[{"href":"https:\/\/www.neuraxpharm.com\/cz\/wp-json\/wp\/v2\/media?parent=23229"}],"curies":[{"name":"wp","href":"https:\/\/api.w.org\/{rel}","templated":true}]}}