{"id":20537,"date":"2021-05-04T09:44:04","date_gmt":"2021-05-04T09:44:04","guid":{"rendered":"https:\/\/neuraxpharm.com\/it\/?page_id=20537"},"modified":"2023-07-04T07:49:50","modified_gmt":"2023-07-04T07:49:50","slug":"registrace","status":"publish","type":"page","link":"https:\/\/www.neuraxpharm.com\/cz\/registrace","title":{"rendered":"Registrace"},"content":{"rendered":"\t\t<div data-elementor-type=\"wp-page\" data-elementor-id=\"20537\" class=\"elementor elementor-20537\" data-elementor-post-type=\"page\">\n\t\t\t\t\t\t<section class=\"elementor-section elementor-top-section elementor-element elementor-element-54d3018d elementor-section-boxed elementor-section-height-default elementor-section-height-default\" data-id=\"54d3018d\" data-element_type=\"section\" data-e-type=\"section\" data-settings=\"{&quot;jet_parallax_layout_list&quot;:[{&quot;_id&quot;:&quot;c1efb2e&quot;,&quot;jet_parallax_layout_image&quot;:{&quot;url&quot;:&quot;&quot;,&quot;id&quot;:&quot;&quot;,&quot;size&quot;:&quot;&quot;},&quot;jet_parallax_layout_image_tablet&quot;:{&quot;url&quot;:&quot;&quot;,&quot;id&quot;:&quot;&quot;,&quot;size&quot;:&quot;&quot;},&quot;jet_parallax_layout_image_mobile&quot;:{&quot;url&quot;:&quot;&quot;,&quot;id&quot;:&quot;&quot;,&quot;size&quot;:&quot;&quot;},&quot;jet_parallax_layout_speed&quot;:{&quot;unit&quot;:&quot;%&quot;,&quot;size&quot;:50,&quot;sizes&quot;:[]},&quot;jet_parallax_layout_type&quot;:&quot;scroll&quot;,&quot;jet_parallax_layout_direction&quot;:&quot;1&quot;,&quot;jet_parallax_layout_fx_direction&quot;:null,&quot;jet_parallax_layout_z_index&quot;:&quot;&quot;,&quot;jet_parallax_layout_bg_x&quot;:50,&quot;jet_parallax_layout_bg_x_tablet&quot;:&quot;&quot;,&quot;jet_parallax_layout_bg_x_mobile&quot;:&quot;&quot;,&quot;jet_parallax_layout_bg_y&quot;:50,&quot;jet_parallax_layout_bg_y_tablet&quot;:&quot;&quot;,&quot;jet_parallax_layout_bg_y_mobile&quot;:&quot;&quot;,&quot;jet_parallax_layout_bg_size&quot;:&quot;auto&quot;,&quot;jet_parallax_layout_bg_size_tablet&quot;:&quot;&quot;,&quot;jet_parallax_layout_bg_size_mobile&quot;:&quot;&quot;,&quot;jet_parallax_layout_animation_prop&quot;:&quot;transform&quot;,&quot;jet_parallax_layout_on&quot;:[&quot;desktop&quot;,&quot;tablet&quot;]}]}\">\n\t\t\t\t\t\t<div class=\"elementor-container elementor-column-gap-default\">\n\t\t\t\t\t<div class=\"elementor-column elementor-col-50 elementor-top-column elementor-element elementor-element-1313018c\" data-id=\"1313018c\" data-element_type=\"column\" data-e-type=\"column\">\n\t\t\t<div class=\"elementor-widget-wrap elementor-element-populated\">\n\t\t\t\t\t\t<div class=\"elementor-element elementor-element-12b45e0e elementor-widget elementor-widget-heading\" data-id=\"12b45e0e\" data-element_type=\"widget\" data-e-type=\"widget\" data-widget_type=\"heading.default\">\n\t\t\t\t<div class=\"elementor-widget-container\">\n\t\t\t\t\t<h2 class=\"elementor-heading-title elementor-size-default\">Z\u00e1kazn\u00edci<\/h2>\t\t\t\t<\/div>\n\t\t\t\t<\/div>\n\t\t\t\t<div class=\"elementor-element elementor-element-22636a5 elementor-widget elementor-widget-text-editor\" data-id=\"22636a5\" data-element_type=\"widget\" data-e-type=\"widget\" data-widget_type=\"text-editor.default\">\n\t\t\t\t<div class=\"elementor-widget-container\">\n\t\t\t\t\t\t\t\t\t\nVytvo\u0159te si \u00fa\u010det pro snadn\u00e9 nakupov\u00e1n\u00ed\n\t\t\t\t\t\t\t\t<\/div>\n\t\t\t\t<\/div>\n\t\t\t\t<div class=\"elementor-element elementor-element-77ae92cd elementor-widget elementor-widget-shortcode\" data-id=\"77ae92cd\" data-element_type=\"widget\" data-e-type=\"widget\" data-widget_type=\"shortcode.default\">\n\t\t\t\t<div class=\"elementor-widget-container\">\n\t\t\t\t\t\t\t<div class=\"elementor-shortcode\"><div class=\"woocommerce-notices-wrapper\"><\/div>        <form method=\"post\" class=\"woocommerce-form woocommerce-form-register register woocommerce-shortcode-register\"  >\n                    <div class=\"first-datos\">\n            <p class=\"form-row form-row-first\">\n            <label for=\"reg_billing_first_name\">K\u0159estn\u00ed jm\u00e9no<span class=\"required\">*<\/span><\/label>\n            <input type=\"text\" class=\"input-text\" name=\"billing_first_name\" id=\"reg_billing_first_name\" value=\"\" \/>\n            <\/p>\n            <p class=\"form-row form-row-last\">\n            <label for=\"reg_billing_last_name\">P\u0159\u00edjmen\u00ed<span class=\"required\">*<\/span><\/label>\n            <input type=\"text\" class=\"input-text\" name=\"billing_last_name\" id=\"reg_billing_last_name\" value=\"\" \/>\n            <\/p>\n        <\/div>\n        <div class=\"clear\"><\/div>\n                                <p class=\"woocommerce-form-row woocommerce-form-row--wide form-row form-row-wide\">\n                <label for=\"reg_email\">E-mailov\u00e1 adresa <span class=\"required\">*<\/span><\/label>\n                <input type=\"email\" class=\"woocommerce-Input woocommerce-Input--text input-text\" name=\"email\" id=\"reg_email\" autocomplete=\"email\" value=\"\" \/>            <\/p>\n                            <p class=\"check_mensaje\">\n                    <span>\n                        Heslo v\u00e1m bude zasl\u00e1no na va\u0161i e-mailovou adresu.                    <span>\n                <\/p>\n                        <wc-order-attribution-inputs><\/wc-order-attribution-inputs><p class=\"form-row form-row privacy validate-required\" id=\"privacy_policy_reg_field\" data-priority=\"\"><span class=\"woocommerce-input-wrapper\"><label class=\"checkbox woocommerce-form__label woocommerce-form__label-for-checkbox checkbox\" ><input type=\"checkbox\" name=\"privacy_policy_reg\" id=\"privacy_policy_reg\" value=\"1\" class=\"input-checkbox woocommerce-form__input woocommerce-form__input-checkbox input-checkbox\"  aria-required=\"true\" \/> Neuraxpharm zpracuje va\u0161e kontaktn\u00ed \u00fadaje, aby v\u00e1m mohl zas\u00edlat na\u0161e nejnov\u011bj\u0161\u00ed novinky a akce. V\u00edce informac\u00ed na <a href=\"https:\/\/staging.neuraxpharm.com\/cz\/informace-o-zpracovani-osobnich-udaju\" rel=\"noopener\" target=\"_blank\">Informace o zpracov\u00e1n\u00ed osobn\u00edch \u00fadaj\u016f<\/a>.&nbsp;<span class=\"required\" aria-hidden=\"true\">*<\/span><\/label><\/span><\/p><div class=\"woocommerce-privacy-policy-text\"><p>Stiskem tla\u010d\u00edtka \u201eRegistrace\u201c souhlas\u00edm, vyjad\u0159uji dobrovoln\u00fd souhlas s registrac\u00ed a vytvo\u0159en\u00edm u\u017eivatelsk\u00e9ho \u00fa\u010dtu z\u00e1kazn\u00edka e-shopu Neuraxpharm Bohemia s.r.o.. Registrace nen\u00ed pro n\u00e1kup povinn\u00e1. Souhlas je mo\u017en\u00e9 kdykoliv odvolat. Prohla\u0161uji, \u017ee souhlas\u00edm s <a href=\"https:\/\/neuraxpharm.com\/cz\/vseobecne-obchodni-podminky\" target=\"_blank\">V\u0161eobecn\u00fdmi obchodn\u00edmi podm\u00ednkami<\/a> a <a href=\"https:\/\/neuraxpharm.com\/cz\/informace-o-zpracovani-osobnich-udaju\">Informac\u00ed o zpracov\u00e1n\u00ed osobn\u00edch \u00fadaj\u016f.<\/a><\/p>\n<\/div>            <p class=\"woocommerce-FormRow form-row\">\n                <input type=\"hidden\" id=\"woocommerce-register-nonce\" name=\"woocommerce-register-nonce\" value=\"ebe9ff2fd7\" \/><input type=\"hidden\" name=\"_wp_http_referer\" value=\"\/cz\/wp-json\/wp\/v2\/pages\/20537\" \/>                <button type=\"submit\" class=\"woocommerce-Button woocommerce-button button woocommerce-form-register__submit\" name=\"register\" value=\"Registrovat se\">Registrovat se<\/button>\n            <\/p>\n                    <\/form>\n    <\/div>\n\t\t\t\t\t\t<\/div>\n\t\t\t\t<\/div>\n\t\t\t\t\t<\/div>\n\t\t<\/div>\n\t\t\t\t<div class=\"elementor-column elementor-col-50 elementor-top-column elementor-element elementor-element-3cf6d5e3\" data-id=\"3cf6d5e3\" data-element_type=\"column\" data-e-type=\"column\">\n\t\t\t<div class=\"elementor-widget-wrap elementor-element-populated\">\n\t\t\t\t\t\t<div class=\"elementor-element elementor-element-1535dc elementor-widget elementor-widget-heading\" data-id=\"1535dc\" data-element_type=\"widget\" data-e-type=\"widget\" data-widget_type=\"heading.default\">\n\t\t\t\t<div class=\"elementor-widget-container\">\n\t\t\t\t\t<h2 class=\"elementor-heading-title elementor-size-default\">Zdravotn\u00edci<\/h2>\t\t\t\t<\/div>\n\t\t\t\t<\/div>\n\t\t\t\t<div class=\"elementor-element elementor-element-5d9c3e73 elementor-widget elementor-widget-text-editor\" data-id=\"5d9c3e73\" data-element_type=\"widget\" data-e-type=\"widget\" data-widget_type=\"text-editor.default\">\n\t\t\t\t<div class=\"elementor-widget-container\">\n\t\t\t\t\t\t\t\t\t<p>Z\u00edskejte p\u0159\u00edstup\u00a0k cel\u00e9mu na\u0161emu portfoliu,\u00a0ud\u00e1lostem, odborn\u00fdm informac\u00edm a\u00a0mnoha dal\u0161\u00edmu<\/p>\t\t\t\t\t\t\t\t<\/div>\n\t\t\t\t<\/div>\n\t\t\t\t<div class=\"elementor-element elementor-element-59fff171 elementor-widget elementor-widget-shortcode\" data-id=\"59fff171\" data-element_type=\"widget\" data-e-type=\"widget\" data-widget_type=\"shortcode.default\">\n\t\t\t\t<div class=\"elementor-widget-container\">\n\t\t\t\t\t \n        \n        <form class=\"formulario_registro\" method = \"post\">\n            <div class=\"col-r\">\n                <div class=\"col-m\">\n                    <label for=\"\">N\u00e1zev<\/label>\n                    <input type=\"text\" name=\"first_name\" required>\n                <\/div>\n                <div class=\"col-m\">\n                    <label for=\"\">P\u0159\u00edjmen\u00ed<\/label>\n                    <input type=\"text\" name=\"last_name\" required>\t\t\t\n                <\/div>\n            <\/div>\n            <div class=\"col-rl\">\n                <label for=\"\">E-mail<\/label>\n                <input type=\"email\" name=\"email\" required>\n            <\/div>\n            <div class=\"col-rl\">\n                <label for=\"\">Heslo<\/label>\n                <input type=\"password\" name=\"password\" required>\n            <\/div>\n            <div class=\"col-rl\">\n                <label for=\"\">Telefon<\/label>\n                <input type=\"text\" name=\"telefono\" required>\n            <\/div>\n            <div class=\"col-rl\"  >\n                <label for=\"\">Kolegi\u00e1tn\u00ed \u010d\u00edslo<\/label>\n                <input type=\"text\" name=\"numero_colegiado\"  required >\n            <\/div>\n                        <div class=\"col-rl\">\n                <label for=\"\">Typ u\u017eivatele<\/label>\n                <select name=\"tipo_usuario\" id=\"tipo_usuario\" required>\n                    <option value=\"pharmacists\">l\u00e9k\u00e1rn\u00edk\u016f<\/option>\n                    <option value=\"physicians\">l\u00e9ka\u0159i<\/option>\n                                    <\/select> \n            <\/div>\n                        <div class=\"col-rl privacy_policy\">\n                <input type=\"checkbox\" name=\"privacy_policy\" value=\"true\" id=\"privacy_policy\"  required \/> \n                Neuraxpharm zpracuje va\u0161e kontaktn\u00ed \u00fadaje, aby v\u00e1m mohl zas\u00edlat na\u0161e nejnov\u011bj\u0161\u00ed novinky a akce. V\u00edce informac\u00ed na <a href=\"https:\/\/staging.neuraxpharm.com\/cz\/informace-o-zpracovani-osobnich-udaju\" rel=\"noopener\" target=\"_blank\">Informace o zpracov\u00e1n\u00ed osobn\u00edch \u00fadaj\u016f<\/a>.            <\/div>\n            <div class=\"col-rl\">\n                \n                <input type=\"hidden\" name=\"recaptcha_response\" id=\"recaptchaResponse\">\n                <input type=\"submit\" name=\"gg\" class=\"btn-enviar\" value=\"Poslat\">\n            <\/div>        \n        <\/form>\n        \t\t<div class=\"elementor-shortcode\"><\/div>\n\t\t\t\t\t\t<\/div>\n\t\t\t\t<\/div>\n\t\t\t\t<div class=\"elementor-element elementor-element-3819ec6f elementor-widget__width-auto elementor-widget elementor-widget-text-editor\" data-id=\"3819ec6f\" data-element_type=\"widget\" data-e-type=\"widget\" data-widget_type=\"text-editor.default\">\n\t\t\t\t<div class=\"elementor-widget-container\">\n\t\t\t\t\t\t\t\t\tM\u00e1te \u00fa\u010det?\t\t\t\t\t\t\t\t<\/div>\n\t\t\t\t<\/div>\n\t\t\t\t<div class=\"elementor-element elementor-element-2f9737d0 elementor-widget__width-auto elementor-widget elementor-widget-heading\" data-id=\"2f9737d0\" data-element_type=\"widget\" data-e-type=\"widget\" data-widget_type=\"heading.default\">\n\t\t\t\t<div class=\"elementor-widget-container\">\n\t\t\t\t\t<p class=\"elementor-heading-title elementor-size-default\"><a href=\"https:\/\/www.neuraxpharm.com\/cz\/muj-ucet\">P\u0159ihl\u00e1sit se<\/a><\/p>\t\t\t\t<\/div>\n\t\t\t\t<\/div>\n\t\t\t\t\t<\/div>\n\t\t<\/div>\n\t\t\t\t\t<\/div>\n\t\t<\/section>\n\t\t\t\t<\/div>\n\t\t","protected":false},"excerpt":{"rendered":"<p>Z\u00e1kazn\u00edci Vytvo\u0159te si \u00fa\u010det pro snadn\u00e9 nakupov\u00e1n\u00ed Zdravotn\u00edci Z\u00edskejte p\u0159\u00edstup\u00a0k cel\u00e9mu na\u0161emu portfoliu,\u00a0ud\u00e1lostem, odborn\u00fdm informac\u00edm a\u00a0mnoha dal\u0161\u00edmu M\u00e1te \u00fa\u010det? P\u0159ihl\u00e1sit se<\/p>\n","protected":false},"author":1,"featured_media":0,"parent":0,"menu_order":0,"comment_status":"closed","ping_status":"closed","template":"elementor_header_footer","meta":{"_acf_changed":false,"footnotes":""},"class_list":["post-20537","page","type-page","status-publish","hentry"],"yoast_head":"<!-- This site is optimized with the Yoast SEO Premium plugin v27.2 (Yoast SEO v27.2) - https:\/\/yoast.com\/product\/yoast-seo-premium-wordpress\/ -->\n<title>Registrace - Neuraxpharm CZ<\/title>\n<meta name=\"robots\" content=\"index, follow, max-snippet:-1, max-image-preview:large, max-video-preview:-1\" \/>\n<link rel=\"canonical\" href=\"https:\/\/www.neuraxpharm.com\/cz\/registrace\" \/>\n<meta property=\"og:locale\" content=\"cs_CZ\" \/>\n<meta property=\"og:type\" content=\"article\" \/>\n<meta property=\"og:title\" content=\"Registrace\" \/>\n<meta property=\"og:description\" content=\"Z\u00e1kazn\u00edci Vytvo\u0159te si \u00fa\u010det pro snadn\u00e9 nakupov\u00e1n\u00ed Zdravotn\u00edci Z\u00edskejte p\u0159\u00edstup\u00a0k cel\u00e9mu na\u0161emu portfoliu,\u00a0ud\u00e1lostem, odborn\u00fdm informac\u00edm a\u00a0mnoha dal\u0161\u00edmu M\u00e1te \u00fa\u010det? P\u0159ihl\u00e1sit se\" \/>\n<meta property=\"og:url\" content=\"https:\/\/www.neuraxpharm.com\/cz\/registrace\" \/>\n<meta property=\"og:site_name\" content=\"Neuraxpharm CZ\" \/>\n<meta property=\"article:modified_time\" content=\"2023-07-04T07:49:50+00:00\" \/>\n<meta name=\"twitter:card\" content=\"summary_large_image\" \/>\n<meta name=\"twitter:label1\" content=\"Odhadovan\u00e1 doba \u010dten\u00ed\" \/>\n\t<meta name=\"twitter:data1\" content=\"1 minuta\" \/>\n<script type=\"application\/ld+json\" class=\"yoast-schema-graph\">{\"@context\":\"https:\/\/schema.org\",\"@graph\":[{\"@type\":\"WebPage\",\"@id\":\"https:\/\/www.neuraxpharm.com\/cz\/registrace\",\"url\":\"https:\/\/www.neuraxpharm.com\/cz\/registrace\",\"name\":\"Registrace - Neuraxpharm CZ\",\"isPartOf\":{\"@id\":\"https:\/\/www.neuraxpharm.com\/cz\/#website\"},\"datePublished\":\"2021-05-04T09:44:04+00:00\",\"dateModified\":\"2023-07-04T07:49:50+00:00\",\"breadcrumb\":{\"@id\":\"https:\/\/www.neuraxpharm.com\/cz\/registrace#breadcrumb\"},\"inLanguage\":\"cs\",\"potentialAction\":[{\"@type\":\"ReadAction\",\"target\":[\"https:\/\/www.neuraxpharm.com\/cz\/registrace\"]}]},{\"@type\":\"BreadcrumbList\",\"@id\":\"https:\/\/www.neuraxpharm.com\/cz\/registrace#breadcrumb\",\"itemListElement\":[{\"@type\":\"ListItem\",\"position\":1,\"name\":\"Home\",\"item\":\"https:\/\/www.neuraxpharm.com\/cz\/\"},{\"@type\":\"ListItem\",\"position\":2,\"name\":\"Registrace\"}]},{\"@type\":\"WebSite\",\"@id\":\"https:\/\/www.neuraxpharm.com\/cz\/#website\",\"url\":\"https:\/\/www.neuraxpharm.com\/cz\/\",\"name\":\"Neuraxpharm CZ\",\"description\":\"Evropsk\u00fd l\u00eddr v oblasti produkt\u016f CNS\",\"potentialAction\":[{\"@type\":\"SearchAction\",\"target\":{\"@type\":\"EntryPoint\",\"urlTemplate\":\"https:\/\/www.neuraxpharm.com\/cz\/?s={search_term_string}\"},\"query-input\":{\"@type\":\"PropertyValueSpecification\",\"valueRequired\":true,\"valueName\":\"search_term_string\"}}],\"inLanguage\":\"cs\"}]}<\/script>\n<!-- \/ Yoast SEO Premium plugin. -->","yoast_head_json":{"title":"Registrace - Neuraxpharm CZ","robots":{"index":"index","follow":"follow","max-snippet":"max-snippet:-1","max-image-preview":"max-image-preview:large","max-video-preview":"max-video-preview:-1"},"canonical":"https:\/\/www.neuraxpharm.com\/cz\/registrace","og_locale":"cs_CZ","og_type":"article","og_title":"Registrace","og_description":"Z\u00e1kazn\u00edci Vytvo\u0159te si \u00fa\u010det pro snadn\u00e9 nakupov\u00e1n\u00ed Zdravotn\u00edci Z\u00edskejte p\u0159\u00edstup\u00a0k cel\u00e9mu na\u0161emu portfoliu,\u00a0ud\u00e1lostem, odborn\u00fdm informac\u00edm a\u00a0mnoha dal\u0161\u00edmu M\u00e1te \u00fa\u010det? P\u0159ihl\u00e1sit se","og_url":"https:\/\/www.neuraxpharm.com\/cz\/registrace","og_site_name":"Neuraxpharm CZ","article_modified_time":"2023-07-04T07:49:50+00:00","twitter_card":"summary_large_image","twitter_misc":{"Odhadovan\u00e1 doba \u010dten\u00ed":"1 minuta"},"schema":{"@context":"https:\/\/schema.org","@graph":[{"@type":"WebPage","@id":"https:\/\/www.neuraxpharm.com\/cz\/registrace","url":"https:\/\/www.neuraxpharm.com\/cz\/registrace","name":"Registrace - Neuraxpharm CZ","isPartOf":{"@id":"https:\/\/www.neuraxpharm.com\/cz\/#website"},"datePublished":"2021-05-04T09:44:04+00:00","dateModified":"2023-07-04T07:49:50+00:00","breadcrumb":{"@id":"https:\/\/www.neuraxpharm.com\/cz\/registrace#breadcrumb"},"inLanguage":"cs","potentialAction":[{"@type":"ReadAction","target":["https:\/\/www.neuraxpharm.com\/cz\/registrace"]}]},{"@type":"BreadcrumbList","@id":"https:\/\/www.neuraxpharm.com\/cz\/registrace#breadcrumb","itemListElement":[{"@type":"ListItem","position":1,"name":"Home","item":"https:\/\/www.neuraxpharm.com\/cz\/"},{"@type":"ListItem","position":2,"name":"Registrace"}]},{"@type":"WebSite","@id":"https:\/\/www.neuraxpharm.com\/cz\/#website","url":"https:\/\/www.neuraxpharm.com\/cz\/","name":"Neuraxpharm CZ","description":"Evropsk\u00fd l\u00eddr v oblasti produkt\u016f CNS","potentialAction":[{"@type":"SearchAction","target":{"@type":"EntryPoint","urlTemplate":"https:\/\/www.neuraxpharm.com\/cz\/?s={search_term_string}"},"query-input":{"@type":"PropertyValueSpecification","valueRequired":true,"valueName":"search_term_string"}}],"inLanguage":"cs"}]}},"acf":[],"_links":{"self":[{"href":"https:\/\/www.neuraxpharm.com\/cz\/wp-json\/wp\/v2\/pages\/20537","targetHints":{"allow":["GET"]}}],"collection":[{"href":"https:\/\/www.neuraxpharm.com\/cz\/wp-json\/wp\/v2\/pages"}],"about":[{"href":"https:\/\/www.neuraxpharm.com\/cz\/wp-json\/wp\/v2\/types\/page"}],"author":[{"embeddable":true,"href":"https:\/\/www.neuraxpharm.com\/cz\/wp-json\/wp\/v2\/users\/1"}],"replies":[{"embeddable":true,"href":"https:\/\/www.neuraxpharm.com\/cz\/wp-json\/wp\/v2\/comments?post=20537"}],"version-history":[{"count":145,"href":"https:\/\/www.neuraxpharm.com\/cz\/wp-json\/wp\/v2\/pages\/20537\/revisions"}],"predecessor-version":[{"id":29302,"href":"https:\/\/www.neuraxpharm.com\/cz\/wp-json\/wp\/v2\/pages\/20537\/revisions\/29302"}],"wp:attachment":[{"href":"https:\/\/www.neuraxpharm.com\/cz\/wp-json\/wp\/v2\/media?parent=20537"}],"curies":[{"name":"wp","href":"https:\/\/api.w.org\/{rel}","templated":true}]}}