{"id":15842,"date":"2021-04-13T08:51:33","date_gmt":"2021-04-13T08:51:33","guid":{"rendered":"https:\/\/neuraxpharm.com\/v2\/?page_id=15842"},"modified":"2023-03-27T09:59:16","modified_gmt":"2023-03-27T09:59:16","slug":"francisco-jurado","status":"publish","type":"page","link":"https:\/\/www.neuraxpharm.com\/cz\/o-nas\/vedeni-spolecnosti\/francisco-jurado","title":{"rendered":"FRANCISCO JURADO"},"content":{"rendered":"\t\t<div data-elementor-type=\"wp-page\" data-elementor-id=\"15842\" class=\"elementor elementor-15842\" data-elementor-post-type=\"page\">\n\t\t\t\t\t\t<section class=\"elementor-section elementor-top-section elementor-element elementor-element-7f808905 elementor-section-boxed elementor-section-height-default elementor-section-height-default\" data-id=\"7f808905\" data-element_type=\"section\" data-e-type=\"section\" data-settings=\"{&quot;jet_parallax_layout_list&quot;:[{&quot;jet_parallax_layout_image&quot;:{&quot;url&quot;:&quot;&quot;,&quot;id&quot;:&quot;&quot;,&quot;size&quot;:&quot;&quot;},&quot;_id&quot;:&quot;f02b98c&quot;,&quot;jet_parallax_layout_image_tablet&quot;:{&quot;url&quot;:&quot;&quot;,&quot;id&quot;:&quot;&quot;,&quot;size&quot;:&quot;&quot;},&quot;jet_parallax_layout_image_mobile&quot;:{&quot;url&quot;:&quot;&quot;,&quot;id&quot;:&quot;&quot;,&quot;size&quot;:&quot;&quot;},&quot;jet_parallax_layout_speed&quot;:{&quot;unit&quot;:&quot;%&quot;,&quot;size&quot;:50,&quot;sizes&quot;:[]},&quot;jet_parallax_layout_type&quot;:&quot;scroll&quot;,&quot;jet_parallax_layout_direction&quot;:&quot;1&quot;,&quot;jet_parallax_layout_fx_direction&quot;:null,&quot;jet_parallax_layout_z_index&quot;:&quot;&quot;,&quot;jet_parallax_layout_bg_x&quot;:50,&quot;jet_parallax_layout_bg_x_tablet&quot;:&quot;&quot;,&quot;jet_parallax_layout_bg_x_mobile&quot;:&quot;&quot;,&quot;jet_parallax_layout_bg_y&quot;:50,&quot;jet_parallax_layout_bg_y_tablet&quot;:&quot;&quot;,&quot;jet_parallax_layout_bg_y_mobile&quot;:&quot;&quot;,&quot;jet_parallax_layout_bg_size&quot;:&quot;auto&quot;,&quot;jet_parallax_layout_bg_size_tablet&quot;:&quot;&quot;,&quot;jet_parallax_layout_bg_size_mobile&quot;:&quot;&quot;,&quot;jet_parallax_layout_animation_prop&quot;:&quot;transform&quot;,&quot;jet_parallax_layout_on&quot;:[&quot;desktop&quot;,&quot;tablet&quot;]}]}\">\n\t\t\t\t\t\t<div class=\"elementor-container elementor-column-gap-default\">\n\t\t\t\t\t<div class=\"elementor-column elementor-col-33 elementor-top-column elementor-element elementor-element-3d70389b\" data-id=\"3d70389b\" data-element_type=\"column\" data-e-type=\"column\">\n\t\t\t<div class=\"elementor-widget-wrap elementor-element-populated\">\n\t\t\t\t\t\t<div class=\"elementor-element elementor-element-75ad8cba elementor-widget elementor-widget-image\" data-id=\"75ad8cba\" data-element_type=\"widget\" data-e-type=\"widget\" data-widget_type=\"image.default\">\n\t\t\t\t<div class=\"elementor-widget-container\">\n\t\t\t\t\t\t\t\t\t\t\t\t\t\t\t<img fetchpriority=\"high\" decoding=\"async\" width=\"716\" height=\"700\" src=\"https:\/\/static.neuraxpharm.com\/wp-content\/uploads\/sites\/27\/2023\/03\/27095628\/f-jurado.jpg\" class=\"attachment-large size-large wp-image-28572\" alt=\"\" srcset=\"https:\/\/static.neuraxpharm.com\/wp-content\/uploads\/sites\/27\/2023\/03\/27095628\/f-jurado.jpg 716w, https:\/\/static.neuraxpharm.com\/wp-content\/uploads\/sites\/27\/2023\/03\/27095628\/f-jurado-300x293.jpg 300w, https:\/\/static.neuraxpharm.com\/wp-content\/uploads\/sites\/27\/2023\/03\/27095628\/f-jurado-600x587.jpg 600w\" sizes=\"(max-width: 716px) 100vw, 716px\" \/>\t\t\t\t\t\t\t\t\t\t\t\t\t\t\t<\/div>\n\t\t\t\t<\/div>\n\t\t\t\t<section class=\"elementor-section elementor-inner-section elementor-element elementor-element-74b8bffa elementor-section-content-top elementor-section-boxed elementor-section-height-default elementor-section-height-default\" data-id=\"74b8bffa\" data-element_type=\"section\" data-e-type=\"section\" data-settings=\"{&quot;jet_parallax_layout_list&quot;:[{&quot;jet_parallax_layout_image&quot;:{&quot;url&quot;:&quot;&quot;,&quot;id&quot;:&quot;&quot;,&quot;size&quot;:&quot;&quot;},&quot;_id&quot;:&quot;5f899ce&quot;,&quot;jet_parallax_layout_image_tablet&quot;:{&quot;url&quot;:&quot;&quot;,&quot;id&quot;:&quot;&quot;,&quot;size&quot;:&quot;&quot;},&quot;jet_parallax_layout_image_mobile&quot;:{&quot;url&quot;:&quot;&quot;,&quot;id&quot;:&quot;&quot;,&quot;size&quot;:&quot;&quot;},&quot;jet_parallax_layout_speed&quot;:{&quot;unit&quot;:&quot;%&quot;,&quot;size&quot;:50,&quot;sizes&quot;:[]},&quot;jet_parallax_layout_type&quot;:&quot;scroll&quot;,&quot;jet_parallax_layout_direction&quot;:&quot;1&quot;,&quot;jet_parallax_layout_fx_direction&quot;:null,&quot;jet_parallax_layout_z_index&quot;:&quot;&quot;,&quot;jet_parallax_layout_bg_x&quot;:50,&quot;jet_parallax_layout_bg_x_tablet&quot;:&quot;&quot;,&quot;jet_parallax_layout_bg_x_mobile&quot;:&quot;&quot;,&quot;jet_parallax_layout_bg_y&quot;:50,&quot;jet_parallax_layout_bg_y_tablet&quot;:&quot;&quot;,&quot;jet_parallax_layout_bg_y_mobile&quot;:&quot;&quot;,&quot;jet_parallax_layout_bg_size&quot;:&quot;auto&quot;,&quot;jet_parallax_layout_bg_size_tablet&quot;:&quot;&quot;,&quot;jet_parallax_layout_bg_size_mobile&quot;:&quot;&quot;,&quot;jet_parallax_layout_animation_prop&quot;:&quot;transform&quot;,&quot;jet_parallax_layout_on&quot;:[&quot;desktop&quot;,&quot;tablet&quot;]}]}\">\n\t\t\t\t\t\t<div class=\"elementor-container elementor-column-gap-default\">\n\t\t\t\t\t<div class=\"elementor-column elementor-col-50 elementor-inner-column elementor-element elementor-element-60646bf2\" data-id=\"60646bf2\" data-element_type=\"column\" data-e-type=\"column\">\n\t\t\t<div class=\"elementor-widget-wrap elementor-element-populated\">\n\t\t\t\t\t\t<div class=\"elementor-element elementor-element-15700adb elementor-view-default elementor-widget elementor-widget-icon\" data-id=\"15700adb\" data-element_type=\"widget\" data-e-type=\"widget\" data-widget_type=\"icon.default\">\n\t\t\t\t<div class=\"elementor-widget-container\">\n\t\t\t\t\t\t\t<div class=\"elementor-icon-wrapper\">\n\t\t\t<div class=\"elementor-icon\">\n\t\t\t<i aria-hidden=\"true\" class=\"fab fa-linkedin-in\"><\/i>\t\t\t<\/div>\n\t\t<\/div>\n\t\t\t\t\t\t<\/div>\n\t\t\t\t<\/div>\n\t\t\t\t\t<\/div>\n\t\t<\/div>\n\t\t\t\t<div class=\"elementor-column elementor-col-50 elementor-inner-column elementor-element elementor-element-15490b\" data-id=\"15490b\" data-element_type=\"column\" data-e-type=\"column\">\n\t\t\t<div class=\"elementor-widget-wrap elementor-element-populated\">\n\t\t\t\t\t\t<div class=\"elementor-element elementor-element-1cc52f3 elementor-widget elementor-widget-heading\" data-id=\"1cc52f3\" data-element_type=\"widget\" data-e-type=\"widget\" data-widget_type=\"heading.default\">\n\t\t\t\t<div class=\"elementor-widget-container\">\n\t\t\t\t\t<p class=\"elementor-heading-title elementor-size-default\"><a href=\"https:\/\/www.linkedin.com\/in\/francisco-jurado-s%C3%A1nchez-2b824138\/\" target=\"_blank\">https:\/\/www.linkedin.com\/in\/francisco-jurado-s%C3%A1nchez-2b824138\/<\/a><\/p>\t\t\t\t<\/div>\n\t\t\t\t<\/div>\n\t\t\t\t\t<\/div>\n\t\t<\/div>\n\t\t\t\t\t<\/div>\n\t\t<\/section>\n\t\t\t\t\t<\/div>\n\t\t<\/div>\n\t\t\t\t<div class=\"elementor-column elementor-col-66 elementor-top-column elementor-element elementor-element-17640048\" data-id=\"17640048\" data-element_type=\"column\" data-e-type=\"column\">\n\t\t\t<div class=\"elementor-widget-wrap elementor-element-populated\">\n\t\t\t\t\t\t<div class=\"elementor-element elementor-element-3453d9e5 elementor-widget elementor-widget-jet-breadcrumbs\" data-id=\"3453d9e5\" data-element_type=\"widget\" data-e-type=\"widget\" data-widget_type=\"jet-breadcrumbs.default\">\n\t\t\t\t<div class=\"elementor-widget-container\">\n\t\t\t\t\t<div class=\"elementor-jet-breadcrumbs jet-blocks\">\n\t\t<div class=\"jet-breadcrumbs\">\n\t\t<div class=\"jet-breadcrumbs__content\">\n\t\t<div class=\"jet-breadcrumbs__wrap\"><div class=\"jet-breadcrumbs__item\"><a href=\"https:\/\/www.neuraxpharm.com\/cz\/\" class=\"jet-breadcrumbs__item-link is-home\" rel=\"home\" title=\"Neuraxpharm\">Neuraxpharm<\/a><\/div>\n\t\t<\/div>\n\t\t<\/div>\n\t\t<\/div><\/div>\t\t\t\t<\/div>\n\t\t\t\t<\/div>\n\t\t\t\t<div class=\"elementor-element elementor-element-e5e84e8 elementor-widget elementor-widget-heading\" data-id=\"e5e84e8\" data-element_type=\"widget\" data-e-type=\"widget\" data-widget_type=\"heading.default\">\n\t\t\t\t<div class=\"elementor-widget-container\">\n\t\t\t\t\t<h1 class=\"elementor-heading-title elementor-size-default\">FRANCISCO JURADO<\/h1>\t\t\t\t<\/div>\n\t\t\t\t<\/div>\n\t\t\t\t<div class=\"elementor-element elementor-element-614cff3 elementor-widget elementor-widget-text-editor\" data-id=\"614cff3\" data-element_type=\"widget\" data-e-type=\"widget\" data-widget_type=\"text-editor.default\">\n\t\t\t\t<div class=\"elementor-widget-container\">\n\t\t\t\t\t\t\t\t\t<p>Francisco se specializuje na v\u00fdb\u011br produkt\u016f a definici strategick\u00fdch v\u00fdzkumn\u00fdch a v\u00fdvojov\u00fdch projekt\u016f. Se sv\u00fdmi v\u00edce ne\u017e osmadvacetilet\u00fdmi zku\u0161enostmi ve farmaceutick\u00e9m pr\u016fmyslu m\u00e1 rozs\u00e1hl\u00e9 znalosti v oblasti v\u00fdvoje generick\u00fdch l\u00e9\u010div, nov\u00fdch chemick\u00fdch entit (NCE), liniov\u00fdch roz\u0161\u00ed\u0159en\u00ed a voln\u011b prodejn\u00fdch produkt\u016f.<\/p><p>M\u00e1 zku\u0161enosti s veden\u00edm multidisciplin\u00e1rn\u00edch t\u00fdm\u016f s vysokou funk\u010dn\u00ed kapacitou v oblastech farmaceutick\u00e9ho v\u00fdvoje (formula\u010dn\u00ed a analytick\u00fd), klinick\u00e9ho v\u00fdvoje, du\u0161evn\u00edho vlastnictv\u00ed, regula\u010dn\u00edch z\u00e1le\u017eitost\u00ed a \u0159\u00edzen\u00ed projekt\u016f.<\/p><p>Franciscova kari\u00e9ra zahrnovala role Head of Pharmaceutical Development v Lacer Laboratories, R&amp;D Pharma Director ve spole\u010dnosti Chemo Group a Corporate Product Development Director ve Ferrer Group.<\/p><p>M\u00e1 bakal\u00e1\u0159sk\u00fd titul z farmacie na Barcelonsk\u00e9 univerzit\u011b a je specialistou na farmaceutick\u00fd pr\u016fmysl.<\/p>\t\t\t\t\t\t\t\t<\/div>\n\t\t\t\t<\/div>\n\t\t\t\t\t<\/div>\n\t\t<\/div>\n\t\t\t\t\t<\/div>\n\t\t<\/section>\n\t\t\t\t<section class=\"elementor-section elementor-top-section elementor-element elementor-element-bacc1a9 elementor-section-boxed elementor-section-height-default elementor-section-height-default\" data-id=\"bacc1a9\" data-element_type=\"section\" data-e-type=\"section\" data-settings=\"{&quot;jet_parallax_layout_list&quot;:[{&quot;jet_parallax_layout_image&quot;:{&quot;url&quot;:&quot;&quot;,&quot;id&quot;:&quot;&quot;,&quot;size&quot;:&quot;&quot;},&quot;_id&quot;:&quot;e7d9f21&quot;,&quot;jet_parallax_layout_image_tablet&quot;:{&quot;url&quot;:&quot;&quot;,&quot;id&quot;:&quot;&quot;,&quot;size&quot;:&quot;&quot;},&quot;jet_parallax_layout_image_mobile&quot;:{&quot;url&quot;:&quot;&quot;,&quot;id&quot;:&quot;&quot;,&quot;size&quot;:&quot;&quot;},&quot;jet_parallax_layout_speed&quot;:{&quot;unit&quot;:&quot;%&quot;,&quot;size&quot;:50,&quot;sizes&quot;:[]},&quot;jet_parallax_layout_type&quot;:&quot;scroll&quot;,&quot;jet_parallax_layout_direction&quot;:&quot;1&quot;,&quot;jet_parallax_layout_fx_direction&quot;:null,&quot;jet_parallax_layout_z_index&quot;:&quot;&quot;,&quot;jet_parallax_layout_bg_x&quot;:50,&quot;jet_parallax_layout_bg_x_tablet&quot;:&quot;&quot;,&quot;jet_parallax_layout_bg_x_mobile&quot;:&quot;&quot;,&quot;jet_parallax_layout_bg_y&quot;:50,&quot;jet_parallax_layout_bg_y_tablet&quot;:&quot;&quot;,&quot;jet_parallax_layout_bg_y_mobile&quot;:&quot;&quot;,&quot;jet_parallax_layout_bg_size&quot;:&quot;auto&quot;,&quot;jet_parallax_layout_bg_size_tablet&quot;:&quot;&quot;,&quot;jet_parallax_layout_bg_size_mobile&quot;:&quot;&quot;,&quot;jet_parallax_layout_animation_prop&quot;:&quot;transform&quot;,&quot;jet_parallax_layout_on&quot;:[&quot;desktop&quot;,&quot;tablet&quot;]}]}\">\n\t\t\t\t\t\t<div class=\"elementor-container elementor-column-gap-default\">\n\t\t\t\t\t<div class=\"elementor-column elementor-col-100 elementor-top-column elementor-element elementor-element-7080505\" data-id=\"7080505\" data-element_type=\"column\" data-e-type=\"column\">\n\t\t\t<div class=\"elementor-widget-wrap elementor-element-populated\">\n\t\t\t\t\t\t<div class=\"elementor-element elementor-element-53f8d38 elementor-widget elementor-widget-spacer\" data-id=\"53f8d38\" data-element_type=\"widget\" data-e-type=\"widget\" data-widget_type=\"spacer.default\">\n\t\t\t\t<div class=\"elementor-widget-container\">\n\t\t\t\t\t\t\t<div class=\"elementor-spacer\">\n\t\t\t<div class=\"elementor-spacer-inner\"><\/div>\n\t\t<\/div>\n\t\t\t\t\t\t<\/div>\n\t\t\t\t<\/div>\n\t\t\t\t\t<\/div>\n\t\t<\/div>\n\t\t\t\t\t<\/div>\n\t\t<\/section>\n\t\t\t\t<\/div>\n\t\t","protected":false},"excerpt":{"rendered":"<p>https:\/\/www.linkedin.com\/in\/francisco-jurado-s%C3%A1nchez-2b824138\/ Neuraxpharm FRANCISCO JURADO Francisco se specializuje na v\u00fdb\u011br produkt\u016f a definici strategick\u00fdch v\u00fdzkumn\u00fdch a v\u00fdvojov\u00fdch projekt\u016f. Se sv\u00fdmi v\u00edce ne\u017e osmadvacetilet\u00fdmi zku\u0161enostmi ve farmaceutick\u00e9m pr\u016fmyslu m\u00e1 rozs\u00e1hl\u00e9 znalosti v oblasti v\u00fdvoje generick\u00fdch l\u00e9\u010div, nov\u00fdch chemick\u00fdch entit (NCE), liniov\u00fdch roz\u0161\u00ed\u0159en\u00ed a voln\u011b prodejn\u00fdch produkt\u016f. M\u00e1 zku\u0161enosti s veden\u00edm multidisciplin\u00e1rn\u00edch t\u00fdm\u016f s vysokou funk\u010dn\u00ed kapacitou v [&hellip;]<\/p>\n","protected":false},"author":2,"featured_media":0,"parent":1998,"menu_order":0,"comment_status":"closed","ping_status":"closed","template":"elementor_header_footer","meta":{"_acf_changed":false,"footnotes":""},"class_list":["post-15842","page","type-page","status-publish","hentry"],"yoast_head":"<!-- This site is optimized with the Yoast SEO Premium plugin v27.2 (Yoast SEO v27.2) - https:\/\/yoast.com\/product\/yoast-seo-premium-wordpress\/ -->\n<title>FRANCISCO JURADO - Neuraxpharm CZ<\/title>\n<meta name=\"robots\" content=\"index, follow, max-snippet:-1, max-image-preview:large, max-video-preview:-1\" \/>\n<link rel=\"canonical\" href=\"https:\/\/www.neuraxpharm.com\/cz\/o-nas\/vedeni-spolecnosti\/francisco-jurado\" \/>\n<meta property=\"og:locale\" content=\"cs_CZ\" \/>\n<meta property=\"og:type\" content=\"article\" \/>\n<meta property=\"og:title\" content=\"FRANCISCO JURADO\" \/>\n<meta property=\"og:description\" content=\"https:\/\/www.linkedin.com\/in\/francisco-jurado-s%C3%A1nchez-2b824138\/ Neuraxpharm FRANCISCO JURADO Francisco se specializuje na v\u00fdb\u011br produkt\u016f a definici strategick\u00fdch v\u00fdzkumn\u00fdch a v\u00fdvojov\u00fdch projekt\u016f. Se sv\u00fdmi v\u00edce ne\u017e osmadvacetilet\u00fdmi zku\u0161enostmi ve farmaceutick\u00e9m pr\u016fmyslu m\u00e1 rozs\u00e1hl\u00e9 znalosti v oblasti v\u00fdvoje generick\u00fdch l\u00e9\u010div, nov\u00fdch chemick\u00fdch entit (NCE), liniov\u00fdch roz\u0161\u00ed\u0159en\u00ed a voln\u011b prodejn\u00fdch produkt\u016f. M\u00e1 zku\u0161enosti s veden\u00edm multidisciplin\u00e1rn\u00edch t\u00fdm\u016f s vysokou funk\u010dn\u00ed kapacitou v [&hellip;]\" \/>\n<meta property=\"og:url\" content=\"https:\/\/www.neuraxpharm.com\/cz\/o-nas\/vedeni-spolecnosti\/francisco-jurado\" \/>\n<meta property=\"og:site_name\" content=\"Neuraxpharm CZ\" \/>\n<meta property=\"article:modified_time\" content=\"2023-03-27T09:59:16+00:00\" \/>\n<meta property=\"og:image\" content=\"https:\/\/www.neuraxpharm.com\/cz\/wp-content\/uploads\/sites\/27\/2023\/03\/f-jurado.jpg\" \/>\n<meta name=\"twitter:card\" content=\"summary_large_image\" \/>\n<meta name=\"twitter:label1\" content=\"Odhadovan\u00e1 doba \u010dten\u00ed\" \/>\n\t<meta name=\"twitter:data1\" content=\"1 minuta\" \/>\n<script type=\"application\/ld+json\" class=\"yoast-schema-graph\">{\"@context\":\"https:\/\/schema.org\",\"@graph\":[{\"@type\":\"WebPage\",\"@id\":\"https:\/\/www.neuraxpharm.com\/cz\/o-nas\/vedeni-spolecnosti\/francisco-jurado\",\"url\":\"https:\/\/www.neuraxpharm.com\/cz\/o-nas\/vedeni-spolecnosti\/francisco-jurado\",\"name\":\"FRANCISCO JURADO - Neuraxpharm CZ\",\"isPartOf\":{\"@id\":\"https:\/\/www.neuraxpharm.com\/cz\/#website\"},\"primaryImageOfPage\":{\"@id\":\"https:\/\/www.neuraxpharm.com\/cz\/o-nas\/vedeni-spolecnosti\/francisco-jurado#primaryimage\"},\"image\":{\"@id\":\"https:\/\/www.neuraxpharm.com\/cz\/o-nas\/vedeni-spolecnosti\/francisco-jurado#primaryimage\"},\"thumbnailUrl\":\"https:\/\/www.neuraxpharm.com\/cz\/wp-content\/uploads\/sites\/27\/2023\/03\/f-jurado.jpg\",\"datePublished\":\"2021-04-13T08:51:33+00:00\",\"dateModified\":\"2023-03-27T09:59:16+00:00\",\"breadcrumb\":{\"@id\":\"https:\/\/www.neuraxpharm.com\/cz\/o-nas\/vedeni-spolecnosti\/francisco-jurado#breadcrumb\"},\"inLanguage\":\"cs\",\"potentialAction\":[{\"@type\":\"ReadAction\",\"target\":[\"https:\/\/www.neuraxpharm.com\/cz\/o-nas\/vedeni-spolecnosti\/francisco-jurado\"]}]},{\"@type\":\"ImageObject\",\"inLanguage\":\"cs\",\"@id\":\"https:\/\/www.neuraxpharm.com\/cz\/o-nas\/vedeni-spolecnosti\/francisco-jurado#primaryimage\",\"url\":\"https:\/\/static.neuraxpharm.com\/wp-content\/uploads\/sites\/27\/2023\/03\/27095628\/f-jurado.jpg\",\"contentUrl\":\"https:\/\/static.neuraxpharm.com\/wp-content\/uploads\/sites\/27\/2023\/03\/27095628\/f-jurado.jpg\",\"width\":716,\"height\":700},{\"@type\":\"BreadcrumbList\",\"@id\":\"https:\/\/www.neuraxpharm.com\/cz\/o-nas\/vedeni-spolecnosti\/francisco-jurado#breadcrumb\",\"itemListElement\":[{\"@type\":\"ListItem\",\"position\":1,\"name\":\"Home\",\"item\":\"https:\/\/www.neuraxpharm.com\/cz\/\"},{\"@type\":\"ListItem\",\"position\":2,\"name\":\"O n\u00e1s\",\"item\":\"https:\/\/www.neuraxpharm.com\/cz\/o-nas\"},{\"@type\":\"ListItem\",\"position\":3,\"name\":\"Veden\u00ed spole\u010dnosti\",\"item\":\"https:\/\/www.neuraxpharm.com\/cz\/o-nas\/vedeni-spolecnosti\"},{\"@type\":\"ListItem\",\"position\":4,\"name\":\"FRANCISCO JURADO\"}]},{\"@type\":\"WebSite\",\"@id\":\"https:\/\/www.neuraxpharm.com\/cz\/#website\",\"url\":\"https:\/\/www.neuraxpharm.com\/cz\/\",\"name\":\"Neuraxpharm CZ\",\"description\":\"Evropsk\u00fd l\u00eddr v oblasti produkt\u016f CNS\",\"potentialAction\":[{\"@type\":\"SearchAction\",\"target\":{\"@type\":\"EntryPoint\",\"urlTemplate\":\"https:\/\/www.neuraxpharm.com\/cz\/?s={search_term_string}\"},\"query-input\":{\"@type\":\"PropertyValueSpecification\",\"valueRequired\":true,\"valueName\":\"search_term_string\"}}],\"inLanguage\":\"cs\"}]}<\/script>\n<!-- \/ Yoast SEO Premium plugin. -->","yoast_head_json":{"title":"FRANCISCO JURADO - Neuraxpharm CZ","robots":{"index":"index","follow":"follow","max-snippet":"max-snippet:-1","max-image-preview":"max-image-preview:large","max-video-preview":"max-video-preview:-1"},"canonical":"https:\/\/www.neuraxpharm.com\/cz\/o-nas\/vedeni-spolecnosti\/francisco-jurado","og_locale":"cs_CZ","og_type":"article","og_title":"FRANCISCO JURADO","og_description":"https:\/\/www.linkedin.com\/in\/francisco-jurado-s%C3%A1nchez-2b824138\/ Neuraxpharm FRANCISCO JURADO Francisco se specializuje na v\u00fdb\u011br produkt\u016f a definici strategick\u00fdch v\u00fdzkumn\u00fdch a v\u00fdvojov\u00fdch projekt\u016f. Se sv\u00fdmi v\u00edce ne\u017e osmadvacetilet\u00fdmi zku\u0161enostmi ve farmaceutick\u00e9m pr\u016fmyslu m\u00e1 rozs\u00e1hl\u00e9 znalosti v oblasti v\u00fdvoje generick\u00fdch l\u00e9\u010div, nov\u00fdch chemick\u00fdch entit (NCE), liniov\u00fdch roz\u0161\u00ed\u0159en\u00ed a voln\u011b prodejn\u00fdch produkt\u016f. M\u00e1 zku\u0161enosti s veden\u00edm multidisciplin\u00e1rn\u00edch t\u00fdm\u016f s vysokou funk\u010dn\u00ed kapacitou v [&hellip;]","og_url":"https:\/\/www.neuraxpharm.com\/cz\/o-nas\/vedeni-spolecnosti\/francisco-jurado","og_site_name":"Neuraxpharm CZ","article_modified_time":"2023-03-27T09:59:16+00:00","og_image":[{"url":"https:\/\/www.neuraxpharm.com\/cz\/wp-content\/uploads\/sites\/27\/2023\/03\/f-jurado.jpg","type":"","width":"","height":""}],"twitter_card":"summary_large_image","twitter_misc":{"Odhadovan\u00e1 doba \u010dten\u00ed":"1 minuta"},"schema":{"@context":"https:\/\/schema.org","@graph":[{"@type":"WebPage","@id":"https:\/\/www.neuraxpharm.com\/cz\/o-nas\/vedeni-spolecnosti\/francisco-jurado","url":"https:\/\/www.neuraxpharm.com\/cz\/o-nas\/vedeni-spolecnosti\/francisco-jurado","name":"FRANCISCO JURADO - Neuraxpharm CZ","isPartOf":{"@id":"https:\/\/www.neuraxpharm.com\/cz\/#website"},"primaryImageOfPage":{"@id":"https:\/\/www.neuraxpharm.com\/cz\/o-nas\/vedeni-spolecnosti\/francisco-jurado#primaryimage"},"image":{"@id":"https:\/\/www.neuraxpharm.com\/cz\/o-nas\/vedeni-spolecnosti\/francisco-jurado#primaryimage"},"thumbnailUrl":"https:\/\/www.neuraxpharm.com\/cz\/wp-content\/uploads\/sites\/27\/2023\/03\/f-jurado.jpg","datePublished":"2021-04-13T08:51:33+00:00","dateModified":"2023-03-27T09:59:16+00:00","breadcrumb":{"@id":"https:\/\/www.neuraxpharm.com\/cz\/o-nas\/vedeni-spolecnosti\/francisco-jurado#breadcrumb"},"inLanguage":"cs","potentialAction":[{"@type":"ReadAction","target":["https:\/\/www.neuraxpharm.com\/cz\/o-nas\/vedeni-spolecnosti\/francisco-jurado"]}]},{"@type":"ImageObject","inLanguage":"cs","@id":"https:\/\/www.neuraxpharm.com\/cz\/o-nas\/vedeni-spolecnosti\/francisco-jurado#primaryimage","url":"https:\/\/static.neuraxpharm.com\/wp-content\/uploads\/sites\/27\/2023\/03\/27095628\/f-jurado.jpg","contentUrl":"https:\/\/static.neuraxpharm.com\/wp-content\/uploads\/sites\/27\/2023\/03\/27095628\/f-jurado.jpg","width":716,"height":700},{"@type":"BreadcrumbList","@id":"https:\/\/www.neuraxpharm.com\/cz\/o-nas\/vedeni-spolecnosti\/francisco-jurado#breadcrumb","itemListElement":[{"@type":"ListItem","position":1,"name":"Home","item":"https:\/\/www.neuraxpharm.com\/cz\/"},{"@type":"ListItem","position":2,"name":"O n\u00e1s","item":"https:\/\/www.neuraxpharm.com\/cz\/o-nas"},{"@type":"ListItem","position":3,"name":"Veden\u00ed spole\u010dnosti","item":"https:\/\/www.neuraxpharm.com\/cz\/o-nas\/vedeni-spolecnosti"},{"@type":"ListItem","position":4,"name":"FRANCISCO JURADO"}]},{"@type":"WebSite","@id":"https:\/\/www.neuraxpharm.com\/cz\/#website","url":"https:\/\/www.neuraxpharm.com\/cz\/","name":"Neuraxpharm CZ","description":"Evropsk\u00fd l\u00eddr v oblasti produkt\u016f CNS","potentialAction":[{"@type":"SearchAction","target":{"@type":"EntryPoint","urlTemplate":"https:\/\/www.neuraxpharm.com\/cz\/?s={search_term_string}"},"query-input":{"@type":"PropertyValueSpecification","valueRequired":true,"valueName":"search_term_string"}}],"inLanguage":"cs"}]}},"acf":[],"_links":{"self":[{"href":"https:\/\/www.neuraxpharm.com\/cz\/wp-json\/wp\/v2\/pages\/15842","targetHints":{"allow":["GET"]}}],"collection":[{"href":"https:\/\/www.neuraxpharm.com\/cz\/wp-json\/wp\/v2\/pages"}],"about":[{"href":"https:\/\/www.neuraxpharm.com\/cz\/wp-json\/wp\/v2\/types\/page"}],"author":[{"embeddable":true,"href":"https:\/\/www.neuraxpharm.com\/cz\/wp-json\/wp\/v2\/users\/2"}],"replies":[{"embeddable":true,"href":"https:\/\/www.neuraxpharm.com\/cz\/wp-json\/wp\/v2\/comments?post=15842"}],"version-history":[{"count":24,"href":"https:\/\/www.neuraxpharm.com\/cz\/wp-json\/wp\/v2\/pages\/15842\/revisions"}],"predecessor-version":[{"id":28595,"href":"https:\/\/www.neuraxpharm.com\/cz\/wp-json\/wp\/v2\/pages\/15842\/revisions\/28595"}],"up":[{"embeddable":true,"href":"https:\/\/www.neuraxpharm.com\/cz\/wp-json\/wp\/v2\/pages\/1998"}],"wp:attachment":[{"href":"https:\/\/www.neuraxpharm.com\/cz\/wp-json\/wp\/v2\/media?parent=15842"}],"curies":[{"name":"wp","href":"https:\/\/api.w.org\/{rel}","templated":true}]}}