{"id":26332,"date":"2025-12-22T17:51:45","date_gmt":"2025-12-22T15:51:45","guid":{"rendered":"https:\/\/www.neuraxpharm.com\/ch-it\/?page_id=26332"},"modified":"2025-12-22T17:52:27","modified_gmt":"2025-12-22T15:52:27","slug":"vikas-mohan-sharma","status":"publish","type":"page","link":"https:\/\/www.neuraxpharm.com\/ch-it\/chi-siamo\/comitato-esecutivo\/vikas-mohan-sharma","title":{"rendered":"VIKAS MOHAN SHARMA"},"content":{"rendered":"\t\t<div data-elementor-type=\"wp-page\" data-elementor-id=\"26332\" class=\"elementor elementor-26332\" data-elementor-post-type=\"page\">\n\t\t\t\t\t\t<section class=\"elementor-section elementor-top-section elementor-element elementor-element-90acc2c elementor-section-boxed elementor-section-height-default elementor-section-height-default\" data-id=\"90acc2c\" data-element_type=\"section\" data-e-type=\"section\" data-settings=\"{&quot;jet_parallax_layout_list&quot;:[{&quot;jet_parallax_layout_image&quot;:{&quot;url&quot;:&quot;&quot;,&quot;id&quot;:&quot;&quot;,&quot;size&quot;:&quot;&quot;},&quot;_id&quot;:&quot;f02b98c&quot;,&quot;jet_parallax_layout_image_tablet&quot;:{&quot;url&quot;:&quot;&quot;,&quot;id&quot;:&quot;&quot;,&quot;size&quot;:&quot;&quot;},&quot;jet_parallax_layout_image_mobile&quot;:{&quot;url&quot;:&quot;&quot;,&quot;id&quot;:&quot;&quot;,&quot;size&quot;:&quot;&quot;},&quot;jet_parallax_layout_speed&quot;:{&quot;unit&quot;:&quot;%&quot;,&quot;size&quot;:50,&quot;sizes&quot;:[]},&quot;jet_parallax_layout_type&quot;:&quot;scroll&quot;,&quot;jet_parallax_layout_direction&quot;:&quot;1&quot;,&quot;jet_parallax_layout_fx_direction&quot;:null,&quot;jet_parallax_layout_z_index&quot;:&quot;&quot;,&quot;jet_parallax_layout_bg_x&quot;:50,&quot;jet_parallax_layout_bg_x_tablet&quot;:&quot;&quot;,&quot;jet_parallax_layout_bg_x_mobile&quot;:&quot;&quot;,&quot;jet_parallax_layout_bg_y&quot;:50,&quot;jet_parallax_layout_bg_y_tablet&quot;:&quot;&quot;,&quot;jet_parallax_layout_bg_y_mobile&quot;:&quot;&quot;,&quot;jet_parallax_layout_bg_size&quot;:&quot;auto&quot;,&quot;jet_parallax_layout_bg_size_tablet&quot;:&quot;&quot;,&quot;jet_parallax_layout_bg_size_mobile&quot;:&quot;&quot;,&quot;jet_parallax_layout_animation_prop&quot;:&quot;transform&quot;,&quot;jet_parallax_layout_on&quot;:[&quot;desktop&quot;,&quot;tablet&quot;]}]}\">\n\t\t\t\t\t\t<div class=\"elementor-container elementor-column-gap-default\">\n\t\t\t\t\t<div class=\"elementor-column elementor-col-33 elementor-top-column elementor-element elementor-element-0672260\" data-id=\"0672260\" data-element_type=\"column\" data-e-type=\"column\">\n\t\t\t<div class=\"elementor-widget-wrap elementor-element-populated\">\n\t\t\t\t\t\t<div class=\"elementor-element elementor-element-0ece5f3 elementor-widget elementor-widget-image\" data-id=\"0ece5f3\" data-element_type=\"widget\" data-e-type=\"widget\" data-widget_type=\"image.default\">\n\t\t\t\t<div class=\"elementor-widget-container\">\n\t\t\t\t\t\t\t\t\t\t\t\t\t\t\t<img fetchpriority=\"high\" decoding=\"async\" width=\"716\" height=\"700\" src=\"https:\/\/static.neuraxpharm.com\/wp-content\/uploads\/sites\/17\/2025\/12\/22174950\/vikas-mohan-sharma-1-it.png\" class=\"attachment-large size-large wp-image-26320\" alt=\"\" srcset=\"https:\/\/static.neuraxpharm.com\/wp-content\/uploads\/sites\/17\/2025\/12\/22174950\/vikas-mohan-sharma-1-it.png 716w, https:\/\/static.neuraxpharm.com\/wp-content\/uploads\/sites\/17\/2025\/12\/22174950\/vikas-mohan-sharma-1-it-300x293.png 300w, https:\/\/static.neuraxpharm.com\/wp-content\/uploads\/sites\/17\/2025\/12\/22174950\/vikas-mohan-sharma-1-it-600x587.png 600w\" sizes=\"(max-width: 716px) 100vw, 716px\" \/>\t\t\t\t\t\t\t\t\t\t\t\t\t\t\t<\/div>\n\t\t\t\t<\/div>\n\t\t\t\t<section class=\"elementor-section elementor-inner-section elementor-element elementor-element-1a649c2 elementor-section-content-top elementor-section-boxed elementor-section-height-default elementor-section-height-default\" data-id=\"1a649c2\" data-element_type=\"section\" data-e-type=\"section\" data-settings=\"{&quot;jet_parallax_layout_list&quot;:[{&quot;jet_parallax_layout_image&quot;:{&quot;url&quot;:&quot;&quot;,&quot;id&quot;:&quot;&quot;,&quot;size&quot;:&quot;&quot;},&quot;_id&quot;:&quot;5f899ce&quot;,&quot;jet_parallax_layout_image_tablet&quot;:{&quot;url&quot;:&quot;&quot;,&quot;id&quot;:&quot;&quot;,&quot;size&quot;:&quot;&quot;},&quot;jet_parallax_layout_image_mobile&quot;:{&quot;url&quot;:&quot;&quot;,&quot;id&quot;:&quot;&quot;,&quot;size&quot;:&quot;&quot;},&quot;jet_parallax_layout_speed&quot;:{&quot;unit&quot;:&quot;%&quot;,&quot;size&quot;:50,&quot;sizes&quot;:[]},&quot;jet_parallax_layout_type&quot;:&quot;scroll&quot;,&quot;jet_parallax_layout_direction&quot;:&quot;1&quot;,&quot;jet_parallax_layout_fx_direction&quot;:null,&quot;jet_parallax_layout_z_index&quot;:&quot;&quot;,&quot;jet_parallax_layout_bg_x&quot;:50,&quot;jet_parallax_layout_bg_x_tablet&quot;:&quot;&quot;,&quot;jet_parallax_layout_bg_x_mobile&quot;:&quot;&quot;,&quot;jet_parallax_layout_bg_y&quot;:50,&quot;jet_parallax_layout_bg_y_tablet&quot;:&quot;&quot;,&quot;jet_parallax_layout_bg_y_mobile&quot;:&quot;&quot;,&quot;jet_parallax_layout_bg_size&quot;:&quot;auto&quot;,&quot;jet_parallax_layout_bg_size_tablet&quot;:&quot;&quot;,&quot;jet_parallax_layout_bg_size_mobile&quot;:&quot;&quot;,&quot;jet_parallax_layout_animation_prop&quot;:&quot;transform&quot;,&quot;jet_parallax_layout_on&quot;:[&quot;desktop&quot;,&quot;tablet&quot;]}]}\">\n\t\t\t\t\t\t<div class=\"elementor-container elementor-column-gap-default\">\n\t\t\t\t\t<div class=\"elementor-column elementor-col-50 elementor-inner-column elementor-element elementor-element-57b71a8\" data-id=\"57b71a8\" data-element_type=\"column\" data-e-type=\"column\">\n\t\t\t<div class=\"elementor-widget-wrap elementor-element-populated\">\n\t\t\t\t\t\t<div class=\"elementor-element elementor-element-7e63a66 elementor-view-default elementor-widget elementor-widget-icon\" data-id=\"7e63a66\" data-element_type=\"widget\" data-e-type=\"widget\" data-widget_type=\"icon.default\">\n\t\t\t\t<div class=\"elementor-widget-container\">\n\t\t\t\t\t\t\t<div class=\"elementor-icon-wrapper\">\n\t\t\t<div class=\"elementor-icon\">\n\t\t\t<i aria-hidden=\"true\" class=\"fab fa-linkedin-in\"><\/i>\t\t\t<\/div>\n\t\t<\/div>\n\t\t\t\t\t\t<\/div>\n\t\t\t\t<\/div>\n\t\t\t\t\t<\/div>\n\t\t<\/div>\n\t\t\t\t<div class=\"elementor-column elementor-col-50 elementor-inner-column elementor-element elementor-element-2b40cc0\" data-id=\"2b40cc0\" data-element_type=\"column\" data-e-type=\"column\">\n\t\t\t<div class=\"elementor-widget-wrap elementor-element-populated\">\n\t\t\t\t\t\t<div class=\"elementor-element elementor-element-da48c51 elementor-widget elementor-widget-heading\" data-id=\"da48c51\" data-element_type=\"widget\" data-e-type=\"widget\" data-widget_type=\"heading.default\">\n\t\t\t\t<div class=\"elementor-widget-container\">\n\t\t\t\t\t<p class=\"elementor-heading-title elementor-size-default\"><a href=\"https:\/\/www.linkedin.com\/in\/vikasmohansharma\/\" target=\"_blank\">https:\/\/www.linkedin.com\/in\/vikasmohansharma\/<\/a><\/p>\t\t\t\t<\/div>\n\t\t\t\t<\/div>\n\t\t\t\t\t<\/div>\n\t\t<\/div>\n\t\t\t\t\t<\/div>\n\t\t<\/section>\n\t\t\t\t\t<\/div>\n\t\t<\/div>\n\t\t\t\t<div class=\"elementor-column elementor-col-66 elementor-top-column elementor-element elementor-element-a5c362a\" data-id=\"a5c362a\" data-element_type=\"column\" data-e-type=\"column\">\n\t\t\t<div class=\"elementor-widget-wrap elementor-element-populated\">\n\t\t\t\t\t\t<div class=\"elementor-element elementor-element-74c1741 elementor-widget elementor-widget-jet-breadcrumbs\" data-id=\"74c1741\" data-element_type=\"widget\" data-e-type=\"widget\" data-widget_type=\"jet-breadcrumbs.default\">\n\t\t\t\t<div class=\"elementor-widget-container\">\n\t\t\t\t\t<div class=\"elementor-jet-breadcrumbs jet-blocks\">\n\t\t<div class=\"jet-breadcrumbs\">\n\t\t<div class=\"jet-breadcrumbs__content\">\n\t\t<div class=\"jet-breadcrumbs__wrap\"><div class=\"jet-breadcrumbs__item\"><a href=\"https:\/\/www.neuraxpharm.com\/ch-it\/\" class=\"jet-breadcrumbs__item-link is-home\" rel=\"home\" title=\"Neuraxpharm\">Neuraxpharm<\/a><\/div>\n\t\t<\/div>\n\t\t<\/div>\n\t\t<\/div><\/div>\t\t\t\t<\/div>\n\t\t\t\t<\/div>\n\t\t\t\t<div class=\"elementor-element elementor-element-46aea72 elementor-widget elementor-widget-heading\" data-id=\"46aea72\" data-element_type=\"widget\" data-e-type=\"widget\" data-widget_type=\"heading.default\">\n\t\t\t\t<div class=\"elementor-widget-container\">\n\t\t\t\t\t<h1 class=\"elementor-heading-title elementor-size-default\">VIKAS MOHAN SHARMA<\/h1>\t\t\t\t<\/div>\n\t\t\t\t<\/div>\n\t\t\t\t<div class=\"elementor-element elementor-element-1f9c2c5 elementor-widget elementor-widget-text-editor\" data-id=\"1f9c2c5\" data-element_type=\"widget\" data-e-type=\"widget\" data-widget_type=\"text-editor.default\">\n\t\t\t\t<div class=\"elementor-widget-container\">\n\t\t\t\t\t\t\t\t\t<p>Vikas \u00e8 un leader senior del settore con oltre 25 anni di esperienza nel campo sanitario e della ricerca clinica, alla guida di team scientifici clinici e medici di alto livello in diverse aree terapeutiche, con l&#8217;obiettivo di raggiungere traguardi importanti nello sviluppo e nei programmi di grandi aziende farmaceutiche e organizzazioni di ricerca clinica (CRO).<\/p><p>Ha ricoperto la carica di Chief Medical Officer presso Quintiles, India (in seguito nota come IQVIA) e di Global Head of Medicine for CNS, Retinal Health &amp; Emerging Areas presso Boehringer Ingelheim. \u00c8 entrato a far parte di Neuraxpharm provenendo da Fortrea GmBH, dove era Global Head for Neuroscience and Ophthalmology. Vikas ha conseguito una laurea in Medicina Generale presso l&#8217;SMS Medical College di Jaipur, un dottorato in Psichiatria presso il Seth Gordhandas Sunderdas Medical College (GSMC) e il King Edward Memorial (KEM) Hospital di Mumbai, e un certificato di gestione in Sviluppo aziendale attraverso l&#8217;innovazione presso la Frankfurt School of Finance &amp; Management.<\/p><p>Vikas \u00e8 considerato un importante leader di pensiero nella ricerca clinica sul sistema nervoso centrale. Lavora come esperto indipendente di etica presso il prestigioso Consiglio europeo della ricerca e presiede diverse iniziative industriali e globali nei settori dei biomarcatori digitali, delle metodologie di sperimentazione sul sistema nervoso centrale e della salute mentale di precisione.<\/p>\t\t\t\t\t\t\t\t<\/div>\n\t\t\t\t<\/div>\n\t\t\t\t\t<\/div>\n\t\t<\/div>\n\t\t\t\t\t<\/div>\n\t\t<\/section>\n\t\t\t\t<section class=\"elementor-section elementor-top-section elementor-element elementor-element-e6202c0 elementor-section-boxed elementor-section-height-default elementor-section-height-default\" data-id=\"e6202c0\" data-element_type=\"section\" data-e-type=\"section\" data-settings=\"{&quot;jet_parallax_layout_list&quot;:[{&quot;jet_parallax_layout_image&quot;:{&quot;url&quot;:&quot;&quot;,&quot;id&quot;:&quot;&quot;,&quot;size&quot;:&quot;&quot;},&quot;_id&quot;:&quot;e7d9f21&quot;,&quot;jet_parallax_layout_image_tablet&quot;:{&quot;url&quot;:&quot;&quot;,&quot;id&quot;:&quot;&quot;,&quot;size&quot;:&quot;&quot;},&quot;jet_parallax_layout_image_mobile&quot;:{&quot;url&quot;:&quot;&quot;,&quot;id&quot;:&quot;&quot;,&quot;size&quot;:&quot;&quot;},&quot;jet_parallax_layout_speed&quot;:{&quot;unit&quot;:&quot;%&quot;,&quot;size&quot;:50,&quot;sizes&quot;:[]},&quot;jet_parallax_layout_type&quot;:&quot;scroll&quot;,&quot;jet_parallax_layout_direction&quot;:&quot;1&quot;,&quot;jet_parallax_layout_fx_direction&quot;:null,&quot;jet_parallax_layout_z_index&quot;:&quot;&quot;,&quot;jet_parallax_layout_bg_x&quot;:50,&quot;jet_parallax_layout_bg_x_tablet&quot;:&quot;&quot;,&quot;jet_parallax_layout_bg_x_mobile&quot;:&quot;&quot;,&quot;jet_parallax_layout_bg_y&quot;:50,&quot;jet_parallax_layout_bg_y_tablet&quot;:&quot;&quot;,&quot;jet_parallax_layout_bg_y_mobile&quot;:&quot;&quot;,&quot;jet_parallax_layout_bg_size&quot;:&quot;auto&quot;,&quot;jet_parallax_layout_bg_size_tablet&quot;:&quot;&quot;,&quot;jet_parallax_layout_bg_size_mobile&quot;:&quot;&quot;,&quot;jet_parallax_layout_animation_prop&quot;:&quot;transform&quot;,&quot;jet_parallax_layout_on&quot;:[&quot;desktop&quot;,&quot;tablet&quot;]}]}\">\n\t\t\t\t\t\t<div class=\"elementor-container elementor-column-gap-default\">\n\t\t\t\t\t<div class=\"elementor-column elementor-col-100 elementor-top-column elementor-element elementor-element-6bed57c\" data-id=\"6bed57c\" data-element_type=\"column\" data-e-type=\"column\">\n\t\t\t<div class=\"elementor-widget-wrap elementor-element-populated\">\n\t\t\t\t\t\t<div class=\"elementor-element elementor-element-b1ab9e7 elementor-widget elementor-widget-spacer\" data-id=\"b1ab9e7\" data-element_type=\"widget\" data-e-type=\"widget\" data-widget_type=\"spacer.default\">\n\t\t\t\t<div class=\"elementor-widget-container\">\n\t\t\t\t\t\t\t<div class=\"elementor-spacer\">\n\t\t\t<div class=\"elementor-spacer-inner\"><\/div>\n\t\t<\/div>\n\t\t\t\t\t\t<\/div>\n\t\t\t\t<\/div>\n\t\t\t\t\t<\/div>\n\t\t<\/div>\n\t\t\t\t\t<\/div>\n\t\t<\/section>\n\t\t\t\t<\/div>\n\t\t","protected":false},"excerpt":{"rendered":"<p>https:\/\/www.linkedin.com\/in\/vikasmohansharma\/ Neuraxpharm VIKAS MOHAN SHARMA Vikas \u00e8 un leader senior del settore con oltre 25 anni di esperienza nel campo sanitario e della ricerca clinica, alla guida di team scientifici clinici e medici di alto livello in diverse aree terapeutiche, con l&#8217;obiettivo di raggiungere traguardi importanti nello sviluppo e nei programmi di grandi aziende farmaceutiche [&hellip;]<\/p>\n","protected":false},"author":2493,"featured_media":0,"parent":1998,"menu_order":0,"comment_status":"closed","ping_status":"closed","template":"elementor_header_footer","meta":{"_acf_changed":false,"footnotes":""},"class_list":["post-26332","page","type-page","status-publish","hentry"],"yoast_head":"<!-- This site is optimized with the Yoast SEO Premium plugin v27.2 (Yoast SEO v27.2) - https:\/\/yoast.com\/product\/yoast-seo-premium-wordpress\/ -->\n<title>VIKAS MOHAN SHARMA - Neuraxpharm Switzerland<\/title>\n<meta name=\"robots\" content=\"index, follow, max-snippet:-1, max-image-preview:large, max-video-preview:-1\" \/>\n<link rel=\"canonical\" href=\"https:\/\/www.neuraxpharm.com\/ch-it\/chi-siamo\/comitato-esecutivo\/vikas-mohan-sharma\" \/>\n<meta property=\"og:locale\" content=\"it_IT\" \/>\n<meta property=\"og:type\" content=\"article\" \/>\n<meta property=\"og:title\" content=\"VIKAS MOHAN SHARMA\" \/>\n<meta property=\"og:description\" content=\"https:\/\/www.linkedin.com\/in\/vikasmohansharma\/ Neuraxpharm VIKAS MOHAN SHARMA Vikas \u00e8 un leader senior del settore con oltre 25 anni di esperienza nel campo sanitario e della ricerca clinica, alla guida di team scientifici clinici e medici di alto livello in diverse aree terapeutiche, con l&#8217;obiettivo di raggiungere traguardi importanti nello sviluppo e nei programmi di grandi aziende farmaceutiche [&hellip;]\" \/>\n<meta property=\"og:url\" content=\"https:\/\/www.neuraxpharm.com\/ch-it\/chi-siamo\/comitato-esecutivo\/vikas-mohan-sharma\" \/>\n<meta property=\"og:site_name\" content=\"Neuraxpharm Switzerland\" \/>\n<meta property=\"article:modified_time\" content=\"2025-12-22T15:52:27+00:00\" \/>\n<meta property=\"og:image\" content=\"https:\/\/www.neuraxpharm.com\/ch-it\/wp-content\/uploads\/sites\/17\/2025\/12\/vikas-mohan-sharma-1-it.png\" \/>\n<meta name=\"twitter:card\" content=\"summary_large_image\" \/>\n<meta name=\"twitter:label1\" content=\"Tempo di lettura stimato\" \/>\n\t<meta name=\"twitter:data1\" content=\"2 minuti\" \/>\n<script type=\"application\/ld+json\" class=\"yoast-schema-graph\">{\"@context\":\"https:\/\/schema.org\",\"@graph\":[{\"@type\":\"WebPage\",\"@id\":\"https:\/\/www.neuraxpharm.com\/ch-it\/chi-siamo\/comitato-esecutivo\/vikas-mohan-sharma\",\"url\":\"https:\/\/www.neuraxpharm.com\/ch-it\/chi-siamo\/comitato-esecutivo\/vikas-mohan-sharma\",\"name\":\"VIKAS MOHAN SHARMA - Neuraxpharm Switzerland\",\"isPartOf\":{\"@id\":\"https:\/\/www.neuraxpharm.com\/ch-it\/#website\"},\"primaryImageOfPage\":{\"@id\":\"https:\/\/www.neuraxpharm.com\/ch-it\/chi-siamo\/comitato-esecutivo\/vikas-mohan-sharma#primaryimage\"},\"image\":{\"@id\":\"https:\/\/www.neuraxpharm.com\/ch-it\/chi-siamo\/comitato-esecutivo\/vikas-mohan-sharma#primaryimage\"},\"thumbnailUrl\":\"https:\/\/www.neuraxpharm.com\/ch-it\/wp-content\/uploads\/sites\/17\/2025\/12\/vikas-mohan-sharma-1-it.png\",\"datePublished\":\"2025-12-22T15:51:45+00:00\",\"dateModified\":\"2025-12-22T15:52:27+00:00\",\"breadcrumb\":{\"@id\":\"https:\/\/www.neuraxpharm.com\/ch-it\/chi-siamo\/comitato-esecutivo\/vikas-mohan-sharma#breadcrumb\"},\"inLanguage\":\"it-IT\",\"potentialAction\":[{\"@type\":\"ReadAction\",\"target\":[\"https:\/\/www.neuraxpharm.com\/ch-it\/chi-siamo\/comitato-esecutivo\/vikas-mohan-sharma\"]}]},{\"@type\":\"ImageObject\",\"inLanguage\":\"it-IT\",\"@id\":\"https:\/\/www.neuraxpharm.com\/ch-it\/chi-siamo\/comitato-esecutivo\/vikas-mohan-sharma#primaryimage\",\"url\":\"https:\/\/static.neuraxpharm.com\/wp-content\/uploads\/sites\/17\/2025\/12\/22174950\/vikas-mohan-sharma-1-it.png\",\"contentUrl\":\"https:\/\/static.neuraxpharm.com\/wp-content\/uploads\/sites\/17\/2025\/12\/22174950\/vikas-mohan-sharma-1-it.png\",\"width\":716,\"height\":700},{\"@type\":\"BreadcrumbList\",\"@id\":\"https:\/\/www.neuraxpharm.com\/ch-it\/chi-siamo\/comitato-esecutivo\/vikas-mohan-sharma#breadcrumb\",\"itemListElement\":[{\"@type\":\"ListItem\",\"position\":1,\"name\":\"Chi siamo\",\"item\":\"https:\/\/www.neuraxpharm.com\/ch-it\/chi-siamo\"},{\"@type\":\"ListItem\",\"position\":2,\"name\":\"Comitato Esecutivo\",\"item\":\"https:\/\/www.neuraxpharm.com\/ch-it\/chi-siamo\/comitato-esecutivo\"},{\"@type\":\"ListItem\",\"position\":3,\"name\":\"VIKAS MOHAN SHARMA\"}]},{\"@type\":\"WebSite\",\"@id\":\"https:\/\/www.neuraxpharm.com\/ch-it\/#website\",\"url\":\"https:\/\/www.neuraxpharm.com\/ch-it\/\",\"name\":\"Neuraxpharm Switzerland\",\"description\":\"Ein europ\u00e4ischer Marktf\u00fchrer f\u00fcr CNS-Produkte\",\"potentialAction\":[{\"@type\":\"SearchAction\",\"target\":{\"@type\":\"EntryPoint\",\"urlTemplate\":\"https:\/\/www.neuraxpharm.com\/ch-it\/?s={search_term_string}\"},\"query-input\":{\"@type\":\"PropertyValueSpecification\",\"valueRequired\":true,\"valueName\":\"search_term_string\"}}],\"inLanguage\":\"it-IT\"}]}<\/script>\n<!-- \/ Yoast SEO Premium plugin. -->","yoast_head_json":{"title":"VIKAS MOHAN SHARMA - Neuraxpharm Switzerland","robots":{"index":"index","follow":"follow","max-snippet":"max-snippet:-1","max-image-preview":"max-image-preview:large","max-video-preview":"max-video-preview:-1"},"canonical":"https:\/\/www.neuraxpharm.com\/ch-it\/chi-siamo\/comitato-esecutivo\/vikas-mohan-sharma","og_locale":"it_IT","og_type":"article","og_title":"VIKAS MOHAN SHARMA","og_description":"https:\/\/www.linkedin.com\/in\/vikasmohansharma\/ Neuraxpharm VIKAS MOHAN SHARMA Vikas \u00e8 un leader senior del settore con oltre 25 anni di esperienza nel campo sanitario e della ricerca clinica, alla guida di team scientifici clinici e medici di alto livello in diverse aree terapeutiche, con l&#8217;obiettivo di raggiungere traguardi importanti nello sviluppo e nei programmi di grandi aziende farmaceutiche [&hellip;]","og_url":"https:\/\/www.neuraxpharm.com\/ch-it\/chi-siamo\/comitato-esecutivo\/vikas-mohan-sharma","og_site_name":"Neuraxpharm Switzerland","article_modified_time":"2025-12-22T15:52:27+00:00","og_image":[{"url":"https:\/\/www.neuraxpharm.com\/ch-it\/wp-content\/uploads\/sites\/17\/2025\/12\/vikas-mohan-sharma-1-it.png","type":"","width":"","height":""}],"twitter_card":"summary_large_image","twitter_misc":{"Tempo di lettura stimato":"2 minuti"},"schema":{"@context":"https:\/\/schema.org","@graph":[{"@type":"WebPage","@id":"https:\/\/www.neuraxpharm.com\/ch-it\/chi-siamo\/comitato-esecutivo\/vikas-mohan-sharma","url":"https:\/\/www.neuraxpharm.com\/ch-it\/chi-siamo\/comitato-esecutivo\/vikas-mohan-sharma","name":"VIKAS MOHAN SHARMA - Neuraxpharm Switzerland","isPartOf":{"@id":"https:\/\/www.neuraxpharm.com\/ch-it\/#website"},"primaryImageOfPage":{"@id":"https:\/\/www.neuraxpharm.com\/ch-it\/chi-siamo\/comitato-esecutivo\/vikas-mohan-sharma#primaryimage"},"image":{"@id":"https:\/\/www.neuraxpharm.com\/ch-it\/chi-siamo\/comitato-esecutivo\/vikas-mohan-sharma#primaryimage"},"thumbnailUrl":"https:\/\/www.neuraxpharm.com\/ch-it\/wp-content\/uploads\/sites\/17\/2025\/12\/vikas-mohan-sharma-1-it.png","datePublished":"2025-12-22T15:51:45+00:00","dateModified":"2025-12-22T15:52:27+00:00","breadcrumb":{"@id":"https:\/\/www.neuraxpharm.com\/ch-it\/chi-siamo\/comitato-esecutivo\/vikas-mohan-sharma#breadcrumb"},"inLanguage":"it-IT","potentialAction":[{"@type":"ReadAction","target":["https:\/\/www.neuraxpharm.com\/ch-it\/chi-siamo\/comitato-esecutivo\/vikas-mohan-sharma"]}]},{"@type":"ImageObject","inLanguage":"it-IT","@id":"https:\/\/www.neuraxpharm.com\/ch-it\/chi-siamo\/comitato-esecutivo\/vikas-mohan-sharma#primaryimage","url":"https:\/\/static.neuraxpharm.com\/wp-content\/uploads\/sites\/17\/2025\/12\/22174950\/vikas-mohan-sharma-1-it.png","contentUrl":"https:\/\/static.neuraxpharm.com\/wp-content\/uploads\/sites\/17\/2025\/12\/22174950\/vikas-mohan-sharma-1-it.png","width":716,"height":700},{"@type":"BreadcrumbList","@id":"https:\/\/www.neuraxpharm.com\/ch-it\/chi-siamo\/comitato-esecutivo\/vikas-mohan-sharma#breadcrumb","itemListElement":[{"@type":"ListItem","position":1,"name":"Chi siamo","item":"https:\/\/www.neuraxpharm.com\/ch-it\/chi-siamo"},{"@type":"ListItem","position":2,"name":"Comitato Esecutivo","item":"https:\/\/www.neuraxpharm.com\/ch-it\/chi-siamo\/comitato-esecutivo"},{"@type":"ListItem","position":3,"name":"VIKAS MOHAN SHARMA"}]},{"@type":"WebSite","@id":"https:\/\/www.neuraxpharm.com\/ch-it\/#website","url":"https:\/\/www.neuraxpharm.com\/ch-it\/","name":"Neuraxpharm Switzerland","description":"Ein europ\u00e4ischer Marktf\u00fchrer f\u00fcr CNS-Produkte","potentialAction":[{"@type":"SearchAction","target":{"@type":"EntryPoint","urlTemplate":"https:\/\/www.neuraxpharm.com\/ch-it\/?s={search_term_string}"},"query-input":{"@type":"PropertyValueSpecification","valueRequired":true,"valueName":"search_term_string"}}],"inLanguage":"it-IT"}]}},"acf":[],"_links":{"self":[{"href":"https:\/\/www.neuraxpharm.com\/ch-it\/wp-json\/wp\/v2\/pages\/26332","targetHints":{"allow":["GET"]}}],"collection":[{"href":"https:\/\/www.neuraxpharm.com\/ch-it\/wp-json\/wp\/v2\/pages"}],"about":[{"href":"https:\/\/www.neuraxpharm.com\/ch-it\/wp-json\/wp\/v2\/types\/page"}],"author":[{"embeddable":true,"href":"https:\/\/www.neuraxpharm.com\/ch-it\/wp-json\/wp\/v2\/users\/2493"}],"replies":[{"embeddable":true,"href":"https:\/\/www.neuraxpharm.com\/ch-it\/wp-json\/wp\/v2\/comments?post=26332"}],"version-history":[{"count":4,"href":"https:\/\/www.neuraxpharm.com\/ch-it\/wp-json\/wp\/v2\/pages\/26332\/revisions"}],"predecessor-version":[{"id":26336,"href":"https:\/\/www.neuraxpharm.com\/ch-it\/wp-json\/wp\/v2\/pages\/26332\/revisions\/26336"}],"up":[{"embeddable":true,"href":"https:\/\/www.neuraxpharm.com\/ch-it\/wp-json\/wp\/v2\/pages\/1998"}],"wp:attachment":[{"href":"https:\/\/www.neuraxpharm.com\/ch-it\/wp-json\/wp\/v2\/media?parent=26332"}],"curies":[{"name":"wp","href":"https:\/\/api.w.org\/{rel}","templated":true}]}}