{"id":21507,"date":"2021-05-05T12:14:20","date_gmt":"2021-05-05T12:14:20","guid":{"rendered":"https:\/\/www.neuraxpharm.com\/ch\/?page_id=21507"},"modified":"2021-07-28T11:29:33","modified_gmt":"2021-07-28T11:29:33","slug":"signup","status":"publish","type":"page","link":"https:\/\/www.neuraxpharm.com\/ch-it\/signup","title":{"rendered":"Register Page"},"content":{"rendered":"\t\t<div data-elementor-type=\"wp-page\" data-elementor-id=\"21507\" class=\"elementor elementor-21507\" data-elementor-post-type=\"page\">\n\t\t\t\t\t\t<section class=\"elementor-section elementor-top-section elementor-element elementor-element-fcf58fb elementor-section-boxed elementor-section-height-default elementor-section-height-default\" data-id=\"fcf58fb\" data-element_type=\"section\" data-e-type=\"section\" data-settings=\"{&quot;jet_parallax_layout_list&quot;:[{&quot;jet_parallax_layout_image&quot;:{&quot;url&quot;:&quot;&quot;,&quot;id&quot;:&quot;&quot;,&quot;size&quot;:&quot;&quot;},&quot;_id&quot;:&quot;c1efb2e&quot;,&quot;jet_parallax_layout_image_tablet&quot;:{&quot;url&quot;:&quot;&quot;,&quot;id&quot;:&quot;&quot;,&quot;size&quot;:&quot;&quot;},&quot;jet_parallax_layout_image_mobile&quot;:{&quot;url&quot;:&quot;&quot;,&quot;id&quot;:&quot;&quot;,&quot;size&quot;:&quot;&quot;},&quot;jet_parallax_layout_speed&quot;:{&quot;unit&quot;:&quot;%&quot;,&quot;size&quot;:50,&quot;sizes&quot;:[]},&quot;jet_parallax_layout_type&quot;:&quot;scroll&quot;,&quot;jet_parallax_layout_direction&quot;:&quot;1&quot;,&quot;jet_parallax_layout_fx_direction&quot;:null,&quot;jet_parallax_layout_z_index&quot;:&quot;&quot;,&quot;jet_parallax_layout_bg_x&quot;:50,&quot;jet_parallax_layout_bg_x_tablet&quot;:&quot;&quot;,&quot;jet_parallax_layout_bg_x_mobile&quot;:&quot;&quot;,&quot;jet_parallax_layout_bg_y&quot;:50,&quot;jet_parallax_layout_bg_y_tablet&quot;:&quot;&quot;,&quot;jet_parallax_layout_bg_y_mobile&quot;:&quot;&quot;,&quot;jet_parallax_layout_bg_size&quot;:&quot;auto&quot;,&quot;jet_parallax_layout_bg_size_tablet&quot;:&quot;&quot;,&quot;jet_parallax_layout_bg_size_mobile&quot;:&quot;&quot;,&quot;jet_parallax_layout_animation_prop&quot;:&quot;transform&quot;,&quot;jet_parallax_layout_on&quot;:[&quot;desktop&quot;,&quot;tablet&quot;]}]}\">\n\t\t\t\t\t\t<div class=\"elementor-container elementor-column-gap-default\">\n\t\t\t\t\t<div class=\"elementor-column elementor-col-50 elementor-top-column elementor-element elementor-element-c902fef\" data-id=\"c902fef\" data-element_type=\"column\" data-e-type=\"column\">\n\t\t\t<div class=\"elementor-widget-wrap elementor-element-populated\">\n\t\t\t\t\t\t<div class=\"elementor-element elementor-element-e603cf1 elementor-widget elementor-widget-heading\" data-id=\"e603cf1\" data-element_type=\"widget\" data-e-type=\"widget\" data-widget_type=\"heading.default\">\n\t\t\t\t<div class=\"elementor-widget-container\">\n\t\t\t\t\t<h2 class=\"elementor-heading-title elementor-size-default\">Clienti<\/h2>\t\t\t\t<\/div>\n\t\t\t\t<\/div>\n\t\t\t\t<div class=\"elementor-element elementor-element-d3a1b9f elementor-widget elementor-widget-text-editor\" data-id=\"d3a1b9f\" data-element_type=\"widget\" data-e-type=\"widget\" data-widget_type=\"text-editor.default\">\n\t\t\t\t<div class=\"elementor-widget-container\">\n\t\t\t\t\t\t\t\t\t<p style=\"text-align: center;\">Crea un account per una facile esperienza di acquisto<\/p>\t\t\t\t\t\t\t\t<\/div>\n\t\t\t\t<\/div>\n\t\t\t\t<div class=\"elementor-element elementor-element-f28ac98 elementor-widget elementor-widget-shortcode\" data-id=\"f28ac98\" data-element_type=\"widget\" data-e-type=\"widget\" data-widget_type=\"shortcode.default\">\n\t\t\t\t<div class=\"elementor-widget-container\">\n\t\t\t\t\t\t\t<div class=\"elementor-shortcode\"><div class=\"woocommerce-notices-wrapper\"><\/div>        <form method=\"post\" class=\"woocommerce-form woocommerce-form-register register woocommerce-shortcode-register\"  >\n                    <div class=\"first-datos\">\n            <p class=\"form-row form-row-first\">\n            <label for=\"reg_billing_first_name\">Nome<span class=\"required\">*<\/span><\/label>\n            <input type=\"text\" class=\"input-text\" name=\"billing_first_name\" id=\"reg_billing_first_name\" value=\"\" \/>\n            <\/p>\n            <p class=\"form-row form-row-last\">\n            <label for=\"reg_billing_last_name\">Cognome<span class=\"required\">*<\/span><\/label>\n            <input type=\"text\" class=\"input-text\" name=\"billing_last_name\" id=\"reg_billing_last_name\" value=\"\" \/>\n            <\/p>\n        <\/div>\n        <div class=\"clear\"><\/div>\n                                <p class=\"woocommerce-form-row woocommerce-form-row--wide form-row form-row-wide\">\n                <label for=\"reg_email\">Indirizzo email <span class=\"required\">*<\/span><\/label>\n                <input type=\"email\" class=\"woocommerce-Input woocommerce-Input--text input-text\" name=\"email\" id=\"reg_email\" autocomplete=\"email\" value=\"\" \/>            <\/p>\n                            <p class=\"woocommerce-form-row woocommerce-form-row--wide form-row form-row-wide\">\n                <label for=\"reg_password\">Password <span class=\"required\">*<\/span><\/label>\n                <input type=\"password\" class=\"woocommerce-Input woocommerce-Input--text input-text\" name=\"password\" id=\"reg_password\" autocomplete=\"new-password\" \/>\n                <\/p>\n                        <wc-order-attribution-inputs><\/wc-order-attribution-inputs><p class=\"form-row form-row privacy validate-required\" id=\"privacy_policy_reg_field\" data-priority=\"\"><span class=\"woocommerce-input-wrapper\"><label class=\"checkbox woocommerce-form__label woocommerce-form__label-for-checkbox checkbox\" ><input type=\"checkbox\" name=\"privacy_policy_reg\" id=\"privacy_policy_reg\" value=\"1\" class=\"input-checkbox woocommerce-form__input woocommerce-form__input-checkbox input-checkbox\"  aria-required=\"true\" \/> I tuoi dati di contatto verranno elaborati da Neuraxpharm allo scopo di inviarti le nostre ultime notizie e promozioni. Ulteriori informazioni sul \n        nostro <a href=\"https:\/\/staging.neuraxpharm.com\/ch-it\/politica-privacy\" rel=\"noopener\" target=\"_blank\">Privacy Policy<\/a>.&nbsp;<span class=\"required\" aria-hidden=\"true\">*<\/span><\/label><\/span><\/p><div class=\"woocommerce-privacy-policy-text\"><\/div>            <p class=\"woocommerce-FormRow form-row\">\n                <input type=\"hidden\" id=\"woocommerce-register-nonce\" name=\"woocommerce-register-nonce\" value=\"abc74db0d7\" \/><input type=\"hidden\" name=\"_wp_http_referer\" value=\"\/ch-it\/wp-json\/wp\/v2\/pages\/21507\" \/>                <button type=\"submit\" class=\"woocommerce-Button woocommerce-button button woocommerce-form-register__submit\" name=\"register\" value=\"Registrati\">Registrati<\/button>\n            <\/p>\n                    <\/form>\n    <\/div>\n\t\t\t\t\t\t<\/div>\n\t\t\t\t<\/div>\n\t\t\t\t\t<\/div>\n\t\t<\/div>\n\t\t\t\t<div class=\"elementor-column elementor-col-50 elementor-top-column elementor-element elementor-element-32d9ce1\" data-id=\"32d9ce1\" data-element_type=\"column\" data-e-type=\"column\">\n\t\t\t<div class=\"elementor-widget-wrap elementor-element-populated\">\n\t\t\t\t\t\t<div class=\"elementor-element elementor-element-d6fe49c elementor-widget elementor-widget-heading\" data-id=\"d6fe49c\" data-element_type=\"widget\" data-e-type=\"widget\" data-widget_type=\"heading.default\">\n\t\t\t\t<div class=\"elementor-widget-container\">\n\t\t\t\t\t<h2 class=\"elementor-heading-title elementor-size-default\">Professionisti del settore sanitario<\/h2>\t\t\t\t<\/div>\n\t\t\t\t<\/div>\n\t\t\t\t<div class=\"elementor-element elementor-element-1e0c47f elementor-widget elementor-widget-text-editor\" data-id=\"1e0c47f\" data-element_type=\"widget\" data-e-type=\"widget\" data-widget_type=\"text-editor.default\">\n\t\t\t\t<div class=\"elementor-widget-container\">\n\t\t\t\t\t\t\t\t\t<p>Accedi a tutto il nostro portfolio, eventi, pillole informative e molto altro ancora<\/p>\t\t\t\t\t\t\t\t<\/div>\n\t\t\t\t<\/div>\n\t\t\t\t<div class=\"elementor-element elementor-element-100d23b elementor-widget elementor-widget-shortcode\" data-id=\"100d23b\" data-element_type=\"widget\" data-e-type=\"widget\" data-widget_type=\"shortcode.default\">\n\t\t\t\t<div class=\"elementor-widget-container\">\n\t\t\t\t\t \n        \n        <form class=\"formulario_registro\" method = \"post\">\n            <div class=\"col-r\">\n                <div class=\"col-m\">\n                    <label for=\"\">Nome<\/label>\n                    <input type=\"text\" name=\"first_name\" required>\n                <\/div>\n                <div class=\"col-m\">\n                    <label for=\"\">Cognome<\/label>\n                    <input type=\"text\" name=\"last_name\" required>\t\t\t\n                <\/div>\n            <\/div>\n            <div class=\"col-rl\">\n                <label for=\"\">Email<\/label>\n                <input type=\"email\" name=\"email\" required>\n            <\/div>\n            <div class=\"col-rl\">\n                <label for=\"\">Parola d'ordine<\/label>\n                <input type=\"password\" name=\"password\" required>\n            <\/div>\n            <div class=\"col-rl\">\n                <label for=\"\">Numero di telefono<\/label>\n                <input type=\"text\" name=\"telefono\" required>\n            <\/div>\n            <div class=\"col-rl\"  >\n                <label for=\"\">Numero collegiale<\/label>\n                <input type=\"text\" name=\"numero_colegiado\"  required >\n            <\/div>\n                        <div class=\"col-rl\">\n                <label for=\"\">Tipo di utente<\/label>\n                <select name=\"tipo_usuario\" id=\"tipo_usuario\" required>\n                    <option value=\"pharmacists\">Farmacisti<\/option>\n                    <option value=\"physicians\">Medici<\/option>\n                                    <\/select> \n            <\/div>\n                        <div class=\"col-rl privacy_policy\">\n                <input type=\"checkbox\" name=\"privacy_policy\" value=\"true\" id=\"privacy_policy\"  required \/> \n                I tuoi dati di contatto verranno elaborati da Neuraxpharm allo scopo di inviarti le nostre ultime notizie e promozioni. Ulteriori informazioni sul \n                nostro <a href=\"https:\/\/staging.neuraxpharm.com\/ch-it\/politica-privacy\" rel=\"noopener\" target=\"_blank\">Privacy Policy<\/a>.            <\/div>\n            <div class=\"col-rl\">\n                \n                <input type=\"hidden\" name=\"recaptcha_response\" id=\"recaptchaResponse\">\n                <input type=\"submit\" name=\"gg\" class=\"btn-enviar\" value=\"Invia\">\n            <\/div>        \n        <\/form>\n        \t\t<div class=\"elementor-shortcode\"><\/div>\n\t\t\t\t\t\t<\/div>\n\t\t\t\t<\/div>\n\t\t\t\t\t<\/div>\n\t\t<\/div>\n\t\t\t\t\t<\/div>\n\t\t<\/section>\n\t\t\t\t<section class=\"elementor-section elementor-top-section elementor-element elementor-element-0dac9ca elementor-section-boxed elementor-section-height-default elementor-section-height-default\" data-id=\"0dac9ca\" data-element_type=\"section\" data-e-type=\"section\" data-settings=\"{&quot;jet_parallax_layout_list&quot;:[{&quot;jet_parallax_layout_image&quot;:{&quot;url&quot;:&quot;&quot;,&quot;id&quot;:&quot;&quot;,&quot;size&quot;:&quot;&quot;},&quot;_id&quot;:&quot;4ea2070&quot;,&quot;jet_parallax_layout_image_tablet&quot;:{&quot;url&quot;:&quot;&quot;,&quot;id&quot;:&quot;&quot;,&quot;size&quot;:&quot;&quot;},&quot;jet_parallax_layout_image_mobile&quot;:{&quot;url&quot;:&quot;&quot;,&quot;id&quot;:&quot;&quot;,&quot;size&quot;:&quot;&quot;},&quot;jet_parallax_layout_speed&quot;:{&quot;unit&quot;:&quot;%&quot;,&quot;size&quot;:50,&quot;sizes&quot;:[]},&quot;jet_parallax_layout_type&quot;:&quot;scroll&quot;,&quot;jet_parallax_layout_direction&quot;:&quot;1&quot;,&quot;jet_parallax_layout_fx_direction&quot;:null,&quot;jet_parallax_layout_z_index&quot;:&quot;&quot;,&quot;jet_parallax_layout_bg_x&quot;:50,&quot;jet_parallax_layout_bg_x_tablet&quot;:&quot;&quot;,&quot;jet_parallax_layout_bg_x_mobile&quot;:&quot;&quot;,&quot;jet_parallax_layout_bg_y&quot;:50,&quot;jet_parallax_layout_bg_y_tablet&quot;:&quot;&quot;,&quot;jet_parallax_layout_bg_y_mobile&quot;:&quot;&quot;,&quot;jet_parallax_layout_bg_size&quot;:&quot;auto&quot;,&quot;jet_parallax_layout_bg_size_tablet&quot;:&quot;&quot;,&quot;jet_parallax_layout_bg_size_mobile&quot;:&quot;&quot;,&quot;jet_parallax_layout_animation_prop&quot;:&quot;transform&quot;,&quot;jet_parallax_layout_on&quot;:[&quot;desktop&quot;,&quot;tablet&quot;]}]}\">\n\t\t\t\t\t\t<div class=\"elementor-container elementor-column-gap-default\">\n\t\t\t\t\t<div class=\"elementor-column elementor-col-100 elementor-top-column elementor-element elementor-element-a5c48bc\" data-id=\"a5c48bc\" data-element_type=\"column\" data-e-type=\"column\">\n\t\t\t<div class=\"elementor-widget-wrap elementor-element-populated\">\n\t\t\t\t\t\t<div class=\"elementor-element elementor-element-2f03290 elementor-widget__width-auto elementor-widget elementor-widget-text-editor\" data-id=\"2f03290\" data-element_type=\"widget\" data-e-type=\"widget\" data-widget_type=\"text-editor.default\">\n\t\t\t\t<div class=\"elementor-widget-container\">\n\t\t\t\t\t\t\t\t\t<p>Hai un account?\u00a0<\/p>\t\t\t\t\t\t\t\t<\/div>\n\t\t\t\t<\/div>\n\t\t\t\t<div class=\"elementor-element elementor-element-c831c27 elementor-widget__width-auto elementor-widget elementor-widget-heading\" data-id=\"c831c27\" data-element_type=\"widget\" data-e-type=\"widget\" data-widget_type=\"heading.default\">\n\t\t\t\t<div class=\"elementor-widget-container\">\n\t\t\t\t\t<p class=\"elementor-heading-title elementor-size-default\"><a href=\"https:\/\/www.neuraxpharm.com\/ch-it\/my-account\">Accedi<\/a><\/p>\t\t\t\t<\/div>\n\t\t\t\t<\/div>\n\t\t\t\t\t<\/div>\n\t\t<\/div>\n\t\t\t\t\t<\/div>\n\t\t<\/section>\n\t\t\t\t<\/div>\n\t\t","protected":false},"excerpt":{"rendered":"<p>Clienti Crea un account per una facile esperienza di acquisto Professionisti del settore sanitario Accedi a tutto il nostro portfolio, eventi, pillole informative e molto altro ancora Hai un account? Accedi<\/p>\n","protected":false},"author":1,"featured_media":0,"parent":0,"menu_order":0,"comment_status":"closed","ping_status":"closed","template":"elementor_header_footer","meta":{"_acf_changed":false,"footnotes":""},"class_list":["post-21507","page","type-page","status-publish","hentry"],"yoast_head":"<!-- This site is optimized with the Yoast SEO Premium plugin v27.2 (Yoast SEO v27.2) - https:\/\/yoast.com\/product\/yoast-seo-premium-wordpress\/ -->\n<title>Register Page - Neuraxpharm Switzerland<\/title>\n<meta name=\"robots\" content=\"index, follow, max-snippet:-1, max-image-preview:large, max-video-preview:-1\" \/>\n<link rel=\"canonical\" href=\"https:\/\/www.neuraxpharm.com\/it\/signup\" \/>\n<meta property=\"og:locale\" content=\"it_IT\" \/>\n<meta property=\"og:type\" content=\"article\" \/>\n<meta property=\"og:title\" content=\"Register Page\" \/>\n<meta property=\"og:description\" content=\"Clienti Crea un account per una facile esperienza di acquisto Professionisti del settore sanitario Accedi a tutto il nostro portfolio, eventi, pillole informative e molto altro ancora Hai un account? Accedi\" \/>\n<meta property=\"og:url\" content=\"https:\/\/www.neuraxpharm.com\/it\/signup\" \/>\n<meta property=\"og:site_name\" content=\"Neuraxpharm Switzerland\" \/>\n<meta property=\"article:modified_time\" content=\"2021-07-28T11:29:33+00:00\" \/>\n<meta name=\"twitter:card\" content=\"summary_large_image\" \/>\n<meta name=\"twitter:label1\" content=\"Tempo di lettura stimato\" \/>\n\t<meta name=\"twitter:data1\" content=\"1 minuto\" \/>\n<script type=\"application\/ld+json\" class=\"yoast-schema-graph\">{\"@context\":\"https:\/\/schema.org\",\"@graph\":[{\"@type\":\"WebPage\",\"@id\":\"https:\/\/www.neuraxpharm.com\/ch-it\/signup\",\"url\":\"https:\/\/www.neuraxpharm.com\/it\/signup\",\"name\":\"Register Page - Neuraxpharm Switzerland\",\"isPartOf\":{\"@id\":\"https:\/\/www.neuraxpharm.com\/ch-it\/#website\"},\"datePublished\":\"2021-05-05T12:14:20+00:00\",\"dateModified\":\"2021-07-28T11:29:33+00:00\",\"inLanguage\":\"it-IT\",\"potentialAction\":[{\"@type\":\"ReadAction\",\"target\":[\"https:\/\/www.neuraxpharm.com\/it\/signup\"]}]},{\"@type\":\"WebSite\",\"@id\":\"https:\/\/www.neuraxpharm.com\/ch-it\/#website\",\"url\":\"https:\/\/www.neuraxpharm.com\/ch-it\/\",\"name\":\"Neuraxpharm Switzerland\",\"description\":\"Ein europ\u00e4ischer Marktf\u00fchrer f\u00fcr CNS-Produkte\",\"potentialAction\":[{\"@type\":\"SearchAction\",\"target\":{\"@type\":\"EntryPoint\",\"urlTemplate\":\"https:\/\/www.neuraxpharm.com\/ch-it\/?s={search_term_string}\"},\"query-input\":{\"@type\":\"PropertyValueSpecification\",\"valueRequired\":true,\"valueName\":\"search_term_string\"}}],\"inLanguage\":\"it-IT\"}]}<\/script>\n<!-- \/ Yoast SEO Premium plugin. -->","yoast_head_json":{"title":"Register Page - Neuraxpharm Switzerland","robots":{"index":"index","follow":"follow","max-snippet":"max-snippet:-1","max-image-preview":"max-image-preview:large","max-video-preview":"max-video-preview:-1"},"canonical":"https:\/\/www.neuraxpharm.com\/it\/signup","og_locale":"it_IT","og_type":"article","og_title":"Register Page","og_description":"Clienti Crea un account per una facile esperienza di acquisto Professionisti del settore sanitario Accedi a tutto il nostro portfolio, eventi, pillole informative e molto altro ancora Hai un account? Accedi","og_url":"https:\/\/www.neuraxpharm.com\/it\/signup","og_site_name":"Neuraxpharm Switzerland","article_modified_time":"2021-07-28T11:29:33+00:00","twitter_card":"summary_large_image","twitter_misc":{"Tempo di lettura stimato":"1 minuto"},"schema":{"@context":"https:\/\/schema.org","@graph":[{"@type":"WebPage","@id":"https:\/\/www.neuraxpharm.com\/ch-it\/signup","url":"https:\/\/www.neuraxpharm.com\/it\/signup","name":"Register Page - Neuraxpharm Switzerland","isPartOf":{"@id":"https:\/\/www.neuraxpharm.com\/ch-it\/#website"},"datePublished":"2021-05-05T12:14:20+00:00","dateModified":"2021-07-28T11:29:33+00:00","inLanguage":"it-IT","potentialAction":[{"@type":"ReadAction","target":["https:\/\/www.neuraxpharm.com\/it\/signup"]}]},{"@type":"WebSite","@id":"https:\/\/www.neuraxpharm.com\/ch-it\/#website","url":"https:\/\/www.neuraxpharm.com\/ch-it\/","name":"Neuraxpharm Switzerland","description":"Ein europ\u00e4ischer Marktf\u00fchrer f\u00fcr CNS-Produkte","potentialAction":[{"@type":"SearchAction","target":{"@type":"EntryPoint","urlTemplate":"https:\/\/www.neuraxpharm.com\/ch-it\/?s={search_term_string}"},"query-input":{"@type":"PropertyValueSpecification","valueRequired":true,"valueName":"search_term_string"}}],"inLanguage":"it-IT"}]}},"acf":[],"_links":{"self":[{"href":"https:\/\/www.neuraxpharm.com\/ch-it\/wp-json\/wp\/v2\/pages\/21507","targetHints":{"allow":["GET"]}}],"collection":[{"href":"https:\/\/www.neuraxpharm.com\/ch-it\/wp-json\/wp\/v2\/pages"}],"about":[{"href":"https:\/\/www.neuraxpharm.com\/ch-it\/wp-json\/wp\/v2\/types\/page"}],"author":[{"embeddable":true,"href":"https:\/\/www.neuraxpharm.com\/ch-it\/wp-json\/wp\/v2\/users\/1"}],"replies":[{"embeddable":true,"href":"https:\/\/www.neuraxpharm.com\/ch-it\/wp-json\/wp\/v2\/comments?post=21507"}],"version-history":[{"count":40,"href":"https:\/\/www.neuraxpharm.com\/ch-it\/wp-json\/wp\/v2\/pages\/21507\/revisions"}],"predecessor-version":[{"id":25544,"href":"https:\/\/www.neuraxpharm.com\/ch-it\/wp-json\/wp\/v2\/pages\/21507\/revisions\/25544"}],"wp:attachment":[{"href":"https:\/\/www.neuraxpharm.com\/ch-it\/wp-json\/wp\/v2\/media?parent=21507"}],"curies":[{"name":"wp","href":"https:\/\/api.w.org\/{rel}","templated":true}]}}