{"id":15772,"date":"2021-04-13T08:16:45","date_gmt":"2021-04-13T08:16:45","guid":{"rendered":"https:\/\/www.neuraxpharm.com\/it2\/?page_id=15772"},"modified":"2025-12-22T17:58:40","modified_gmt":"2025-12-22T15:58:40","slug":"joerg-thomas-dierks","status":"publish","type":"page","link":"https:\/\/www.neuraxpharm.com\/ch-it\/chi-siamo\/comitato-esecutivo\/joerg-thomas-dierks","title":{"rendered":"DR J\u00d6RG-THOMAS DIERKS"},"content":{"rendered":"\t\t<div data-elementor-type=\"wp-page\" data-elementor-id=\"15772\" class=\"elementor elementor-15772\" data-elementor-post-type=\"page\">\n\t\t\t\t\t\t<section class=\"elementor-section elementor-top-section elementor-element elementor-element-7f808905 elementor-section-boxed elementor-section-height-default elementor-section-height-default\" data-id=\"7f808905\" data-element_type=\"section\" data-e-type=\"section\" data-settings=\"{&quot;jet_parallax_layout_list&quot;:[{&quot;jet_parallax_layout_image&quot;:{&quot;url&quot;:&quot;&quot;,&quot;id&quot;:&quot;&quot;,&quot;size&quot;:&quot;&quot;},&quot;_id&quot;:&quot;f02b98c&quot;,&quot;jet_parallax_layout_image_tablet&quot;:{&quot;url&quot;:&quot;&quot;,&quot;id&quot;:&quot;&quot;,&quot;size&quot;:&quot;&quot;},&quot;jet_parallax_layout_image_mobile&quot;:{&quot;url&quot;:&quot;&quot;,&quot;id&quot;:&quot;&quot;,&quot;size&quot;:&quot;&quot;},&quot;jet_parallax_layout_speed&quot;:{&quot;unit&quot;:&quot;%&quot;,&quot;size&quot;:50,&quot;sizes&quot;:[]},&quot;jet_parallax_layout_type&quot;:&quot;scroll&quot;,&quot;jet_parallax_layout_direction&quot;:&quot;1&quot;,&quot;jet_parallax_layout_fx_direction&quot;:null,&quot;jet_parallax_layout_z_index&quot;:&quot;&quot;,&quot;jet_parallax_layout_bg_x&quot;:50,&quot;jet_parallax_layout_bg_x_tablet&quot;:&quot;&quot;,&quot;jet_parallax_layout_bg_x_mobile&quot;:&quot;&quot;,&quot;jet_parallax_layout_bg_y&quot;:50,&quot;jet_parallax_layout_bg_y_tablet&quot;:&quot;&quot;,&quot;jet_parallax_layout_bg_y_mobile&quot;:&quot;&quot;,&quot;jet_parallax_layout_bg_size&quot;:&quot;auto&quot;,&quot;jet_parallax_layout_bg_size_tablet&quot;:&quot;&quot;,&quot;jet_parallax_layout_bg_size_mobile&quot;:&quot;&quot;,&quot;jet_parallax_layout_animation_prop&quot;:&quot;transform&quot;,&quot;jet_parallax_layout_on&quot;:[&quot;desktop&quot;,&quot;tablet&quot;]}]}\">\n\t\t\t\t\t\t<div class=\"elementor-container elementor-column-gap-default\">\n\t\t\t\t\t<div class=\"elementor-column elementor-col-33 elementor-top-column elementor-element elementor-element-3d70389b\" data-id=\"3d70389b\" data-element_type=\"column\" data-e-type=\"column\">\n\t\t\t<div class=\"elementor-widget-wrap elementor-element-populated\">\n\t\t\t\t\t\t<div class=\"elementor-element elementor-element-75ad8cba elementor-widget elementor-widget-image\" data-id=\"75ad8cba\" data-element_type=\"widget\" data-e-type=\"widget\" data-widget_type=\"image.default\">\n\t\t\t\t<div class=\"elementor-widget-container\">\n\t\t\t\t\t\t\t\t\t\t\t\t\t\t\t<img fetchpriority=\"high\" decoding=\"async\" width=\"716\" height=\"700\" src=\"https:\/\/static.neuraxpharm.com\/wp-content\/uploads\/sites\/17\/2023\/03\/27113205\/dr-jorg-thomas-dierks.jpg\" class=\"attachment-large size-large wp-image-25940\" alt=\"\" srcset=\"https:\/\/static.neuraxpharm.com\/wp-content\/uploads\/sites\/17\/2023\/03\/27113205\/dr-jorg-thomas-dierks.jpg 716w, https:\/\/static.neuraxpharm.com\/wp-content\/uploads\/sites\/17\/2023\/03\/27113205\/dr-jorg-thomas-dierks-300x293.jpg 300w, https:\/\/static.neuraxpharm.com\/wp-content\/uploads\/sites\/17\/2023\/03\/27113205\/dr-jorg-thomas-dierks-600x587.jpg 600w\" sizes=\"(max-width: 716px) 100vw, 716px\" \/>\t\t\t\t\t\t\t\t\t\t\t\t\t\t\t<\/div>\n\t\t\t\t<\/div>\n\t\t\t\t<section class=\"elementor-section elementor-inner-section elementor-element elementor-element-74b8bffa elementor-section-content-top elementor-section-boxed elementor-section-height-default elementor-section-height-default\" data-id=\"74b8bffa\" data-element_type=\"section\" data-e-type=\"section\" data-settings=\"{&quot;jet_parallax_layout_list&quot;:[{&quot;jet_parallax_layout_image&quot;:{&quot;url&quot;:&quot;&quot;,&quot;id&quot;:&quot;&quot;,&quot;size&quot;:&quot;&quot;},&quot;_id&quot;:&quot;5f899ce&quot;,&quot;jet_parallax_layout_image_tablet&quot;:{&quot;url&quot;:&quot;&quot;,&quot;id&quot;:&quot;&quot;,&quot;size&quot;:&quot;&quot;},&quot;jet_parallax_layout_image_mobile&quot;:{&quot;url&quot;:&quot;&quot;,&quot;id&quot;:&quot;&quot;,&quot;size&quot;:&quot;&quot;},&quot;jet_parallax_layout_speed&quot;:{&quot;unit&quot;:&quot;%&quot;,&quot;size&quot;:50,&quot;sizes&quot;:[]},&quot;jet_parallax_layout_type&quot;:&quot;scroll&quot;,&quot;jet_parallax_layout_direction&quot;:&quot;1&quot;,&quot;jet_parallax_layout_fx_direction&quot;:null,&quot;jet_parallax_layout_z_index&quot;:&quot;&quot;,&quot;jet_parallax_layout_bg_x&quot;:50,&quot;jet_parallax_layout_bg_x_tablet&quot;:&quot;&quot;,&quot;jet_parallax_layout_bg_x_mobile&quot;:&quot;&quot;,&quot;jet_parallax_layout_bg_y&quot;:50,&quot;jet_parallax_layout_bg_y_tablet&quot;:&quot;&quot;,&quot;jet_parallax_layout_bg_y_mobile&quot;:&quot;&quot;,&quot;jet_parallax_layout_bg_size&quot;:&quot;auto&quot;,&quot;jet_parallax_layout_bg_size_tablet&quot;:&quot;&quot;,&quot;jet_parallax_layout_bg_size_mobile&quot;:&quot;&quot;,&quot;jet_parallax_layout_animation_prop&quot;:&quot;transform&quot;,&quot;jet_parallax_layout_on&quot;:[&quot;desktop&quot;,&quot;tablet&quot;]}]}\">\n\t\t\t\t\t\t<div class=\"elementor-container elementor-column-gap-default\">\n\t\t\t\t\t<div class=\"elementor-column elementor-col-50 elementor-inner-column elementor-element elementor-element-60646bf2\" data-id=\"60646bf2\" data-element_type=\"column\" data-e-type=\"column\">\n\t\t\t<div class=\"elementor-widget-wrap elementor-element-populated\">\n\t\t\t\t\t\t<div class=\"elementor-element elementor-element-15700adb elementor-view-default elementor-widget elementor-widget-icon\" data-id=\"15700adb\" data-element_type=\"widget\" data-e-type=\"widget\" data-widget_type=\"icon.default\">\n\t\t\t\t<div class=\"elementor-widget-container\">\n\t\t\t\t\t\t\t<div class=\"elementor-icon-wrapper\">\n\t\t\t<div class=\"elementor-icon\">\n\t\t\t<i aria-hidden=\"true\" class=\"fab fa-linkedin-in\"><\/i>\t\t\t<\/div>\n\t\t<\/div>\n\t\t\t\t\t\t<\/div>\n\t\t\t\t<\/div>\n\t\t\t\t\t<\/div>\n\t\t<\/div>\n\t\t\t\t<div class=\"elementor-column elementor-col-50 elementor-inner-column elementor-element elementor-element-15490b\" data-id=\"15490b\" data-element_type=\"column\" data-e-type=\"column\">\n\t\t\t<div class=\"elementor-widget-wrap elementor-element-populated\">\n\t\t\t\t\t\t<div class=\"elementor-element elementor-element-1cc52f3 elementor-widget elementor-widget-heading\" data-id=\"1cc52f3\" data-element_type=\"widget\" data-e-type=\"widget\" data-widget_type=\"heading.default\">\n\t\t\t\t<div class=\"elementor-widget-container\">\n\t\t\t\t\t<p class=\"elementor-heading-title elementor-size-default\"><a href=\"https:\/\/www.linkedin.com\/in\/jorg-thomas-dierks\/\" target=\"_blank\">https:\/\/www.linkedin.com\/in\/jorg-thomas-dierks\/<\/a><\/p>\t\t\t\t<\/div>\n\t\t\t\t<\/div>\n\t\t\t\t\t<\/div>\n\t\t<\/div>\n\t\t\t\t\t<\/div>\n\t\t<\/section>\n\t\t\t\t\t<\/div>\n\t\t<\/div>\n\t\t\t\t<div class=\"elementor-column elementor-col-66 elementor-top-column elementor-element elementor-element-17640048\" data-id=\"17640048\" data-element_type=\"column\" data-e-type=\"column\">\n\t\t\t<div class=\"elementor-widget-wrap elementor-element-populated\">\n\t\t\t\t\t\t<div class=\"elementor-element elementor-element-3453d9e5 elementor-widget elementor-widget-jet-breadcrumbs\" data-id=\"3453d9e5\" data-element_type=\"widget\" data-e-type=\"widget\" data-widget_type=\"jet-breadcrumbs.default\">\n\t\t\t\t<div class=\"elementor-widget-container\">\n\t\t\t\t\t<div class=\"elementor-jet-breadcrumbs jet-blocks\">\n\t\t<div class=\"jet-breadcrumbs\">\n\t\t<div class=\"jet-breadcrumbs__content\">\n\t\t<div class=\"jet-breadcrumbs__wrap\"><div class=\"jet-breadcrumbs__item\"><a href=\"https:\/\/www.neuraxpharm.com\/ch-it\/\" class=\"jet-breadcrumbs__item-link is-home\" rel=\"home\" title=\"Neuraxpharm\">Neuraxpharm<\/a><\/div>\n\t\t<\/div>\n\t\t<\/div>\n\t\t<\/div><\/div>\t\t\t\t<\/div>\n\t\t\t\t<\/div>\n\t\t\t\t<div class=\"elementor-element elementor-element-e5e84e8 elementor-widget elementor-widget-heading\" data-id=\"e5e84e8\" data-element_type=\"widget\" data-e-type=\"widget\" data-widget_type=\"heading.default\">\n\t\t\t\t<div class=\"elementor-widget-container\">\n\t\t\t\t\t<h1 class=\"elementor-heading-title elementor-size-default\">DR J\u00d6RG-THOMAS DIERKS<\/h1>\t\t\t\t<\/div>\n\t\t\t\t<\/div>\n\t\t\t\t<div class=\"elementor-element elementor-element-614cff3 elementor-widget elementor-widget-text-editor\" data-id=\"614cff3\" data-element_type=\"widget\" data-e-type=\"widget\" data-widget_type=\"text-editor.default\">\n\t\t\t\t<div class=\"elementor-widget-container\">\n\t\t\t\t\t\t\t\t\t<p>Il Dr. Dierks ha 30 anni di esperienza nel settore sanitario e ha ricoperto diverse posizioni dirigenziali nel settore farmaceutico. \u00c8 entrato in Neuraxpharm nel 2018, dopo aver ricoperto dal 2013 la posizione di Chief Executive Officer (CEO) di Meda, un\u2019azienda farmaceutica specializzata con sede in Svezia.<\/p><p>J\u00f6rg \u00e8 stato il Chief Operating Officer di Meda dal 2005 e ha anche assunto il ruolo di Chief Scientific Officer per un certo periodo. Sotto la sua direzione, l\u2019azienda \u00e8 cresciuta nel corso degli anni; ne ha poi gestito la vendita a Mylan nel 2016 per 10 miliardi di dollari.<\/p><p>Prima di entrare a far parte di Meda, J\u00f6rg \u00e8 stato Chief Operating Officer in Viatris, un\u2019azienda farmaceutica con sede in Germania.<\/p><p>Nato a Bad Kreuznach, in Germania, J\u00f6rg si \u00e8 laureato in Medicina presso la Johannes-Gutenberg-Universit\u00e4t di Mainz. Dopo aver terminato gli studi, nel 1986 ha lavorato come tirocinante per un anno in un ospedale di Coblenza, guadagnandosi il titolo di Dottore Medico. Un anno dopo, J\u00f6rg ha ottenuto il titolo di Dottore in Medicina. Ha anche studiato Amministrazione Aziendale (MBA) per scienziati presso la Fernuniversit\u00e4t Gesamthochschule di Hagen.<\/p>\t\t\t\t\t\t\t\t<\/div>\n\t\t\t\t<\/div>\n\t\t\t\t\t<\/div>\n\t\t<\/div>\n\t\t\t\t\t<\/div>\n\t\t<\/section>\n\t\t\t\t<section class=\"elementor-section elementor-top-section elementor-element elementor-element-bacc1a9 elementor-section-boxed elementor-section-height-default elementor-section-height-default\" data-id=\"bacc1a9\" data-element_type=\"section\" data-e-type=\"section\" data-settings=\"{&quot;jet_parallax_layout_list&quot;:[{&quot;jet_parallax_layout_image&quot;:{&quot;url&quot;:&quot;&quot;,&quot;id&quot;:&quot;&quot;,&quot;size&quot;:&quot;&quot;},&quot;_id&quot;:&quot;e7d9f21&quot;,&quot;jet_parallax_layout_image_tablet&quot;:{&quot;url&quot;:&quot;&quot;,&quot;id&quot;:&quot;&quot;,&quot;size&quot;:&quot;&quot;},&quot;jet_parallax_layout_image_mobile&quot;:{&quot;url&quot;:&quot;&quot;,&quot;id&quot;:&quot;&quot;,&quot;size&quot;:&quot;&quot;},&quot;jet_parallax_layout_speed&quot;:{&quot;unit&quot;:&quot;%&quot;,&quot;size&quot;:50,&quot;sizes&quot;:[]},&quot;jet_parallax_layout_type&quot;:&quot;scroll&quot;,&quot;jet_parallax_layout_direction&quot;:&quot;1&quot;,&quot;jet_parallax_layout_fx_direction&quot;:null,&quot;jet_parallax_layout_z_index&quot;:&quot;&quot;,&quot;jet_parallax_layout_bg_x&quot;:50,&quot;jet_parallax_layout_bg_x_tablet&quot;:&quot;&quot;,&quot;jet_parallax_layout_bg_x_mobile&quot;:&quot;&quot;,&quot;jet_parallax_layout_bg_y&quot;:50,&quot;jet_parallax_layout_bg_y_tablet&quot;:&quot;&quot;,&quot;jet_parallax_layout_bg_y_mobile&quot;:&quot;&quot;,&quot;jet_parallax_layout_bg_size&quot;:&quot;auto&quot;,&quot;jet_parallax_layout_bg_size_tablet&quot;:&quot;&quot;,&quot;jet_parallax_layout_bg_size_mobile&quot;:&quot;&quot;,&quot;jet_parallax_layout_animation_prop&quot;:&quot;transform&quot;,&quot;jet_parallax_layout_on&quot;:[&quot;desktop&quot;,&quot;tablet&quot;]}]}\">\n\t\t\t\t\t\t<div class=\"elementor-container elementor-column-gap-default\">\n\t\t\t\t\t<div class=\"elementor-column elementor-col-100 elementor-top-column elementor-element elementor-element-7080505\" data-id=\"7080505\" data-element_type=\"column\" data-e-type=\"column\">\n\t\t\t<div class=\"elementor-widget-wrap elementor-element-populated\">\n\t\t\t\t\t\t<div class=\"elementor-element elementor-element-53f8d38 elementor-widget elementor-widget-spacer\" data-id=\"53f8d38\" data-element_type=\"widget\" data-e-type=\"widget\" data-widget_type=\"spacer.default\">\n\t\t\t\t<div class=\"elementor-widget-container\">\n\t\t\t\t\t\t\t<div class=\"elementor-spacer\">\n\t\t\t<div class=\"elementor-spacer-inner\"><\/div>\n\t\t<\/div>\n\t\t\t\t\t\t<\/div>\n\t\t\t\t<\/div>\n\t\t\t\t\t<\/div>\n\t\t<\/div>\n\t\t\t\t\t<\/div>\n\t\t<\/section>\n\t\t\t\t<\/div>\n\t\t","protected":false},"excerpt":{"rendered":"<p>https:\/\/www.linkedin.com\/in\/jorg-thomas-dierks\/ Neuraxpharm DR J\u00d6RG-THOMAS DIERKS Il Dr. Dierks ha 30 anni di esperienza nel settore sanitario e ha ricoperto diverse posizioni dirigenziali nel settore farmaceutico. \u00c8 entrato in Neuraxpharm nel 2018, dopo aver ricoperto dal 2013 la posizione di Chief Executive Officer (CEO) di Meda, un\u2019azienda farmaceutica specializzata con sede in Svezia. J\u00f6rg \u00e8 stato [&hellip;]<\/p>\n","protected":false},"author":1,"featured_media":0,"parent":1998,"menu_order":0,"comment_status":"closed","ping_status":"closed","template":"elementor_header_footer","meta":{"_acf_changed":false,"footnotes":""},"class_list":["post-15772","page","type-page","status-publish","hentry"],"yoast_head":"<!-- This site is optimized with the Yoast SEO Premium plugin v27.2 (Yoast SEO v27.2) - https:\/\/yoast.com\/product\/yoast-seo-premium-wordpress\/ -->\n<title>DR J\u00d6RG-THOMAS DIERKS - Neuraxpharm Switzerland<\/title>\n<meta name=\"robots\" content=\"index, follow, max-snippet:-1, max-image-preview:large, max-video-preview:-1\" \/>\n<link rel=\"canonical\" href=\"https:\/\/www.neuraxpharm.com\/it\/chi-siamo\/comitato-esecutivo\/jorg-thomas-dierks\" \/>\n<meta property=\"og:locale\" content=\"it_IT\" \/>\n<meta property=\"og:type\" content=\"article\" \/>\n<meta property=\"og:title\" content=\"DR J\u00d6RG-THOMAS DIERKS\" \/>\n<meta property=\"og:description\" content=\"https:\/\/www.linkedin.com\/in\/jorg-thomas-dierks\/ Neuraxpharm DR J\u00d6RG-THOMAS DIERKS Il Dr. Dierks ha 30 anni di esperienza nel settore sanitario e ha ricoperto diverse posizioni dirigenziali nel settore farmaceutico. \u00c8 entrato in Neuraxpharm nel 2018, dopo aver ricoperto dal 2013 la posizione di Chief Executive Officer (CEO) di Meda, un\u2019azienda farmaceutica specializzata con sede in Svezia. J\u00f6rg \u00e8 stato [&hellip;]\" \/>\n<meta property=\"og:url\" content=\"https:\/\/www.neuraxpharm.com\/it\/chi-siamo\/comitato-esecutivo\/jorg-thomas-dierks\" \/>\n<meta property=\"og:site_name\" content=\"Neuraxpharm Switzerland\" \/>\n<meta property=\"article:modified_time\" content=\"2025-12-22T15:58:40+00:00\" \/>\n<meta property=\"og:image\" content=\"https:\/\/www.neuraxpharm.com\/ch-it\/wp-content\/uploads\/sites\/17\/2023\/03\/dr-jorg-thomas-dierks.jpg\" \/>\n<meta name=\"twitter:card\" content=\"summary_large_image\" \/>\n<meta name=\"twitter:label1\" content=\"Tempo di lettura stimato\" \/>\n\t<meta name=\"twitter:data1\" content=\"2 minuti\" \/>\n<script type=\"application\/ld+json\" class=\"yoast-schema-graph\">{\"@context\":\"https:\/\/schema.org\",\"@graph\":[{\"@type\":\"WebPage\",\"@id\":\"https:\/\/www.neuraxpharm.com\/ch-it\/chi-siamo\/comitato-esecutivo\/joerg-thomas-dierks\",\"url\":\"https:\/\/www.neuraxpharm.com\/it\/chi-siamo\/comitato-esecutivo\/jorg-thomas-dierks\",\"name\":\"DR J\u00d6RG-THOMAS DIERKS - Neuraxpharm Switzerland\",\"isPartOf\":{\"@id\":\"https:\/\/www.neuraxpharm.com\/ch-it\/#website\"},\"primaryImageOfPage\":{\"@id\":\"https:\/\/www.neuraxpharm.com\/it\/chi-siamo\/comitato-esecutivo\/jorg-thomas-dierks#primaryimage\"},\"image\":{\"@id\":\"https:\/\/www.neuraxpharm.com\/it\/chi-siamo\/comitato-esecutivo\/jorg-thomas-dierks#primaryimage\"},\"thumbnailUrl\":\"https:\/\/www.neuraxpharm.com\/ch-it\/wp-content\/uploads\/sites\/17\/2023\/03\/dr-jorg-thomas-dierks.jpg\",\"datePublished\":\"2021-04-13T08:16:45+00:00\",\"dateModified\":\"2025-12-22T15:58:40+00:00\",\"breadcrumb\":{\"@id\":\"https:\/\/www.neuraxpharm.com\/it\/chi-siamo\/comitato-esecutivo\/jorg-thomas-dierks#breadcrumb\"},\"inLanguage\":\"it-IT\",\"potentialAction\":[{\"@type\":\"ReadAction\",\"target\":[\"https:\/\/www.neuraxpharm.com\/it\/chi-siamo\/comitato-esecutivo\/jorg-thomas-dierks\"]}]},{\"@type\":\"ImageObject\",\"inLanguage\":\"it-IT\",\"@id\":\"https:\/\/www.neuraxpharm.com\/it\/chi-siamo\/comitato-esecutivo\/jorg-thomas-dierks#primaryimage\",\"url\":\"https:\/\/static.neuraxpharm.com\/wp-content\/uploads\/sites\/17\/2023\/03\/27113205\/dr-jorg-thomas-dierks.jpg\",\"contentUrl\":\"https:\/\/static.neuraxpharm.com\/wp-content\/uploads\/sites\/17\/2023\/03\/27113205\/dr-jorg-thomas-dierks.jpg\",\"width\":716,\"height\":700},{\"@type\":\"BreadcrumbList\",\"@id\":\"https:\/\/www.neuraxpharm.com\/it\/chi-siamo\/comitato-esecutivo\/jorg-thomas-dierks#breadcrumb\",\"itemListElement\":[{\"@type\":\"ListItem\",\"position\":1,\"name\":\"Chi siamo\",\"item\":\"https:\/\/www.neuraxpharm.com\/ch-it\/chi-siamo\"},{\"@type\":\"ListItem\",\"position\":2,\"name\":\"Comitato Esecutivo\",\"item\":\"https:\/\/www.neuraxpharm.com\/ch-it\/chi-siamo\/comitato-esecutivo\"},{\"@type\":\"ListItem\",\"position\":3,\"name\":\"DR J\u00d6RG-THOMAS DIERKS\"}]},{\"@type\":\"WebSite\",\"@id\":\"https:\/\/www.neuraxpharm.com\/ch-it\/#website\",\"url\":\"https:\/\/www.neuraxpharm.com\/ch-it\/\",\"name\":\"Neuraxpharm Switzerland\",\"description\":\"Ein europ\u00e4ischer Marktf\u00fchrer f\u00fcr CNS-Produkte\",\"potentialAction\":[{\"@type\":\"SearchAction\",\"target\":{\"@type\":\"EntryPoint\",\"urlTemplate\":\"https:\/\/www.neuraxpharm.com\/ch-it\/?s={search_term_string}\"},\"query-input\":{\"@type\":\"PropertyValueSpecification\",\"valueRequired\":true,\"valueName\":\"search_term_string\"}}],\"inLanguage\":\"it-IT\"}]}<\/script>\n<!-- \/ Yoast SEO Premium plugin. -->","yoast_head_json":{"title":"DR J\u00d6RG-THOMAS DIERKS - Neuraxpharm Switzerland","robots":{"index":"index","follow":"follow","max-snippet":"max-snippet:-1","max-image-preview":"max-image-preview:large","max-video-preview":"max-video-preview:-1"},"canonical":"https:\/\/www.neuraxpharm.com\/it\/chi-siamo\/comitato-esecutivo\/jorg-thomas-dierks","og_locale":"it_IT","og_type":"article","og_title":"DR J\u00d6RG-THOMAS DIERKS","og_description":"https:\/\/www.linkedin.com\/in\/jorg-thomas-dierks\/ Neuraxpharm DR J\u00d6RG-THOMAS DIERKS Il Dr. Dierks ha 30 anni di esperienza nel settore sanitario e ha ricoperto diverse posizioni dirigenziali nel settore farmaceutico. \u00c8 entrato in Neuraxpharm nel 2018, dopo aver ricoperto dal 2013 la posizione di Chief Executive Officer (CEO) di Meda, un\u2019azienda farmaceutica specializzata con sede in Svezia. J\u00f6rg \u00e8 stato [&hellip;]","og_url":"https:\/\/www.neuraxpharm.com\/it\/chi-siamo\/comitato-esecutivo\/jorg-thomas-dierks","og_site_name":"Neuraxpharm Switzerland","article_modified_time":"2025-12-22T15:58:40+00:00","og_image":[{"url":"https:\/\/www.neuraxpharm.com\/ch-it\/wp-content\/uploads\/sites\/17\/2023\/03\/dr-jorg-thomas-dierks.jpg","type":"","width":"","height":""}],"twitter_card":"summary_large_image","twitter_misc":{"Tempo di lettura stimato":"2 minuti"},"schema":{"@context":"https:\/\/schema.org","@graph":[{"@type":"WebPage","@id":"https:\/\/www.neuraxpharm.com\/ch-it\/chi-siamo\/comitato-esecutivo\/joerg-thomas-dierks","url":"https:\/\/www.neuraxpharm.com\/it\/chi-siamo\/comitato-esecutivo\/jorg-thomas-dierks","name":"DR J\u00d6RG-THOMAS DIERKS - Neuraxpharm Switzerland","isPartOf":{"@id":"https:\/\/www.neuraxpharm.com\/ch-it\/#website"},"primaryImageOfPage":{"@id":"https:\/\/www.neuraxpharm.com\/it\/chi-siamo\/comitato-esecutivo\/jorg-thomas-dierks#primaryimage"},"image":{"@id":"https:\/\/www.neuraxpharm.com\/it\/chi-siamo\/comitato-esecutivo\/jorg-thomas-dierks#primaryimage"},"thumbnailUrl":"https:\/\/www.neuraxpharm.com\/ch-it\/wp-content\/uploads\/sites\/17\/2023\/03\/dr-jorg-thomas-dierks.jpg","datePublished":"2021-04-13T08:16:45+00:00","dateModified":"2025-12-22T15:58:40+00:00","breadcrumb":{"@id":"https:\/\/www.neuraxpharm.com\/it\/chi-siamo\/comitato-esecutivo\/jorg-thomas-dierks#breadcrumb"},"inLanguage":"it-IT","potentialAction":[{"@type":"ReadAction","target":["https:\/\/www.neuraxpharm.com\/it\/chi-siamo\/comitato-esecutivo\/jorg-thomas-dierks"]}]},{"@type":"ImageObject","inLanguage":"it-IT","@id":"https:\/\/www.neuraxpharm.com\/it\/chi-siamo\/comitato-esecutivo\/jorg-thomas-dierks#primaryimage","url":"https:\/\/static.neuraxpharm.com\/wp-content\/uploads\/sites\/17\/2023\/03\/27113205\/dr-jorg-thomas-dierks.jpg","contentUrl":"https:\/\/static.neuraxpharm.com\/wp-content\/uploads\/sites\/17\/2023\/03\/27113205\/dr-jorg-thomas-dierks.jpg","width":716,"height":700},{"@type":"BreadcrumbList","@id":"https:\/\/www.neuraxpharm.com\/it\/chi-siamo\/comitato-esecutivo\/jorg-thomas-dierks#breadcrumb","itemListElement":[{"@type":"ListItem","position":1,"name":"Chi siamo","item":"https:\/\/www.neuraxpharm.com\/ch-it\/chi-siamo"},{"@type":"ListItem","position":2,"name":"Comitato Esecutivo","item":"https:\/\/www.neuraxpharm.com\/ch-it\/chi-siamo\/comitato-esecutivo"},{"@type":"ListItem","position":3,"name":"DR J\u00d6RG-THOMAS DIERKS"}]},{"@type":"WebSite","@id":"https:\/\/www.neuraxpharm.com\/ch-it\/#website","url":"https:\/\/www.neuraxpharm.com\/ch-it\/","name":"Neuraxpharm Switzerland","description":"Ein europ\u00e4ischer Marktf\u00fchrer f\u00fcr CNS-Produkte","potentialAction":[{"@type":"SearchAction","target":{"@type":"EntryPoint","urlTemplate":"https:\/\/www.neuraxpharm.com\/ch-it\/?s={search_term_string}"},"query-input":{"@type":"PropertyValueSpecification","valueRequired":true,"valueName":"search_term_string"}}],"inLanguage":"it-IT"}]}},"acf":[],"_links":{"self":[{"href":"https:\/\/www.neuraxpharm.com\/ch-it\/wp-json\/wp\/v2\/pages\/15772","targetHints":{"allow":["GET"]}}],"collection":[{"href":"https:\/\/www.neuraxpharm.com\/ch-it\/wp-json\/wp\/v2\/pages"}],"about":[{"href":"https:\/\/www.neuraxpharm.com\/ch-it\/wp-json\/wp\/v2\/types\/page"}],"author":[{"embeddable":true,"href":"https:\/\/www.neuraxpharm.com\/ch-it\/wp-json\/wp\/v2\/users\/1"}],"replies":[{"embeddable":true,"href":"https:\/\/www.neuraxpharm.com\/ch-it\/wp-json\/wp\/v2\/comments?post=15772"}],"version-history":[{"count":44,"href":"https:\/\/www.neuraxpharm.com\/ch-it\/wp-json\/wp\/v2\/pages\/15772\/revisions"}],"predecessor-version":[{"id":26340,"href":"https:\/\/www.neuraxpharm.com\/ch-it\/wp-json\/wp\/v2\/pages\/15772\/revisions\/26340"}],"up":[{"embeddable":true,"href":"https:\/\/www.neuraxpharm.com\/ch-it\/wp-json\/wp\/v2\/pages\/1998"}],"wp:attachment":[{"href":"https:\/\/www.neuraxpharm.com\/ch-it\/wp-json\/wp\/v2\/media?parent=15772"}],"curies":[{"name":"wp","href":"https:\/\/api.w.org\/{rel}","templated":true}]}}