{"id":26743,"date":"2023-01-30T13:54:12","date_gmt":"2023-01-30T13:54:12","guid":{"rendered":"https:\/\/www.neuraxpharm.com\/ch-fr\/?page_id=26743"},"modified":"2025-12-29T09:04:48","modified_gmt":"2025-12-29T09:04:48","slug":"charles-morris","status":"publish","type":"page","link":"https:\/\/www.neuraxpharm.com\/ch-fr\/a-propos-de-nous\/comite-executif\/charles-morris","title":{"rendered":"CHARLES MORRIS"},"content":{"rendered":"\t\t<div data-elementor-type=\"wp-page\" data-elementor-id=\"26743\" class=\"elementor elementor-26743\" data-elementor-post-type=\"page\">\n\t\t\t\t\t\t<section class=\"elementor-section elementor-top-section elementor-element elementor-element-30fcb3d2 elementor-section-boxed elementor-section-height-default elementor-section-height-default\" data-id=\"30fcb3d2\" data-element_type=\"section\" data-e-type=\"section\" data-settings=\"{&quot;jet_parallax_layout_list&quot;:[{&quot;_id&quot;:&quot;f02b98c&quot;,&quot;jet_parallax_layout_image&quot;:{&quot;url&quot;:&quot;&quot;,&quot;id&quot;:&quot;&quot;,&quot;size&quot;:&quot;&quot;},&quot;jet_parallax_layout_image_tablet&quot;:{&quot;url&quot;:&quot;&quot;,&quot;id&quot;:&quot;&quot;,&quot;size&quot;:&quot;&quot;},&quot;jet_parallax_layout_image_mobile&quot;:{&quot;url&quot;:&quot;&quot;,&quot;id&quot;:&quot;&quot;,&quot;size&quot;:&quot;&quot;},&quot;jet_parallax_layout_speed&quot;:{&quot;unit&quot;:&quot;%&quot;,&quot;size&quot;:50,&quot;sizes&quot;:[]},&quot;jet_parallax_layout_type&quot;:&quot;scroll&quot;,&quot;jet_parallax_layout_direction&quot;:&quot;1&quot;,&quot;jet_parallax_layout_fx_direction&quot;:null,&quot;jet_parallax_layout_z_index&quot;:&quot;&quot;,&quot;jet_parallax_layout_bg_x&quot;:50,&quot;jet_parallax_layout_bg_x_tablet&quot;:&quot;&quot;,&quot;jet_parallax_layout_bg_x_mobile&quot;:&quot;&quot;,&quot;jet_parallax_layout_bg_y&quot;:50,&quot;jet_parallax_layout_bg_y_tablet&quot;:&quot;&quot;,&quot;jet_parallax_layout_bg_y_mobile&quot;:&quot;&quot;,&quot;jet_parallax_layout_bg_size&quot;:&quot;auto&quot;,&quot;jet_parallax_layout_bg_size_tablet&quot;:&quot;&quot;,&quot;jet_parallax_layout_bg_size_mobile&quot;:&quot;&quot;,&quot;jet_parallax_layout_animation_prop&quot;:&quot;transform&quot;,&quot;jet_parallax_layout_on&quot;:[&quot;desktop&quot;,&quot;tablet&quot;]}]}\">\n\t\t\t\t\t\t<div class=\"elementor-container elementor-column-gap-default\">\n\t\t\t\t\t<div class=\"elementor-column elementor-col-33 elementor-top-column elementor-element elementor-element-4b7636bb\" data-id=\"4b7636bb\" data-element_type=\"column\" data-e-type=\"column\">\n\t\t\t<div class=\"elementor-widget-wrap elementor-element-populated\">\n\t\t\t\t\t\t<div class=\"elementor-element elementor-element-42dabeea elementor-widget elementor-widget-image\" data-id=\"42dabeea\" data-element_type=\"widget\" data-e-type=\"widget\" data-widget_type=\"image.default\">\n\t\t\t\t<div class=\"elementor-widget-container\">\n\t\t\t\t\t\t\t\t\t\t\t\t\t\t\t<img fetchpriority=\"high\" decoding=\"async\" width=\"716\" height=\"700\" src=\"https:\/\/static.neuraxpharm.com\/wp-content\/uploads\/sites\/16\/2023\/03\/27093942\/charles-morris.jpg\" class=\"attachment-full size-full wp-image-26833\" alt=\"\" srcset=\"https:\/\/static.neuraxpharm.com\/wp-content\/uploads\/sites\/16\/2023\/03\/27093942\/charles-morris.jpg 716w, https:\/\/static.neuraxpharm.com\/wp-content\/uploads\/sites\/16\/2023\/03\/27093942\/charles-morris-300x293.jpg 300w, https:\/\/static.neuraxpharm.com\/wp-content\/uploads\/sites\/16\/2023\/03\/27093942\/charles-morris-600x587.jpg 600w\" sizes=\"(max-width: 716px) 100vw, 716px\" \/>\t\t\t\t\t\t\t\t\t\t\t\t\t\t\t<\/div>\n\t\t\t\t<\/div>\n\t\t\t\t<section class=\"elementor-section elementor-inner-section elementor-element elementor-element-475b3bff elementor-section-content-top elementor-section-boxed elementor-section-height-default elementor-section-height-default\" data-id=\"475b3bff\" data-element_type=\"section\" data-e-type=\"section\" data-settings=\"{&quot;jet_parallax_layout_list&quot;:[{&quot;_id&quot;:&quot;5f899ce&quot;,&quot;jet_parallax_layout_image&quot;:{&quot;url&quot;:&quot;&quot;,&quot;id&quot;:&quot;&quot;,&quot;size&quot;:&quot;&quot;},&quot;jet_parallax_layout_image_tablet&quot;:{&quot;url&quot;:&quot;&quot;,&quot;id&quot;:&quot;&quot;,&quot;size&quot;:&quot;&quot;},&quot;jet_parallax_layout_image_mobile&quot;:{&quot;url&quot;:&quot;&quot;,&quot;id&quot;:&quot;&quot;,&quot;size&quot;:&quot;&quot;},&quot;jet_parallax_layout_speed&quot;:{&quot;unit&quot;:&quot;%&quot;,&quot;size&quot;:50,&quot;sizes&quot;:[]},&quot;jet_parallax_layout_type&quot;:&quot;scroll&quot;,&quot;jet_parallax_layout_direction&quot;:&quot;1&quot;,&quot;jet_parallax_layout_fx_direction&quot;:null,&quot;jet_parallax_layout_z_index&quot;:&quot;&quot;,&quot;jet_parallax_layout_bg_x&quot;:50,&quot;jet_parallax_layout_bg_x_tablet&quot;:&quot;&quot;,&quot;jet_parallax_layout_bg_x_mobile&quot;:&quot;&quot;,&quot;jet_parallax_layout_bg_y&quot;:50,&quot;jet_parallax_layout_bg_y_tablet&quot;:&quot;&quot;,&quot;jet_parallax_layout_bg_y_mobile&quot;:&quot;&quot;,&quot;jet_parallax_layout_bg_size&quot;:&quot;auto&quot;,&quot;jet_parallax_layout_bg_size_tablet&quot;:&quot;&quot;,&quot;jet_parallax_layout_bg_size_mobile&quot;:&quot;&quot;,&quot;jet_parallax_layout_animation_prop&quot;:&quot;transform&quot;,&quot;jet_parallax_layout_on&quot;:[&quot;desktop&quot;,&quot;tablet&quot;]}]}\">\n\t\t\t\t\t\t<div class=\"elementor-container elementor-column-gap-default\">\n\t\t\t\t\t<div class=\"elementor-column elementor-col-50 elementor-inner-column elementor-element elementor-element-7fe02cba\" data-id=\"7fe02cba\" data-element_type=\"column\" data-e-type=\"column\">\n\t\t\t<div class=\"elementor-widget-wrap elementor-element-populated\">\n\t\t\t\t\t\t<div class=\"elementor-element elementor-element-151ff399 elementor-view-default elementor-widget elementor-widget-icon\" data-id=\"151ff399\" data-element_type=\"widget\" data-e-type=\"widget\" data-widget_type=\"icon.default\">\n\t\t\t\t<div class=\"elementor-widget-container\">\n\t\t\t\t\t\t\t<div class=\"elementor-icon-wrapper\">\n\t\t\t<div class=\"elementor-icon\">\n\t\t\t<i aria-hidden=\"true\" class=\"fab fa-linkedin-in\"><\/i>\t\t\t<\/div>\n\t\t<\/div>\n\t\t\t\t\t\t<\/div>\n\t\t\t\t<\/div>\n\t\t\t\t\t<\/div>\n\t\t<\/div>\n\t\t\t\t<div class=\"elementor-column elementor-col-50 elementor-inner-column elementor-element elementor-element-1f346cfc\" data-id=\"1f346cfc\" data-element_type=\"column\" data-e-type=\"column\">\n\t\t\t<div class=\"elementor-widget-wrap elementor-element-populated\">\n\t\t\t\t\t\t<div class=\"elementor-element elementor-element-57936ac2 elementor-widget elementor-widget-heading\" data-id=\"57936ac2\" data-element_type=\"widget\" data-e-type=\"widget\" data-widget_type=\"heading.default\">\n\t\t\t\t<div class=\"elementor-widget-container\">\n\t\t\t\t\t<p class=\"elementor-heading-title elementor-size-default\"><a href=\"https:\/\/www.linkedin.com\/in\/charles-morris-35b52035\/\" target=\"_blank\">https:\/\/www.linkedin.com\/in\/charles-morris-35b52035\/<\/a><\/p>\t\t\t\t<\/div>\n\t\t\t\t<\/div>\n\t\t\t\t\t<\/div>\n\t\t<\/div>\n\t\t\t\t\t<\/div>\n\t\t<\/section>\n\t\t\t\t\t<\/div>\n\t\t<\/div>\n\t\t\t\t<div class=\"elementor-column elementor-col-66 elementor-top-column elementor-element elementor-element-c70738b\" data-id=\"c70738b\" data-element_type=\"column\" data-e-type=\"column\">\n\t\t\t<div class=\"elementor-widget-wrap elementor-element-populated\">\n\t\t\t\t\t\t<div class=\"elementor-element elementor-element-1332e86a elementor-widget elementor-widget-jet-breadcrumbs\" data-id=\"1332e86a\" data-element_type=\"widget\" data-e-type=\"widget\" data-widget_type=\"jet-breadcrumbs.default\">\n\t\t\t\t<div class=\"elementor-widget-container\">\n\t\t\t\t\t<div class=\"elementor-jet-breadcrumbs jet-blocks\">\n\t\t<div class=\"jet-breadcrumbs\">\n\t\t<div class=\"jet-breadcrumbs__content\">\n\t\t<div class=\"jet-breadcrumbs__wrap\"><div class=\"jet-breadcrumbs__item\"><a href=\"https:\/\/www.neuraxpharm.com\/ch-fr\/\" class=\"jet-breadcrumbs__item-link is-home\" rel=\"home\" title=\"Neuraxpharm\">Neuraxpharm<\/a><\/div>\n\t\t<\/div>\n\t\t<\/div>\n\t\t<\/div><\/div>\t\t\t\t<\/div>\n\t\t\t\t<\/div>\n\t\t\t\t<div class=\"elementor-element elementor-element-34a5065 elementor-widget elementor-widget-heading\" data-id=\"34a5065\" data-element_type=\"widget\" data-e-type=\"widget\" data-widget_type=\"heading.default\">\n\t\t\t\t<div class=\"elementor-widget-container\">\n\t\t\t\t\t<h1 class=\"elementor-heading-title elementor-size-default\">Charles Morris<\/h1>\t\t\t\t<\/div>\n\t\t\t\t<\/div>\n\t\t\t\t<div class=\"elementor-element elementor-element-701ac239 elementor-widget elementor-widget-text-editor\" data-id=\"701ac239\" data-element_type=\"widget\" data-e-type=\"widget\" data-widget_type=\"text-editor.default\">\n\t\t\t\t<div class=\"elementor-widget-container\">\n\t\t\t\t\t\t\t\t\t<p>Charles Morris est Directeur du d\u00e9veloppement corporate et a rejoint Neuraxpharm en janvier 2022. Charles est un professionnel chevronn\u00e9 des fusions et acquisitions (F&amp;A) avec 20 ans d\u2019exp\u00e9rience en banque d\u2019investissement et en F&amp;A d\u2019entreprises dans l\u2019industrie pharmaceutique, dans plusieurs r\u00e9gions, dont les \u00c9tats-Unis, l\u2019Allemagne et l\u2019Espagne.<\/p><p>Avant de rejoindre Neuraxpharm, Charles a \u00e9t\u00e9 Responsable mondial des F&amp;A et du d\u00e9veloppement corporate chez Almirall (2019\u20132021). Auparavant, il avait occup\u00e9 le poste de Vice-Pr\u00e9sident, responsable des F&amp;A, de la m\u00e9decine g\u00e9n\u00e9rale pharmaceutique et de la sant\u00e9 animale chez Bayer AG (2010\u20132019). Plus t\u00f4t dans sa carri\u00e8re, Charles a travaill\u00e9 dans le domaine de la banque d\u2019investissement et de la recherche sur les actions pour Bank of America, Merrill Lynch et Molecular Securities \u00e0 New York.<\/p><p>Charles est titulaire d\u2019un MBA de la Columbia Business School (USA) et d\u2019une licence en \u00e9conomie et en sciences politiques de l\u2019universit\u00e9 Emory (USA).<\/p>\t\t\t\t\t\t\t\t<\/div>\n\t\t\t\t<\/div>\n\t\t\t\t\t<\/div>\n\t\t<\/div>\n\t\t\t\t\t<\/div>\n\t\t<\/section>\n\t\t\t\t<section class=\"elementor-section elementor-top-section elementor-element elementor-element-6b205c45 elementor-section-boxed elementor-section-height-default elementor-section-height-default\" data-id=\"6b205c45\" data-element_type=\"section\" data-e-type=\"section\" data-settings=\"{&quot;jet_parallax_layout_list&quot;:[{&quot;_id&quot;:&quot;e7d9f21&quot;,&quot;jet_parallax_layout_image&quot;:{&quot;url&quot;:&quot;&quot;,&quot;id&quot;:&quot;&quot;,&quot;size&quot;:&quot;&quot;},&quot;jet_parallax_layout_image_tablet&quot;:{&quot;url&quot;:&quot;&quot;,&quot;id&quot;:&quot;&quot;,&quot;size&quot;:&quot;&quot;},&quot;jet_parallax_layout_image_mobile&quot;:{&quot;url&quot;:&quot;&quot;,&quot;id&quot;:&quot;&quot;,&quot;size&quot;:&quot;&quot;},&quot;jet_parallax_layout_speed&quot;:{&quot;unit&quot;:&quot;%&quot;,&quot;size&quot;:50,&quot;sizes&quot;:[]},&quot;jet_parallax_layout_type&quot;:&quot;scroll&quot;,&quot;jet_parallax_layout_direction&quot;:&quot;1&quot;,&quot;jet_parallax_layout_fx_direction&quot;:null,&quot;jet_parallax_layout_z_index&quot;:&quot;&quot;,&quot;jet_parallax_layout_bg_x&quot;:50,&quot;jet_parallax_layout_bg_x_tablet&quot;:&quot;&quot;,&quot;jet_parallax_layout_bg_x_mobile&quot;:&quot;&quot;,&quot;jet_parallax_layout_bg_y&quot;:50,&quot;jet_parallax_layout_bg_y_tablet&quot;:&quot;&quot;,&quot;jet_parallax_layout_bg_y_mobile&quot;:&quot;&quot;,&quot;jet_parallax_layout_bg_size&quot;:&quot;auto&quot;,&quot;jet_parallax_layout_bg_size_tablet&quot;:&quot;&quot;,&quot;jet_parallax_layout_bg_size_mobile&quot;:&quot;&quot;,&quot;jet_parallax_layout_animation_prop&quot;:&quot;transform&quot;,&quot;jet_parallax_layout_on&quot;:[&quot;desktop&quot;,&quot;tablet&quot;]}]}\">\n\t\t\t\t\t\t<div class=\"elementor-container elementor-column-gap-default\">\n\t\t\t\t\t<div class=\"elementor-column elementor-col-100 elementor-top-column elementor-element elementor-element-4154f049\" data-id=\"4154f049\" data-element_type=\"column\" data-e-type=\"column\">\n\t\t\t<div class=\"elementor-widget-wrap elementor-element-populated\">\n\t\t\t\t\t\t<div class=\"elementor-element elementor-element-3e31f55b elementor-widget elementor-widget-spacer\" data-id=\"3e31f55b\" data-element_type=\"widget\" data-e-type=\"widget\" data-widget_type=\"spacer.default\">\n\t\t\t\t<div class=\"elementor-widget-container\">\n\t\t\t\t\t\t\t<div class=\"elementor-spacer\">\n\t\t\t<div class=\"elementor-spacer-inner\"><\/div>\n\t\t<\/div>\n\t\t\t\t\t\t<\/div>\n\t\t\t\t<\/div>\n\t\t\t\t\t<\/div>\n\t\t<\/div>\n\t\t\t\t\t<\/div>\n\t\t<\/section>\n\t\t\t\t<\/div>\n\t\t","protected":false},"excerpt":{"rendered":"<p>https:\/\/www.linkedin.com\/in\/charles-morris-35b52035\/ Neuraxpharm Charles Morris Charles Morris est Directeur du d\u00e9veloppement corporate et a rejoint Neuraxpharm en janvier 2022. Charles est un professionnel chevronn\u00e9 des fusions et acquisitions (F&amp;A) avec 20 ans d\u2019exp\u00e9rience en banque d\u2019investissement et en F&amp;A d\u2019entreprises dans l\u2019industrie pharmaceutique, dans plusieurs r\u00e9gions, dont les \u00c9tats-Unis, l\u2019Allemagne et l\u2019Espagne. Avant de rejoindre Neuraxpharm, [&hellip;]<\/p>\n","protected":false},"author":2,"featured_media":0,"parent":1998,"menu_order":0,"comment_status":"closed","ping_status":"closed","template":"elementor_header_footer","meta":{"_acf_changed":false,"footnotes":""},"class_list":["post-26743","page","type-page","status-publish","hentry"],"yoast_head":"<!-- This site is optimized with the Yoast SEO Premium plugin v27.2 (Yoast SEO v27.2) - https:\/\/yoast.com\/product\/yoast-seo-premium-wordpress\/ -->\n<title>CHARLES MORRIS - Neuraxpharm Switzerland<\/title>\n<meta name=\"robots\" content=\"index, follow, max-snippet:-1, max-image-preview:large, max-video-preview:-1\" \/>\n<link rel=\"canonical\" href=\"https:\/\/www.neuraxpharm.com\/ch-fr\/a-propos-de-nous\/comite-executif\/charles-morris\" \/>\n<meta property=\"og:locale\" content=\"fr_FR\" \/>\n<meta property=\"og:type\" content=\"article\" \/>\n<meta property=\"og:title\" content=\"CHARLES MORRIS\" \/>\n<meta property=\"og:description\" content=\"https:\/\/www.linkedin.com\/in\/charles-morris-35b52035\/ Neuraxpharm Charles Morris Charles Morris est Directeur du d\u00e9veloppement corporate et a rejoint Neuraxpharm en janvier 2022. Charles est un professionnel chevronn\u00e9 des fusions et acquisitions (F&amp;A) avec 20 ans d\u2019exp\u00e9rience en banque d\u2019investissement et en F&amp;A d\u2019entreprises dans l\u2019industrie pharmaceutique, dans plusieurs r\u00e9gions, dont les \u00c9tats-Unis, l\u2019Allemagne et l\u2019Espagne. Avant de rejoindre Neuraxpharm, [&hellip;]\" \/>\n<meta property=\"og:url\" content=\"https:\/\/www.neuraxpharm.com\/ch-fr\/a-propos-de-nous\/comite-executif\/charles-morris\" \/>\n<meta property=\"og:site_name\" content=\"Neuraxpharm Switzerland\" \/>\n<meta property=\"article:modified_time\" content=\"2025-12-29T09:04:48+00:00\" \/>\n<meta property=\"og:image\" content=\"https:\/\/www.neuraxpharm.com\/ch-fr\/wp-content\/uploads\/sites\/16\/2023\/03\/charles-morris.jpg\" \/>\n<meta name=\"twitter:card\" content=\"summary_large_image\" \/>\n<meta name=\"twitter:label1\" content=\"Dur\u00e9e de lecture estim\u00e9e\" \/>\n\t<meta name=\"twitter:data1\" content=\"2 minutes\" \/>\n<script type=\"application\/ld+json\" class=\"yoast-schema-graph\">{\"@context\":\"https:\/\/schema.org\",\"@graph\":[{\"@type\":\"WebPage\",\"@id\":\"https:\/\/www.neuraxpharm.com\/ch-fr\/a-propos-de-nous\/comite-executif\/charles-morris\",\"url\":\"https:\/\/www.neuraxpharm.com\/ch-fr\/a-propos-de-nous\/comite-executif\/charles-morris\",\"name\":\"CHARLES MORRIS - Neuraxpharm Switzerland\",\"isPartOf\":{\"@id\":\"https:\/\/www.neuraxpharm.com\/ch-fr\/#website\"},\"primaryImageOfPage\":{\"@id\":\"https:\/\/www.neuraxpharm.com\/ch-fr\/a-propos-de-nous\/comite-executif\/charles-morris#primaryimage\"},\"image\":{\"@id\":\"https:\/\/www.neuraxpharm.com\/ch-fr\/a-propos-de-nous\/comite-executif\/charles-morris#primaryimage\"},\"thumbnailUrl\":\"https:\/\/www.neuraxpharm.com\/ch-fr\/wp-content\/uploads\/sites\/16\/2023\/03\/charles-morris.jpg\",\"datePublished\":\"2023-01-30T13:54:12+00:00\",\"dateModified\":\"2025-12-29T09:04:48+00:00\",\"breadcrumb\":{\"@id\":\"https:\/\/www.neuraxpharm.com\/ch-fr\/a-propos-de-nous\/comite-executif\/charles-morris#breadcrumb\"},\"inLanguage\":\"fr-FR\",\"potentialAction\":[{\"@type\":\"ReadAction\",\"target\":[\"https:\/\/www.neuraxpharm.com\/ch-fr\/a-propos-de-nous\/comite-executif\/charles-morris\"]}]},{\"@type\":\"ImageObject\",\"inLanguage\":\"fr-FR\",\"@id\":\"https:\/\/www.neuraxpharm.com\/ch-fr\/a-propos-de-nous\/comite-executif\/charles-morris#primaryimage\",\"url\":\"https:\/\/static.neuraxpharm.com\/wp-content\/uploads\/sites\/16\/2023\/03\/27093942\/charles-morris.jpg\",\"contentUrl\":\"https:\/\/static.neuraxpharm.com\/wp-content\/uploads\/sites\/16\/2023\/03\/27093942\/charles-morris.jpg\",\"width\":716,\"height\":700},{\"@type\":\"BreadcrumbList\",\"@id\":\"https:\/\/www.neuraxpharm.com\/ch-fr\/a-propos-de-nous\/comite-executif\/charles-morris#breadcrumb\",\"itemListElement\":[{\"@type\":\"ListItem\",\"position\":1,\"name\":\"\u00c0 propos de nous\",\"item\":\"https:\/\/www.neuraxpharm.com\/ch-fr\/a-propos-de-nous\"},{\"@type\":\"ListItem\",\"position\":2,\"name\":\"Comit\u00e9 Ex\u00e9cutif\",\"item\":\"https:\/\/www.neuraxpharm.com\/ch-fr\/a-propos-de-nous\/comite-executif\"},{\"@type\":\"ListItem\",\"position\":3,\"name\":\"CHARLES MORRIS\"}]},{\"@type\":\"WebSite\",\"@id\":\"https:\/\/www.neuraxpharm.com\/ch-fr\/#website\",\"url\":\"https:\/\/www.neuraxpharm.com\/ch-fr\/\",\"name\":\"Neuraxpharm Switzerland\",\"description\":\"Ein europ\u00e4ischer Marktf\u00fchrer f\u00fcr CNS-Produkte\",\"potentialAction\":[{\"@type\":\"SearchAction\",\"target\":{\"@type\":\"EntryPoint\",\"urlTemplate\":\"https:\/\/www.neuraxpharm.com\/ch-fr\/?s={search_term_string}\"},\"query-input\":{\"@type\":\"PropertyValueSpecification\",\"valueRequired\":true,\"valueName\":\"search_term_string\"}}],\"inLanguage\":\"fr-FR\"}]}<\/script>\n<!-- \/ Yoast SEO Premium plugin. -->","yoast_head_json":{"title":"CHARLES MORRIS - Neuraxpharm Switzerland","robots":{"index":"index","follow":"follow","max-snippet":"max-snippet:-1","max-image-preview":"max-image-preview:large","max-video-preview":"max-video-preview:-1"},"canonical":"https:\/\/www.neuraxpharm.com\/ch-fr\/a-propos-de-nous\/comite-executif\/charles-morris","og_locale":"fr_FR","og_type":"article","og_title":"CHARLES MORRIS","og_description":"https:\/\/www.linkedin.com\/in\/charles-morris-35b52035\/ Neuraxpharm Charles Morris Charles Morris est Directeur du d\u00e9veloppement corporate et a rejoint Neuraxpharm en janvier 2022. Charles est un professionnel chevronn\u00e9 des fusions et acquisitions (F&amp;A) avec 20 ans d\u2019exp\u00e9rience en banque d\u2019investissement et en F&amp;A d\u2019entreprises dans l\u2019industrie pharmaceutique, dans plusieurs r\u00e9gions, dont les \u00c9tats-Unis, l\u2019Allemagne et l\u2019Espagne. Avant de rejoindre Neuraxpharm, [&hellip;]","og_url":"https:\/\/www.neuraxpharm.com\/ch-fr\/a-propos-de-nous\/comite-executif\/charles-morris","og_site_name":"Neuraxpharm Switzerland","article_modified_time":"2025-12-29T09:04:48+00:00","og_image":[{"url":"https:\/\/www.neuraxpharm.com\/ch-fr\/wp-content\/uploads\/sites\/16\/2023\/03\/charles-morris.jpg","type":"","width":"","height":""}],"twitter_card":"summary_large_image","twitter_misc":{"Dur\u00e9e de lecture estim\u00e9e":"2 minutes"},"schema":{"@context":"https:\/\/schema.org","@graph":[{"@type":"WebPage","@id":"https:\/\/www.neuraxpharm.com\/ch-fr\/a-propos-de-nous\/comite-executif\/charles-morris","url":"https:\/\/www.neuraxpharm.com\/ch-fr\/a-propos-de-nous\/comite-executif\/charles-morris","name":"CHARLES MORRIS - Neuraxpharm Switzerland","isPartOf":{"@id":"https:\/\/www.neuraxpharm.com\/ch-fr\/#website"},"primaryImageOfPage":{"@id":"https:\/\/www.neuraxpharm.com\/ch-fr\/a-propos-de-nous\/comite-executif\/charles-morris#primaryimage"},"image":{"@id":"https:\/\/www.neuraxpharm.com\/ch-fr\/a-propos-de-nous\/comite-executif\/charles-morris#primaryimage"},"thumbnailUrl":"https:\/\/www.neuraxpharm.com\/ch-fr\/wp-content\/uploads\/sites\/16\/2023\/03\/charles-morris.jpg","datePublished":"2023-01-30T13:54:12+00:00","dateModified":"2025-12-29T09:04:48+00:00","breadcrumb":{"@id":"https:\/\/www.neuraxpharm.com\/ch-fr\/a-propos-de-nous\/comite-executif\/charles-morris#breadcrumb"},"inLanguage":"fr-FR","potentialAction":[{"@type":"ReadAction","target":["https:\/\/www.neuraxpharm.com\/ch-fr\/a-propos-de-nous\/comite-executif\/charles-morris"]}]},{"@type":"ImageObject","inLanguage":"fr-FR","@id":"https:\/\/www.neuraxpharm.com\/ch-fr\/a-propos-de-nous\/comite-executif\/charles-morris#primaryimage","url":"https:\/\/static.neuraxpharm.com\/wp-content\/uploads\/sites\/16\/2023\/03\/27093942\/charles-morris.jpg","contentUrl":"https:\/\/static.neuraxpharm.com\/wp-content\/uploads\/sites\/16\/2023\/03\/27093942\/charles-morris.jpg","width":716,"height":700},{"@type":"BreadcrumbList","@id":"https:\/\/www.neuraxpharm.com\/ch-fr\/a-propos-de-nous\/comite-executif\/charles-morris#breadcrumb","itemListElement":[{"@type":"ListItem","position":1,"name":"\u00c0 propos de nous","item":"https:\/\/www.neuraxpharm.com\/ch-fr\/a-propos-de-nous"},{"@type":"ListItem","position":2,"name":"Comit\u00e9 Ex\u00e9cutif","item":"https:\/\/www.neuraxpharm.com\/ch-fr\/a-propos-de-nous\/comite-executif"},{"@type":"ListItem","position":3,"name":"CHARLES MORRIS"}]},{"@type":"WebSite","@id":"https:\/\/www.neuraxpharm.com\/ch-fr\/#website","url":"https:\/\/www.neuraxpharm.com\/ch-fr\/","name":"Neuraxpharm Switzerland","description":"Ein europ\u00e4ischer Marktf\u00fchrer f\u00fcr CNS-Produkte","potentialAction":[{"@type":"SearchAction","target":{"@type":"EntryPoint","urlTemplate":"https:\/\/www.neuraxpharm.com\/ch-fr\/?s={search_term_string}"},"query-input":{"@type":"PropertyValueSpecification","valueRequired":true,"valueName":"search_term_string"}}],"inLanguage":"fr-FR"}]}},"acf":[],"_links":{"self":[{"href":"https:\/\/www.neuraxpharm.com\/ch-fr\/wp-json\/wp\/v2\/pages\/26743","targetHints":{"allow":["GET"]}}],"collection":[{"href":"https:\/\/www.neuraxpharm.com\/ch-fr\/wp-json\/wp\/v2\/pages"}],"about":[{"href":"https:\/\/www.neuraxpharm.com\/ch-fr\/wp-json\/wp\/v2\/types\/page"}],"author":[{"embeddable":true,"href":"https:\/\/www.neuraxpharm.com\/ch-fr\/wp-json\/wp\/v2\/users\/2"}],"replies":[{"embeddable":true,"href":"https:\/\/www.neuraxpharm.com\/ch-fr\/wp-json\/wp\/v2\/comments?post=26743"}],"version-history":[{"count":13,"href":"https:\/\/www.neuraxpharm.com\/ch-fr\/wp-json\/wp\/v2\/pages\/26743\/revisions"}],"predecessor-version":[{"id":27348,"href":"https:\/\/www.neuraxpharm.com\/ch-fr\/wp-json\/wp\/v2\/pages\/26743\/revisions\/27348"}],"up":[{"embeddable":true,"href":"https:\/\/www.neuraxpharm.com\/ch-fr\/wp-json\/wp\/v2\/pages\/1998"}],"wp:attachment":[{"href":"https:\/\/www.neuraxpharm.com\/ch-fr\/wp-json\/wp\/v2\/media?parent=26743"}],"curies":[{"name":"wp","href":"https:\/\/api.w.org\/{rel}","templated":true}]}}