{"id":25295,"date":"2025-12-22T10:47:53","date_gmt":"2025-12-22T10:47:53","guid":{"rendered":"https:\/\/www.neuraxpharm.com\/ch-de\/?page_id=25295"},"modified":"2025-12-22T10:49:03","modified_gmt":"2025-12-22T10:49:03","slug":"nichtfinanzieller-lagebericht","status":"publish","type":"page","link":"https:\/\/www.neuraxpharm.com\/ch-de\/uber-uns\/herstellung\/nichtfinanzieller-lagebericht","title":{"rendered":"Nichtfinanzieller lagebericht"},"content":{"rendered":"\t\t<div data-elementor-type=\"wp-page\" data-elementor-id=\"25295\" class=\"elementor elementor-25295\" data-elementor-post-type=\"page\">\n\t\t\t\t\t\t<section class=\"elementor-section elementor-top-section elementor-element elementor-element-f752f0f elementor-section-boxed elementor-section-height-default elementor-section-height-default\" data-id=\"f752f0f\" data-element_type=\"section\" data-e-type=\"section\" data-settings=\"{&quot;jet_parallax_layout_list&quot;:[]}\">\n\t\t\t\t\t\t<div class=\"elementor-container elementor-column-gap-default\">\n\t\t\t\t\t<div class=\"elementor-column elementor-col-100 elementor-top-column elementor-element elementor-element-8a6fc72\" data-id=\"8a6fc72\" data-element_type=\"column\" data-e-type=\"column\">\n\t\t\t<div class=\"elementor-widget-wrap elementor-element-populated\">\n\t\t\t\t\t\t<div class=\"elementor-element elementor-element-be73d18 elementor-widget elementor-widget-text-editor\" data-id=\"be73d18\" data-element_type=\"widget\" data-e-type=\"widget\" data-widget_type=\"text-editor.default\">\n\t\t\t\t<div class=\"elementor-widget-container\">\n\t\t\t\t\t\t\t\t\t<p>(Estado de Informaci\u00f3n No Financiera \u2013 EINF, auf Spanisch)<\/p><p>Um das Gesetz 11\/2018 \u00fcber nichtfinanzielle Informationen und Diversit\u00e4t einzuhalten, erstellt Neuraxpharm Pharmaceuticals S.L.U. (ehemals Laboratorios Lesvi S.L.U.) j\u00e4hrlich seinen nichtfinanziellen Lagebericht, indem es den Empfehlungen und Vorgaben des oben genannten Gesetzes 11\/2018 folgt.<\/p><p>Der Bericht enth\u00e4lt Informationen zu Umwelt-, Sozial- und Personalthemen, Menschenrechten, der Bek\u00e4mpfung von Korruption und Bestechung sowie zu den Auswirkungen der Organisation auf die Gesellschaft. F\u00fcr jedes dieser Themen beschreibt der Bericht die entwickelten Politiken und Ma\u00dfnahmen sowie die identifizierten und aus der Gesch\u00e4ftst\u00e4tigkeit des Unternehmens abgeleiteten Risiken. Der Bericht wurde gem\u00e4\u00df den im oben genannten Gesetz 11\/2018 festgelegten Grunds\u00e4tzen der Vergleichbarkeit, Zuverl\u00e4ssigkeit, Wesentlichkeit und Relevanz erstellt.<\/p>\t\t\t\t\t\t\t\t<\/div>\n\t\t\t\t<\/div>\n\t\t\t\t<section class=\"elementor-section elementor-inner-section elementor-element elementor-element-2c992a3 elementor-section-boxed elementor-section-height-default elementor-section-height-default\" data-id=\"2c992a3\" data-element_type=\"section\" data-e-type=\"section\" data-settings=\"{&quot;jet_parallax_layout_list&quot;:[]}\">\n\t\t\t\t\t\t<div class=\"elementor-container elementor-column-gap-default\">\n\t\t\t\t\t<div class=\"elementor-column elementor-col-100 elementor-inner-column elementor-element elementor-element-42e5dba\" data-id=\"42e5dba\" data-element_type=\"column\" data-e-type=\"column\">\n\t\t\t<div class=\"elementor-widget-wrap elementor-element-populated\">\n\t\t\t\t\t\t<div class=\"elementor-element elementor-element-99425de elementor-widget elementor-widget-button\" data-id=\"99425de\" data-element_type=\"widget\" data-e-type=\"widget\" data-widget_type=\"button.default\">\n\t\t\t\t<div class=\"elementor-widget-container\">\n\t\t\t\t\t\t\t\t\t<div class=\"elementor-button-wrapper\">\n\t\t\t\t\t<a class=\"elementor-button elementor-button-link elementor-size-sm\" href=\"https:\/\/static.neuraxpharm.com\/wp-content\/uploads\/2025\/04\/30131305\/informe-einf-neuraxpharm-pharmaceuticals-2023.pdf\">\n\t\t\t\t\t\t<span class=\"elementor-button-content-wrapper\">\n\t\t\t\t\t\t<span class=\"elementor-button-icon\">\n\t\t\t\t<i aria-hidden=\"true\" class=\"fas fa-download\"><\/i>\t\t\t<\/span>\n\t\t\t\t\t\t\t\t\t<span class=\"elementor-button-text\">Nichtfinanzieller Lagebericht 2023<\/span>\n\t\t\t\t\t<\/span>\n\t\t\t\t\t<\/a>\n\t\t\t\t<\/div>\n\t\t\t\t\t\t\t\t<\/div>\n\t\t\t\t<\/div>\n\t\t\t\t\t<\/div>\n\t\t<\/div>\n\t\t\t\t\t<\/div>\n\t\t<\/section>\n\t\t\t\t<section class=\"elementor-section elementor-inner-section elementor-element elementor-element-bc547cc elementor-section-boxed elementor-section-height-default elementor-section-height-default\" data-id=\"bc547cc\" data-element_type=\"section\" data-e-type=\"section\" data-settings=\"{&quot;jet_parallax_layout_list&quot;:[]}\">\n\t\t\t\t\t\t<div class=\"elementor-container elementor-column-gap-default\">\n\t\t\t\t\t<div class=\"elementor-column elementor-col-100 elementor-inner-column elementor-element elementor-element-8b32915\" data-id=\"8b32915\" data-element_type=\"column\" data-e-type=\"column\">\n\t\t\t<div class=\"elementor-widget-wrap elementor-element-populated\">\n\t\t\t\t\t\t<div class=\"elementor-element elementor-element-b668510 elementor-widget elementor-widget-button\" data-id=\"b668510\" data-element_type=\"widget\" data-e-type=\"widget\" data-widget_type=\"button.default\">\n\t\t\t\t<div class=\"elementor-widget-container\">\n\t\t\t\t\t\t\t\t\t<div class=\"elementor-button-wrapper\">\n\t\t\t\t\t<a class=\"elementor-button elementor-button-link elementor-size-sm\" href=\"https:\/\/static.neuraxpharm.com\/wp-content\/uploads\/2025\/04\/30131248\/informe-einf-laboratorios-lesvi-2022.pdf\">\n\t\t\t\t\t\t<span class=\"elementor-button-content-wrapper\">\n\t\t\t\t\t\t<span class=\"elementor-button-icon\">\n\t\t\t\t<i aria-hidden=\"true\" class=\"fas fa-download\"><\/i>\t\t\t<\/span>\n\t\t\t\t\t\t\t\t\t<span class=\"elementor-button-text\">Nichtfinanzieller Lagebericht 2022<\/span>\n\t\t\t\t\t<\/span>\n\t\t\t\t\t<\/a>\n\t\t\t\t<\/div>\n\t\t\t\t\t\t\t\t<\/div>\n\t\t\t\t<\/div>\n\t\t\t\t\t<\/div>\n\t\t<\/div>\n\t\t\t\t\t<\/div>\n\t\t<\/section>\n\t\t\t\t<section class=\"elementor-section elementor-inner-section elementor-element elementor-element-7ae8268 elementor-section-boxed elementor-section-height-default elementor-section-height-default\" data-id=\"7ae8268\" data-element_type=\"section\" data-e-type=\"section\" data-settings=\"{&quot;jet_parallax_layout_list&quot;:[]}\">\n\t\t\t\t\t\t<div class=\"elementor-container elementor-column-gap-default\">\n\t\t\t\t\t<div class=\"elementor-column elementor-col-100 elementor-inner-column elementor-element elementor-element-9c38bea\" data-id=\"9c38bea\" data-element_type=\"column\" data-e-type=\"column\">\n\t\t\t<div class=\"elementor-widget-wrap elementor-element-populated\">\n\t\t\t\t\t\t<div class=\"elementor-element elementor-element-0029b3c elementor-widget elementor-widget-button\" data-id=\"0029b3c\" data-element_type=\"widget\" data-e-type=\"widget\" data-widget_type=\"button.default\">\n\t\t\t\t<div class=\"elementor-widget-container\">\n\t\t\t\t\t\t\t\t\t<div class=\"elementor-button-wrapper\">\n\t\t\t\t\t<a class=\"elementor-button elementor-button-link elementor-size-sm\" href=\"https:\/\/static.neuraxpharm.com\/wp-content\/uploads\/2025\/04\/30131241\/informe-einf-laboratorios-lesvi-2021.pdf\">\n\t\t\t\t\t\t<span class=\"elementor-button-content-wrapper\">\n\t\t\t\t\t\t<span class=\"elementor-button-icon\">\n\t\t\t\t<i aria-hidden=\"true\" class=\"fas fa-download\"><\/i>\t\t\t<\/span>\n\t\t\t\t\t\t\t\t\t<span class=\"elementor-button-text\">Nichtfinanzieller Lagebericht 2021<\/span>\n\t\t\t\t\t<\/span>\n\t\t\t\t\t<\/a>\n\t\t\t\t<\/div>\n\t\t\t\t\t\t\t\t<\/div>\n\t\t\t\t<\/div>\n\t\t\t\t\t<\/div>\n\t\t<\/div>\n\t\t\t\t\t<\/div>\n\t\t<\/section>\n\t\t\t\t\t<\/div>\n\t\t<\/div>\n\t\t\t\t\t<\/div>\n\t\t<\/section>\n\t\t\t\t<\/div>\n\t\t","protected":false},"excerpt":{"rendered":"<p>(Estado de Informaci\u00f3n No Financiera \u2013 EINF, auf Spanisch) Um das Gesetz 11\/2018 \u00fcber nichtfinanzielle Informationen und Diversit\u00e4t einzuhalten, erstellt Neuraxpharm Pharmaceuticals S.L.U. (ehemals Laboratorios Lesvi S.L.U.) j\u00e4hrlich seinen nichtfinanziellen Lagebericht, indem es den Empfehlungen und Vorgaben des oben genannten Gesetzes 11\/2018 folgt. Der Bericht enth\u00e4lt Informationen zu Umwelt-, Sozial- und Personalthemen, Menschenrechten, der Bek\u00e4mpfung [&hellip;]<\/p>\n","protected":false},"author":2493,"featured_media":0,"parent":25288,"menu_order":0,"comment_status":"closed","ping_status":"closed","template":"elementor_header_footer","meta":{"_acf_changed":false,"footnotes":""},"class_list":["post-25295","page","type-page","status-publish","hentry"],"yoast_head":"<!-- This site is optimized with the Yoast SEO Premium plugin v27.2 (Yoast SEO v27.2) - https:\/\/yoast.com\/product\/yoast-seo-premium-wordpress\/ -->\n<title>Nichtfinanzieller lagebericht - Neuraxpharm Switzerland<\/title>\n<meta name=\"robots\" content=\"index, follow, max-snippet:-1, max-image-preview:large, max-video-preview:-1\" \/>\n<link rel=\"canonical\" href=\"https:\/\/www.neuraxpharm.com\/ch-de\/uber-uns\/herstellung\/nichtfinanzieller-lagebericht\" \/>\n<meta property=\"og:locale\" content=\"de_DE\" \/>\n<meta property=\"og:type\" content=\"article\" \/>\n<meta property=\"og:title\" content=\"Nichtfinanzieller lagebericht\" \/>\n<meta property=\"og:description\" content=\"(Estado de Informaci\u00f3n No Financiera \u2013 EINF, auf Spanisch) Um das Gesetz 11\/2018 \u00fcber nichtfinanzielle Informationen und Diversit\u00e4t einzuhalten, erstellt Neuraxpharm Pharmaceuticals S.L.U. (ehemals Laboratorios Lesvi S.L.U.) j\u00e4hrlich seinen nichtfinanziellen Lagebericht, indem es den Empfehlungen und Vorgaben des oben genannten Gesetzes 11\/2018 folgt. Der Bericht enth\u00e4lt Informationen zu Umwelt-, Sozial- und Personalthemen, Menschenrechten, der Bek\u00e4mpfung [&hellip;]\" \/>\n<meta property=\"og:url\" content=\"https:\/\/www.neuraxpharm.com\/ch-de\/uber-uns\/herstellung\/nichtfinanzieller-lagebericht\" \/>\n<meta property=\"og:site_name\" content=\"Neuraxpharm Switzerland\" \/>\n<meta property=\"article:modified_time\" content=\"2025-12-22T10:49:03+00:00\" \/>\n<meta name=\"twitter:card\" content=\"summary_large_image\" \/>\n<meta name=\"twitter:label1\" content=\"Est. reading time\" \/>\n\t<meta name=\"twitter:data1\" content=\"1\u00a0Minute\" \/>\n<script type=\"application\/ld+json\" class=\"yoast-schema-graph\">{\"@context\":\"https:\/\/schema.org\",\"@graph\":[{\"@type\":\"WebPage\",\"@id\":\"https:\/\/www.neuraxpharm.com\/ch-de\/uber-uns\/herstellung\/nichtfinanzieller-lagebericht\",\"url\":\"https:\/\/www.neuraxpharm.com\/ch-de\/uber-uns\/herstellung\/nichtfinanzieller-lagebericht\",\"name\":\"Nichtfinanzieller lagebericht - Neuraxpharm Switzerland\",\"isPartOf\":{\"@id\":\"https:\/\/www.neuraxpharm.com\/ch-de\/#website\"},\"datePublished\":\"2025-12-22T10:47:53+00:00\",\"dateModified\":\"2025-12-22T10:49:03+00:00\",\"breadcrumb\":{\"@id\":\"https:\/\/www.neuraxpharm.com\/ch-de\/uber-uns\/herstellung\/nichtfinanzieller-lagebericht#breadcrumb\"},\"inLanguage\":\"de-CH\",\"potentialAction\":[{\"@type\":\"ReadAction\",\"target\":[\"https:\/\/www.neuraxpharm.com\/ch-de\/uber-uns\/herstellung\/nichtfinanzieller-lagebericht\"]}]},{\"@type\":\"BreadcrumbList\",\"@id\":\"https:\/\/www.neuraxpharm.com\/ch-de\/uber-uns\/herstellung\/nichtfinanzieller-lagebericht#breadcrumb\",\"itemListElement\":[{\"@type\":\"ListItem\",\"position\":1,\"name\":\"\u00dcber uns\",\"item\":\"https:\/\/www.neuraxpharm.com\/ch-de\/uber-uns\"},{\"@type\":\"ListItem\",\"position\":2,\"name\":\"Herstellung\",\"item\":\"https:\/\/www.neuraxpharm.com\/ch-de\/uber-uns\/herstellung\"},{\"@type\":\"ListItem\",\"position\":3,\"name\":\"Nichtfinanzieller lagebericht\"}]},{\"@type\":\"WebSite\",\"@id\":\"https:\/\/www.neuraxpharm.com\/ch-de\/#website\",\"url\":\"https:\/\/www.neuraxpharm.com\/ch-de\/\",\"name\":\"Neuraxpharm Switzerland\",\"description\":\"Ein europ\u00e4ischer Marktf\u00fchrer f\u00fcr CNS-Produkte\",\"potentialAction\":[{\"@type\":\"SearchAction\",\"target\":{\"@type\":\"EntryPoint\",\"urlTemplate\":\"https:\/\/www.neuraxpharm.com\/ch-de\/?s={search_term_string}\"},\"query-input\":{\"@type\":\"PropertyValueSpecification\",\"valueRequired\":true,\"valueName\":\"search_term_string\"}}],\"inLanguage\":\"de-CH\"}]}<\/script>\n<!-- \/ Yoast SEO Premium plugin. -->","yoast_head_json":{"title":"Nichtfinanzieller lagebericht - Neuraxpharm Switzerland","robots":{"index":"index","follow":"follow","max-snippet":"max-snippet:-1","max-image-preview":"max-image-preview:large","max-video-preview":"max-video-preview:-1"},"canonical":"https:\/\/www.neuraxpharm.com\/ch-de\/uber-uns\/herstellung\/nichtfinanzieller-lagebericht","og_locale":"de_DE","og_type":"article","og_title":"Nichtfinanzieller lagebericht","og_description":"(Estado de Informaci\u00f3n No Financiera \u2013 EINF, auf Spanisch) Um das Gesetz 11\/2018 \u00fcber nichtfinanzielle Informationen und Diversit\u00e4t einzuhalten, erstellt Neuraxpharm Pharmaceuticals S.L.U. (ehemals Laboratorios Lesvi S.L.U.) j\u00e4hrlich seinen nichtfinanziellen Lagebericht, indem es den Empfehlungen und Vorgaben des oben genannten Gesetzes 11\/2018 folgt. Der Bericht enth\u00e4lt Informationen zu Umwelt-, Sozial- und Personalthemen, Menschenrechten, der Bek\u00e4mpfung [&hellip;]","og_url":"https:\/\/www.neuraxpharm.com\/ch-de\/uber-uns\/herstellung\/nichtfinanzieller-lagebericht","og_site_name":"Neuraxpharm Switzerland","article_modified_time":"2025-12-22T10:49:03+00:00","twitter_card":"summary_large_image","twitter_misc":{"Est. reading time":"1\u00a0Minute"},"schema":{"@context":"https:\/\/schema.org","@graph":[{"@type":"WebPage","@id":"https:\/\/www.neuraxpharm.com\/ch-de\/uber-uns\/herstellung\/nichtfinanzieller-lagebericht","url":"https:\/\/www.neuraxpharm.com\/ch-de\/uber-uns\/herstellung\/nichtfinanzieller-lagebericht","name":"Nichtfinanzieller lagebericht - Neuraxpharm Switzerland","isPartOf":{"@id":"https:\/\/www.neuraxpharm.com\/ch-de\/#website"},"datePublished":"2025-12-22T10:47:53+00:00","dateModified":"2025-12-22T10:49:03+00:00","breadcrumb":{"@id":"https:\/\/www.neuraxpharm.com\/ch-de\/uber-uns\/herstellung\/nichtfinanzieller-lagebericht#breadcrumb"},"inLanguage":"de-CH","potentialAction":[{"@type":"ReadAction","target":["https:\/\/www.neuraxpharm.com\/ch-de\/uber-uns\/herstellung\/nichtfinanzieller-lagebericht"]}]},{"@type":"BreadcrumbList","@id":"https:\/\/www.neuraxpharm.com\/ch-de\/uber-uns\/herstellung\/nichtfinanzieller-lagebericht#breadcrumb","itemListElement":[{"@type":"ListItem","position":1,"name":"\u00dcber uns","item":"https:\/\/www.neuraxpharm.com\/ch-de\/uber-uns"},{"@type":"ListItem","position":2,"name":"Herstellung","item":"https:\/\/www.neuraxpharm.com\/ch-de\/uber-uns\/herstellung"},{"@type":"ListItem","position":3,"name":"Nichtfinanzieller lagebericht"}]},{"@type":"WebSite","@id":"https:\/\/www.neuraxpharm.com\/ch-de\/#website","url":"https:\/\/www.neuraxpharm.com\/ch-de\/","name":"Neuraxpharm Switzerland","description":"Ein europ\u00e4ischer Marktf\u00fchrer f\u00fcr CNS-Produkte","potentialAction":[{"@type":"SearchAction","target":{"@type":"EntryPoint","urlTemplate":"https:\/\/www.neuraxpharm.com\/ch-de\/?s={search_term_string}"},"query-input":{"@type":"PropertyValueSpecification","valueRequired":true,"valueName":"search_term_string"}}],"inLanguage":"de-CH"}]}},"acf":[],"_links":{"self":[{"href":"https:\/\/www.neuraxpharm.com\/ch-de\/wp-json\/wp\/v2\/pages\/25295","targetHints":{"allow":["GET"]}}],"collection":[{"href":"https:\/\/www.neuraxpharm.com\/ch-de\/wp-json\/wp\/v2\/pages"}],"about":[{"href":"https:\/\/www.neuraxpharm.com\/ch-de\/wp-json\/wp\/v2\/types\/page"}],"author":[{"embeddable":true,"href":"https:\/\/www.neuraxpharm.com\/ch-de\/wp-json\/wp\/v2\/users\/2493"}],"replies":[{"embeddable":true,"href":"https:\/\/www.neuraxpharm.com\/ch-de\/wp-json\/wp\/v2\/comments?post=25295"}],"version-history":[{"count":4,"href":"https:\/\/www.neuraxpharm.com\/ch-de\/wp-json\/wp\/v2\/pages\/25295\/revisions"}],"predecessor-version":[{"id":25299,"href":"https:\/\/www.neuraxpharm.com\/ch-de\/wp-json\/wp\/v2\/pages\/25295\/revisions\/25299"}],"up":[{"embeddable":true,"href":"https:\/\/www.neuraxpharm.com\/ch-de\/wp-json\/wp\/v2\/pages\/25288"}],"wp:attachment":[{"href":"https:\/\/www.neuraxpharm.com\/ch-de\/wp-json\/wp\/v2\/media?parent=25295"}],"curies":[{"name":"wp","href":"https:\/\/api.w.org\/{rel}","templated":true}]}}