{"id":23399,"date":"2021-05-12T15:01:12","date_gmt":"2021-05-12T15:01:12","guid":{"rendered":"https:\/\/www.neuraxpharm.com\/ch\/restricted-login-2"},"modified":"2021-05-12T15:01:12","modified_gmt":"2021-05-12T15:01:12","slug":"restricted-login-2","status":"publish","type":"page","link":"https:\/\/www.neuraxpharm.com\/ch-de\/restricted-login-2","title":{"rendered":"DocCheck Login"},"content":{"rendered":"<p>[dc-login]<\/p>\n","protected":false},"excerpt":{"rendered":"<p>[dc-login]<\/p>\n","protected":false},"author":1,"featured_media":0,"parent":0,"menu_order":0,"comment_status":"closed","ping_status":"closed","template":"","meta":{"_acf_changed":false,"footnotes":""},"class_list":["post-23399","page","type-page","status-publish","hentry"],"yoast_head":"<!-- This site is optimized with the Yoast SEO Premium plugin v27.2 (Yoast SEO v27.2) - https:\/\/yoast.com\/product\/yoast-seo-premium-wordpress\/ -->\n<title>DocCheck Login - Neuraxpharm Switzerland<\/title>\n<meta name=\"robots\" content=\"index, follow, max-snippet:-1, max-image-preview:large, max-video-preview:-1\" \/>\n<link rel=\"canonical\" href=\"https:\/\/www.neuraxpharm.com\/ch-de\/restricted-login-2\" \/>\n<meta property=\"og:locale\" content=\"de_DE\" \/>\n<meta property=\"og:type\" content=\"article\" \/>\n<meta property=\"og:title\" content=\"DocCheck Login\" \/>\n<meta property=\"og:description\" content=\"[dc-login]\" \/>\n<meta property=\"og:url\" content=\"https:\/\/www.neuraxpharm.com\/ch-de\/restricted-login-2\" \/>\n<meta property=\"og:site_name\" content=\"Neuraxpharm Switzerland\" \/>\n<meta name=\"twitter:card\" content=\"summary_large_image\" \/>\n<script type=\"application\/ld+json\" class=\"yoast-schema-graph\">{\"@context\":\"https:\/\/schema.org\",\"@graph\":[{\"@type\":\"WebPage\",\"@id\":\"https:\/\/www.neuraxpharm.com\/ch-de\/restricted-login-2\",\"url\":\"https:\/\/www.neuraxpharm.com\/ch-de\/restricted-login-2\",\"name\":\"DocCheck Login - Neuraxpharm Switzerland\",\"isPartOf\":{\"@id\":\"https:\/\/www.neuraxpharm.com\/ch-de\/#website\"},\"datePublished\":\"2021-05-12T15:01:12+00:00\",\"inLanguage\":\"de-CH\",\"potentialAction\":[{\"@type\":\"ReadAction\",\"target\":[\"https:\/\/www.neuraxpharm.com\/ch-de\/restricted-login-2\"]}]},{\"@type\":\"WebSite\",\"@id\":\"https:\/\/www.neuraxpharm.com\/ch-de\/#website\",\"url\":\"https:\/\/www.neuraxpharm.com\/ch-de\/\",\"name\":\"Neuraxpharm Switzerland\",\"description\":\"Ein europ\u00e4ischer Marktf\u00fchrer f\u00fcr CNS-Produkte\",\"potentialAction\":[{\"@type\":\"SearchAction\",\"target\":{\"@type\":\"EntryPoint\",\"urlTemplate\":\"https:\/\/www.neuraxpharm.com\/ch-de\/?s={search_term_string}\"},\"query-input\":{\"@type\":\"PropertyValueSpecification\",\"valueRequired\":true,\"valueName\":\"search_term_string\"}}],\"inLanguage\":\"de-CH\"}]}<\/script>\n<!-- \/ Yoast SEO Premium plugin. -->","yoast_head_json":{"title":"DocCheck Login - Neuraxpharm Switzerland","robots":{"index":"index","follow":"follow","max-snippet":"max-snippet:-1","max-image-preview":"max-image-preview:large","max-video-preview":"max-video-preview:-1"},"canonical":"https:\/\/www.neuraxpharm.com\/ch-de\/restricted-login-2","og_locale":"de_DE","og_type":"article","og_title":"DocCheck Login","og_description":"[dc-login]","og_url":"https:\/\/www.neuraxpharm.com\/ch-de\/restricted-login-2","og_site_name":"Neuraxpharm Switzerland","twitter_card":"summary_large_image","schema":{"@context":"https:\/\/schema.org","@graph":[{"@type":"WebPage","@id":"https:\/\/www.neuraxpharm.com\/ch-de\/restricted-login-2","url":"https:\/\/www.neuraxpharm.com\/ch-de\/restricted-login-2","name":"DocCheck Login - Neuraxpharm Switzerland","isPartOf":{"@id":"https:\/\/www.neuraxpharm.com\/ch-de\/#website"},"datePublished":"2021-05-12T15:01:12+00:00","inLanguage":"de-CH","potentialAction":[{"@type":"ReadAction","target":["https:\/\/www.neuraxpharm.com\/ch-de\/restricted-login-2"]}]},{"@type":"WebSite","@id":"https:\/\/www.neuraxpharm.com\/ch-de\/#website","url":"https:\/\/www.neuraxpharm.com\/ch-de\/","name":"Neuraxpharm Switzerland","description":"Ein europ\u00e4ischer Marktf\u00fchrer f\u00fcr CNS-Produkte","potentialAction":[{"@type":"SearchAction","target":{"@type":"EntryPoint","urlTemplate":"https:\/\/www.neuraxpharm.com\/ch-de\/?s={search_term_string}"},"query-input":{"@type":"PropertyValueSpecification","valueRequired":true,"valueName":"search_term_string"}}],"inLanguage":"de-CH"}]}},"acf":[],"_links":{"self":[{"href":"https:\/\/www.neuraxpharm.com\/ch-de\/wp-json\/wp\/v2\/pages\/23399","targetHints":{"allow":["GET"]}}],"collection":[{"href":"https:\/\/www.neuraxpharm.com\/ch-de\/wp-json\/wp\/v2\/pages"}],"about":[{"href":"https:\/\/www.neuraxpharm.com\/ch-de\/wp-json\/wp\/v2\/types\/page"}],"author":[{"embeddable":true,"href":"https:\/\/www.neuraxpharm.com\/ch-de\/wp-json\/wp\/v2\/users\/1"}],"replies":[{"embeddable":true,"href":"https:\/\/www.neuraxpharm.com\/ch-de\/wp-json\/wp\/v2\/comments?post=23399"}],"version-history":[{"count":0,"href":"https:\/\/www.neuraxpharm.com\/ch-de\/wp-json\/wp\/v2\/pages\/23399\/revisions"}],"wp:attachment":[{"href":"https:\/\/www.neuraxpharm.com\/ch-de\/wp-json\/wp\/v2\/media?parent=23399"}],"curies":[{"name":"wp","href":"https:\/\/api.w.org\/{rel}","templated":true}]}}