{"id":16216,"date":"2021-04-13T11:03:32","date_gmt":"2021-04-13T11:03:32","guid":{"rendered":"https:\/\/www.neuraxpharm.com\/it2\/?page_id=16216"},"modified":"2021-04-21T18:12:52","modified_gmt":"2021-04-21T18:12:52","slug":"ramon-sitges","status":"publish","type":"page","link":"https:\/\/www.neuraxpharm.com\/ch-de\/uber-uns\/geschaeftsfuehrung\/ramon-sitges","title":{"rendered":"RAM\u00d3N SITGES"},"content":{"rendered":"\t\t<div data-elementor-type=\"wp-page\" data-elementor-id=\"16216\" class=\"elementor elementor-16216\" data-elementor-post-type=\"page\">\n\t\t\t\t\t\t<section class=\"elementor-section elementor-top-section elementor-element elementor-element-7f808905 elementor-section-boxed elementor-section-height-default elementor-section-height-default\" data-id=\"7f808905\" data-element_type=\"section\" data-e-type=\"section\" data-settings=\"{&quot;jet_parallax_layout_list&quot;:[{&quot;jet_parallax_layout_image&quot;:{&quot;url&quot;:&quot;&quot;,&quot;id&quot;:&quot;&quot;,&quot;size&quot;:&quot;&quot;},&quot;_id&quot;:&quot;f02b98c&quot;,&quot;jet_parallax_layout_image_tablet&quot;:{&quot;url&quot;:&quot;&quot;,&quot;id&quot;:&quot;&quot;,&quot;size&quot;:&quot;&quot;},&quot;jet_parallax_layout_image_mobile&quot;:{&quot;url&quot;:&quot;&quot;,&quot;id&quot;:&quot;&quot;,&quot;size&quot;:&quot;&quot;},&quot;jet_parallax_layout_speed&quot;:{&quot;unit&quot;:&quot;%&quot;,&quot;size&quot;:50,&quot;sizes&quot;:[]},&quot;jet_parallax_layout_type&quot;:&quot;scroll&quot;,&quot;jet_parallax_layout_direction&quot;:&quot;1&quot;,&quot;jet_parallax_layout_fx_direction&quot;:null,&quot;jet_parallax_layout_z_index&quot;:&quot;&quot;,&quot;jet_parallax_layout_bg_x&quot;:50,&quot;jet_parallax_layout_bg_x_tablet&quot;:&quot;&quot;,&quot;jet_parallax_layout_bg_x_mobile&quot;:&quot;&quot;,&quot;jet_parallax_layout_bg_y&quot;:50,&quot;jet_parallax_layout_bg_y_tablet&quot;:&quot;&quot;,&quot;jet_parallax_layout_bg_y_mobile&quot;:&quot;&quot;,&quot;jet_parallax_layout_bg_size&quot;:&quot;auto&quot;,&quot;jet_parallax_layout_bg_size_tablet&quot;:&quot;&quot;,&quot;jet_parallax_layout_bg_size_mobile&quot;:&quot;&quot;,&quot;jet_parallax_layout_animation_prop&quot;:&quot;transform&quot;,&quot;jet_parallax_layout_on&quot;:[&quot;desktop&quot;,&quot;tablet&quot;]}]}\">\n\t\t\t\t\t\t<div class=\"elementor-container elementor-column-gap-default\">\n\t\t\t\t\t<div class=\"elementor-column elementor-col-33 elementor-top-column elementor-element elementor-element-3d70389b\" data-id=\"3d70389b\" data-element_type=\"column\" data-e-type=\"column\">\n\t\t\t<div class=\"elementor-widget-wrap elementor-element-populated\">\n\t\t\t\t\t\t<div class=\"elementor-element elementor-element-75ad8cba elementor-widget elementor-widget-image\" data-id=\"75ad8cba\" data-element_type=\"widget\" data-e-type=\"widget\" data-widget_type=\"image.default\">\n\t\t\t\t<div class=\"elementor-widget-container\">\n\t\t\t\t\t\t\t\t\t\t\t\t\t\t\t<img fetchpriority=\"high\" decoding=\"async\" width=\"358\" height=\"350\" src=\"https:\/\/static.neuraxpharm.com\/wp-content\/uploads\/sites\/14\/2021\/03\/30124458\/exectuvie-1.jpg\" class=\"attachment-large size-large wp-image-2064\" alt=\"\" \/>\t\t\t\t\t\t\t\t\t\t\t\t\t\t\t<\/div>\n\t\t\t\t<\/div>\n\t\t\t\t<section class=\"elementor-section elementor-inner-section elementor-element elementor-element-74b8bffa elementor-section-content-top elementor-section-boxed elementor-section-height-default elementor-section-height-default\" data-id=\"74b8bffa\" data-element_type=\"section\" data-e-type=\"section\" data-settings=\"{&quot;jet_parallax_layout_list&quot;:[{&quot;jet_parallax_layout_image&quot;:{&quot;url&quot;:&quot;&quot;,&quot;id&quot;:&quot;&quot;,&quot;size&quot;:&quot;&quot;},&quot;_id&quot;:&quot;5f899ce&quot;,&quot;jet_parallax_layout_image_tablet&quot;:{&quot;url&quot;:&quot;&quot;,&quot;id&quot;:&quot;&quot;,&quot;size&quot;:&quot;&quot;},&quot;jet_parallax_layout_image_mobile&quot;:{&quot;url&quot;:&quot;&quot;,&quot;id&quot;:&quot;&quot;,&quot;size&quot;:&quot;&quot;},&quot;jet_parallax_layout_speed&quot;:{&quot;unit&quot;:&quot;%&quot;,&quot;size&quot;:50,&quot;sizes&quot;:[]},&quot;jet_parallax_layout_type&quot;:&quot;scroll&quot;,&quot;jet_parallax_layout_direction&quot;:&quot;1&quot;,&quot;jet_parallax_layout_fx_direction&quot;:null,&quot;jet_parallax_layout_z_index&quot;:&quot;&quot;,&quot;jet_parallax_layout_bg_x&quot;:50,&quot;jet_parallax_layout_bg_x_tablet&quot;:&quot;&quot;,&quot;jet_parallax_layout_bg_x_mobile&quot;:&quot;&quot;,&quot;jet_parallax_layout_bg_y&quot;:50,&quot;jet_parallax_layout_bg_y_tablet&quot;:&quot;&quot;,&quot;jet_parallax_layout_bg_y_mobile&quot;:&quot;&quot;,&quot;jet_parallax_layout_bg_size&quot;:&quot;auto&quot;,&quot;jet_parallax_layout_bg_size_tablet&quot;:&quot;&quot;,&quot;jet_parallax_layout_bg_size_mobile&quot;:&quot;&quot;,&quot;jet_parallax_layout_animation_prop&quot;:&quot;transform&quot;,&quot;jet_parallax_layout_on&quot;:[&quot;desktop&quot;,&quot;tablet&quot;]}]}\">\n\t\t\t\t\t\t<div class=\"elementor-container elementor-column-gap-default\">\n\t\t\t\t\t<div class=\"elementor-column elementor-col-50 elementor-inner-column elementor-element elementor-element-60646bf2\" data-id=\"60646bf2\" data-element_type=\"column\" data-e-type=\"column\">\n\t\t\t<div class=\"elementor-widget-wrap elementor-element-populated\">\n\t\t\t\t\t\t<div class=\"elementor-element elementor-element-15700adb elementor-view-default elementor-widget elementor-widget-icon\" data-id=\"15700adb\" data-element_type=\"widget\" data-e-type=\"widget\" data-widget_type=\"icon.default\">\n\t\t\t\t<div class=\"elementor-widget-container\">\n\t\t\t\t\t\t\t<div class=\"elementor-icon-wrapper\">\n\t\t\t<div class=\"elementor-icon\">\n\t\t\t<i aria-hidden=\"true\" class=\"fab fa-linkedin-in\"><\/i>\t\t\t<\/div>\n\t\t<\/div>\n\t\t\t\t\t\t<\/div>\n\t\t\t\t<\/div>\n\t\t\t\t\t<\/div>\n\t\t<\/div>\n\t\t\t\t<div class=\"elementor-column elementor-col-50 elementor-inner-column elementor-element elementor-element-15490b\" data-id=\"15490b\" data-element_type=\"column\" data-e-type=\"column\">\n\t\t\t<div class=\"elementor-widget-wrap elementor-element-populated\">\n\t\t\t\t\t\t<div class=\"elementor-element elementor-element-1cc52f3 elementor-widget elementor-widget-heading\" data-id=\"1cc52f3\" data-element_type=\"widget\" data-e-type=\"widget\" data-widget_type=\"heading.default\">\n\t\t\t\t<div class=\"elementor-widget-container\">\n\t\t\t\t\t<p class=\"elementor-heading-title elementor-size-default\"><a href=\"https:\/\/www.linkedin.com\/in\/ramon-sitges-hurtado-8335777\/\" target=\"_blank\">https:\/\/www.linkedin.com\/in\/ramon-sitges-hurtado-8335777\/<\/a><\/p>\t\t\t\t<\/div>\n\t\t\t\t<\/div>\n\t\t\t\t\t<\/div>\n\t\t<\/div>\n\t\t\t\t\t<\/div>\n\t\t<\/section>\n\t\t\t\t\t<\/div>\n\t\t<\/div>\n\t\t\t\t<div class=\"elementor-column elementor-col-66 elementor-top-column elementor-element elementor-element-17640048\" data-id=\"17640048\" data-element_type=\"column\" data-e-type=\"column\">\n\t\t\t<div class=\"elementor-widget-wrap elementor-element-populated\">\n\t\t\t\t\t\t<div class=\"elementor-element elementor-element-3453d9e5 elementor-widget elementor-widget-jet-breadcrumbs\" data-id=\"3453d9e5\" data-element_type=\"widget\" data-e-type=\"widget\" data-widget_type=\"jet-breadcrumbs.default\">\n\t\t\t\t<div class=\"elementor-widget-container\">\n\t\t\t\t\t<div class=\"elementor-jet-breadcrumbs jet-blocks\">\n\t\t<div class=\"jet-breadcrumbs\">\n\t\t<div class=\"jet-breadcrumbs__content\">\n\t\t<div class=\"jet-breadcrumbs__wrap\"><div class=\"jet-breadcrumbs__item\"><a href=\"https:\/\/www.neuraxpharm.com\/ch-de\/\" class=\"jet-breadcrumbs__item-link is-home\" rel=\"home\" title=\"Neuraxpharm\">Neuraxpharm<\/a><\/div>\n\t\t<\/div>\n\t\t<\/div>\n\t\t<\/div><\/div>\t\t\t\t<\/div>\n\t\t\t\t<\/div>\n\t\t\t\t<div class=\"elementor-element elementor-element-e5e84e8 elementor-widget elementor-widget-heading\" data-id=\"e5e84e8\" data-element_type=\"widget\" data-e-type=\"widget\" data-widget_type=\"heading.default\">\n\t\t\t\t<div class=\"elementor-widget-container\">\n\t\t\t\t\t<h1 class=\"elementor-heading-title elementor-size-default\">RAM\u00d3N SITGES<\/h1>\t\t\t\t<\/div>\n\t\t\t\t<\/div>\n\t\t\t\t<div class=\"elementor-element elementor-element-614cff3 elementor-widget elementor-widget-text-editor\" data-id=\"614cff3\" data-element_type=\"widget\" data-e-type=\"widget\" data-widget_type=\"text-editor.default\">\n\t\t\t\t<div class=\"elementor-widget-container\">\n\t\t\t\t\t\t\t\t\t<p><!--td {border: 1px solid #ccc;}br {mso-data-placement:same-cell;}-->Ramon Sitges hat \u00fcber 20 Jahre Erfahrung in der pharmazeutischen Industrie in verschiedenen f\u00fchrenden Rollen.<\/p><p><!--td {border: 1px solid #ccc;}br {mso-data-placement:same-cell;}-->Er ist verantwortlich f\u00fcr den technischen Betrieb und deckt mehrere Bereiche ab, darunter Pharmaproduktion, Qualit\u00e4tskontrolle, Qualit\u00e4tssicherung, Logistik (Planung, Lager, Einkauf, Artworks Design und Auftragsfertigung), Engineering, Umwelt, Gesundheit und Sicherheit, Prozessverbesserung und Technologietransfer. Seine Expertise umfasst die generische Pharmaproduktion in festen oralen Formen (Tabletten, Kapseln, Flaschen und Brause) und Fl\u00fcssigkeiten (injizierbare Arzneimittel, sterile Ohrentropfen, Augentropfen und Blasen-F\u00fcllen-Verschlie\u00dfen [BFS]) gem\u00e4\u00df GMP-Zertifizierung EMA, FDA, ANVISA, KFDA und anderen.<\/p><p><!--td {border: 1px solid #ccc;}br {mso-data-placement:same-cell;}-->Ramon Sitges ist eine F\u00fchrungspers\u00f6nlichkeit und ein Change Agent f\u00fcr den kulturellen Wandel, die Steigerung der Produktivit\u00e4t, die Maximierung der Ressourcen, die Reduzierung der Betriebskosten und die Erzielung optimaler Margen f\u00fcr das Unternehmen. Er hat insbesondere dazu beigetragen, ein leistungsstarkes Technical Operations Team und einen ma\u00dfgeschneiderten Site Master Plan zu implementieren.<\/p><p><!--td {border: 1px solid #ccc;}br {mso-data-placement:same-cell;}-->Ramon Sitges hat die Effizienz innerhalb des Standorts durch die Implementierung von Lean-Manufacturing-Instrumenten mit Fokus auf drei Dimensionen gesteigert: Leistungsmanagement (KPI, Performance Board, Meeting-Kaskadenmodell, OEE als Verbesserungshebel), Betriebssysteme (5s-Aktivit\u00e4ten, SMED, Gemba Walk) und Denkweise und Verhalten (Gefahren).<\/p><p><!--td {border: 1px solid #ccc;}br {mso-data-placement:same-cell;}-->Ramon verf\u00fcgt \u00fcber umfangreiche Erfahrungen in der pharmazeutischen Industrie, unter anderem bei der Merck-Gruppe und Menarini. Er hat einen Abschluss in Pharmazie von der Universit\u00e4t von Barcelona und einen MBA von der Hochschule ESADE.<\/p>\t\t\t\t\t\t\t\t<\/div>\n\t\t\t\t<\/div>\n\t\t\t\t\t<\/div>\n\t\t<\/div>\n\t\t\t\t\t<\/div>\n\t\t<\/section>\n\t\t\t\t<section class=\"elementor-section elementor-top-section elementor-element elementor-element-bacc1a9 elementor-section-boxed elementor-section-height-default elementor-section-height-default\" data-id=\"bacc1a9\" data-element_type=\"section\" data-e-type=\"section\" data-settings=\"{&quot;jet_parallax_layout_list&quot;:[{&quot;jet_parallax_layout_image&quot;:{&quot;url&quot;:&quot;&quot;,&quot;id&quot;:&quot;&quot;,&quot;size&quot;:&quot;&quot;},&quot;_id&quot;:&quot;e7d9f21&quot;,&quot;jet_parallax_layout_image_tablet&quot;:{&quot;url&quot;:&quot;&quot;,&quot;id&quot;:&quot;&quot;,&quot;size&quot;:&quot;&quot;},&quot;jet_parallax_layout_image_mobile&quot;:{&quot;url&quot;:&quot;&quot;,&quot;id&quot;:&quot;&quot;,&quot;size&quot;:&quot;&quot;},&quot;jet_parallax_layout_speed&quot;:{&quot;unit&quot;:&quot;%&quot;,&quot;size&quot;:50,&quot;sizes&quot;:[]},&quot;jet_parallax_layout_type&quot;:&quot;scroll&quot;,&quot;jet_parallax_layout_direction&quot;:&quot;1&quot;,&quot;jet_parallax_layout_fx_direction&quot;:null,&quot;jet_parallax_layout_z_index&quot;:&quot;&quot;,&quot;jet_parallax_layout_bg_x&quot;:50,&quot;jet_parallax_layout_bg_x_tablet&quot;:&quot;&quot;,&quot;jet_parallax_layout_bg_x_mobile&quot;:&quot;&quot;,&quot;jet_parallax_layout_bg_y&quot;:50,&quot;jet_parallax_layout_bg_y_tablet&quot;:&quot;&quot;,&quot;jet_parallax_layout_bg_y_mobile&quot;:&quot;&quot;,&quot;jet_parallax_layout_bg_size&quot;:&quot;auto&quot;,&quot;jet_parallax_layout_bg_size_tablet&quot;:&quot;&quot;,&quot;jet_parallax_layout_bg_size_mobile&quot;:&quot;&quot;,&quot;jet_parallax_layout_animation_prop&quot;:&quot;transform&quot;,&quot;jet_parallax_layout_on&quot;:[&quot;desktop&quot;,&quot;tablet&quot;]}]}\">\n\t\t\t\t\t\t<div class=\"elementor-container elementor-column-gap-default\">\n\t\t\t\t\t<div class=\"elementor-column elementor-col-100 elementor-top-column elementor-element elementor-element-7080505\" data-id=\"7080505\" data-element_type=\"column\" data-e-type=\"column\">\n\t\t\t<div class=\"elementor-widget-wrap elementor-element-populated\">\n\t\t\t\t\t\t<div class=\"elementor-element elementor-element-53f8d38 elementor-widget elementor-widget-spacer\" data-id=\"53f8d38\" data-element_type=\"widget\" data-e-type=\"widget\" data-widget_type=\"spacer.default\">\n\t\t\t\t<div class=\"elementor-widget-container\">\n\t\t\t\t\t\t\t<div class=\"elementor-spacer\">\n\t\t\t<div class=\"elementor-spacer-inner\"><\/div>\n\t\t<\/div>\n\t\t\t\t\t\t<\/div>\n\t\t\t\t<\/div>\n\t\t\t\t\t<\/div>\n\t\t<\/div>\n\t\t\t\t\t<\/div>\n\t\t<\/section>\n\t\t\t\t<\/div>\n\t\t","protected":false},"excerpt":{"rendered":"<p>https:\/\/www.linkedin.com\/in\/ramon-sitges-hurtado-8335777\/ Neuraxpharm RAM\u00d3N SITGES Ramon Sitges hat \u00fcber 20 Jahre Erfahrung in der pharmazeutischen Industrie in verschiedenen f\u00fchrenden Rollen. Er ist verantwortlich f\u00fcr den technischen Betrieb und deckt mehrere Bereiche ab, darunter Pharmaproduktion, Qualit\u00e4tskontrolle, Qualit\u00e4tssicherung, Logistik (Planung, Lager, Einkauf, Artworks Design und Auftragsfertigung), Engineering, Umwelt, Gesundheit und Sicherheit, Prozessverbesserung und Technologietransfer. Seine Expertise umfasst die [&hellip;]<\/p>\n","protected":false},"author":2,"featured_media":0,"parent":1998,"menu_order":0,"comment_status":"closed","ping_status":"closed","template":"elementor_header_footer","meta":{"_acf_changed":false,"footnotes":""},"class_list":["post-16216","page","type-page","status-publish","hentry"],"yoast_head":"<!-- This site is optimized with the Yoast SEO Premium plugin v27.2 (Yoast SEO v27.2) - https:\/\/yoast.com\/product\/yoast-seo-premium-wordpress\/ -->\n<title>RAM\u00d3N SITGES - Neuraxpharm Switzerland<\/title>\n<meta name=\"robots\" content=\"index, follow, max-snippet:-1, max-image-preview:large, max-video-preview:-1\" \/>\n<link rel=\"canonical\" href=\"https:\/\/www.neuraxpharm.com\/ch-de\/uber-uns\/geschaeftsfuehrung\/ramon-sitges\" \/>\n<meta property=\"og:locale\" content=\"de_DE\" \/>\n<meta property=\"og:type\" content=\"article\" \/>\n<meta property=\"og:title\" content=\"RAM\u00d3N SITGES\" \/>\n<meta property=\"og:description\" content=\"https:\/\/www.linkedin.com\/in\/ramon-sitges-hurtado-8335777\/ Neuraxpharm RAM\u00d3N SITGES Ramon Sitges hat \u00fcber 20 Jahre Erfahrung in der pharmazeutischen Industrie in verschiedenen f\u00fchrenden Rollen. Er ist verantwortlich f\u00fcr den technischen Betrieb und deckt mehrere Bereiche ab, darunter Pharmaproduktion, Qualit\u00e4tskontrolle, Qualit\u00e4tssicherung, Logistik (Planung, Lager, Einkauf, Artworks Design und Auftragsfertigung), Engineering, Umwelt, Gesundheit und Sicherheit, Prozessverbesserung und Technologietransfer. Seine Expertise umfasst die [&hellip;]\" \/>\n<meta property=\"og:url\" content=\"https:\/\/www.neuraxpharm.com\/ch-de\/uber-uns\/geschaeftsfuehrung\/ramon-sitges\" \/>\n<meta property=\"og:site_name\" content=\"Neuraxpharm Switzerland\" \/>\n<meta property=\"article:modified_time\" content=\"2021-04-21T18:12:52+00:00\" \/>\n<meta property=\"og:image\" content=\"https:\/\/www.neuraxpharm.com\/ch\/wp-content\/uploads\/sites\/14\/2021\/03\/exectuvie-1.jpg\" \/>\n<meta name=\"twitter:card\" content=\"summary_large_image\" \/>\n<meta name=\"twitter:label1\" content=\"Est. reading time\" \/>\n\t<meta name=\"twitter:data1\" content=\"2\u00a0Minuten\" \/>\n<script type=\"application\/ld+json\" class=\"yoast-schema-graph\">{\"@context\":\"https:\/\/schema.org\",\"@graph\":[{\"@type\":\"WebPage\",\"@id\":\"https:\/\/www.neuraxpharm.com\/ch-de\/uber-uns\/geschaeftsfuehrung\/ramon-sitges\",\"url\":\"https:\/\/www.neuraxpharm.com\/ch-de\/uber-uns\/geschaeftsfuehrung\/ramon-sitges\",\"name\":\"RAM\u00d3N SITGES - Neuraxpharm Switzerland\",\"isPartOf\":{\"@id\":\"https:\/\/www.neuraxpharm.com\/ch-de\/#website\"},\"primaryImageOfPage\":{\"@id\":\"https:\/\/www.neuraxpharm.com\/ch-de\/uber-uns\/geschaeftsfuehrung\/ramon-sitges#primaryimage\"},\"image\":{\"@id\":\"https:\/\/www.neuraxpharm.com\/ch-de\/uber-uns\/geschaeftsfuehrung\/ramon-sitges#primaryimage\"},\"thumbnailUrl\":\"https:\/\/www.neuraxpharm.com\/ch\/wp-content\/uploads\/sites\/14\/2021\/03\/exectuvie-1.jpg\",\"datePublished\":\"2021-04-13T11:03:32+00:00\",\"dateModified\":\"2021-04-21T18:12:52+00:00\",\"breadcrumb\":{\"@id\":\"https:\/\/www.neuraxpharm.com\/ch-de\/uber-uns\/geschaeftsfuehrung\/ramon-sitges#breadcrumb\"},\"inLanguage\":\"de-CH\",\"potentialAction\":[{\"@type\":\"ReadAction\",\"target\":[\"https:\/\/www.neuraxpharm.com\/ch-de\/uber-uns\/geschaeftsfuehrung\/ramon-sitges\"]}]},{\"@type\":\"ImageObject\",\"inLanguage\":\"de-CH\",\"@id\":\"https:\/\/www.neuraxpharm.com\/ch-de\/uber-uns\/geschaeftsfuehrung\/ramon-sitges#primaryimage\",\"url\":\"https:\/\/www.neuraxpharm.com\/ch\/wp-content\/uploads\/sites\/14\/2021\/03\/exectuvie-1.jpg\",\"contentUrl\":\"https:\/\/www.neuraxpharm.com\/ch\/wp-content\/uploads\/sites\/14\/2021\/03\/exectuvie-1.jpg\"},{\"@type\":\"BreadcrumbList\",\"@id\":\"https:\/\/www.neuraxpharm.com\/ch-de\/uber-uns\/geschaeftsfuehrung\/ramon-sitges#breadcrumb\",\"itemListElement\":[{\"@type\":\"ListItem\",\"position\":1,\"name\":\"\u00dcber uns\",\"item\":\"https:\/\/www.neuraxpharm.com\/ch-de\/uber-uns\"},{\"@type\":\"ListItem\",\"position\":2,\"name\":\"Gesch\u00e4ftsf\u00fchrung\",\"item\":\"https:\/\/www.neuraxpharm.com\/ch-de\/uber-uns\/geschaeftsfuehrung\"},{\"@type\":\"ListItem\",\"position\":3,\"name\":\"RAM\u00d3N SITGES\"}]},{\"@type\":\"WebSite\",\"@id\":\"https:\/\/www.neuraxpharm.com\/ch-de\/#website\",\"url\":\"https:\/\/www.neuraxpharm.com\/ch-de\/\",\"name\":\"Neuraxpharm Switzerland\",\"description\":\"Ein europ\u00e4ischer Marktf\u00fchrer f\u00fcr CNS-Produkte\",\"potentialAction\":[{\"@type\":\"SearchAction\",\"target\":{\"@type\":\"EntryPoint\",\"urlTemplate\":\"https:\/\/www.neuraxpharm.com\/ch-de\/?s={search_term_string}\"},\"query-input\":{\"@type\":\"PropertyValueSpecification\",\"valueRequired\":true,\"valueName\":\"search_term_string\"}}],\"inLanguage\":\"de-CH\"}]}<\/script>\n<!-- \/ Yoast SEO Premium plugin. -->","yoast_head_json":{"title":"RAM\u00d3N SITGES - Neuraxpharm Switzerland","robots":{"index":"index","follow":"follow","max-snippet":"max-snippet:-1","max-image-preview":"max-image-preview:large","max-video-preview":"max-video-preview:-1"},"canonical":"https:\/\/www.neuraxpharm.com\/ch-de\/uber-uns\/geschaeftsfuehrung\/ramon-sitges","og_locale":"de_DE","og_type":"article","og_title":"RAM\u00d3N SITGES","og_description":"https:\/\/www.linkedin.com\/in\/ramon-sitges-hurtado-8335777\/ Neuraxpharm RAM\u00d3N SITGES Ramon Sitges hat \u00fcber 20 Jahre Erfahrung in der pharmazeutischen Industrie in verschiedenen f\u00fchrenden Rollen. Er ist verantwortlich f\u00fcr den technischen Betrieb und deckt mehrere Bereiche ab, darunter Pharmaproduktion, Qualit\u00e4tskontrolle, Qualit\u00e4tssicherung, Logistik (Planung, Lager, Einkauf, Artworks Design und Auftragsfertigung), Engineering, Umwelt, Gesundheit und Sicherheit, Prozessverbesserung und Technologietransfer. Seine Expertise umfasst die [&hellip;]","og_url":"https:\/\/www.neuraxpharm.com\/ch-de\/uber-uns\/geschaeftsfuehrung\/ramon-sitges","og_site_name":"Neuraxpharm Switzerland","article_modified_time":"2021-04-21T18:12:52+00:00","og_image":[{"url":"https:\/\/www.neuraxpharm.com\/ch\/wp-content\/uploads\/sites\/14\/2021\/03\/exectuvie-1.jpg","type":"","width":"","height":""}],"twitter_card":"summary_large_image","twitter_misc":{"Est. reading time":"2\u00a0Minuten"},"schema":{"@context":"https:\/\/schema.org","@graph":[{"@type":"WebPage","@id":"https:\/\/www.neuraxpharm.com\/ch-de\/uber-uns\/geschaeftsfuehrung\/ramon-sitges","url":"https:\/\/www.neuraxpharm.com\/ch-de\/uber-uns\/geschaeftsfuehrung\/ramon-sitges","name":"RAM\u00d3N SITGES - Neuraxpharm Switzerland","isPartOf":{"@id":"https:\/\/www.neuraxpharm.com\/ch-de\/#website"},"primaryImageOfPage":{"@id":"https:\/\/www.neuraxpharm.com\/ch-de\/uber-uns\/geschaeftsfuehrung\/ramon-sitges#primaryimage"},"image":{"@id":"https:\/\/www.neuraxpharm.com\/ch-de\/uber-uns\/geschaeftsfuehrung\/ramon-sitges#primaryimage"},"thumbnailUrl":"https:\/\/www.neuraxpharm.com\/ch\/wp-content\/uploads\/sites\/14\/2021\/03\/exectuvie-1.jpg","datePublished":"2021-04-13T11:03:32+00:00","dateModified":"2021-04-21T18:12:52+00:00","breadcrumb":{"@id":"https:\/\/www.neuraxpharm.com\/ch-de\/uber-uns\/geschaeftsfuehrung\/ramon-sitges#breadcrumb"},"inLanguage":"de-CH","potentialAction":[{"@type":"ReadAction","target":["https:\/\/www.neuraxpharm.com\/ch-de\/uber-uns\/geschaeftsfuehrung\/ramon-sitges"]}]},{"@type":"ImageObject","inLanguage":"de-CH","@id":"https:\/\/www.neuraxpharm.com\/ch-de\/uber-uns\/geschaeftsfuehrung\/ramon-sitges#primaryimage","url":"https:\/\/www.neuraxpharm.com\/ch\/wp-content\/uploads\/sites\/14\/2021\/03\/exectuvie-1.jpg","contentUrl":"https:\/\/www.neuraxpharm.com\/ch\/wp-content\/uploads\/sites\/14\/2021\/03\/exectuvie-1.jpg"},{"@type":"BreadcrumbList","@id":"https:\/\/www.neuraxpharm.com\/ch-de\/uber-uns\/geschaeftsfuehrung\/ramon-sitges#breadcrumb","itemListElement":[{"@type":"ListItem","position":1,"name":"\u00dcber uns","item":"https:\/\/www.neuraxpharm.com\/ch-de\/uber-uns"},{"@type":"ListItem","position":2,"name":"Gesch\u00e4ftsf\u00fchrung","item":"https:\/\/www.neuraxpharm.com\/ch-de\/uber-uns\/geschaeftsfuehrung"},{"@type":"ListItem","position":3,"name":"RAM\u00d3N SITGES"}]},{"@type":"WebSite","@id":"https:\/\/www.neuraxpharm.com\/ch-de\/#website","url":"https:\/\/www.neuraxpharm.com\/ch-de\/","name":"Neuraxpharm Switzerland","description":"Ein europ\u00e4ischer Marktf\u00fchrer f\u00fcr CNS-Produkte","potentialAction":[{"@type":"SearchAction","target":{"@type":"EntryPoint","urlTemplate":"https:\/\/www.neuraxpharm.com\/ch-de\/?s={search_term_string}"},"query-input":{"@type":"PropertyValueSpecification","valueRequired":true,"valueName":"search_term_string"}}],"inLanguage":"de-CH"}]}},"acf":[],"_links":{"self":[{"href":"https:\/\/www.neuraxpharm.com\/ch-de\/wp-json\/wp\/v2\/pages\/16216","targetHints":{"allow":["GET"]}}],"collection":[{"href":"https:\/\/www.neuraxpharm.com\/ch-de\/wp-json\/wp\/v2\/pages"}],"about":[{"href":"https:\/\/www.neuraxpharm.com\/ch-de\/wp-json\/wp\/v2\/types\/page"}],"author":[{"embeddable":true,"href":"https:\/\/www.neuraxpharm.com\/ch-de\/wp-json\/wp\/v2\/users\/2"}],"replies":[{"embeddable":true,"href":"https:\/\/www.neuraxpharm.com\/ch-de\/wp-json\/wp\/v2\/comments?post=16216"}],"version-history":[{"count":13,"href":"https:\/\/www.neuraxpharm.com\/ch-de\/wp-json\/wp\/v2\/pages\/16216\/revisions"}],"predecessor-version":[{"id":17576,"href":"https:\/\/www.neuraxpharm.com\/ch-de\/wp-json\/wp\/v2\/pages\/16216\/revisions\/17576"}],"up":[{"embeddable":true,"href":"https:\/\/www.neuraxpharm.com\/ch-de\/wp-json\/wp\/v2\/pages\/1998"}],"wp:attachment":[{"href":"https:\/\/www.neuraxpharm.com\/ch-de\/wp-json\/wp\/v2\/media?parent=16216"}],"curies":[{"name":"wp","href":"https:\/\/api.w.org\/{rel}","templated":true}]}}