{"id":211,"date":"2025-12-09T10:59:00","date_gmt":"2025-12-09T09:59:00","guid":{"rendered":"https:\/\/www.neuraxpharm.com\/br\/?page_id=211"},"modified":"2025-12-09T10:59:00","modified_gmt":"2025-12-09T09:59:00","slug":"javier-mercade","status":"publish","type":"page","link":"https:\/\/www.neuraxpharm.com\/br\/quem-somos\/comite-executivo\/javier-mercade\/","title":{"rendered":"JAVIER MERCAD\u00c9"},"content":{"rendered":"\t\t<div data-elementor-type=\"wp-page\" data-elementor-id=\"211\" class=\"elementor elementor-211\" data-elementor-post-type=\"page\">\n\t\t\t\t\t\t<section class=\"elementor-section elementor-top-section elementor-element elementor-element-62ee27c elementor-section-boxed elementor-section-height-default elementor-section-height-default\" data-id=\"62ee27c\" data-element_type=\"section\" data-e-type=\"section\" data-settings=\"{&quot;jet_parallax_layout_list&quot;:[{&quot;jet_parallax_layout_image&quot;:{&quot;url&quot;:&quot;&quot;,&quot;id&quot;:&quot;&quot;,&quot;size&quot;:&quot;&quot;},&quot;_id&quot;:&quot;f02b98c&quot;,&quot;jet_parallax_layout_image_tablet&quot;:{&quot;url&quot;:&quot;&quot;,&quot;id&quot;:&quot;&quot;,&quot;size&quot;:&quot;&quot;},&quot;jet_parallax_layout_image_mobile&quot;:{&quot;url&quot;:&quot;&quot;,&quot;id&quot;:&quot;&quot;,&quot;size&quot;:&quot;&quot;},&quot;jet_parallax_layout_speed&quot;:{&quot;unit&quot;:&quot;%&quot;,&quot;size&quot;:50,&quot;sizes&quot;:[]},&quot;jet_parallax_layout_type&quot;:&quot;scroll&quot;,&quot;jet_parallax_layout_direction&quot;:&quot;1&quot;,&quot;jet_parallax_layout_fx_direction&quot;:null,&quot;jet_parallax_layout_z_index&quot;:&quot;&quot;,&quot;jet_parallax_layout_bg_x&quot;:50,&quot;jet_parallax_layout_bg_x_tablet&quot;:&quot;&quot;,&quot;jet_parallax_layout_bg_x_mobile&quot;:&quot;&quot;,&quot;jet_parallax_layout_bg_y&quot;:50,&quot;jet_parallax_layout_bg_y_tablet&quot;:&quot;&quot;,&quot;jet_parallax_layout_bg_y_mobile&quot;:&quot;&quot;,&quot;jet_parallax_layout_bg_size&quot;:&quot;auto&quot;,&quot;jet_parallax_layout_bg_size_tablet&quot;:&quot;&quot;,&quot;jet_parallax_layout_bg_size_mobile&quot;:&quot;&quot;,&quot;jet_parallax_layout_animation_prop&quot;:&quot;transform&quot;,&quot;jet_parallax_layout_on&quot;:[&quot;desktop&quot;,&quot;tablet&quot;]}]}\">\n\t\t\t\t\t\t<div class=\"elementor-container elementor-column-gap-default\">\n\t\t\t\t\t<div class=\"elementor-column elementor-col-33 elementor-top-column elementor-element elementor-element-4308dac\" data-id=\"4308dac\" data-element_type=\"column\" data-e-type=\"column\">\n\t\t\t<div class=\"elementor-widget-wrap elementor-element-populated\">\n\t\t\t\t\t\t<div class=\"elementor-element elementor-element-2448d60 elementor-widget elementor-widget-image\" data-id=\"2448d60\" data-element_type=\"widget\" data-e-type=\"widget\" data-widget_type=\"image.default\">\n\t\t\t\t\t\t\t\t\t\t\t\t\t\t\t<img fetchpriority=\"high\" decoding=\"async\" width=\"716\" height=\"700\" src=\"https:\/\/static.neuraxpharm.com\/wp-content\/uploads\/sites\/56\/2025\/08\/21122506\/javier-mercade-2-1-1.jpg\" class=\"attachment-large size-large wp-image-214\" alt=\"\" srcset=\"https:\/\/static.neuraxpharm.com\/wp-content\/uploads\/sites\/56\/2025\/08\/21122506\/javier-mercade-2-1-1.jpg 716w, https:\/\/static.neuraxpharm.com\/wp-content\/uploads\/sites\/56\/2025\/08\/21122506\/javier-mercade-2-1-1-300x293.jpg 300w\" sizes=\"(max-width: 716px) 100vw, 716px\" \/>\t\t\t\t\t\t\t\t\t\t\t\t\t\t\t<\/div>\n\t\t\t\t<section class=\"elementor-section elementor-inner-section elementor-element elementor-element-8d9b7fd elementor-section-content-top elementor-section-boxed elementor-section-height-default elementor-section-height-default\" data-id=\"8d9b7fd\" data-element_type=\"section\" data-e-type=\"section\" data-settings=\"{&quot;jet_parallax_layout_list&quot;:[{&quot;jet_parallax_layout_image&quot;:{&quot;url&quot;:&quot;&quot;,&quot;id&quot;:&quot;&quot;,&quot;size&quot;:&quot;&quot;},&quot;_id&quot;:&quot;5f899ce&quot;,&quot;jet_parallax_layout_image_tablet&quot;:{&quot;url&quot;:&quot;&quot;,&quot;id&quot;:&quot;&quot;,&quot;size&quot;:&quot;&quot;},&quot;jet_parallax_layout_image_mobile&quot;:{&quot;url&quot;:&quot;&quot;,&quot;id&quot;:&quot;&quot;,&quot;size&quot;:&quot;&quot;},&quot;jet_parallax_layout_speed&quot;:{&quot;unit&quot;:&quot;%&quot;,&quot;size&quot;:50,&quot;sizes&quot;:[]},&quot;jet_parallax_layout_type&quot;:&quot;scroll&quot;,&quot;jet_parallax_layout_direction&quot;:&quot;1&quot;,&quot;jet_parallax_layout_fx_direction&quot;:null,&quot;jet_parallax_layout_z_index&quot;:&quot;&quot;,&quot;jet_parallax_layout_bg_x&quot;:50,&quot;jet_parallax_layout_bg_x_tablet&quot;:&quot;&quot;,&quot;jet_parallax_layout_bg_x_mobile&quot;:&quot;&quot;,&quot;jet_parallax_layout_bg_y&quot;:50,&quot;jet_parallax_layout_bg_y_tablet&quot;:&quot;&quot;,&quot;jet_parallax_layout_bg_y_mobile&quot;:&quot;&quot;,&quot;jet_parallax_layout_bg_size&quot;:&quot;auto&quot;,&quot;jet_parallax_layout_bg_size_tablet&quot;:&quot;&quot;,&quot;jet_parallax_layout_bg_size_mobile&quot;:&quot;&quot;,&quot;jet_parallax_layout_animation_prop&quot;:&quot;transform&quot;,&quot;jet_parallax_layout_on&quot;:[&quot;desktop&quot;,&quot;tablet&quot;]}]}\">\n\t\t\t\t\t\t<div class=\"elementor-container elementor-column-gap-default\">\n\t\t\t\t\t<div class=\"elementor-column elementor-col-50 elementor-inner-column elementor-element elementor-element-ff55aca\" data-id=\"ff55aca\" data-element_type=\"column\" data-e-type=\"column\">\n\t\t\t<div class=\"elementor-widget-wrap elementor-element-populated\">\n\t\t\t\t\t\t<div class=\"elementor-element elementor-element-2d6846b elementor-view-default elementor-widget elementor-widget-icon\" data-id=\"2d6846b\" data-element_type=\"widget\" data-e-type=\"widget\" data-widget_type=\"icon.default\">\n\t\t\t\t\t\t\t<div class=\"elementor-icon-wrapper\">\n\t\t\t<div class=\"elementor-icon\">\n\t\t\t<svg aria-hidden=\"true\" class=\"e-font-icon-svg e-fab-linkedin-in\" viewBox=\"0 0 448 512\" xmlns=\"http:\/\/www.w3.org\/2000\/svg\"><path d=\"M100.28 448H7.4V148.9h92.88zM53.79 108.1C24.09 108.1 0 83.5 0 53.8a53.79 53.79 0 0 1 107.58 0c0 29.7-24.1 54.3-53.79 54.3zM447.9 448h-92.68V302.4c0-34.7-.7-79.2-48.29-79.2-48.29 0-55.69 37.7-55.69 76.7V448h-92.78V148.9h89.08v40.8h1.3c12.4-23.5 42.69-48.3 87.88-48.3 94 0 111.28 61.9 111.28 142.3V448z\"><\/path><\/svg>\t\t\t<\/div>\n\t\t<\/div>\n\t\t\t\t\t\t<\/div>\n\t\t\t\t\t<\/div>\n\t\t<\/div>\n\t\t\t\t<div class=\"elementor-column elementor-col-50 elementor-inner-column elementor-element elementor-element-527df70\" data-id=\"527df70\" data-element_type=\"column\" data-e-type=\"column\">\n\t\t\t<div class=\"elementor-widget-wrap elementor-element-populated\">\n\t\t\t\t\t\t<div class=\"elementor-element elementor-element-616a203 elementor-widget elementor-widget-heading\" data-id=\"616a203\" data-element_type=\"widget\" data-e-type=\"widget\" data-widget_type=\"heading.default\">\n\t\t\t\t\t<p class=\"elementor-heading-title elementor-size-default\"><a href=\"https:\/\/www.linkedin.com\/in\/javier-mercad%C3%A9-a592552b\/\" target=\"_blank\">https:\/\/www.linkedin.com\/in\/javier-mercad%C3%A9-a592552b\/<\/a><\/p>\t\t\t\t<\/div>\n\t\t\t\t\t<\/div>\n\t\t<\/div>\n\t\t\t\t\t<\/div>\n\t\t<\/section>\n\t\t\t\t\t<\/div>\n\t\t<\/div>\n\t\t\t\t<div class=\"elementor-column elementor-col-66 elementor-top-column elementor-element elementor-element-926c7b4\" data-id=\"926c7b4\" data-element_type=\"column\" data-e-type=\"column\">\n\t\t\t<div class=\"elementor-widget-wrap elementor-element-populated\">\n\t\t\t\t\t\t<div class=\"elementor-element elementor-element-e38f002 elementor-widget elementor-widget-jet-breadcrumbs\" data-id=\"e38f002\" data-element_type=\"widget\" data-e-type=\"widget\" data-widget_type=\"jet-breadcrumbs.default\">\n\t\t\t\t<div class=\"elementor-widget-container\">\n\t\t\t\t\t<div class=\"elementor-jet-breadcrumbs jet-blocks\">\n\t\t<div class=\"jet-breadcrumbs\">\n\t\t<div class=\"jet-breadcrumbs__content\">\n\t\t<div class=\"jet-breadcrumbs__wrap\"><div class=\"jet-breadcrumbs__item\"><a href=\"https:\/\/www.neuraxpharm.com\/br\/\" class=\"jet-breadcrumbs__item-link is-home\" rel=\"home\" title=\"Neuraxpharm\">Neuraxpharm<\/a><\/div>\n\t\t<\/div>\n\t\t<\/div>\n\t\t<\/div><\/div>\t\t\t\t<\/div>\n\t\t\t\t<\/div>\n\t\t\t\t<div class=\"elementor-element elementor-element-78941e1 elementor-widget elementor-widget-heading\" data-id=\"78941e1\" data-element_type=\"widget\" data-e-type=\"widget\" data-widget_type=\"heading.default\">\n\t\t\t\t\t<h1 class=\"elementor-heading-title elementor-size-default\">JAVIER MERCAD\u00c9<\/h1>\t\t\t\t<\/div>\n\t\t\t\t<div class=\"elementor-element elementor-element-0464473 elementor-widget elementor-widget-text-editor\" data-id=\"0464473\" data-element_type=\"widget\" data-e-type=\"widget\" data-widget_type=\"text-editor.default\">\n\t\t\t\t\t\t\t\t\t<p>Javier Mercad\u00e9 \u00e9 o Conselheiro Executivo do Diretor Executivo da Neuraxpharm. Tem mais de 25 anos de experi\u00eancia na ind\u00fastria farmac\u00eautica em v\u00e1rios cargos de chefia.<\/p><p>Javier entrou para a Neuraxpharm em 2006 como Diretor Geral da Neuraxpharm Espanha. Posteriormente, assumiu outras fun\u00e7\u00f5es empresariais relacionadas com a cria\u00e7\u00e3o, integra\u00e7\u00e3o e desenvolvimento de novas filiais como Diretor de Mercados em Crescimento antes de assumir o seu cargo atual de consultor do CEO.<\/p><p>Anteriormente, Javier desempenhou v\u00e1rias fun\u00e7\u00f5es comerciais diferentes na Procter &amp; Gamble, Vita, Roche e Prodesfarma. \u00c9 licenciado em Farm\u00e1cia pela Universidade de Barcelona e, a n\u00edvel empresarial, tem um MBA da ESADE e um PDG da IESE Business School.<\/p>\t\t\t\t\t\t\t\t<\/div>\n\t\t\t\t\t<\/div>\n\t\t<\/div>\n\t\t\t\t\t<\/div>\n\t\t<\/section>\n\t\t\t\t<section class=\"elementor-section elementor-top-section elementor-element elementor-element-d3fc61e elementor-section-boxed elementor-section-height-default elementor-section-height-default\" data-id=\"d3fc61e\" data-element_type=\"section\" data-e-type=\"section\" data-settings=\"{&quot;jet_parallax_layout_list&quot;:[{&quot;jet_parallax_layout_image&quot;:{&quot;url&quot;:&quot;&quot;,&quot;id&quot;:&quot;&quot;,&quot;size&quot;:&quot;&quot;},&quot;_id&quot;:&quot;e7d9f21&quot;,&quot;jet_parallax_layout_image_tablet&quot;:{&quot;url&quot;:&quot;&quot;,&quot;id&quot;:&quot;&quot;,&quot;size&quot;:&quot;&quot;},&quot;jet_parallax_layout_image_mobile&quot;:{&quot;url&quot;:&quot;&quot;,&quot;id&quot;:&quot;&quot;,&quot;size&quot;:&quot;&quot;},&quot;jet_parallax_layout_speed&quot;:{&quot;unit&quot;:&quot;%&quot;,&quot;size&quot;:50,&quot;sizes&quot;:[]},&quot;jet_parallax_layout_type&quot;:&quot;scroll&quot;,&quot;jet_parallax_layout_direction&quot;:&quot;1&quot;,&quot;jet_parallax_layout_fx_direction&quot;:null,&quot;jet_parallax_layout_z_index&quot;:&quot;&quot;,&quot;jet_parallax_layout_bg_x&quot;:50,&quot;jet_parallax_layout_bg_x_tablet&quot;:&quot;&quot;,&quot;jet_parallax_layout_bg_x_mobile&quot;:&quot;&quot;,&quot;jet_parallax_layout_bg_y&quot;:50,&quot;jet_parallax_layout_bg_y_tablet&quot;:&quot;&quot;,&quot;jet_parallax_layout_bg_y_mobile&quot;:&quot;&quot;,&quot;jet_parallax_layout_bg_size&quot;:&quot;auto&quot;,&quot;jet_parallax_layout_bg_size_tablet&quot;:&quot;&quot;,&quot;jet_parallax_layout_bg_size_mobile&quot;:&quot;&quot;,&quot;jet_parallax_layout_animation_prop&quot;:&quot;transform&quot;,&quot;jet_parallax_layout_on&quot;:[&quot;desktop&quot;,&quot;tablet&quot;]}]}\">\n\t\t\t\t\t\t<div class=\"elementor-container elementor-column-gap-default\">\n\t\t\t\t\t<div class=\"elementor-column elementor-col-100 elementor-top-column elementor-element elementor-element-d42d1d6\" data-id=\"d42d1d6\" data-element_type=\"column\" data-e-type=\"column\">\n\t\t\t<div class=\"elementor-widget-wrap elementor-element-populated\">\n\t\t\t\t\t\t<div class=\"elementor-element elementor-element-6ea546d elementor-widget elementor-widget-spacer\" data-id=\"6ea546d\" data-element_type=\"widget\" data-e-type=\"widget\" data-widget_type=\"spacer.default\">\n\t\t\t\t\t\t\t<div class=\"elementor-spacer\">\n\t\t\t<div class=\"elementor-spacer-inner\"><\/div>\n\t\t<\/div>\n\t\t\t\t\t\t<\/div>\n\t\t\t\t\t<\/div>\n\t\t<\/div>\n\t\t\t\t\t<\/div>\n\t\t<\/section>\n\t\t\t\t<\/div>\n\t\t","protected":false},"excerpt":{"rendered":"<p>https:\/\/www.linkedin.com\/in\/javier-mercad%C3%A9-a592552b\/ Neuraxpharm JAVIER MERCAD\u00c9 Javier Mercad\u00e9 \u00e9 o Conselheiro Executivo do Diretor Executivo da Neuraxpharm. Tem mais de 25 anos de experi\u00eancia na ind\u00fastria farmac\u00eautica em v\u00e1rios cargos de chefia. Javier entrou para a Neuraxpharm em 2006 como Diretor Geral da Neuraxpharm Espanha. Posteriormente, assumiu outras fun\u00e7\u00f5es empresariais relacionadas com a cria\u00e7\u00e3o, integra\u00e7\u00e3o e desenvolvimento [&hellip;]<\/p>\n","protected":false},"author":2493,"featured_media":0,"parent":148,"menu_order":0,"comment_status":"closed","ping_status":"closed","template":"elementor_header_footer","meta":{"_acf_changed":false,"footnotes":""},"class_list":["post-211","page","type-page","status-publish","hentry"],"yoast_head":"<!-- This site is optimized with the Yoast SEO Premium plugin v27.2 (Yoast SEO v27.2) - https:\/\/yoast.com\/product\/yoast-seo-premium-wordpress\/ -->\n<title>JAVIER MERCAD\u00c9 - Neuraxpharm Brasil<\/title>\n<meta name=\"robots\" content=\"index, follow, max-snippet:-1, max-image-preview:large, max-video-preview:-1\" \/>\n<link rel=\"canonical\" href=\"https:\/\/www.neuraxpharm.com\/br\/quem-somos\/comite-executivo\/javier-mercade\" \/>\n<meta property=\"og:locale\" content=\"en_US\" \/>\n<meta property=\"og:type\" content=\"article\" \/>\n<meta property=\"og:title\" content=\"JAVIER MERCAD\u00c9\" \/>\n<meta property=\"og:description\" content=\"https:\/\/www.linkedin.com\/in\/javier-mercad%C3%A9-a592552b\/ Neuraxpharm JAVIER MERCAD\u00c9 Javier Mercad\u00e9 \u00e9 o Conselheiro Executivo do Diretor Executivo da Neuraxpharm. Tem mais de 25 anos de experi\u00eancia na ind\u00fastria farmac\u00eautica em v\u00e1rios cargos de chefia. Javier entrou para a Neuraxpharm em 2006 como Diretor Geral da Neuraxpharm Espanha. Posteriormente, assumiu outras fun\u00e7\u00f5es empresariais relacionadas com a cria\u00e7\u00e3o, integra\u00e7\u00e3o e desenvolvimento [&hellip;]\" \/>\n<meta property=\"og:url\" content=\"https:\/\/www.neuraxpharm.com\/br\/quem-somos\/comite-executivo\/javier-mercade\/\" \/>\n<meta property=\"og:site_name\" content=\"Neuraxpharm Brasil\" \/>\n<meta property=\"og:image\" content=\"https:\/\/www.neuraxpharm.com\/br\/wp-content\/uploads\/sites\/56\/2025\/08\/javier-mercade-2-1-1.jpg\" \/>\n<meta name=\"twitter:card\" content=\"summary_large_image\" \/>\n<meta name=\"twitter:label1\" content=\"Est. reading time\" \/>\n\t<meta name=\"twitter:data1\" content=\"1 minute\" \/>\n<script type=\"application\/ld+json\" class=\"yoast-schema-graph\">{\"@context\":\"https:\/\/schema.org\",\"@graph\":[{\"@type\":\"WebPage\",\"@id\":\"https:\/\/www.neuraxpharm.com\/br\/quem-somos\/comite-executivo\/javier-mercade\/\",\"url\":\"https:\/\/www.neuraxpharm.com\/br\/quem-somos\/comite-executivo\/javier-mercade\/\",\"name\":\"JAVIER MERCAD\u00c9 - Neuraxpharm Brasil\",\"isPartOf\":{\"@id\":\"https:\/\/www.neuraxpharm.com\/br\/#website\"},\"primaryImageOfPage\":{\"@id\":\"https:\/\/www.neuraxpharm.com\/br\/quem-somos\/comite-executivo\/javier-mercade\/#primaryimage\"},\"image\":{\"@id\":\"https:\/\/www.neuraxpharm.com\/br\/quem-somos\/comite-executivo\/javier-mercade\/#primaryimage\"},\"thumbnailUrl\":\"https:\/\/www.neuraxpharm.com\/br\/wp-content\/uploads\/sites\/56\/2025\/08\/javier-mercade-2-1-1.jpg\",\"datePublished\":\"2025-12-09T09:59:00+00:00\",\"breadcrumb\":{\"@id\":\"https:\/\/www.neuraxpharm.com\/br\/quem-somos\/comite-executivo\/javier-mercade\/#breadcrumb\"},\"inLanguage\":\"en-US\",\"potentialAction\":[{\"@type\":\"ReadAction\",\"target\":[\"https:\/\/www.neuraxpharm.com\/br\/quem-somos\/comite-executivo\/javier-mercade\/\"]}]},{\"@type\":\"ImageObject\",\"inLanguage\":\"en-US\",\"@id\":\"https:\/\/www.neuraxpharm.com\/br\/quem-somos\/comite-executivo\/javier-mercade\/#primaryimage\",\"url\":\"https:\/\/static.neuraxpharm.com\/wp-content\/uploads\/sites\/56\/2025\/08\/21122506\/javier-mercade-2-1-1.jpg\",\"contentUrl\":\"https:\/\/static.neuraxpharm.com\/wp-content\/uploads\/sites\/56\/2025\/08\/21122506\/javier-mercade-2-1-1.jpg\",\"width\":716,\"height\":700},{\"@type\":\"BreadcrumbList\",\"@id\":\"https:\/\/www.neuraxpharm.com\/br\/quem-somos\/comite-executivo\/javier-mercade\/#breadcrumb\",\"itemListElement\":[{\"@type\":\"ListItem\",\"position\":1,\"name\":\"Portada\",\"item\":\"https:\/\/www.neuraxpharm.com\/br\/\"},{\"@type\":\"ListItem\",\"position\":2,\"name\":\"Quem somos\",\"item\":\"https:\/\/www.neuraxpharm.com\/br\/quem-somos\/\"},{\"@type\":\"ListItem\",\"position\":3,\"name\":\"Comit\u00e9 Executivo\",\"item\":\"https:\/\/www.neuraxpharm.com\/br\/quem-somos\/comite-executivo\/\"},{\"@type\":\"ListItem\",\"position\":4,\"name\":\"JAVIER MERCAD\u00c9\"}]},{\"@type\":\"WebSite\",\"@id\":\"https:\/\/www.neuraxpharm.com\/br\/#website\",\"url\":\"https:\/\/www.neuraxpharm.com\/br\/\",\"name\":\"Neuraxpharm Brasil\",\"description\":\"\",\"potentialAction\":[{\"@type\":\"SearchAction\",\"target\":{\"@type\":\"EntryPoint\",\"urlTemplate\":\"https:\/\/www.neuraxpharm.com\/br\/?s={search_term_string}\"},\"query-input\":{\"@type\":\"PropertyValueSpecification\",\"valueRequired\":true,\"valueName\":\"search_term_string\"}}],\"inLanguage\":\"en-US\"}]}<\/script>\n<!-- \/ Yoast SEO Premium plugin. -->","yoast_head_json":{"title":"JAVIER MERCAD\u00c9 - Neuraxpharm Brasil","robots":{"index":"index","follow":"follow","max-snippet":"max-snippet:-1","max-image-preview":"max-image-preview:large","max-video-preview":"max-video-preview:-1"},"canonical":"https:\/\/www.neuraxpharm.com\/br\/quem-somos\/comite-executivo\/javier-mercade","og_locale":"en_US","og_type":"article","og_title":"JAVIER MERCAD\u00c9","og_description":"https:\/\/www.linkedin.com\/in\/javier-mercad%C3%A9-a592552b\/ Neuraxpharm JAVIER MERCAD\u00c9 Javier Mercad\u00e9 \u00e9 o Conselheiro Executivo do Diretor Executivo da Neuraxpharm. Tem mais de 25 anos de experi\u00eancia na ind\u00fastria farmac\u00eautica em v\u00e1rios cargos de chefia. Javier entrou para a Neuraxpharm em 2006 como Diretor Geral da Neuraxpharm Espanha. Posteriormente, assumiu outras fun\u00e7\u00f5es empresariais relacionadas com a cria\u00e7\u00e3o, integra\u00e7\u00e3o e desenvolvimento [&hellip;]","og_url":"https:\/\/www.neuraxpharm.com\/br\/quem-somos\/comite-executivo\/javier-mercade\/","og_site_name":"Neuraxpharm Brasil","og_image":[{"url":"https:\/\/www.neuraxpharm.com\/br\/wp-content\/uploads\/sites\/56\/2025\/08\/javier-mercade-2-1-1.jpg","type":"","width":"","height":""}],"twitter_card":"summary_large_image","twitter_misc":{"Est. reading time":"1 minute"},"schema":{"@context":"https:\/\/schema.org","@graph":[{"@type":"WebPage","@id":"https:\/\/www.neuraxpharm.com\/br\/quem-somos\/comite-executivo\/javier-mercade\/","url":"https:\/\/www.neuraxpharm.com\/br\/quem-somos\/comite-executivo\/javier-mercade\/","name":"JAVIER MERCAD\u00c9 - Neuraxpharm Brasil","isPartOf":{"@id":"https:\/\/www.neuraxpharm.com\/br\/#website"},"primaryImageOfPage":{"@id":"https:\/\/www.neuraxpharm.com\/br\/quem-somos\/comite-executivo\/javier-mercade\/#primaryimage"},"image":{"@id":"https:\/\/www.neuraxpharm.com\/br\/quem-somos\/comite-executivo\/javier-mercade\/#primaryimage"},"thumbnailUrl":"https:\/\/www.neuraxpharm.com\/br\/wp-content\/uploads\/sites\/56\/2025\/08\/javier-mercade-2-1-1.jpg","datePublished":"2025-12-09T09:59:00+00:00","breadcrumb":{"@id":"https:\/\/www.neuraxpharm.com\/br\/quem-somos\/comite-executivo\/javier-mercade\/#breadcrumb"},"inLanguage":"en-US","potentialAction":[{"@type":"ReadAction","target":["https:\/\/www.neuraxpharm.com\/br\/quem-somos\/comite-executivo\/javier-mercade\/"]}]},{"@type":"ImageObject","inLanguage":"en-US","@id":"https:\/\/www.neuraxpharm.com\/br\/quem-somos\/comite-executivo\/javier-mercade\/#primaryimage","url":"https:\/\/static.neuraxpharm.com\/wp-content\/uploads\/sites\/56\/2025\/08\/21122506\/javier-mercade-2-1-1.jpg","contentUrl":"https:\/\/static.neuraxpharm.com\/wp-content\/uploads\/sites\/56\/2025\/08\/21122506\/javier-mercade-2-1-1.jpg","width":716,"height":700},{"@type":"BreadcrumbList","@id":"https:\/\/www.neuraxpharm.com\/br\/quem-somos\/comite-executivo\/javier-mercade\/#breadcrumb","itemListElement":[{"@type":"ListItem","position":1,"name":"Portada","item":"https:\/\/www.neuraxpharm.com\/br\/"},{"@type":"ListItem","position":2,"name":"Quem somos","item":"https:\/\/www.neuraxpharm.com\/br\/quem-somos\/"},{"@type":"ListItem","position":3,"name":"Comit\u00e9 Executivo","item":"https:\/\/www.neuraxpharm.com\/br\/quem-somos\/comite-executivo\/"},{"@type":"ListItem","position":4,"name":"JAVIER MERCAD\u00c9"}]},{"@type":"WebSite","@id":"https:\/\/www.neuraxpharm.com\/br\/#website","url":"https:\/\/www.neuraxpharm.com\/br\/","name":"Neuraxpharm Brasil","description":"","potentialAction":[{"@type":"SearchAction","target":{"@type":"EntryPoint","urlTemplate":"https:\/\/www.neuraxpharm.com\/br\/?s={search_term_string}"},"query-input":{"@type":"PropertyValueSpecification","valueRequired":true,"valueName":"search_term_string"}}],"inLanguage":"en-US"}]}},"acf":[],"_links":{"self":[{"href":"https:\/\/www.neuraxpharm.com\/br\/wp-json\/wp\/v2\/pages\/211","targetHints":{"allow":["GET"]}}],"collection":[{"href":"https:\/\/www.neuraxpharm.com\/br\/wp-json\/wp\/v2\/pages"}],"about":[{"href":"https:\/\/www.neuraxpharm.com\/br\/wp-json\/wp\/v2\/types\/page"}],"author":[{"embeddable":true,"href":"https:\/\/www.neuraxpharm.com\/br\/wp-json\/wp\/v2\/users\/2493"}],"replies":[{"embeddable":true,"href":"https:\/\/www.neuraxpharm.com\/br\/wp-json\/wp\/v2\/comments?post=211"}],"version-history":[{"count":10,"href":"https:\/\/www.neuraxpharm.com\/br\/wp-json\/wp\/v2\/pages\/211\/revisions"}],"predecessor-version":[{"id":698,"href":"https:\/\/www.neuraxpharm.com\/br\/wp-json\/wp\/v2\/pages\/211\/revisions\/698"}],"up":[{"embeddable":true,"href":"https:\/\/www.neuraxpharm.com\/br\/wp-json\/wp\/v2\/pages\/148"}],"wp:attachment":[{"href":"https:\/\/www.neuraxpharm.com\/br\/wp-json\/wp\/v2\/media?parent=211"}],"curies":[{"name":"wp","href":"https:\/\/api.w.org\/{rel}","templated":true}]}}