{"id":170,"date":"2025-12-09T10:59:02","date_gmt":"2025-12-09T09:59:02","guid":{"rendered":"https:\/\/www.neuraxpharm.com\/br\/?page_id=170"},"modified":"2025-12-09T10:59:02","modified_gmt":"2025-12-09T09:59:02","slug":"vikas-mohan-sharma","status":"publish","type":"page","link":"https:\/\/www.neuraxpharm.com\/br\/quem-somos\/comite-executivo\/vikas-mohan-sharma\/","title":{"rendered":"VIKAS MOHAN SHARMA"},"content":{"rendered":"\t\t<div data-elementor-type=\"wp-page\" data-elementor-id=\"170\" class=\"elementor elementor-170\" data-elementor-post-type=\"page\">\n\t\t\t\t\t\t<section class=\"elementor-section elementor-top-section elementor-element elementor-element-3dbb179 elementor-section-boxed elementor-section-height-default elementor-section-height-default\" data-id=\"3dbb179\" data-element_type=\"section\" data-e-type=\"section\" data-settings=\"{&quot;jet_parallax_layout_list&quot;:[{&quot;jet_parallax_layout_image&quot;:{&quot;url&quot;:&quot;&quot;,&quot;id&quot;:&quot;&quot;,&quot;size&quot;:&quot;&quot;},&quot;_id&quot;:&quot;f02b98c&quot;,&quot;jet_parallax_layout_image_tablet&quot;:{&quot;url&quot;:&quot;&quot;,&quot;id&quot;:&quot;&quot;,&quot;size&quot;:&quot;&quot;},&quot;jet_parallax_layout_image_mobile&quot;:{&quot;url&quot;:&quot;&quot;,&quot;id&quot;:&quot;&quot;,&quot;size&quot;:&quot;&quot;},&quot;jet_parallax_layout_speed&quot;:{&quot;unit&quot;:&quot;%&quot;,&quot;size&quot;:50,&quot;sizes&quot;:[]},&quot;jet_parallax_layout_type&quot;:&quot;scroll&quot;,&quot;jet_parallax_layout_direction&quot;:&quot;1&quot;,&quot;jet_parallax_layout_fx_direction&quot;:null,&quot;jet_parallax_layout_z_index&quot;:&quot;&quot;,&quot;jet_parallax_layout_bg_x&quot;:50,&quot;jet_parallax_layout_bg_x_tablet&quot;:&quot;&quot;,&quot;jet_parallax_layout_bg_x_mobile&quot;:&quot;&quot;,&quot;jet_parallax_layout_bg_y&quot;:50,&quot;jet_parallax_layout_bg_y_tablet&quot;:&quot;&quot;,&quot;jet_parallax_layout_bg_y_mobile&quot;:&quot;&quot;,&quot;jet_parallax_layout_bg_size&quot;:&quot;auto&quot;,&quot;jet_parallax_layout_bg_size_tablet&quot;:&quot;&quot;,&quot;jet_parallax_layout_bg_size_mobile&quot;:&quot;&quot;,&quot;jet_parallax_layout_animation_prop&quot;:&quot;transform&quot;,&quot;jet_parallax_layout_on&quot;:[&quot;desktop&quot;,&quot;tablet&quot;]}]}\">\n\t\t\t\t\t\t<div class=\"elementor-container elementor-column-gap-default\">\n\t\t\t\t\t<div class=\"elementor-column elementor-col-33 elementor-top-column elementor-element elementor-element-667a25c\" data-id=\"667a25c\" data-element_type=\"column\" data-e-type=\"column\">\n\t\t\t<div class=\"elementor-widget-wrap elementor-element-populated\">\n\t\t\t\t\t\t<div class=\"elementor-element elementor-element-abb1dbe elementor-widget elementor-widget-image\" data-id=\"abb1dbe\" data-element_type=\"widget\" data-e-type=\"widget\" data-widget_type=\"image.default\">\n\t\t\t\t\t\t\t\t\t\t\t\t\t\t\t<img fetchpriority=\"high\" decoding=\"async\" width=\"716\" height=\"700\" src=\"https:\/\/static.neuraxpharm.com\/wp-content\/uploads\/sites\/56\/2025\/08\/21123813\/vikas-mohan-sharma-1-1.png\" class=\"attachment-large size-large wp-image-247\" alt=\"\" srcset=\"https:\/\/static.neuraxpharm.com\/wp-content\/uploads\/sites\/56\/2025\/08\/21123813\/vikas-mohan-sharma-1-1.png 716w, https:\/\/static.neuraxpharm.com\/wp-content\/uploads\/sites\/56\/2025\/08\/21123813\/vikas-mohan-sharma-1-1-300x293.png 300w\" sizes=\"(max-width: 716px) 100vw, 716px\" \/>\t\t\t\t\t\t\t\t\t\t\t\t\t\t\t<\/div>\n\t\t\t\t<section class=\"elementor-section elementor-inner-section elementor-element elementor-element-493c9b0 elementor-section-content-top elementor-section-boxed elementor-section-height-default elementor-section-height-default\" data-id=\"493c9b0\" data-element_type=\"section\" data-e-type=\"section\" data-settings=\"{&quot;jet_parallax_layout_list&quot;:[{&quot;jet_parallax_layout_image&quot;:{&quot;url&quot;:&quot;&quot;,&quot;id&quot;:&quot;&quot;,&quot;size&quot;:&quot;&quot;},&quot;_id&quot;:&quot;5f899ce&quot;,&quot;jet_parallax_layout_image_tablet&quot;:{&quot;url&quot;:&quot;&quot;,&quot;id&quot;:&quot;&quot;,&quot;size&quot;:&quot;&quot;},&quot;jet_parallax_layout_image_mobile&quot;:{&quot;url&quot;:&quot;&quot;,&quot;id&quot;:&quot;&quot;,&quot;size&quot;:&quot;&quot;},&quot;jet_parallax_layout_speed&quot;:{&quot;unit&quot;:&quot;%&quot;,&quot;size&quot;:50,&quot;sizes&quot;:[]},&quot;jet_parallax_layout_type&quot;:&quot;scroll&quot;,&quot;jet_parallax_layout_direction&quot;:&quot;1&quot;,&quot;jet_parallax_layout_fx_direction&quot;:null,&quot;jet_parallax_layout_z_index&quot;:&quot;&quot;,&quot;jet_parallax_layout_bg_x&quot;:50,&quot;jet_parallax_layout_bg_x_tablet&quot;:&quot;&quot;,&quot;jet_parallax_layout_bg_x_mobile&quot;:&quot;&quot;,&quot;jet_parallax_layout_bg_y&quot;:50,&quot;jet_parallax_layout_bg_y_tablet&quot;:&quot;&quot;,&quot;jet_parallax_layout_bg_y_mobile&quot;:&quot;&quot;,&quot;jet_parallax_layout_bg_size&quot;:&quot;auto&quot;,&quot;jet_parallax_layout_bg_size_tablet&quot;:&quot;&quot;,&quot;jet_parallax_layout_bg_size_mobile&quot;:&quot;&quot;,&quot;jet_parallax_layout_animation_prop&quot;:&quot;transform&quot;,&quot;jet_parallax_layout_on&quot;:[&quot;desktop&quot;,&quot;tablet&quot;]}]}\">\n\t\t\t\t\t\t<div class=\"elementor-container elementor-column-gap-default\">\n\t\t\t\t\t<div class=\"elementor-column elementor-col-50 elementor-inner-column elementor-element elementor-element-e144ca0\" data-id=\"e144ca0\" data-element_type=\"column\" data-e-type=\"column\">\n\t\t\t<div class=\"elementor-widget-wrap elementor-element-populated\">\n\t\t\t\t\t\t<div class=\"elementor-element elementor-element-e6efe69 elementor-view-default elementor-widget elementor-widget-icon\" data-id=\"e6efe69\" data-element_type=\"widget\" data-e-type=\"widget\" data-widget_type=\"icon.default\">\n\t\t\t\t\t\t\t<div class=\"elementor-icon-wrapper\">\n\t\t\t<div class=\"elementor-icon\">\n\t\t\t<svg aria-hidden=\"true\" class=\"e-font-icon-svg e-fab-linkedin-in\" viewBox=\"0 0 448 512\" xmlns=\"http:\/\/www.w3.org\/2000\/svg\"><path d=\"M100.28 448H7.4V148.9h92.88zM53.79 108.1C24.09 108.1 0 83.5 0 53.8a53.79 53.79 0 0 1 107.58 0c0 29.7-24.1 54.3-53.79 54.3zM447.9 448h-92.68V302.4c0-34.7-.7-79.2-48.29-79.2-48.29 0-55.69 37.7-55.69 76.7V448h-92.78V148.9h89.08v40.8h1.3c12.4-23.5 42.69-48.3 87.88-48.3 94 0 111.28 61.9 111.28 142.3V448z\"><\/path><\/svg>\t\t\t<\/div>\n\t\t<\/div>\n\t\t\t\t\t\t<\/div>\n\t\t\t\t\t<\/div>\n\t\t<\/div>\n\t\t\t\t<div class=\"elementor-column elementor-col-50 elementor-inner-column elementor-element elementor-element-119a962\" data-id=\"119a962\" data-element_type=\"column\" data-e-type=\"column\">\n\t\t\t<div class=\"elementor-widget-wrap elementor-element-populated\">\n\t\t\t\t\t\t<div class=\"elementor-element elementor-element-816f40e elementor-widget elementor-widget-heading\" data-id=\"816f40e\" data-element_type=\"widget\" data-e-type=\"widget\" data-widget_type=\"heading.default\">\n\t\t\t\t\t<p class=\"elementor-heading-title elementor-size-default\"><a href=\"https:\/\/www.linkedin.com\/in\/burghard-burczyk-a5b04b42\/\" target=\"_blank\">https:\/\/www.linkedin.com\/in\/vikasmohansharma\/<\/a><\/p>\t\t\t\t<\/div>\n\t\t\t\t\t<\/div>\n\t\t<\/div>\n\t\t\t\t\t<\/div>\n\t\t<\/section>\n\t\t\t\t\t<\/div>\n\t\t<\/div>\n\t\t\t\t<div class=\"elementor-column elementor-col-66 elementor-top-column elementor-element elementor-element-d78c628\" data-id=\"d78c628\" data-element_type=\"column\" data-e-type=\"column\">\n\t\t\t<div class=\"elementor-widget-wrap elementor-element-populated\">\n\t\t\t\t\t\t<div class=\"elementor-element elementor-element-c2953b2 elementor-widget elementor-widget-jet-breadcrumbs\" data-id=\"c2953b2\" data-element_type=\"widget\" data-e-type=\"widget\" data-widget_type=\"jet-breadcrumbs.default\">\n\t\t\t\t<div class=\"elementor-widget-container\">\n\t\t\t\t\t<div class=\"elementor-jet-breadcrumbs jet-blocks\">\n\t\t<div class=\"jet-breadcrumbs\">\n\t\t<div class=\"jet-breadcrumbs__content\">\n\t\t<div class=\"jet-breadcrumbs__wrap\"><div class=\"jet-breadcrumbs__item\"><a href=\"https:\/\/www.neuraxpharm.com\/br\/\" class=\"jet-breadcrumbs__item-link is-home\" rel=\"home\" title=\"Neuraxpharm\">Neuraxpharm<\/a><\/div>\n\t\t<\/div>\n\t\t<\/div>\n\t\t<\/div><\/div>\t\t\t\t<\/div>\n\t\t\t\t<\/div>\n\t\t\t\t<div class=\"elementor-element elementor-element-65cbfce elementor-widget elementor-widget-heading\" data-id=\"65cbfce\" data-element_type=\"widget\" data-e-type=\"widget\" data-widget_type=\"heading.default\">\n\t\t\t\t\t<h1 class=\"elementor-heading-title elementor-size-default\">VIKAS MOHAN SHARMA<\/h1>\t\t\t\t<\/div>\n\t\t\t\t<div class=\"elementor-element elementor-element-423e29c elementor-widget elementor-widget-text-editor\" data-id=\"423e29c\" data-element_type=\"widget\" data-e-type=\"widget\" data-widget_type=\"text-editor.default\">\n\t\t\t\t\t\t\t\t\t<p>Vikas \u00e9 um l\u00edder s\u00e9nior da ind\u00fastria, com mais de 25 anos de experi\u00eancia em cuidados de sa\u00fade e investiga\u00e7\u00e3o cl\u00ednica, liderando equipas cient\u00edficas m\u00e9dicas e cl\u00ednicas de elevado valor em v\u00e1rias \u00e1reas terap\u00eauticas, para alcan\u00e7ar marcos de desenvolvimento e programas bem-sucedidos em grandes organiza\u00e7\u00f5es farmac\u00eauticas e de investiga\u00e7\u00e3o cl\u00ednica (CRO).<\/p><p>Ocupou cargos como Diretor M\u00e9dico na Quintiles, \u00cdndia (mais tarde conhecida como IQVIA) e Diretor Global de Medicina para o SNC, Sa\u00fade da Retina e \u00c1reas Emergentes na Boehringer Ingelheim. Entrou para a Neuraxpharm vindo da Fortrea GMBH, onde foi Diretor Global de Neuroci\u00eancias e Oftalmologia. Vikas tem um bacharelato em Medicina Geral pela SMS Medical College Jaipur, um doutoramento em Psiquiatria pela Seth Gordhandas Sunderdas Medical College (GSMC) e pelo King Edward Memorial (KEM) Hospital de Mumbai, e um certificado de gest\u00e3o em Desenvolvimento Empresarial atrav\u00e9s da inova\u00e7\u00e3o pela Frankfurt School of Finance &amp; Management.<\/p><p>Vikas \u00e9 considerado um l\u00edder de pensamento fundamental na investiga\u00e7\u00e3o cl\u00ednica do SNC. Trabalha como perito independente em \u00e9tica com o prestigiado Conselho Europeu de Investiga\u00e7\u00e3o e preside a v\u00e1rias iniciativas industriais e globais nos dom\u00ednios dos biomarcadores digitais, das metodologias de ensaio do SNC e da sa\u00fade mental de precis\u00e3o.<\/p>\t\t\t\t\t\t\t\t<\/div>\n\t\t\t\t\t<\/div>\n\t\t<\/div>\n\t\t\t\t\t<\/div>\n\t\t<\/section>\n\t\t\t\t<section class=\"elementor-section elementor-top-section elementor-element elementor-element-f251b37 elementor-section-boxed elementor-section-height-default elementor-section-height-default\" data-id=\"f251b37\" data-element_type=\"section\" data-e-type=\"section\" data-settings=\"{&quot;jet_parallax_layout_list&quot;:[{&quot;jet_parallax_layout_image&quot;:{&quot;url&quot;:&quot;&quot;,&quot;id&quot;:&quot;&quot;,&quot;size&quot;:&quot;&quot;},&quot;_id&quot;:&quot;e7d9f21&quot;,&quot;jet_parallax_layout_image_tablet&quot;:{&quot;url&quot;:&quot;&quot;,&quot;id&quot;:&quot;&quot;,&quot;size&quot;:&quot;&quot;},&quot;jet_parallax_layout_image_mobile&quot;:{&quot;url&quot;:&quot;&quot;,&quot;id&quot;:&quot;&quot;,&quot;size&quot;:&quot;&quot;},&quot;jet_parallax_layout_speed&quot;:{&quot;unit&quot;:&quot;%&quot;,&quot;size&quot;:50,&quot;sizes&quot;:[]},&quot;jet_parallax_layout_type&quot;:&quot;scroll&quot;,&quot;jet_parallax_layout_direction&quot;:&quot;1&quot;,&quot;jet_parallax_layout_fx_direction&quot;:null,&quot;jet_parallax_layout_z_index&quot;:&quot;&quot;,&quot;jet_parallax_layout_bg_x&quot;:50,&quot;jet_parallax_layout_bg_x_tablet&quot;:&quot;&quot;,&quot;jet_parallax_layout_bg_x_mobile&quot;:&quot;&quot;,&quot;jet_parallax_layout_bg_y&quot;:50,&quot;jet_parallax_layout_bg_y_tablet&quot;:&quot;&quot;,&quot;jet_parallax_layout_bg_y_mobile&quot;:&quot;&quot;,&quot;jet_parallax_layout_bg_size&quot;:&quot;auto&quot;,&quot;jet_parallax_layout_bg_size_tablet&quot;:&quot;&quot;,&quot;jet_parallax_layout_bg_size_mobile&quot;:&quot;&quot;,&quot;jet_parallax_layout_animation_prop&quot;:&quot;transform&quot;,&quot;jet_parallax_layout_on&quot;:[&quot;desktop&quot;,&quot;tablet&quot;]}]}\">\n\t\t\t\t\t\t<div class=\"elementor-container elementor-column-gap-default\">\n\t\t\t\t\t<div class=\"elementor-column elementor-col-100 elementor-top-column elementor-element elementor-element-860b89c\" data-id=\"860b89c\" data-element_type=\"column\" data-e-type=\"column\">\n\t\t\t<div class=\"elementor-widget-wrap elementor-element-populated\">\n\t\t\t\t\t\t<div class=\"elementor-element elementor-element-251d60a elementor-widget elementor-widget-spacer\" data-id=\"251d60a\" data-element_type=\"widget\" data-e-type=\"widget\" data-widget_type=\"spacer.default\">\n\t\t\t\t\t\t\t<div class=\"elementor-spacer\">\n\t\t\t<div class=\"elementor-spacer-inner\"><\/div>\n\t\t<\/div>\n\t\t\t\t\t\t<\/div>\n\t\t\t\t\t<\/div>\n\t\t<\/div>\n\t\t\t\t\t<\/div>\n\t\t<\/section>\n\t\t\t\t<\/div>\n\t\t","protected":false},"excerpt":{"rendered":"<p>https:\/\/www.linkedin.com\/in\/vikasmohansharma\/ Neuraxpharm VIKAS MOHAN SHARMA Vikas \u00e9 um l\u00edder s\u00e9nior da ind\u00fastria, com mais de 25 anos de experi\u00eancia em cuidados de sa\u00fade e investiga\u00e7\u00e3o cl\u00ednica, liderando equipas cient\u00edficas m\u00e9dicas e cl\u00ednicas de elevado valor em v\u00e1rias \u00e1reas terap\u00eauticas, para alcan\u00e7ar marcos de desenvolvimento e programas bem-sucedidos em grandes organiza\u00e7\u00f5es farmac\u00eauticas e de investiga\u00e7\u00e3o cl\u00ednica [&hellip;]<\/p>\n","protected":false},"author":2493,"featured_media":0,"parent":148,"menu_order":0,"comment_status":"closed","ping_status":"closed","template":"elementor_header_footer","meta":{"_acf_changed":false,"footnotes":""},"class_list":["post-170","page","type-page","status-publish","hentry"],"yoast_head":"<!-- This site is optimized with the Yoast SEO Premium plugin v27.2 (Yoast SEO v27.2) - https:\/\/yoast.com\/product\/yoast-seo-premium-wordpress\/ -->\n<title>VIKAS MOHAN SHARMA - Neuraxpharm Brasil<\/title>\n<meta name=\"robots\" content=\"index, follow, max-snippet:-1, max-image-preview:large, max-video-preview:-1\" \/>\n<link rel=\"canonical\" href=\"https:\/\/www.neuraxpharm.com\/br\/quem-somos\/comite-executivo\/vikas-mohan-sharma\" \/>\n<meta property=\"og:locale\" content=\"en_US\" \/>\n<meta property=\"og:type\" content=\"article\" \/>\n<meta property=\"og:title\" content=\"VIKAS MOHAN SHARMA\" \/>\n<meta property=\"og:description\" content=\"https:\/\/www.linkedin.com\/in\/vikasmohansharma\/ Neuraxpharm VIKAS MOHAN SHARMA Vikas \u00e9 um l\u00edder s\u00e9nior da ind\u00fastria, com mais de 25 anos de experi\u00eancia em cuidados de sa\u00fade e investiga\u00e7\u00e3o cl\u00ednica, liderando equipas cient\u00edficas m\u00e9dicas e cl\u00ednicas de elevado valor em v\u00e1rias \u00e1reas terap\u00eauticas, para alcan\u00e7ar marcos de desenvolvimento e programas bem-sucedidos em grandes organiza\u00e7\u00f5es farmac\u00eauticas e de investiga\u00e7\u00e3o cl\u00ednica [&hellip;]\" \/>\n<meta property=\"og:url\" content=\"https:\/\/www.neuraxpharm.com\/br\/quem-somos\/comite-executivo\/vikas-mohan-sharma\/\" \/>\n<meta property=\"og:site_name\" content=\"Neuraxpharm Brasil\" \/>\n<meta property=\"og:image\" content=\"https:\/\/www.neuraxpharm.com\/br\/wp-content\/uploads\/sites\/56\/2025\/08\/vikas-mohan-sharma-1-1.png\" \/>\n<meta name=\"twitter:card\" content=\"summary_large_image\" \/>\n<meta name=\"twitter:label1\" content=\"Est. reading time\" \/>\n\t<meta name=\"twitter:data1\" content=\"1 minute\" \/>\n<script type=\"application\/ld+json\" class=\"yoast-schema-graph\">{\"@context\":\"https:\/\/schema.org\",\"@graph\":[{\"@type\":\"WebPage\",\"@id\":\"https:\/\/www.neuraxpharm.com\/br\/quem-somos\/comite-executivo\/vikas-mohan-sharma\/\",\"url\":\"https:\/\/www.neuraxpharm.com\/br\/quem-somos\/comite-executivo\/vikas-mohan-sharma\/\",\"name\":\"VIKAS MOHAN SHARMA - Neuraxpharm Brasil\",\"isPartOf\":{\"@id\":\"https:\/\/www.neuraxpharm.com\/br\/#website\"},\"primaryImageOfPage\":{\"@id\":\"https:\/\/www.neuraxpharm.com\/br\/quem-somos\/comite-executivo\/vikas-mohan-sharma\/#primaryimage\"},\"image\":{\"@id\":\"https:\/\/www.neuraxpharm.com\/br\/quem-somos\/comite-executivo\/vikas-mohan-sharma\/#primaryimage\"},\"thumbnailUrl\":\"https:\/\/www.neuraxpharm.com\/br\/wp-content\/uploads\/sites\/56\/2025\/08\/vikas-mohan-sharma-1-1.png\",\"datePublished\":\"2025-12-09T09:59:02+00:00\",\"breadcrumb\":{\"@id\":\"https:\/\/www.neuraxpharm.com\/br\/quem-somos\/comite-executivo\/vikas-mohan-sharma\/#breadcrumb\"},\"inLanguage\":\"en-US\",\"potentialAction\":[{\"@type\":\"ReadAction\",\"target\":[\"https:\/\/www.neuraxpharm.com\/br\/quem-somos\/comite-executivo\/vikas-mohan-sharma\/\"]}]},{\"@type\":\"ImageObject\",\"inLanguage\":\"en-US\",\"@id\":\"https:\/\/www.neuraxpharm.com\/br\/quem-somos\/comite-executivo\/vikas-mohan-sharma\/#primaryimage\",\"url\":\"https:\/\/static.neuraxpharm.com\/wp-content\/uploads\/sites\/56\/2025\/08\/21123813\/vikas-mohan-sharma-1-1.png\",\"contentUrl\":\"https:\/\/static.neuraxpharm.com\/wp-content\/uploads\/sites\/56\/2025\/08\/21123813\/vikas-mohan-sharma-1-1.png\",\"width\":716,\"height\":700},{\"@type\":\"BreadcrumbList\",\"@id\":\"https:\/\/www.neuraxpharm.com\/br\/quem-somos\/comite-executivo\/vikas-mohan-sharma\/#breadcrumb\",\"itemListElement\":[{\"@type\":\"ListItem\",\"position\":1,\"name\":\"Portada\",\"item\":\"https:\/\/www.neuraxpharm.com\/br\/\"},{\"@type\":\"ListItem\",\"position\":2,\"name\":\"Quem somos\",\"item\":\"https:\/\/www.neuraxpharm.com\/br\/quem-somos\/\"},{\"@type\":\"ListItem\",\"position\":3,\"name\":\"Comit\u00e9 Executivo\",\"item\":\"https:\/\/www.neuraxpharm.com\/br\/quem-somos\/comite-executivo\/\"},{\"@type\":\"ListItem\",\"position\":4,\"name\":\"VIKAS MOHAN SHARMA\"}]},{\"@type\":\"WebSite\",\"@id\":\"https:\/\/www.neuraxpharm.com\/br\/#website\",\"url\":\"https:\/\/www.neuraxpharm.com\/br\/\",\"name\":\"Neuraxpharm Brasil\",\"description\":\"\",\"potentialAction\":[{\"@type\":\"SearchAction\",\"target\":{\"@type\":\"EntryPoint\",\"urlTemplate\":\"https:\/\/www.neuraxpharm.com\/br\/?s={search_term_string}\"},\"query-input\":{\"@type\":\"PropertyValueSpecification\",\"valueRequired\":true,\"valueName\":\"search_term_string\"}}],\"inLanguage\":\"en-US\"}]}<\/script>\n<!-- \/ Yoast SEO Premium plugin. -->","yoast_head_json":{"title":"VIKAS MOHAN SHARMA - Neuraxpharm Brasil","robots":{"index":"index","follow":"follow","max-snippet":"max-snippet:-1","max-image-preview":"max-image-preview:large","max-video-preview":"max-video-preview:-1"},"canonical":"https:\/\/www.neuraxpharm.com\/br\/quem-somos\/comite-executivo\/vikas-mohan-sharma","og_locale":"en_US","og_type":"article","og_title":"VIKAS MOHAN SHARMA","og_description":"https:\/\/www.linkedin.com\/in\/vikasmohansharma\/ Neuraxpharm VIKAS MOHAN SHARMA Vikas \u00e9 um l\u00edder s\u00e9nior da ind\u00fastria, com mais de 25 anos de experi\u00eancia em cuidados de sa\u00fade e investiga\u00e7\u00e3o cl\u00ednica, liderando equipas cient\u00edficas m\u00e9dicas e cl\u00ednicas de elevado valor em v\u00e1rias \u00e1reas terap\u00eauticas, para alcan\u00e7ar marcos de desenvolvimento e programas bem-sucedidos em grandes organiza\u00e7\u00f5es farmac\u00eauticas e de investiga\u00e7\u00e3o cl\u00ednica [&hellip;]","og_url":"https:\/\/www.neuraxpharm.com\/br\/quem-somos\/comite-executivo\/vikas-mohan-sharma\/","og_site_name":"Neuraxpharm Brasil","og_image":[{"url":"https:\/\/www.neuraxpharm.com\/br\/wp-content\/uploads\/sites\/56\/2025\/08\/vikas-mohan-sharma-1-1.png","type":"","width":"","height":""}],"twitter_card":"summary_large_image","twitter_misc":{"Est. reading time":"1 minute"},"schema":{"@context":"https:\/\/schema.org","@graph":[{"@type":"WebPage","@id":"https:\/\/www.neuraxpharm.com\/br\/quem-somos\/comite-executivo\/vikas-mohan-sharma\/","url":"https:\/\/www.neuraxpharm.com\/br\/quem-somos\/comite-executivo\/vikas-mohan-sharma\/","name":"VIKAS MOHAN SHARMA - Neuraxpharm Brasil","isPartOf":{"@id":"https:\/\/www.neuraxpharm.com\/br\/#website"},"primaryImageOfPage":{"@id":"https:\/\/www.neuraxpharm.com\/br\/quem-somos\/comite-executivo\/vikas-mohan-sharma\/#primaryimage"},"image":{"@id":"https:\/\/www.neuraxpharm.com\/br\/quem-somos\/comite-executivo\/vikas-mohan-sharma\/#primaryimage"},"thumbnailUrl":"https:\/\/www.neuraxpharm.com\/br\/wp-content\/uploads\/sites\/56\/2025\/08\/vikas-mohan-sharma-1-1.png","datePublished":"2025-12-09T09:59:02+00:00","breadcrumb":{"@id":"https:\/\/www.neuraxpharm.com\/br\/quem-somos\/comite-executivo\/vikas-mohan-sharma\/#breadcrumb"},"inLanguage":"en-US","potentialAction":[{"@type":"ReadAction","target":["https:\/\/www.neuraxpharm.com\/br\/quem-somos\/comite-executivo\/vikas-mohan-sharma\/"]}]},{"@type":"ImageObject","inLanguage":"en-US","@id":"https:\/\/www.neuraxpharm.com\/br\/quem-somos\/comite-executivo\/vikas-mohan-sharma\/#primaryimage","url":"https:\/\/static.neuraxpharm.com\/wp-content\/uploads\/sites\/56\/2025\/08\/21123813\/vikas-mohan-sharma-1-1.png","contentUrl":"https:\/\/static.neuraxpharm.com\/wp-content\/uploads\/sites\/56\/2025\/08\/21123813\/vikas-mohan-sharma-1-1.png","width":716,"height":700},{"@type":"BreadcrumbList","@id":"https:\/\/www.neuraxpharm.com\/br\/quem-somos\/comite-executivo\/vikas-mohan-sharma\/#breadcrumb","itemListElement":[{"@type":"ListItem","position":1,"name":"Portada","item":"https:\/\/www.neuraxpharm.com\/br\/"},{"@type":"ListItem","position":2,"name":"Quem somos","item":"https:\/\/www.neuraxpharm.com\/br\/quem-somos\/"},{"@type":"ListItem","position":3,"name":"Comit\u00e9 Executivo","item":"https:\/\/www.neuraxpharm.com\/br\/quem-somos\/comite-executivo\/"},{"@type":"ListItem","position":4,"name":"VIKAS MOHAN SHARMA"}]},{"@type":"WebSite","@id":"https:\/\/www.neuraxpharm.com\/br\/#website","url":"https:\/\/www.neuraxpharm.com\/br\/","name":"Neuraxpharm Brasil","description":"","potentialAction":[{"@type":"SearchAction","target":{"@type":"EntryPoint","urlTemplate":"https:\/\/www.neuraxpharm.com\/br\/?s={search_term_string}"},"query-input":{"@type":"PropertyValueSpecification","valueRequired":true,"valueName":"search_term_string"}}],"inLanguage":"en-US"}]}},"acf":[],"_links":{"self":[{"href":"https:\/\/www.neuraxpharm.com\/br\/wp-json\/wp\/v2\/pages\/170","targetHints":{"allow":["GET"]}}],"collection":[{"href":"https:\/\/www.neuraxpharm.com\/br\/wp-json\/wp\/v2\/pages"}],"about":[{"href":"https:\/\/www.neuraxpharm.com\/br\/wp-json\/wp\/v2\/types\/page"}],"author":[{"embeddable":true,"href":"https:\/\/www.neuraxpharm.com\/br\/wp-json\/wp\/v2\/users\/2493"}],"replies":[{"embeddable":true,"href":"https:\/\/www.neuraxpharm.com\/br\/wp-json\/wp\/v2\/comments?post=170"}],"version-history":[{"count":37,"href":"https:\/\/www.neuraxpharm.com\/br\/wp-json\/wp\/v2\/pages\/170\/revisions"}],"predecessor-version":[{"id":680,"href":"https:\/\/www.neuraxpharm.com\/br\/wp-json\/wp\/v2\/pages\/170\/revisions\/680"}],"up":[{"embeddable":true,"href":"https:\/\/www.neuraxpharm.com\/br\/wp-json\/wp\/v2\/pages\/148"}],"wp:attachment":[{"href":"https:\/\/www.neuraxpharm.com\/br\/wp-json\/wp\/v2\/media?parent=170"}],"curies":[{"name":"wp","href":"https:\/\/api.w.org\/{rel}","templated":true}]}}