{"id":28349,"date":"2023-03-31T08:00:12","date_gmt":"2023-03-31T08:00:12","guid":{"rendered":"https:\/\/www.neuraxpharm.com\/be-fr\/?page_id=28349"},"modified":"2023-05-12T10:07:18","modified_gmt":"2023-05-12T10:07:18","slug":"charles-morris-2","status":"publish","type":"page","link":"https:\/\/www.neuraxpharm.com\/be-fr\/a-propos-de-nous\/comite-executif\/charles-morris-2","title":{"rendered":"CHARLES MORRIS"},"content":{"rendered":"\t\t<div data-elementor-type=\"wp-page\" data-elementor-id=\"28349\" class=\"elementor elementor-28349\" data-elementor-post-type=\"page\">\n\t\t\t\t\t\t<section class=\"elementor-section elementor-top-section elementor-element elementor-element-7f808905 elementor-section-boxed elementor-section-height-default elementor-section-height-default\" data-id=\"7f808905\" data-element_type=\"section\" data-e-type=\"section\" data-settings=\"{&quot;jet_parallax_layout_list&quot;:[{&quot;jet_parallax_layout_image&quot;:{&quot;url&quot;:&quot;&quot;,&quot;id&quot;:&quot;&quot;,&quot;size&quot;:&quot;&quot;},&quot;_id&quot;:&quot;f02b98c&quot;,&quot;jet_parallax_layout_image_tablet&quot;:{&quot;url&quot;:&quot;&quot;,&quot;id&quot;:&quot;&quot;,&quot;size&quot;:&quot;&quot;},&quot;jet_parallax_layout_image_mobile&quot;:{&quot;url&quot;:&quot;&quot;,&quot;id&quot;:&quot;&quot;,&quot;size&quot;:&quot;&quot;},&quot;jet_parallax_layout_speed&quot;:{&quot;unit&quot;:&quot;%&quot;,&quot;size&quot;:50,&quot;sizes&quot;:[]},&quot;jet_parallax_layout_type&quot;:&quot;scroll&quot;,&quot;jet_parallax_layout_direction&quot;:&quot;1&quot;,&quot;jet_parallax_layout_fx_direction&quot;:null,&quot;jet_parallax_layout_z_index&quot;:&quot;&quot;,&quot;jet_parallax_layout_bg_x&quot;:50,&quot;jet_parallax_layout_bg_x_tablet&quot;:&quot;&quot;,&quot;jet_parallax_layout_bg_x_mobile&quot;:&quot;&quot;,&quot;jet_parallax_layout_bg_y&quot;:50,&quot;jet_parallax_layout_bg_y_tablet&quot;:&quot;&quot;,&quot;jet_parallax_layout_bg_y_mobile&quot;:&quot;&quot;,&quot;jet_parallax_layout_bg_size&quot;:&quot;auto&quot;,&quot;jet_parallax_layout_bg_size_tablet&quot;:&quot;&quot;,&quot;jet_parallax_layout_bg_size_mobile&quot;:&quot;&quot;,&quot;jet_parallax_layout_animation_prop&quot;:&quot;transform&quot;,&quot;jet_parallax_layout_on&quot;:[&quot;desktop&quot;,&quot;tablet&quot;]}]}\">\n\t\t\t\t\t\t<div class=\"elementor-container elementor-column-gap-default\">\n\t\t\t\t\t<div class=\"elementor-column elementor-col-33 elementor-top-column elementor-element elementor-element-3d70389b\" data-id=\"3d70389b\" data-element_type=\"column\" data-e-type=\"column\">\n\t\t\t<div class=\"elementor-widget-wrap elementor-element-populated\">\n\t\t\t\t\t\t<div class=\"elementor-element elementor-element-75ad8cba elementor-widget elementor-widget-image\" data-id=\"75ad8cba\" data-element_type=\"widget\" data-e-type=\"widget\" data-widget_type=\"image.default\">\n\t\t\t\t<div class=\"elementor-widget-container\">\n\t\t\t\t\t\t\t\t\t\t\t\t\t\t\t<img fetchpriority=\"high\" decoding=\"async\" width=\"716\" height=\"700\" src=\"https:\/\/www.neuraxpharm.com\/be-fr\/wp-content\/uploads\/sites\/31\/2023\/03\/charles-morris.jpg\" class=\"attachment-large size-large wp-image-28336\" alt=\"\" srcset=\"https:\/\/www.neuraxpharm.com\/be-fr\/wp-content\/uploads\/sites\/31\/2023\/03\/charles-morris.jpg 716w, https:\/\/www.neuraxpharm.com\/be-fr\/wp-content\/uploads\/sites\/31\/2023\/03\/charles-morris-300x293.jpg 300w, https:\/\/www.neuraxpharm.com\/be-fr\/wp-content\/uploads\/sites\/31\/2023\/03\/charles-morris-600x587.jpg 600w\" sizes=\"(max-width: 716px) 100vw, 716px\" \/>\t\t\t\t\t\t\t\t\t\t\t\t\t\t\t<\/div>\n\t\t\t\t<\/div>\n\t\t\t\t<section class=\"elementor-section elementor-inner-section elementor-element elementor-element-74b8bffa elementor-section-content-top elementor-section-boxed elementor-section-height-default elementor-section-height-default\" data-id=\"74b8bffa\" data-element_type=\"section\" data-e-type=\"section\" data-settings=\"{&quot;jet_parallax_layout_list&quot;:[{&quot;jet_parallax_layout_image&quot;:{&quot;url&quot;:&quot;&quot;,&quot;id&quot;:&quot;&quot;,&quot;size&quot;:&quot;&quot;},&quot;_id&quot;:&quot;5f899ce&quot;,&quot;jet_parallax_layout_image_tablet&quot;:{&quot;url&quot;:&quot;&quot;,&quot;id&quot;:&quot;&quot;,&quot;size&quot;:&quot;&quot;},&quot;jet_parallax_layout_image_mobile&quot;:{&quot;url&quot;:&quot;&quot;,&quot;id&quot;:&quot;&quot;,&quot;size&quot;:&quot;&quot;},&quot;jet_parallax_layout_speed&quot;:{&quot;unit&quot;:&quot;%&quot;,&quot;size&quot;:50,&quot;sizes&quot;:[]},&quot;jet_parallax_layout_type&quot;:&quot;scroll&quot;,&quot;jet_parallax_layout_direction&quot;:&quot;1&quot;,&quot;jet_parallax_layout_fx_direction&quot;:null,&quot;jet_parallax_layout_z_index&quot;:&quot;&quot;,&quot;jet_parallax_layout_bg_x&quot;:50,&quot;jet_parallax_layout_bg_x_tablet&quot;:&quot;&quot;,&quot;jet_parallax_layout_bg_x_mobile&quot;:&quot;&quot;,&quot;jet_parallax_layout_bg_y&quot;:50,&quot;jet_parallax_layout_bg_y_tablet&quot;:&quot;&quot;,&quot;jet_parallax_layout_bg_y_mobile&quot;:&quot;&quot;,&quot;jet_parallax_layout_bg_size&quot;:&quot;auto&quot;,&quot;jet_parallax_layout_bg_size_tablet&quot;:&quot;&quot;,&quot;jet_parallax_layout_bg_size_mobile&quot;:&quot;&quot;,&quot;jet_parallax_layout_animation_prop&quot;:&quot;transform&quot;,&quot;jet_parallax_layout_on&quot;:[&quot;desktop&quot;,&quot;tablet&quot;]}]}\">\n\t\t\t\t\t\t<div class=\"elementor-container elementor-column-gap-default\">\n\t\t\t\t\t<div class=\"elementor-column elementor-col-50 elementor-inner-column elementor-element elementor-element-60646bf2\" data-id=\"60646bf2\" data-element_type=\"column\" data-e-type=\"column\">\n\t\t\t<div class=\"elementor-widget-wrap elementor-element-populated\">\n\t\t\t\t\t\t<div class=\"elementor-element elementor-element-15700adb elementor-view-default elementor-widget elementor-widget-icon\" data-id=\"15700adb\" data-element_type=\"widget\" data-e-type=\"widget\" data-widget_type=\"icon.default\">\n\t\t\t\t<div class=\"elementor-widget-container\">\n\t\t\t\t\t\t\t<div class=\"elementor-icon-wrapper\">\n\t\t\t<div class=\"elementor-icon\">\n\t\t\t<i aria-hidden=\"true\" class=\"fab fa-linkedin-in\"><\/i>\t\t\t<\/div>\n\t\t<\/div>\n\t\t\t\t\t\t<\/div>\n\t\t\t\t<\/div>\n\t\t\t\t\t<\/div>\n\t\t<\/div>\n\t\t\t\t<div class=\"elementor-column elementor-col-50 elementor-inner-column elementor-element elementor-element-15490b\" data-id=\"15490b\" data-element_type=\"column\" data-e-type=\"column\">\n\t\t\t<div class=\"elementor-widget-wrap elementor-element-populated\">\n\t\t\t\t\t\t<div class=\"elementor-element elementor-element-1cc52f3 elementor-widget elementor-widget-heading\" data-id=\"1cc52f3\" data-element_type=\"widget\" data-e-type=\"widget\" data-widget_type=\"heading.default\">\n\t\t\t\t<div class=\"elementor-widget-container\">\n\t\t\t\t\t<p class=\"elementor-heading-title elementor-size-default\"><a href=\"https:\/\/www.linkedin.com\/in\/charles-morris-35b52035\/\" target=\"_blank\">https:\/\/www.linkedin.com\/in\/ana-apezteguia-moragas\/<\/a><\/p>\t\t\t\t<\/div>\n\t\t\t\t<\/div>\n\t\t\t\t\t<\/div>\n\t\t<\/div>\n\t\t\t\t\t<\/div>\n\t\t<\/section>\n\t\t\t\t\t<\/div>\n\t\t<\/div>\n\t\t\t\t<div class=\"elementor-column elementor-col-66 elementor-top-column elementor-element elementor-element-17640048\" data-id=\"17640048\" data-element_type=\"column\" data-e-type=\"column\">\n\t\t\t<div class=\"elementor-widget-wrap elementor-element-populated\">\n\t\t\t\t\t\t<div class=\"elementor-element elementor-element-3453d9e5 elementor-widget elementor-widget-jet-breadcrumbs\" data-id=\"3453d9e5\" data-element_type=\"widget\" data-e-type=\"widget\" data-widget_type=\"jet-breadcrumbs.default\">\n\t\t\t\t<div class=\"elementor-widget-container\">\n\t\t\t\t\t<div class=\"elementor-jet-breadcrumbs jet-blocks\">\n\t\t<div class=\"jet-breadcrumbs\">\n\t\t<div class=\"jet-breadcrumbs__content\">\n\t\t<div class=\"jet-breadcrumbs__wrap\"><div class=\"jet-breadcrumbs__item\"><a href=\"https:\/\/www.neuraxpharm.com\/be-fr\/\" class=\"jet-breadcrumbs__item-link is-home\" rel=\"home\" title=\"Neuraxpharm\">Neuraxpharm<\/a><\/div>\n\t\t<\/div>\n\t\t<\/div>\n\t\t<\/div><\/div>\t\t\t\t<\/div>\n\t\t\t\t<\/div>\n\t\t\t\t<div class=\"elementor-element elementor-element-e5e84e8 elementor-widget elementor-widget-heading\" data-id=\"e5e84e8\" data-element_type=\"widget\" data-e-type=\"widget\" data-widget_type=\"heading.default\">\n\t\t\t\t<div class=\"elementor-widget-container\">\n\t\t\t\t\t<h1 class=\"elementor-heading-title elementor-size-default\">CHARLES MORRIS<\/h1>\t\t\t\t<\/div>\n\t\t\t\t<\/div>\n\t\t\t\t<div class=\"elementor-element elementor-element-614cff3 elementor-widget elementor-widget-text-editor\" data-id=\"614cff3\" data-element_type=\"widget\" data-e-type=\"widget\" data-widget_type=\"text-editor.default\">\n\t\t\t\t<div class=\"elementor-widget-container\">\n\t\t\t\t\t\t\t\t\t<p>Charles Morris a rejoint Neuraxpharm en tant que Head of Mergers &amp; Acquisitions en janvier 2022. Charles est un professionnel chevronn\u00e9 des fusions et acquisitions, avec 20 ans d\u2019exp\u00e9rience en banque d\u2019investissement et en fusions et acquisitions d\u2019entreprises dans l\u2019industrie pharmaceutique, dans plusieurs r\u00e9gions du monde, notamment aux \u00c9tats-Unis, en Allemagne et en Espagne.<\/p><p>Avant de rejoindre Neuraxpharm, Charles \u00e9tait Global Head of M&amp;A and Corporate Development chez Almirall (2019-2021) et avant cela, il \u00e9tait vice-pr\u00e9sident, Head of M&amp;A, Pharma General Medicine &amp; Animal Health chez Bayer AG (2010-2019). Plus t\u00f4t dans sa carri\u00e8re, Charles a travaill\u00e9 dans le domaine de la banque d\u2019investissement et de la recherche en investissement pour Bank of America, Merrill Lynch et Molecular Securities \u00e0 New York.<\/p><p>Charles est titulaire d\u2019un MBA de l\u2019\u00e9cole de commerce Columbia Business School (\u00c9tats-Unis) et d\u2019une licence en \u00e9conomie et en sciences politiques de l\u2019universit\u00e9 Emory (\u00c9tats-Unis).<\/p>\t\t\t\t\t\t\t\t<\/div>\n\t\t\t\t<\/div>\n\t\t\t\t\t<\/div>\n\t\t<\/div>\n\t\t\t\t\t<\/div>\n\t\t<\/section>\n\t\t\t\t<section class=\"elementor-section elementor-top-section elementor-element elementor-element-bacc1a9 elementor-section-boxed elementor-section-height-default elementor-section-height-default\" data-id=\"bacc1a9\" data-element_type=\"section\" data-e-type=\"section\" data-settings=\"{&quot;jet_parallax_layout_list&quot;:[{&quot;jet_parallax_layout_image&quot;:{&quot;url&quot;:&quot;&quot;,&quot;id&quot;:&quot;&quot;,&quot;size&quot;:&quot;&quot;},&quot;_id&quot;:&quot;e7d9f21&quot;,&quot;jet_parallax_layout_image_tablet&quot;:{&quot;url&quot;:&quot;&quot;,&quot;id&quot;:&quot;&quot;,&quot;size&quot;:&quot;&quot;},&quot;jet_parallax_layout_image_mobile&quot;:{&quot;url&quot;:&quot;&quot;,&quot;id&quot;:&quot;&quot;,&quot;size&quot;:&quot;&quot;},&quot;jet_parallax_layout_speed&quot;:{&quot;unit&quot;:&quot;%&quot;,&quot;size&quot;:50,&quot;sizes&quot;:[]},&quot;jet_parallax_layout_type&quot;:&quot;scroll&quot;,&quot;jet_parallax_layout_direction&quot;:&quot;1&quot;,&quot;jet_parallax_layout_fx_direction&quot;:null,&quot;jet_parallax_layout_z_index&quot;:&quot;&quot;,&quot;jet_parallax_layout_bg_x&quot;:50,&quot;jet_parallax_layout_bg_x_tablet&quot;:&quot;&quot;,&quot;jet_parallax_layout_bg_x_mobile&quot;:&quot;&quot;,&quot;jet_parallax_layout_bg_y&quot;:50,&quot;jet_parallax_layout_bg_y_tablet&quot;:&quot;&quot;,&quot;jet_parallax_layout_bg_y_mobile&quot;:&quot;&quot;,&quot;jet_parallax_layout_bg_size&quot;:&quot;auto&quot;,&quot;jet_parallax_layout_bg_size_tablet&quot;:&quot;&quot;,&quot;jet_parallax_layout_bg_size_mobile&quot;:&quot;&quot;,&quot;jet_parallax_layout_animation_prop&quot;:&quot;transform&quot;,&quot;jet_parallax_layout_on&quot;:[&quot;desktop&quot;,&quot;tablet&quot;]}]}\">\n\t\t\t\t\t\t<div class=\"elementor-container elementor-column-gap-default\">\n\t\t\t\t\t<div class=\"elementor-column elementor-col-100 elementor-top-column elementor-element elementor-element-7080505\" data-id=\"7080505\" data-element_type=\"column\" data-e-type=\"column\">\n\t\t\t<div class=\"elementor-widget-wrap elementor-element-populated\">\n\t\t\t\t\t\t<div class=\"elementor-element elementor-element-53f8d38 elementor-widget elementor-widget-spacer\" data-id=\"53f8d38\" data-element_type=\"widget\" data-e-type=\"widget\" data-widget_type=\"spacer.default\">\n\t\t\t\t<div class=\"elementor-widget-container\">\n\t\t\t\t\t\t\t<div class=\"elementor-spacer\">\n\t\t\t<div class=\"elementor-spacer-inner\"><\/div>\n\t\t<\/div>\n\t\t\t\t\t\t<\/div>\n\t\t\t\t<\/div>\n\t\t\t\t\t<\/div>\n\t\t<\/div>\n\t\t\t\t\t<\/div>\n\t\t<\/section>\n\t\t\t\t<\/div>\n\t\t","protected":false},"excerpt":{"rendered":"<p>https:\/\/www.linkedin.com\/in\/ana-apezteguia-moragas\/ Neuraxpharm CHARLES MORRIS Charles Morris a rejoint Neuraxpharm en tant que Head of Mergers &amp; Acquisitions en janvier 2022. Charles est un professionnel chevronn\u00e9 des fusions et acquisitions, avec 20 ans d\u2019exp\u00e9rience en banque d\u2019investissement et en fusions et acquisitions d\u2019entreprises dans l\u2019industrie pharmaceutique, dans plusieurs r\u00e9gions du monde, notamment aux \u00c9tats-Unis, en Allemagne [&hellip;]<\/p>\n","protected":false},"author":2,"featured_media":0,"parent":1998,"menu_order":0,"comment_status":"closed","ping_status":"closed","template":"elementor_header_footer","meta":{"_acf_changed":false,"footnotes":""},"class_list":["post-28349","page","type-page","status-publish","hentry"],"yoast_head":"<!-- This site is optimized with the Yoast SEO Premium plugin v27.2 (Yoast SEO v27.2) - https:\/\/yoast.com\/product\/yoast-seo-premium-wordpress\/ -->\n<title>CHARLES MORRIS - Neuraxpharm Belgique<\/title>\n<meta name=\"robots\" content=\"index, follow, max-snippet:-1, max-image-preview:large, max-video-preview:-1\" \/>\n<link rel=\"canonical\" href=\"https:\/\/www.neuraxpharm.com\/be-fr\/a-propos-de-nous\/comite-executif\/charles-morris-2\" \/>\n<meta property=\"og:locale\" content=\"fr_FR\" \/>\n<meta property=\"og:type\" content=\"article\" \/>\n<meta property=\"og:title\" content=\"CHARLES MORRIS\" \/>\n<meta property=\"og:description\" content=\"https:\/\/www.linkedin.com\/in\/ana-apezteguia-moragas\/ Neuraxpharm CHARLES MORRIS Charles Morris a rejoint Neuraxpharm en tant que Head of Mergers &amp; Acquisitions en janvier 2022. Charles est un professionnel chevronn\u00e9 des fusions et acquisitions, avec 20 ans d\u2019exp\u00e9rience en banque d\u2019investissement et en fusions et acquisitions d\u2019entreprises dans l\u2019industrie pharmaceutique, dans plusieurs r\u00e9gions du monde, notamment aux \u00c9tats-Unis, en Allemagne [&hellip;]\" \/>\n<meta property=\"og:url\" content=\"https:\/\/www.neuraxpharm.com\/be-fr\/a-propos-de-nous\/comite-executif\/charles-morris-2\" \/>\n<meta property=\"og:site_name\" content=\"Neuraxpharm Belgique\" \/>\n<meta property=\"article:modified_time\" content=\"2023-05-12T10:07:18+00:00\" \/>\n<meta property=\"og:image\" content=\"https:\/\/www.neuraxpharm.com\/be-fr\/wp-content\/uploads\/sites\/31\/2023\/03\/charles-morris.jpg\" \/>\n<meta name=\"twitter:card\" content=\"summary_large_image\" \/>\n<meta name=\"twitter:label1\" content=\"Dur\u00e9e de lecture est.\" \/>\n\t<meta name=\"twitter:data1\" content=\"2 minutes\" \/>\n<script type=\"application\/ld+json\" class=\"yoast-schema-graph\">{\"@context\":\"https:\/\/schema.org\",\"@graph\":[{\"@type\":\"WebPage\",\"@id\":\"https:\/\/www.neuraxpharm.com\/be-fr\/a-propos-de-nous\/comite-executif\/charles-morris-2\",\"url\":\"https:\/\/www.neuraxpharm.com\/be-fr\/a-propos-de-nous\/comite-executif\/charles-morris-2\",\"name\":\"CHARLES MORRIS - Neuraxpharm Belgique\",\"isPartOf\":{\"@id\":\"https:\/\/www.neuraxpharm.com\/be-fr\/#website\"},\"primaryImageOfPage\":{\"@id\":\"https:\/\/www.neuraxpharm.com\/be-fr\/a-propos-de-nous\/comite-executif\/charles-morris-2#primaryimage\"},\"image\":{\"@id\":\"https:\/\/www.neuraxpharm.com\/be-fr\/a-propos-de-nous\/comite-executif\/charles-morris-2#primaryimage\"},\"thumbnailUrl\":\"https:\/\/www.neuraxpharm.com\/be-fr\/wp-content\/uploads\/sites\/31\/2023\/03\/charles-morris.jpg\",\"datePublished\":\"2023-03-31T08:00:12+00:00\",\"dateModified\":\"2023-05-12T10:07:18+00:00\",\"breadcrumb\":{\"@id\":\"https:\/\/www.neuraxpharm.com\/be-fr\/a-propos-de-nous\/comite-executif\/charles-morris-2#breadcrumb\"},\"inLanguage\":\"fr-BE\",\"potentialAction\":[{\"@type\":\"ReadAction\",\"target\":[\"https:\/\/www.neuraxpharm.com\/be-fr\/a-propos-de-nous\/comite-executif\/charles-morris-2\"]}]},{\"@type\":\"ImageObject\",\"inLanguage\":\"fr-BE\",\"@id\":\"https:\/\/www.neuraxpharm.com\/be-fr\/a-propos-de-nous\/comite-executif\/charles-morris-2#primaryimage\",\"url\":\"https:\/\/www.neuraxpharm.com\/be-fr\/wp-content\/uploads\/sites\/31\/2023\/03\/charles-morris.jpg\",\"contentUrl\":\"https:\/\/www.neuraxpharm.com\/be-fr\/wp-content\/uploads\/sites\/31\/2023\/03\/charles-morris.jpg\",\"width\":716,\"height\":700},{\"@type\":\"BreadcrumbList\",\"@id\":\"https:\/\/www.neuraxpharm.com\/be-fr\/a-propos-de-nous\/comite-executif\/charles-morris-2#breadcrumb\",\"itemListElement\":[{\"@type\":\"ListItem\",\"position\":1,\"name\":\"\u00c0 propos de nous\",\"item\":\"https:\/\/www.neuraxpharm.com\/be-fr\/a-propos-de-nous\"},{\"@type\":\"ListItem\",\"position\":2,\"name\":\"Comit\u00e9 Ex\u00e9cutif\",\"item\":\"https:\/\/www.neuraxpharm.com\/be-fr\/a-propos-de-nous\/comite-executif\"},{\"@type\":\"ListItem\",\"position\":3,\"name\":\"CHARLES MORRIS\"}]},{\"@type\":\"WebSite\",\"@id\":\"https:\/\/www.neuraxpharm.com\/be-fr\/#website\",\"url\":\"https:\/\/www.neuraxpharm.com\/be-fr\/\",\"name\":\"Neuraxpharm Belgique\",\"description\":\"Un leader europ\u00e9en pour les produits CNS\",\"potentialAction\":[{\"@type\":\"SearchAction\",\"target\":{\"@type\":\"EntryPoint\",\"urlTemplate\":\"https:\/\/www.neuraxpharm.com\/be-fr\/?s={search_term_string}\"},\"query-input\":{\"@type\":\"PropertyValueSpecification\",\"valueRequired\":true,\"valueName\":\"search_term_string\"}}],\"inLanguage\":\"fr-BE\"}]}<\/script>\n<!-- \/ Yoast SEO Premium plugin. -->","yoast_head_json":{"title":"CHARLES MORRIS - Neuraxpharm Belgique","robots":{"index":"index","follow":"follow","max-snippet":"max-snippet:-1","max-image-preview":"max-image-preview:large","max-video-preview":"max-video-preview:-1"},"canonical":"https:\/\/www.neuraxpharm.com\/be-fr\/a-propos-de-nous\/comite-executif\/charles-morris-2","og_locale":"fr_FR","og_type":"article","og_title":"CHARLES MORRIS","og_description":"https:\/\/www.linkedin.com\/in\/ana-apezteguia-moragas\/ Neuraxpharm CHARLES MORRIS Charles Morris a rejoint Neuraxpharm en tant que Head of Mergers &amp; Acquisitions en janvier 2022. Charles est un professionnel chevronn\u00e9 des fusions et acquisitions, avec 20 ans d\u2019exp\u00e9rience en banque d\u2019investissement et en fusions et acquisitions d\u2019entreprises dans l\u2019industrie pharmaceutique, dans plusieurs r\u00e9gions du monde, notamment aux \u00c9tats-Unis, en Allemagne [&hellip;]","og_url":"https:\/\/www.neuraxpharm.com\/be-fr\/a-propos-de-nous\/comite-executif\/charles-morris-2","og_site_name":"Neuraxpharm Belgique","article_modified_time":"2023-05-12T10:07:18+00:00","og_image":[{"url":"https:\/\/www.neuraxpharm.com\/be-fr\/wp-content\/uploads\/sites\/31\/2023\/03\/charles-morris.jpg","type":"","width":"","height":""}],"twitter_card":"summary_large_image","twitter_misc":{"Dur\u00e9e de lecture est.":"2 minutes"},"schema":{"@context":"https:\/\/schema.org","@graph":[{"@type":"WebPage","@id":"https:\/\/www.neuraxpharm.com\/be-fr\/a-propos-de-nous\/comite-executif\/charles-morris-2","url":"https:\/\/www.neuraxpharm.com\/be-fr\/a-propos-de-nous\/comite-executif\/charles-morris-2","name":"CHARLES MORRIS - Neuraxpharm Belgique","isPartOf":{"@id":"https:\/\/www.neuraxpharm.com\/be-fr\/#website"},"primaryImageOfPage":{"@id":"https:\/\/www.neuraxpharm.com\/be-fr\/a-propos-de-nous\/comite-executif\/charles-morris-2#primaryimage"},"image":{"@id":"https:\/\/www.neuraxpharm.com\/be-fr\/a-propos-de-nous\/comite-executif\/charles-morris-2#primaryimage"},"thumbnailUrl":"https:\/\/www.neuraxpharm.com\/be-fr\/wp-content\/uploads\/sites\/31\/2023\/03\/charles-morris.jpg","datePublished":"2023-03-31T08:00:12+00:00","dateModified":"2023-05-12T10:07:18+00:00","breadcrumb":{"@id":"https:\/\/www.neuraxpharm.com\/be-fr\/a-propos-de-nous\/comite-executif\/charles-morris-2#breadcrumb"},"inLanguage":"fr-BE","potentialAction":[{"@type":"ReadAction","target":["https:\/\/www.neuraxpharm.com\/be-fr\/a-propos-de-nous\/comite-executif\/charles-morris-2"]}]},{"@type":"ImageObject","inLanguage":"fr-BE","@id":"https:\/\/www.neuraxpharm.com\/be-fr\/a-propos-de-nous\/comite-executif\/charles-morris-2#primaryimage","url":"https:\/\/www.neuraxpharm.com\/be-fr\/wp-content\/uploads\/sites\/31\/2023\/03\/charles-morris.jpg","contentUrl":"https:\/\/www.neuraxpharm.com\/be-fr\/wp-content\/uploads\/sites\/31\/2023\/03\/charles-morris.jpg","width":716,"height":700},{"@type":"BreadcrumbList","@id":"https:\/\/www.neuraxpharm.com\/be-fr\/a-propos-de-nous\/comite-executif\/charles-morris-2#breadcrumb","itemListElement":[{"@type":"ListItem","position":1,"name":"\u00c0 propos de nous","item":"https:\/\/www.neuraxpharm.com\/be-fr\/a-propos-de-nous"},{"@type":"ListItem","position":2,"name":"Comit\u00e9 Ex\u00e9cutif","item":"https:\/\/www.neuraxpharm.com\/be-fr\/a-propos-de-nous\/comite-executif"},{"@type":"ListItem","position":3,"name":"CHARLES MORRIS"}]},{"@type":"WebSite","@id":"https:\/\/www.neuraxpharm.com\/be-fr\/#website","url":"https:\/\/www.neuraxpharm.com\/be-fr\/","name":"Neuraxpharm Belgique","description":"Un leader europ\u00e9en pour les produits CNS","potentialAction":[{"@type":"SearchAction","target":{"@type":"EntryPoint","urlTemplate":"https:\/\/www.neuraxpharm.com\/be-fr\/?s={search_term_string}"},"query-input":{"@type":"PropertyValueSpecification","valueRequired":true,"valueName":"search_term_string"}}],"inLanguage":"fr-BE"}]}},"acf":[],"_links":{"self":[{"href":"https:\/\/www.neuraxpharm.com\/be-fr\/wp-json\/wp\/v2\/pages\/28349","targetHints":{"allow":["GET"]}}],"collection":[{"href":"https:\/\/www.neuraxpharm.com\/be-fr\/wp-json\/wp\/v2\/pages"}],"about":[{"href":"https:\/\/www.neuraxpharm.com\/be-fr\/wp-json\/wp\/v2\/types\/page"}],"author":[{"embeddable":true,"href":"https:\/\/www.neuraxpharm.com\/be-fr\/wp-json\/wp\/v2\/users\/2"}],"replies":[{"embeddable":true,"href":"https:\/\/www.neuraxpharm.com\/be-fr\/wp-json\/wp\/v2\/comments?post=28349"}],"version-history":[{"count":0,"href":"https:\/\/www.neuraxpharm.com\/be-fr\/wp-json\/wp\/v2\/pages\/28349\/revisions"}],"up":[{"embeddable":true,"href":"https:\/\/www.neuraxpharm.com\/be-fr\/wp-json\/wp\/v2\/pages\/1998"}],"wp:attachment":[{"href":"https:\/\/www.neuraxpharm.com\/be-fr\/wp-json\/wp\/v2\/media?parent=28349"}],"curies":[{"name":"wp","href":"https:\/\/api.w.org\/{rel}","templated":true}]}}