{"id":15796,"date":"2021-04-13T08:34:09","date_gmt":"2021-04-13T08:34:09","guid":{"rendered":"https:\/\/www.neuraxpharm.com\/it2\/?page_id=15796"},"modified":"2023-05-12T10:06:33","modified_gmt":"2023-05-12T10:06:33","slug":"lluis-perez","status":"publish","type":"page","link":"https:\/\/www.neuraxpharm.com\/be-fr\/a-propos-de-nous\/comite-executif\/lluis-perez","title":{"rendered":"LLU\u00cdS P\u00c9REZ"},"content":{"rendered":"\t\t<div data-elementor-type=\"wp-page\" data-elementor-id=\"15796\" class=\"elementor elementor-15796\" data-elementor-post-type=\"page\">\n\t\t\t\t\t\t<section class=\"elementor-section elementor-top-section elementor-element elementor-element-7f808905 elementor-section-boxed elementor-section-height-default elementor-section-height-default\" data-id=\"7f808905\" data-element_type=\"section\" data-e-type=\"section\" data-settings=\"{&quot;jet_parallax_layout_list&quot;:[{&quot;jet_parallax_layout_image&quot;:{&quot;url&quot;:&quot;&quot;,&quot;id&quot;:&quot;&quot;,&quot;size&quot;:&quot;&quot;},&quot;_id&quot;:&quot;f02b98c&quot;,&quot;jet_parallax_layout_image_tablet&quot;:{&quot;url&quot;:&quot;&quot;,&quot;id&quot;:&quot;&quot;,&quot;size&quot;:&quot;&quot;},&quot;jet_parallax_layout_image_mobile&quot;:{&quot;url&quot;:&quot;&quot;,&quot;id&quot;:&quot;&quot;,&quot;size&quot;:&quot;&quot;},&quot;jet_parallax_layout_speed&quot;:{&quot;unit&quot;:&quot;%&quot;,&quot;size&quot;:50,&quot;sizes&quot;:[]},&quot;jet_parallax_layout_type&quot;:&quot;scroll&quot;,&quot;jet_parallax_layout_direction&quot;:&quot;1&quot;,&quot;jet_parallax_layout_fx_direction&quot;:null,&quot;jet_parallax_layout_z_index&quot;:&quot;&quot;,&quot;jet_parallax_layout_bg_x&quot;:50,&quot;jet_parallax_layout_bg_x_tablet&quot;:&quot;&quot;,&quot;jet_parallax_layout_bg_x_mobile&quot;:&quot;&quot;,&quot;jet_parallax_layout_bg_y&quot;:50,&quot;jet_parallax_layout_bg_y_tablet&quot;:&quot;&quot;,&quot;jet_parallax_layout_bg_y_mobile&quot;:&quot;&quot;,&quot;jet_parallax_layout_bg_size&quot;:&quot;auto&quot;,&quot;jet_parallax_layout_bg_size_tablet&quot;:&quot;&quot;,&quot;jet_parallax_layout_bg_size_mobile&quot;:&quot;&quot;,&quot;jet_parallax_layout_animation_prop&quot;:&quot;transform&quot;,&quot;jet_parallax_layout_on&quot;:[&quot;desktop&quot;,&quot;tablet&quot;]}]}\">\n\t\t\t\t\t\t<div class=\"elementor-container elementor-column-gap-default\">\n\t\t\t\t\t<div class=\"elementor-column elementor-col-33 elementor-top-column elementor-element elementor-element-3d70389b\" data-id=\"3d70389b\" data-element_type=\"column\" data-e-type=\"column\">\n\t\t\t<div class=\"elementor-widget-wrap elementor-element-populated\">\n\t\t\t\t\t\t<div class=\"elementor-element elementor-element-75ad8cba elementor-widget elementor-widget-image\" data-id=\"75ad8cba\" data-element_type=\"widget\" data-e-type=\"widget\" data-widget_type=\"image.default\">\n\t\t\t\t<div class=\"elementor-widget-container\">\n\t\t\t\t\t\t\t\t\t\t\t\t\t\t\t<img fetchpriority=\"high\" decoding=\"async\" width=\"716\" height=\"700\" src=\"https:\/\/www.neuraxpharm.com\/be-fr\/wp-content\/uploads\/sites\/31\/2023\/03\/lluis-perez-1.jpg\" class=\"attachment-large size-large wp-image-28342\" alt=\"\" srcset=\"https:\/\/www.neuraxpharm.com\/be-fr\/wp-content\/uploads\/sites\/31\/2023\/03\/lluis-perez-1.jpg 716w, https:\/\/www.neuraxpharm.com\/be-fr\/wp-content\/uploads\/sites\/31\/2023\/03\/lluis-perez-1-300x293.jpg 300w, https:\/\/www.neuraxpharm.com\/be-fr\/wp-content\/uploads\/sites\/31\/2023\/03\/lluis-perez-1-600x587.jpg 600w\" sizes=\"(max-width: 716px) 100vw, 716px\" \/>\t\t\t\t\t\t\t\t\t\t\t\t\t\t\t<\/div>\n\t\t\t\t<\/div>\n\t\t\t\t<section class=\"elementor-section elementor-inner-section elementor-element elementor-element-74b8bffa elementor-section-content-top elementor-section-boxed elementor-section-height-default elementor-section-height-default\" data-id=\"74b8bffa\" data-element_type=\"section\" data-e-type=\"section\" data-settings=\"{&quot;jet_parallax_layout_list&quot;:[{&quot;jet_parallax_layout_image&quot;:{&quot;url&quot;:&quot;&quot;,&quot;id&quot;:&quot;&quot;,&quot;size&quot;:&quot;&quot;},&quot;_id&quot;:&quot;5f899ce&quot;,&quot;jet_parallax_layout_image_tablet&quot;:{&quot;url&quot;:&quot;&quot;,&quot;id&quot;:&quot;&quot;,&quot;size&quot;:&quot;&quot;},&quot;jet_parallax_layout_image_mobile&quot;:{&quot;url&quot;:&quot;&quot;,&quot;id&quot;:&quot;&quot;,&quot;size&quot;:&quot;&quot;},&quot;jet_parallax_layout_speed&quot;:{&quot;unit&quot;:&quot;%&quot;,&quot;size&quot;:50,&quot;sizes&quot;:[]},&quot;jet_parallax_layout_type&quot;:&quot;scroll&quot;,&quot;jet_parallax_layout_direction&quot;:&quot;1&quot;,&quot;jet_parallax_layout_fx_direction&quot;:null,&quot;jet_parallax_layout_z_index&quot;:&quot;&quot;,&quot;jet_parallax_layout_bg_x&quot;:50,&quot;jet_parallax_layout_bg_x_tablet&quot;:&quot;&quot;,&quot;jet_parallax_layout_bg_x_mobile&quot;:&quot;&quot;,&quot;jet_parallax_layout_bg_y&quot;:50,&quot;jet_parallax_layout_bg_y_tablet&quot;:&quot;&quot;,&quot;jet_parallax_layout_bg_y_mobile&quot;:&quot;&quot;,&quot;jet_parallax_layout_bg_size&quot;:&quot;auto&quot;,&quot;jet_parallax_layout_bg_size_tablet&quot;:&quot;&quot;,&quot;jet_parallax_layout_bg_size_mobile&quot;:&quot;&quot;,&quot;jet_parallax_layout_animation_prop&quot;:&quot;transform&quot;,&quot;jet_parallax_layout_on&quot;:[&quot;desktop&quot;,&quot;tablet&quot;]}]}\">\n\t\t\t\t\t\t<div class=\"elementor-container elementor-column-gap-default\">\n\t\t\t\t\t<div class=\"elementor-column elementor-col-50 elementor-inner-column elementor-element elementor-element-60646bf2\" data-id=\"60646bf2\" data-element_type=\"column\" data-e-type=\"column\">\n\t\t\t<div class=\"elementor-widget-wrap elementor-element-populated\">\n\t\t\t\t\t\t<div class=\"elementor-element elementor-element-15700adb elementor-view-default elementor-widget elementor-widget-icon\" data-id=\"15700adb\" data-element_type=\"widget\" data-e-type=\"widget\" data-widget_type=\"icon.default\">\n\t\t\t\t<div class=\"elementor-widget-container\">\n\t\t\t\t\t\t\t<div class=\"elementor-icon-wrapper\">\n\t\t\t<div class=\"elementor-icon\">\n\t\t\t<i aria-hidden=\"true\" class=\"fab fa-linkedin-in\"><\/i>\t\t\t<\/div>\n\t\t<\/div>\n\t\t\t\t\t\t<\/div>\n\t\t\t\t<\/div>\n\t\t\t\t\t<\/div>\n\t\t<\/div>\n\t\t\t\t<div class=\"elementor-column elementor-col-50 elementor-inner-column elementor-element elementor-element-15490b\" data-id=\"15490b\" data-element_type=\"column\" data-e-type=\"column\">\n\t\t\t<div class=\"elementor-widget-wrap elementor-element-populated\">\n\t\t\t\t\t\t<div class=\"elementor-element elementor-element-1cc52f3 elementor-widget elementor-widget-heading\" data-id=\"1cc52f3\" data-element_type=\"widget\" data-e-type=\"widget\" data-widget_type=\"heading.default\">\n\t\t\t\t<div class=\"elementor-widget-container\">\n\t\t\t\t\t<p class=\"elementor-heading-title elementor-size-default\"><a href=\"https:\/\/www.linkedin.com\/in\/lluis-perez-796bb934\/\" target=\"_blank\">https:\/\/www.linkedin.com\/in\/lluis-perez\/<\/a><\/p>\t\t\t\t<\/div>\n\t\t\t\t<\/div>\n\t\t\t\t\t<\/div>\n\t\t<\/div>\n\t\t\t\t\t<\/div>\n\t\t<\/section>\n\t\t\t\t\t<\/div>\n\t\t<\/div>\n\t\t\t\t<div class=\"elementor-column elementor-col-66 elementor-top-column elementor-element elementor-element-17640048\" data-id=\"17640048\" data-element_type=\"column\" data-e-type=\"column\">\n\t\t\t<div class=\"elementor-widget-wrap elementor-element-populated\">\n\t\t\t\t\t\t<div class=\"elementor-element elementor-element-3453d9e5 elementor-widget elementor-widget-jet-breadcrumbs\" data-id=\"3453d9e5\" data-element_type=\"widget\" data-e-type=\"widget\" data-widget_type=\"jet-breadcrumbs.default\">\n\t\t\t\t<div class=\"elementor-widget-container\">\n\t\t\t\t\t<div class=\"elementor-jet-breadcrumbs jet-blocks\">\n\t\t<div class=\"jet-breadcrumbs\">\n\t\t<div class=\"jet-breadcrumbs__content\">\n\t\t<div class=\"jet-breadcrumbs__wrap\"><div class=\"jet-breadcrumbs__item\"><a href=\"https:\/\/www.neuraxpharm.com\/be-fr\/\" class=\"jet-breadcrumbs__item-link is-home\" rel=\"home\" title=\"Neuraxpharm\">Neuraxpharm<\/a><\/div>\n\t\t<\/div>\n\t\t<\/div>\n\t\t<\/div><\/div>\t\t\t\t<\/div>\n\t\t\t\t<\/div>\n\t\t\t\t<div class=\"elementor-element elementor-element-e5e84e8 elementor-widget elementor-widget-heading\" data-id=\"e5e84e8\" data-element_type=\"widget\" data-e-type=\"widget\" data-widget_type=\"heading.default\">\n\t\t\t\t<div class=\"elementor-widget-container\">\n\t\t\t\t\t<h1 class=\"elementor-heading-title elementor-size-default\">LLU\u00cdS P\u00c9REZ<\/h1>\t\t\t\t<\/div>\n\t\t\t\t<\/div>\n\t\t\t\t<div class=\"elementor-element elementor-element-614cff3 elementor-widget elementor-widget-text-editor\" data-id=\"614cff3\" data-element_type=\"widget\" data-e-type=\"widget\" data-widget_type=\"text-editor.default\">\n\t\t\t\t<div class=\"elementor-widget-container\">\n\t\t\t\t\t\t\t\t\t<p>Llu\u00eds a rejoint Neuraxpharm en tant que CHIEF FINANCIAL OFFICER (CFO) en avril 2018. Son parcours professionnel et son expertise sont ax\u00e9s sur les domaines de la finance et du contr\u00f4le financier des entreprises. Il poss\u00e8de une vaste exp\u00e9rience internationale au sein de grandes multinationales.<\/p><p>Pendant plus de huit ans, Llu\u00eds a d\u00e9velopp\u00e9 sa carri\u00e8re professionnelle en tant que CFO dans diff\u00e9rentes unit\u00e9s du groupe Celsa, deuxi\u00e8me plus grand producteur d&rsquo;acier en Europe, ayant des bases au Royaume-Uni, en Scandinavie et en Pologne, et en tant que CFO du groupe Goldcar, soci\u00e9t\u00e9 de capital-investissement.<\/p><p>Il est expert en int\u00e9gration des filiales, coordination des d\u00e9partements financiers multi-sites, refinancement, analyse de faisabilit\u00e9 de nouveaux investissements et direction des processus de fusion et d&rsquo;acquisition.<\/p><p>Llu\u00eds d\u00e9tient une licence en \u00e9conomie d&rsquo;entreprise de l&rsquo;Universitat Aut\u00f2noma de Barcelone et un Executive MBA.<\/p>\t\t\t\t\t\t\t\t<\/div>\n\t\t\t\t<\/div>\n\t\t\t\t\t<\/div>\n\t\t<\/div>\n\t\t\t\t\t<\/div>\n\t\t<\/section>\n\t\t\t\t<section class=\"elementor-section elementor-top-section elementor-element elementor-element-bacc1a9 elementor-section-boxed elementor-section-height-default elementor-section-height-default\" data-id=\"bacc1a9\" data-element_type=\"section\" data-e-type=\"section\" data-settings=\"{&quot;jet_parallax_layout_list&quot;:[{&quot;jet_parallax_layout_image&quot;:{&quot;url&quot;:&quot;&quot;,&quot;id&quot;:&quot;&quot;,&quot;size&quot;:&quot;&quot;},&quot;_id&quot;:&quot;e7d9f21&quot;,&quot;jet_parallax_layout_image_tablet&quot;:{&quot;url&quot;:&quot;&quot;,&quot;id&quot;:&quot;&quot;,&quot;size&quot;:&quot;&quot;},&quot;jet_parallax_layout_image_mobile&quot;:{&quot;url&quot;:&quot;&quot;,&quot;id&quot;:&quot;&quot;,&quot;size&quot;:&quot;&quot;},&quot;jet_parallax_layout_speed&quot;:{&quot;unit&quot;:&quot;%&quot;,&quot;size&quot;:50,&quot;sizes&quot;:[]},&quot;jet_parallax_layout_type&quot;:&quot;scroll&quot;,&quot;jet_parallax_layout_direction&quot;:&quot;1&quot;,&quot;jet_parallax_layout_fx_direction&quot;:null,&quot;jet_parallax_layout_z_index&quot;:&quot;&quot;,&quot;jet_parallax_layout_bg_x&quot;:50,&quot;jet_parallax_layout_bg_x_tablet&quot;:&quot;&quot;,&quot;jet_parallax_layout_bg_x_mobile&quot;:&quot;&quot;,&quot;jet_parallax_layout_bg_y&quot;:50,&quot;jet_parallax_layout_bg_y_tablet&quot;:&quot;&quot;,&quot;jet_parallax_layout_bg_y_mobile&quot;:&quot;&quot;,&quot;jet_parallax_layout_bg_size&quot;:&quot;auto&quot;,&quot;jet_parallax_layout_bg_size_tablet&quot;:&quot;&quot;,&quot;jet_parallax_layout_bg_size_mobile&quot;:&quot;&quot;,&quot;jet_parallax_layout_animation_prop&quot;:&quot;transform&quot;,&quot;jet_parallax_layout_on&quot;:[&quot;desktop&quot;,&quot;tablet&quot;]}]}\">\n\t\t\t\t\t\t<div class=\"elementor-container elementor-column-gap-default\">\n\t\t\t\t\t<div class=\"elementor-column elementor-col-100 elementor-top-column elementor-element elementor-element-7080505\" data-id=\"7080505\" data-element_type=\"column\" data-e-type=\"column\">\n\t\t\t<div class=\"elementor-widget-wrap elementor-element-populated\">\n\t\t\t\t\t\t<div class=\"elementor-element elementor-element-53f8d38 elementor-widget elementor-widget-spacer\" data-id=\"53f8d38\" data-element_type=\"widget\" data-e-type=\"widget\" data-widget_type=\"spacer.default\">\n\t\t\t\t<div class=\"elementor-widget-container\">\n\t\t\t\t\t\t\t<div class=\"elementor-spacer\">\n\t\t\t<div class=\"elementor-spacer-inner\"><\/div>\n\t\t<\/div>\n\t\t\t\t\t\t<\/div>\n\t\t\t\t<\/div>\n\t\t\t\t\t<\/div>\n\t\t<\/div>\n\t\t\t\t\t<\/div>\n\t\t<\/section>\n\t\t\t\t<\/div>\n\t\t","protected":false},"excerpt":{"rendered":"<p>https:\/\/www.linkedin.com\/in\/lluis-perez\/ Neuraxpharm LLU\u00cdS P\u00c9REZ Llu\u00eds a rejoint Neuraxpharm en tant que CHIEF FINANCIAL OFFICER (CFO) en avril 2018. Son parcours professionnel et son expertise sont ax\u00e9s sur les domaines de la finance et du contr\u00f4le financier des entreprises. Il poss\u00e8de une vaste exp\u00e9rience internationale au sein de grandes multinationales. Pendant plus de huit ans, Llu\u00eds [&hellip;]<\/p>\n","protected":false},"author":2,"featured_media":0,"parent":1998,"menu_order":0,"comment_status":"closed","ping_status":"closed","template":"elementor_header_footer","meta":{"_acf_changed":false,"footnotes":""},"class_list":["post-15796","page","type-page","status-publish","hentry"],"yoast_head":"<!-- This site is optimized with the Yoast SEO Premium plugin v27.2 (Yoast SEO v27.5) - https:\/\/yoast.com\/product\/yoast-seo-premium-wordpress\/ -->\n<title>LLU\u00cdS P\u00c9REZ - Neuraxpharm Belgique<\/title>\n<meta name=\"robots\" content=\"index, follow, max-snippet:-1, max-image-preview:large, max-video-preview:-1\" \/>\n<link rel=\"canonical\" href=\"https:\/\/www.neuraxpharm.com\/be-fr\/a-propos-de-nous\/comite-executif\/lluis-perez\" \/>\n<meta property=\"og:locale\" content=\"fr_FR\" \/>\n<meta property=\"og:type\" content=\"article\" \/>\n<meta property=\"og:title\" content=\"LLU\u00cdS P\u00c9REZ\" \/>\n<meta property=\"og:description\" content=\"https:\/\/www.linkedin.com\/in\/lluis-perez\/ Neuraxpharm LLU\u00cdS P\u00c9REZ Llu\u00eds a rejoint Neuraxpharm en tant que CHIEF FINANCIAL OFFICER (CFO) en avril 2018. Son parcours professionnel et son expertise sont ax\u00e9s sur les domaines de la finance et du contr\u00f4le financier des entreprises. Il poss\u00e8de une vaste exp\u00e9rience internationale au sein de grandes multinationales. Pendant plus de huit ans, Llu\u00eds [&hellip;]\" \/>\n<meta property=\"og:url\" content=\"https:\/\/www.neuraxpharm.com\/be-fr\/a-propos-de-nous\/comite-executif\/lluis-perez\" \/>\n<meta property=\"og:site_name\" content=\"Neuraxpharm Belgique\" \/>\n<meta property=\"article:modified_time\" content=\"2023-05-12T10:06:33+00:00\" \/>\n<meta property=\"og:image\" content=\"https:\/\/www.neuraxpharm.com\/be-fr\/wp-content\/uploads\/sites\/31\/2023\/03\/lluis-perez-1.jpg\" \/>\n<meta name=\"twitter:card\" content=\"summary_large_image\" \/>\n<meta name=\"twitter:label1\" content=\"Dur\u00e9e de lecture est.\" \/>\n\t<meta name=\"twitter:data1\" content=\"1 minute\" \/>\n<script type=\"application\/ld+json\" class=\"yoast-schema-graph\">{\"@context\":\"https:\\\/\\\/schema.org\",\"@graph\":[{\"@type\":\"WebPage\",\"@id\":\"https:\\\/\\\/www.neuraxpharm.com\\\/be-fr\\\/a-propos-de-nous\\\/comite-executif\\\/lluis-perez\",\"url\":\"https:\\\/\\\/www.neuraxpharm.com\\\/be-fr\\\/a-propos-de-nous\\\/comite-executif\\\/lluis-perez\",\"name\":\"LLU\u00cdS P\u00c9REZ - Neuraxpharm Belgique\",\"isPartOf\":{\"@id\":\"https:\\\/\\\/www.neuraxpharm.com\\\/be-fr\\\/#website\"},\"primaryImageOfPage\":{\"@id\":\"https:\\\/\\\/www.neuraxpharm.com\\\/be-fr\\\/a-propos-de-nous\\\/comite-executif\\\/lluis-perez#primaryimage\"},\"image\":{\"@id\":\"https:\\\/\\\/www.neuraxpharm.com\\\/be-fr\\\/a-propos-de-nous\\\/comite-executif\\\/lluis-perez#primaryimage\"},\"thumbnailUrl\":\"https:\\\/\\\/www.neuraxpharm.com\\\/be-fr\\\/wp-content\\\/uploads\\\/sites\\\/31\\\/2023\\\/03\\\/lluis-perez-1.jpg\",\"datePublished\":\"2021-04-13T08:34:09+00:00\",\"dateModified\":\"2023-05-12T10:06:33+00:00\",\"breadcrumb\":{\"@id\":\"https:\\\/\\\/www.neuraxpharm.com\\\/be-fr\\\/a-propos-de-nous\\\/comite-executif\\\/lluis-perez#breadcrumb\"},\"inLanguage\":\"fr-BE\",\"potentialAction\":[{\"@type\":\"ReadAction\",\"target\":[\"https:\\\/\\\/www.neuraxpharm.com\\\/be-fr\\\/a-propos-de-nous\\\/comite-executif\\\/lluis-perez\"]}]},{\"@type\":\"ImageObject\",\"inLanguage\":\"fr-BE\",\"@id\":\"https:\\\/\\\/www.neuraxpharm.com\\\/be-fr\\\/a-propos-de-nous\\\/comite-executif\\\/lluis-perez#primaryimage\",\"url\":\"https:\\\/\\\/www.neuraxpharm.com\\\/be-fr\\\/wp-content\\\/uploads\\\/sites\\\/31\\\/2023\\\/03\\\/lluis-perez-1.jpg\",\"contentUrl\":\"https:\\\/\\\/www.neuraxpharm.com\\\/be-fr\\\/wp-content\\\/uploads\\\/sites\\\/31\\\/2023\\\/03\\\/lluis-perez-1.jpg\",\"width\":716,\"height\":700},{\"@type\":\"BreadcrumbList\",\"@id\":\"https:\\\/\\\/www.neuraxpharm.com\\\/be-fr\\\/a-propos-de-nous\\\/comite-executif\\\/lluis-perez#breadcrumb\",\"itemListElement\":[{\"@type\":\"ListItem\",\"position\":1,\"name\":\"\u00c0 propos de nous\",\"item\":\"https:\\\/\\\/www.neuraxpharm.com\\\/be-fr\\\/a-propos-de-nous\"},{\"@type\":\"ListItem\",\"position\":2,\"name\":\"Comit\u00e9 Ex\u00e9cutif\",\"item\":\"https:\\\/\\\/www.neuraxpharm.com\\\/be-fr\\\/a-propos-de-nous\\\/comite-executif\"},{\"@type\":\"ListItem\",\"position\":3,\"name\":\"LLU\u00cdS P\u00c9REZ\"}]},{\"@type\":\"WebSite\",\"@id\":\"https:\\\/\\\/www.neuraxpharm.com\\\/be-fr\\\/#website\",\"url\":\"https:\\\/\\\/www.neuraxpharm.com\\\/be-fr\\\/\",\"name\":\"Neuraxpharm Belgique\",\"description\":\"Un leader europ\u00e9en pour les produits CNS\",\"potentialAction\":[{\"@type\":\"SearchAction\",\"target\":{\"@type\":\"EntryPoint\",\"urlTemplate\":\"https:\\\/\\\/www.neuraxpharm.com\\\/be-fr\\\/?s={search_term_string}\"},\"query-input\":{\"@type\":\"PropertyValueSpecification\",\"valueRequired\":true,\"valueName\":\"search_term_string\"}}],\"inLanguage\":\"fr-BE\"}]}<\/script>\n<!-- \/ Yoast SEO Premium plugin. -->","yoast_head_json":{"title":"LLU\u00cdS P\u00c9REZ - Neuraxpharm Belgique","robots":{"index":"index","follow":"follow","max-snippet":"max-snippet:-1","max-image-preview":"max-image-preview:large","max-video-preview":"max-video-preview:-1"},"canonical":"https:\/\/www.neuraxpharm.com\/be-fr\/a-propos-de-nous\/comite-executif\/lluis-perez","og_locale":"fr_FR","og_type":"article","og_title":"LLU\u00cdS P\u00c9REZ","og_description":"https:\/\/www.linkedin.com\/in\/lluis-perez\/ Neuraxpharm LLU\u00cdS P\u00c9REZ Llu\u00eds a rejoint Neuraxpharm en tant que CHIEF FINANCIAL OFFICER (CFO) en avril 2018. Son parcours professionnel et son expertise sont ax\u00e9s sur les domaines de la finance et du contr\u00f4le financier des entreprises. Il poss\u00e8de une vaste exp\u00e9rience internationale au sein de grandes multinationales. Pendant plus de huit ans, Llu\u00eds [&hellip;]","og_url":"https:\/\/www.neuraxpharm.com\/be-fr\/a-propos-de-nous\/comite-executif\/lluis-perez","og_site_name":"Neuraxpharm Belgique","article_modified_time":"2023-05-12T10:06:33+00:00","og_image":[{"url":"https:\/\/www.neuraxpharm.com\/be-fr\/wp-content\/uploads\/sites\/31\/2023\/03\/lluis-perez-1.jpg","type":"","width":"","height":""}],"twitter_card":"summary_large_image","twitter_misc":{"Dur\u00e9e de lecture est.":"1 minute"},"schema":{"@context":"https:\/\/schema.org","@graph":[{"@type":"WebPage","@id":"https:\/\/www.neuraxpharm.com\/be-fr\/a-propos-de-nous\/comite-executif\/lluis-perez","url":"https:\/\/www.neuraxpharm.com\/be-fr\/a-propos-de-nous\/comite-executif\/lluis-perez","name":"LLU\u00cdS P\u00c9REZ - Neuraxpharm Belgique","isPartOf":{"@id":"https:\/\/www.neuraxpharm.com\/be-fr\/#website"},"primaryImageOfPage":{"@id":"https:\/\/www.neuraxpharm.com\/be-fr\/a-propos-de-nous\/comite-executif\/lluis-perez#primaryimage"},"image":{"@id":"https:\/\/www.neuraxpharm.com\/be-fr\/a-propos-de-nous\/comite-executif\/lluis-perez#primaryimage"},"thumbnailUrl":"https:\/\/www.neuraxpharm.com\/be-fr\/wp-content\/uploads\/sites\/31\/2023\/03\/lluis-perez-1.jpg","datePublished":"2021-04-13T08:34:09+00:00","dateModified":"2023-05-12T10:06:33+00:00","breadcrumb":{"@id":"https:\/\/www.neuraxpharm.com\/be-fr\/a-propos-de-nous\/comite-executif\/lluis-perez#breadcrumb"},"inLanguage":"fr-BE","potentialAction":[{"@type":"ReadAction","target":["https:\/\/www.neuraxpharm.com\/be-fr\/a-propos-de-nous\/comite-executif\/lluis-perez"]}]},{"@type":"ImageObject","inLanguage":"fr-BE","@id":"https:\/\/www.neuraxpharm.com\/be-fr\/a-propos-de-nous\/comite-executif\/lluis-perez#primaryimage","url":"https:\/\/www.neuraxpharm.com\/be-fr\/wp-content\/uploads\/sites\/31\/2023\/03\/lluis-perez-1.jpg","contentUrl":"https:\/\/www.neuraxpharm.com\/be-fr\/wp-content\/uploads\/sites\/31\/2023\/03\/lluis-perez-1.jpg","width":716,"height":700},{"@type":"BreadcrumbList","@id":"https:\/\/www.neuraxpharm.com\/be-fr\/a-propos-de-nous\/comite-executif\/lluis-perez#breadcrumb","itemListElement":[{"@type":"ListItem","position":1,"name":"\u00c0 propos de nous","item":"https:\/\/www.neuraxpharm.com\/be-fr\/a-propos-de-nous"},{"@type":"ListItem","position":2,"name":"Comit\u00e9 Ex\u00e9cutif","item":"https:\/\/www.neuraxpharm.com\/be-fr\/a-propos-de-nous\/comite-executif"},{"@type":"ListItem","position":3,"name":"LLU\u00cdS P\u00c9REZ"}]},{"@type":"WebSite","@id":"https:\/\/www.neuraxpharm.com\/be-fr\/#website","url":"https:\/\/www.neuraxpharm.com\/be-fr\/","name":"Neuraxpharm Belgique","description":"Un leader europ\u00e9en pour les produits CNS","potentialAction":[{"@type":"SearchAction","target":{"@type":"EntryPoint","urlTemplate":"https:\/\/www.neuraxpharm.com\/be-fr\/?s={search_term_string}"},"query-input":{"@type":"PropertyValueSpecification","valueRequired":true,"valueName":"search_term_string"}}],"inLanguage":"fr-BE"}]}},"acf":[],"_links":{"self":[{"href":"https:\/\/www.neuraxpharm.com\/be-fr\/wp-json\/wp\/v2\/pages\/15796","targetHints":{"allow":["GET"]}}],"collection":[{"href":"https:\/\/www.neuraxpharm.com\/be-fr\/wp-json\/wp\/v2\/pages"}],"about":[{"href":"https:\/\/www.neuraxpharm.com\/be-fr\/wp-json\/wp\/v2\/types\/page"}],"author":[{"embeddable":true,"href":"https:\/\/www.neuraxpharm.com\/be-fr\/wp-json\/wp\/v2\/users\/2"}],"replies":[{"embeddable":true,"href":"https:\/\/www.neuraxpharm.com\/be-fr\/wp-json\/wp\/v2\/comments?post=15796"}],"version-history":[{"count":39,"href":"https:\/\/www.neuraxpharm.com\/be-fr\/wp-json\/wp\/v2\/pages\/15796\/revisions"}],"predecessor-version":[{"id":28218,"href":"https:\/\/www.neuraxpharm.com\/be-fr\/wp-json\/wp\/v2\/pages\/15796\/revisions\/28218"}],"up":[{"embeddable":true,"href":"https:\/\/www.neuraxpharm.com\/be-fr\/wp-json\/wp\/v2\/pages\/1998"}],"wp:attachment":[{"href":"https:\/\/www.neuraxpharm.com\/be-fr\/wp-json\/wp\/v2\/media?parent=15796"}],"curies":[{"name":"wp","href":"https:\/\/api.w.org\/{rel}","templated":true}]}}