{"id":15772,"date":"2021-04-13T08:16:45","date_gmt":"2021-04-13T08:16:45","guid":{"rendered":"https:\/\/www.neuraxpharm.com\/it2\/?page_id=15772"},"modified":"2023-05-12T10:06:24","modified_gmt":"2023-05-12T10:06:24","slug":"jorg-thomas-dierks","status":"publish","type":"page","link":"https:\/\/www.neuraxpharm.com\/be-fr\/a-propos-de-nous\/comite-executif\/jorg-thomas-dierks","title":{"rendered":"DR J\u00d6RG-THOMAS DIERKS"},"content":{"rendered":"\t\t<div data-elementor-type=\"wp-page\" data-elementor-id=\"15772\" class=\"elementor elementor-15772\" data-elementor-post-type=\"page\">\n\t\t\t\t\t\t<section class=\"elementor-section elementor-top-section elementor-element elementor-element-7f808905 elementor-section-boxed elementor-section-height-default elementor-section-height-default\" data-id=\"7f808905\" data-element_type=\"section\" data-e-type=\"section\" data-settings=\"{&quot;jet_parallax_layout_list&quot;:[{&quot;jet_parallax_layout_image&quot;:{&quot;url&quot;:&quot;&quot;,&quot;id&quot;:&quot;&quot;,&quot;size&quot;:&quot;&quot;},&quot;_id&quot;:&quot;f02b98c&quot;,&quot;jet_parallax_layout_image_tablet&quot;:{&quot;url&quot;:&quot;&quot;,&quot;id&quot;:&quot;&quot;,&quot;size&quot;:&quot;&quot;},&quot;jet_parallax_layout_image_mobile&quot;:{&quot;url&quot;:&quot;&quot;,&quot;id&quot;:&quot;&quot;,&quot;size&quot;:&quot;&quot;},&quot;jet_parallax_layout_speed&quot;:{&quot;unit&quot;:&quot;%&quot;,&quot;size&quot;:50,&quot;sizes&quot;:[]},&quot;jet_parallax_layout_type&quot;:&quot;scroll&quot;,&quot;jet_parallax_layout_direction&quot;:&quot;1&quot;,&quot;jet_parallax_layout_fx_direction&quot;:null,&quot;jet_parallax_layout_z_index&quot;:&quot;&quot;,&quot;jet_parallax_layout_bg_x&quot;:50,&quot;jet_parallax_layout_bg_x_tablet&quot;:&quot;&quot;,&quot;jet_parallax_layout_bg_x_mobile&quot;:&quot;&quot;,&quot;jet_parallax_layout_bg_y&quot;:50,&quot;jet_parallax_layout_bg_y_tablet&quot;:&quot;&quot;,&quot;jet_parallax_layout_bg_y_mobile&quot;:&quot;&quot;,&quot;jet_parallax_layout_bg_size&quot;:&quot;auto&quot;,&quot;jet_parallax_layout_bg_size_tablet&quot;:&quot;&quot;,&quot;jet_parallax_layout_bg_size_mobile&quot;:&quot;&quot;,&quot;jet_parallax_layout_animation_prop&quot;:&quot;transform&quot;,&quot;jet_parallax_layout_on&quot;:[&quot;desktop&quot;,&quot;tablet&quot;]}]}\">\n\t\t\t\t\t\t<div class=\"elementor-container elementor-column-gap-default\">\n\t\t\t\t\t<div class=\"elementor-column elementor-col-33 elementor-top-column elementor-element elementor-element-3d70389b\" data-id=\"3d70389b\" data-element_type=\"column\" data-e-type=\"column\">\n\t\t\t<div class=\"elementor-widget-wrap elementor-element-populated\">\n\t\t\t\t\t\t<div class=\"elementor-element elementor-element-75ad8cba elementor-widget elementor-widget-image\" data-id=\"75ad8cba\" data-element_type=\"widget\" data-e-type=\"widget\" data-widget_type=\"image.default\">\n\t\t\t\t<div class=\"elementor-widget-container\">\n\t\t\t\t\t\t\t\t\t\t\t\t\t\t\t<img fetchpriority=\"high\" decoding=\"async\" width=\"716\" height=\"700\" src=\"https:\/\/static.neuraxpharm.com\/wp-content\/uploads\/sites\/31\/2023\/03\/06133349\/dr-jorg-thomas-dierks.jpg\" class=\"attachment-large size-large wp-image-28344\" alt=\"\" srcset=\"https:\/\/static.neuraxpharm.com\/wp-content\/uploads\/sites\/31\/2023\/03\/06133349\/dr-jorg-thomas-dierks.jpg 716w, https:\/\/static.neuraxpharm.com\/wp-content\/uploads\/sites\/31\/2023\/03\/06133349\/dr-jorg-thomas-dierks-300x293.jpg 300w, https:\/\/static.neuraxpharm.com\/wp-content\/uploads\/sites\/31\/2023\/03\/06133349\/dr-jorg-thomas-dierks-600x587.jpg 600w\" sizes=\"(max-width: 716px) 100vw, 716px\" \/>\t\t\t\t\t\t\t\t\t\t\t\t\t\t\t<\/div>\n\t\t\t\t<\/div>\n\t\t\t\t<section class=\"elementor-section elementor-inner-section elementor-element elementor-element-74b8bffa elementor-section-content-top elementor-section-boxed elementor-section-height-default elementor-section-height-default\" data-id=\"74b8bffa\" data-element_type=\"section\" data-e-type=\"section\" data-settings=\"{&quot;jet_parallax_layout_list&quot;:[{&quot;jet_parallax_layout_image&quot;:{&quot;url&quot;:&quot;&quot;,&quot;id&quot;:&quot;&quot;,&quot;size&quot;:&quot;&quot;},&quot;_id&quot;:&quot;5f899ce&quot;,&quot;jet_parallax_layout_image_tablet&quot;:{&quot;url&quot;:&quot;&quot;,&quot;id&quot;:&quot;&quot;,&quot;size&quot;:&quot;&quot;},&quot;jet_parallax_layout_image_mobile&quot;:{&quot;url&quot;:&quot;&quot;,&quot;id&quot;:&quot;&quot;,&quot;size&quot;:&quot;&quot;},&quot;jet_parallax_layout_speed&quot;:{&quot;unit&quot;:&quot;%&quot;,&quot;size&quot;:50,&quot;sizes&quot;:[]},&quot;jet_parallax_layout_type&quot;:&quot;scroll&quot;,&quot;jet_parallax_layout_direction&quot;:&quot;1&quot;,&quot;jet_parallax_layout_fx_direction&quot;:null,&quot;jet_parallax_layout_z_index&quot;:&quot;&quot;,&quot;jet_parallax_layout_bg_x&quot;:50,&quot;jet_parallax_layout_bg_x_tablet&quot;:&quot;&quot;,&quot;jet_parallax_layout_bg_x_mobile&quot;:&quot;&quot;,&quot;jet_parallax_layout_bg_y&quot;:50,&quot;jet_parallax_layout_bg_y_tablet&quot;:&quot;&quot;,&quot;jet_parallax_layout_bg_y_mobile&quot;:&quot;&quot;,&quot;jet_parallax_layout_bg_size&quot;:&quot;auto&quot;,&quot;jet_parallax_layout_bg_size_tablet&quot;:&quot;&quot;,&quot;jet_parallax_layout_bg_size_mobile&quot;:&quot;&quot;,&quot;jet_parallax_layout_animation_prop&quot;:&quot;transform&quot;,&quot;jet_parallax_layout_on&quot;:[&quot;desktop&quot;,&quot;tablet&quot;]}]}\">\n\t\t\t\t\t\t<div class=\"elementor-container elementor-column-gap-default\">\n\t\t\t\t\t<div class=\"elementor-column elementor-col-50 elementor-inner-column elementor-element elementor-element-60646bf2\" data-id=\"60646bf2\" data-element_type=\"column\" data-e-type=\"column\">\n\t\t\t<div class=\"elementor-widget-wrap elementor-element-populated\">\n\t\t\t\t\t\t<div class=\"elementor-element elementor-element-15700adb elementor-view-default elementor-widget elementor-widget-icon\" data-id=\"15700adb\" data-element_type=\"widget\" data-e-type=\"widget\" data-widget_type=\"icon.default\">\n\t\t\t\t<div class=\"elementor-widget-container\">\n\t\t\t\t\t\t\t<div class=\"elementor-icon-wrapper\">\n\t\t\t<div class=\"elementor-icon\">\n\t\t\t<i aria-hidden=\"true\" class=\"fab fa-linkedin-in\"><\/i>\t\t\t<\/div>\n\t\t<\/div>\n\t\t\t\t\t\t<\/div>\n\t\t\t\t<\/div>\n\t\t\t\t\t<\/div>\n\t\t<\/div>\n\t\t\t\t<div class=\"elementor-column elementor-col-50 elementor-inner-column elementor-element elementor-element-15490b\" data-id=\"15490b\" data-element_type=\"column\" data-e-type=\"column\">\n\t\t\t<div class=\"elementor-widget-wrap elementor-element-populated\">\n\t\t\t\t\t\t<div class=\"elementor-element elementor-element-1cc52f3 elementor-widget elementor-widget-heading\" data-id=\"1cc52f3\" data-element_type=\"widget\" data-e-type=\"widget\" data-widget_type=\"heading.default\">\n\t\t\t\t<div class=\"elementor-widget-container\">\n\t\t\t\t\t<p class=\"elementor-heading-title elementor-size-default\"><a href=\"https:\/\/www.linkedin.com\/in\/jorg-thomas-dierks\/\" target=\"_blank\">https:\/\/www.linkedin.com\/in\/joerg-thomas-dierks\/<\/a><\/p>\t\t\t\t<\/div>\n\t\t\t\t<\/div>\n\t\t\t\t\t<\/div>\n\t\t<\/div>\n\t\t\t\t\t<\/div>\n\t\t<\/section>\n\t\t\t\t\t<\/div>\n\t\t<\/div>\n\t\t\t\t<div class=\"elementor-column elementor-col-66 elementor-top-column elementor-element elementor-element-17640048\" data-id=\"17640048\" data-element_type=\"column\" data-e-type=\"column\">\n\t\t\t<div class=\"elementor-widget-wrap elementor-element-populated\">\n\t\t\t\t\t\t<div class=\"elementor-element elementor-element-3453d9e5 elementor-widget elementor-widget-jet-breadcrumbs\" data-id=\"3453d9e5\" data-element_type=\"widget\" data-e-type=\"widget\" data-widget_type=\"jet-breadcrumbs.default\">\n\t\t\t\t<div class=\"elementor-widget-container\">\n\t\t\t\t\t<div class=\"elementor-jet-breadcrumbs jet-blocks\">\n\t\t<div class=\"jet-breadcrumbs\">\n\t\t<div class=\"jet-breadcrumbs__content\">\n\t\t<div class=\"jet-breadcrumbs__wrap\"><div class=\"jet-breadcrumbs__item\"><a href=\"https:\/\/www.neuraxpharm.com\/be-fr\/\" class=\"jet-breadcrumbs__item-link is-home\" rel=\"home\" title=\"Neuraxpharm\">Neuraxpharm<\/a><\/div>\n\t\t<\/div>\n\t\t<\/div>\n\t\t<\/div><\/div>\t\t\t\t<\/div>\n\t\t\t\t<\/div>\n\t\t\t\t<div class=\"elementor-element elementor-element-e5e84e8 elementor-widget elementor-widget-heading\" data-id=\"e5e84e8\" data-element_type=\"widget\" data-e-type=\"widget\" data-widget_type=\"heading.default\">\n\t\t\t\t<div class=\"elementor-widget-container\">\n\t\t\t\t\t<h1 class=\"elementor-heading-title elementor-size-default\">DR. J\u00d6RG-THOMAS DIERKS<\/h1>\t\t\t\t<\/div>\n\t\t\t\t<\/div>\n\t\t\t\t<div class=\"elementor-element elementor-element-614cff3 elementor-widget elementor-widget-text-editor\" data-id=\"614cff3\" data-element_type=\"widget\" data-e-type=\"widget\" data-widget_type=\"text-editor.default\">\n\t\t\t\t<div class=\"elementor-widget-container\">\n\t\t\t\t\t\t\t\t\t<p>Au cours de ses 30 ans d&rsquo;exp\u00e9rience dans le secteur de la sant\u00e9, le Dr Dierks a occup\u00e9 plusieurs postes de direction dans l&rsquo;industrie pharmaceutique. Il a rejoint Neuraxpharm en 2018, apr\u00e8s un poste de Chief Executive Officer (CEO) chez Meda (occup\u00e9 depuis 2013), une entreprise pharmaceutique sp\u00e9cialis\u00e9e su\u00e9doise.<\/p><p>J\u00f6rg avait \u00e9t\u00e9 le Chief Operating Officer de Meda depuis 2005 et a \u00e9galement assur\u00e9 le r\u00f4le de Chief Scientific Officer pendant un certain temps. Il a contribu\u00e9 \u00e0 la croissance de l&rsquo;entreprise pendant de nombreuses ann\u00e9es et a dirig\u00e9 sa vente \u00e0 Mylan en 2016 pour 10 milliards de dollars.<\/p><p>Avant de rejoindre Meda, J\u00f6rg \u00e9tait Chief Operating Officer de Viatris, une entreprise pharmaceutique bas\u00e9e en Allemagne.<\/p><p>N\u00e9 \u00e0 Bad Kreuznach, en Allemagne, J\u00f6rg a obtenu un dipl\u00f4me en m\u00e9decine humaine \u00e0 l\u2019Universit\u00e9 Johannes Gutenberg de Mayence. Il a notamment travaill\u00e9 pendant un an dans un h\u00f4pital de Coblence en 1986. Un an plus tard, J\u00f6rg a re\u00e7u le titre de docteur en m\u00e9decine. Il a \u00e9galement suivi des \u00e9tudes en gestion d&rsquo;entreprise pour scientifiques \u00e0 l\u2019Universit\u00e9 Gesamthochschule de Hagen.<\/p>\t\t\t\t\t\t\t\t<\/div>\n\t\t\t\t<\/div>\n\t\t\t\t\t<\/div>\n\t\t<\/div>\n\t\t\t\t\t<\/div>\n\t\t<\/section>\n\t\t\t\t<section class=\"elementor-section elementor-top-section elementor-element elementor-element-bacc1a9 elementor-section-boxed elementor-section-height-default elementor-section-height-default\" data-id=\"bacc1a9\" data-element_type=\"section\" data-e-type=\"section\" data-settings=\"{&quot;jet_parallax_layout_list&quot;:[{&quot;jet_parallax_layout_image&quot;:{&quot;url&quot;:&quot;&quot;,&quot;id&quot;:&quot;&quot;,&quot;size&quot;:&quot;&quot;},&quot;_id&quot;:&quot;e7d9f21&quot;,&quot;jet_parallax_layout_image_tablet&quot;:{&quot;url&quot;:&quot;&quot;,&quot;id&quot;:&quot;&quot;,&quot;size&quot;:&quot;&quot;},&quot;jet_parallax_layout_image_mobile&quot;:{&quot;url&quot;:&quot;&quot;,&quot;id&quot;:&quot;&quot;,&quot;size&quot;:&quot;&quot;},&quot;jet_parallax_layout_speed&quot;:{&quot;unit&quot;:&quot;%&quot;,&quot;size&quot;:50,&quot;sizes&quot;:[]},&quot;jet_parallax_layout_type&quot;:&quot;scroll&quot;,&quot;jet_parallax_layout_direction&quot;:&quot;1&quot;,&quot;jet_parallax_layout_fx_direction&quot;:null,&quot;jet_parallax_layout_z_index&quot;:&quot;&quot;,&quot;jet_parallax_layout_bg_x&quot;:50,&quot;jet_parallax_layout_bg_x_tablet&quot;:&quot;&quot;,&quot;jet_parallax_layout_bg_x_mobile&quot;:&quot;&quot;,&quot;jet_parallax_layout_bg_y&quot;:50,&quot;jet_parallax_layout_bg_y_tablet&quot;:&quot;&quot;,&quot;jet_parallax_layout_bg_y_mobile&quot;:&quot;&quot;,&quot;jet_parallax_layout_bg_size&quot;:&quot;auto&quot;,&quot;jet_parallax_layout_bg_size_tablet&quot;:&quot;&quot;,&quot;jet_parallax_layout_bg_size_mobile&quot;:&quot;&quot;,&quot;jet_parallax_layout_animation_prop&quot;:&quot;transform&quot;,&quot;jet_parallax_layout_on&quot;:[&quot;desktop&quot;,&quot;tablet&quot;]}]}\">\n\t\t\t\t\t\t<div class=\"elementor-container elementor-column-gap-default\">\n\t\t\t\t\t<div class=\"elementor-column elementor-col-100 elementor-top-column elementor-element elementor-element-7080505\" data-id=\"7080505\" data-element_type=\"column\" data-e-type=\"column\">\n\t\t\t<div class=\"elementor-widget-wrap elementor-element-populated\">\n\t\t\t\t\t\t<div class=\"elementor-element elementor-element-53f8d38 elementor-widget elementor-widget-spacer\" data-id=\"53f8d38\" data-element_type=\"widget\" data-e-type=\"widget\" data-widget_type=\"spacer.default\">\n\t\t\t\t<div class=\"elementor-widget-container\">\n\t\t\t\t\t\t\t<div class=\"elementor-spacer\">\n\t\t\t<div class=\"elementor-spacer-inner\"><\/div>\n\t\t<\/div>\n\t\t\t\t\t\t<\/div>\n\t\t\t\t<\/div>\n\t\t\t\t\t<\/div>\n\t\t<\/div>\n\t\t\t\t\t<\/div>\n\t\t<\/section>\n\t\t\t\t<\/div>\n\t\t","protected":false},"excerpt":{"rendered":"<p>https:\/\/www.linkedin.com\/in\/joerg-thomas-dierks\/ Neuraxpharm DR. J\u00d6RG-THOMAS DIERKS Au cours de ses 30 ans d&rsquo;exp\u00e9rience dans le secteur de la sant\u00e9, le Dr Dierks a occup\u00e9 plusieurs postes de direction dans l&rsquo;industrie pharmaceutique. Il a rejoint Neuraxpharm en 2018, apr\u00e8s un poste de Chief Executive Officer (CEO) chez Meda (occup\u00e9 depuis 2013), une entreprise pharmaceutique sp\u00e9cialis\u00e9e su\u00e9doise. J\u00f6rg [&hellip;]<\/p>\n","protected":false},"author":1,"featured_media":0,"parent":1998,"menu_order":0,"comment_status":"closed","ping_status":"closed","template":"elementor_header_footer","meta":{"_acf_changed":false,"footnotes":""},"class_list":["post-15772","page","type-page","status-publish","hentry"],"yoast_head":"<!-- This site is optimized with the Yoast SEO Premium plugin v27.2 (Yoast SEO v27.2) - https:\/\/yoast.com\/product\/yoast-seo-premium-wordpress\/ -->\n<title>DR J\u00d6RG-THOMAS DIERKS - Neuraxpharm Belgique<\/title>\n<meta name=\"robots\" content=\"index, follow, max-snippet:-1, max-image-preview:large, max-video-preview:-1\" \/>\n<link rel=\"canonical\" href=\"https:\/\/www.neuraxpharm.com\/be-fr\/a-propos-de-nous\/comite-executif\/jorg-thomas-dierks\" \/>\n<meta property=\"og:locale\" content=\"fr_FR\" \/>\n<meta property=\"og:type\" content=\"article\" \/>\n<meta property=\"og:title\" content=\"DR J\u00d6RG-THOMAS DIERKS\" \/>\n<meta property=\"og:description\" content=\"https:\/\/www.linkedin.com\/in\/joerg-thomas-dierks\/ Neuraxpharm DR. J\u00d6RG-THOMAS DIERKS Au cours de ses 30 ans d&rsquo;exp\u00e9rience dans le secteur de la sant\u00e9, le Dr Dierks a occup\u00e9 plusieurs postes de direction dans l&rsquo;industrie pharmaceutique. Il a rejoint Neuraxpharm en 2018, apr\u00e8s un poste de Chief Executive Officer (CEO) chez Meda (occup\u00e9 depuis 2013), une entreprise pharmaceutique sp\u00e9cialis\u00e9e su\u00e9doise. J\u00f6rg [&hellip;]\" \/>\n<meta property=\"og:url\" content=\"https:\/\/www.neuraxpharm.com\/be-fr\/a-propos-de-nous\/comite-executif\/jorg-thomas-dierks\" \/>\n<meta property=\"og:site_name\" content=\"Neuraxpharm Belgique\" \/>\n<meta property=\"article:modified_time\" content=\"2023-05-12T10:06:24+00:00\" \/>\n<meta property=\"og:image\" content=\"https:\/\/www.neuraxpharm.com\/be-fr\/wp-content\/uploads\/sites\/31\/2023\/03\/dr-jorg-thomas-dierks.jpg\" \/>\n<meta name=\"twitter:card\" content=\"summary_large_image\" \/>\n<meta name=\"twitter:label1\" content=\"Dur\u00e9e de lecture est.\" \/>\n\t<meta name=\"twitter:data1\" content=\"2 minutes\" \/>\n<script type=\"application\/ld+json\" class=\"yoast-schema-graph\">{\"@context\":\"https:\/\/schema.org\",\"@graph\":[{\"@type\":\"WebPage\",\"@id\":\"https:\/\/www.neuraxpharm.com\/be-fr\/a-propos-de-nous\/comite-executif\/jorg-thomas-dierks\",\"url\":\"https:\/\/www.neuraxpharm.com\/be-fr\/a-propos-de-nous\/comite-executif\/jorg-thomas-dierks\",\"name\":\"DR J\u00d6RG-THOMAS DIERKS - Neuraxpharm Belgique\",\"isPartOf\":{\"@id\":\"https:\/\/www.neuraxpharm.com\/be-fr\/#website\"},\"primaryImageOfPage\":{\"@id\":\"https:\/\/www.neuraxpharm.com\/be-fr\/a-propos-de-nous\/comite-executif\/jorg-thomas-dierks#primaryimage\"},\"image\":{\"@id\":\"https:\/\/www.neuraxpharm.com\/be-fr\/a-propos-de-nous\/comite-executif\/jorg-thomas-dierks#primaryimage\"},\"thumbnailUrl\":\"https:\/\/www.neuraxpharm.com\/be-fr\/wp-content\/uploads\/sites\/31\/2023\/03\/dr-jorg-thomas-dierks.jpg\",\"datePublished\":\"2021-04-13T08:16:45+00:00\",\"dateModified\":\"2023-05-12T10:06:24+00:00\",\"breadcrumb\":{\"@id\":\"https:\/\/www.neuraxpharm.com\/be-fr\/a-propos-de-nous\/comite-executif\/jorg-thomas-dierks#breadcrumb\"},\"inLanguage\":\"fr-BE\",\"potentialAction\":[{\"@type\":\"ReadAction\",\"target\":[\"https:\/\/www.neuraxpharm.com\/be-fr\/a-propos-de-nous\/comite-executif\/jorg-thomas-dierks\"]}]},{\"@type\":\"ImageObject\",\"inLanguage\":\"fr-BE\",\"@id\":\"https:\/\/www.neuraxpharm.com\/be-fr\/a-propos-de-nous\/comite-executif\/jorg-thomas-dierks#primaryimage\",\"url\":\"https:\/\/static.neuraxpharm.com\/wp-content\/uploads\/sites\/31\/2023\/03\/06133349\/dr-jorg-thomas-dierks.jpg\",\"contentUrl\":\"https:\/\/static.neuraxpharm.com\/wp-content\/uploads\/sites\/31\/2023\/03\/06133349\/dr-jorg-thomas-dierks.jpg\",\"width\":716,\"height\":700},{\"@type\":\"BreadcrumbList\",\"@id\":\"https:\/\/www.neuraxpharm.com\/be-fr\/a-propos-de-nous\/comite-executif\/jorg-thomas-dierks#breadcrumb\",\"itemListElement\":[{\"@type\":\"ListItem\",\"position\":1,\"name\":\"\u00c0 propos de nous\",\"item\":\"https:\/\/www.neuraxpharm.com\/be-fr\/a-propos-de-nous\"},{\"@type\":\"ListItem\",\"position\":2,\"name\":\"Comit\u00e9 Ex\u00e9cutif\",\"item\":\"https:\/\/www.neuraxpharm.com\/be-fr\/a-propos-de-nous\/comite-executif\"},{\"@type\":\"ListItem\",\"position\":3,\"name\":\"DR J\u00d6RG-THOMAS DIERKS\"}]},{\"@type\":\"WebSite\",\"@id\":\"https:\/\/www.neuraxpharm.com\/be-fr\/#website\",\"url\":\"https:\/\/www.neuraxpharm.com\/be-fr\/\",\"name\":\"Neuraxpharm Belgique\",\"description\":\"Un leader europ\u00e9en pour les produits CNS\",\"potentialAction\":[{\"@type\":\"SearchAction\",\"target\":{\"@type\":\"EntryPoint\",\"urlTemplate\":\"https:\/\/www.neuraxpharm.com\/be-fr\/?s={search_term_string}\"},\"query-input\":{\"@type\":\"PropertyValueSpecification\",\"valueRequired\":true,\"valueName\":\"search_term_string\"}}],\"inLanguage\":\"fr-BE\"}]}<\/script>\n<!-- \/ Yoast SEO Premium plugin. -->","yoast_head_json":{"title":"DR J\u00d6RG-THOMAS DIERKS - Neuraxpharm Belgique","robots":{"index":"index","follow":"follow","max-snippet":"max-snippet:-1","max-image-preview":"max-image-preview:large","max-video-preview":"max-video-preview:-1"},"canonical":"https:\/\/www.neuraxpharm.com\/be-fr\/a-propos-de-nous\/comite-executif\/jorg-thomas-dierks","og_locale":"fr_FR","og_type":"article","og_title":"DR J\u00d6RG-THOMAS DIERKS","og_description":"https:\/\/www.linkedin.com\/in\/joerg-thomas-dierks\/ Neuraxpharm DR. J\u00d6RG-THOMAS DIERKS Au cours de ses 30 ans d&rsquo;exp\u00e9rience dans le secteur de la sant\u00e9, le Dr Dierks a occup\u00e9 plusieurs postes de direction dans l&rsquo;industrie pharmaceutique. Il a rejoint Neuraxpharm en 2018, apr\u00e8s un poste de Chief Executive Officer (CEO) chez Meda (occup\u00e9 depuis 2013), une entreprise pharmaceutique sp\u00e9cialis\u00e9e su\u00e9doise. J\u00f6rg [&hellip;]","og_url":"https:\/\/www.neuraxpharm.com\/be-fr\/a-propos-de-nous\/comite-executif\/jorg-thomas-dierks","og_site_name":"Neuraxpharm Belgique","article_modified_time":"2023-05-12T10:06:24+00:00","og_image":[{"url":"https:\/\/www.neuraxpharm.com\/be-fr\/wp-content\/uploads\/sites\/31\/2023\/03\/dr-jorg-thomas-dierks.jpg","type":"","width":"","height":""}],"twitter_card":"summary_large_image","twitter_misc":{"Dur\u00e9e de lecture est.":"2 minutes"},"schema":{"@context":"https:\/\/schema.org","@graph":[{"@type":"WebPage","@id":"https:\/\/www.neuraxpharm.com\/be-fr\/a-propos-de-nous\/comite-executif\/jorg-thomas-dierks","url":"https:\/\/www.neuraxpharm.com\/be-fr\/a-propos-de-nous\/comite-executif\/jorg-thomas-dierks","name":"DR J\u00d6RG-THOMAS DIERKS - Neuraxpharm Belgique","isPartOf":{"@id":"https:\/\/www.neuraxpharm.com\/be-fr\/#website"},"primaryImageOfPage":{"@id":"https:\/\/www.neuraxpharm.com\/be-fr\/a-propos-de-nous\/comite-executif\/jorg-thomas-dierks#primaryimage"},"image":{"@id":"https:\/\/www.neuraxpharm.com\/be-fr\/a-propos-de-nous\/comite-executif\/jorg-thomas-dierks#primaryimage"},"thumbnailUrl":"https:\/\/www.neuraxpharm.com\/be-fr\/wp-content\/uploads\/sites\/31\/2023\/03\/dr-jorg-thomas-dierks.jpg","datePublished":"2021-04-13T08:16:45+00:00","dateModified":"2023-05-12T10:06:24+00:00","breadcrumb":{"@id":"https:\/\/www.neuraxpharm.com\/be-fr\/a-propos-de-nous\/comite-executif\/jorg-thomas-dierks#breadcrumb"},"inLanguage":"fr-BE","potentialAction":[{"@type":"ReadAction","target":["https:\/\/www.neuraxpharm.com\/be-fr\/a-propos-de-nous\/comite-executif\/jorg-thomas-dierks"]}]},{"@type":"ImageObject","inLanguage":"fr-BE","@id":"https:\/\/www.neuraxpharm.com\/be-fr\/a-propos-de-nous\/comite-executif\/jorg-thomas-dierks#primaryimage","url":"https:\/\/static.neuraxpharm.com\/wp-content\/uploads\/sites\/31\/2023\/03\/06133349\/dr-jorg-thomas-dierks.jpg","contentUrl":"https:\/\/static.neuraxpharm.com\/wp-content\/uploads\/sites\/31\/2023\/03\/06133349\/dr-jorg-thomas-dierks.jpg","width":716,"height":700},{"@type":"BreadcrumbList","@id":"https:\/\/www.neuraxpharm.com\/be-fr\/a-propos-de-nous\/comite-executif\/jorg-thomas-dierks#breadcrumb","itemListElement":[{"@type":"ListItem","position":1,"name":"\u00c0 propos de nous","item":"https:\/\/www.neuraxpharm.com\/be-fr\/a-propos-de-nous"},{"@type":"ListItem","position":2,"name":"Comit\u00e9 Ex\u00e9cutif","item":"https:\/\/www.neuraxpharm.com\/be-fr\/a-propos-de-nous\/comite-executif"},{"@type":"ListItem","position":3,"name":"DR J\u00d6RG-THOMAS DIERKS"}]},{"@type":"WebSite","@id":"https:\/\/www.neuraxpharm.com\/be-fr\/#website","url":"https:\/\/www.neuraxpharm.com\/be-fr\/","name":"Neuraxpharm Belgique","description":"Un leader europ\u00e9en pour les produits CNS","potentialAction":[{"@type":"SearchAction","target":{"@type":"EntryPoint","urlTemplate":"https:\/\/www.neuraxpharm.com\/be-fr\/?s={search_term_string}"},"query-input":{"@type":"PropertyValueSpecification","valueRequired":true,"valueName":"search_term_string"}}],"inLanguage":"fr-BE"}]}},"acf":[],"_links":{"self":[{"href":"https:\/\/www.neuraxpharm.com\/be-fr\/wp-json\/wp\/v2\/pages\/15772","targetHints":{"allow":["GET"]}}],"collection":[{"href":"https:\/\/www.neuraxpharm.com\/be-fr\/wp-json\/wp\/v2\/pages"}],"about":[{"href":"https:\/\/www.neuraxpharm.com\/be-fr\/wp-json\/wp\/v2\/types\/page"}],"author":[{"embeddable":true,"href":"https:\/\/www.neuraxpharm.com\/be-fr\/wp-json\/wp\/v2\/users\/1"}],"replies":[{"embeddable":true,"href":"https:\/\/www.neuraxpharm.com\/be-fr\/wp-json\/wp\/v2\/comments?post=15772"}],"version-history":[{"count":39,"href":"https:\/\/www.neuraxpharm.com\/be-fr\/wp-json\/wp\/v2\/pages\/15772\/revisions"}],"predecessor-version":[{"id":28216,"href":"https:\/\/www.neuraxpharm.com\/be-fr\/wp-json\/wp\/v2\/pages\/15772\/revisions\/28216"}],"up":[{"embeddable":true,"href":"https:\/\/www.neuraxpharm.com\/be-fr\/wp-json\/wp\/v2\/pages\/1998"}],"wp:attachment":[{"href":"https:\/\/www.neuraxpharm.com\/be-fr\/wp-json\/wp\/v2\/media?parent=15772"}],"curies":[{"name":"wp","href":"https:\/\/api.w.org\/{rel}","templated":true}]}}