{"id":15940,"date":"2021-04-13T09:02:57","date_gmt":"2021-04-13T09:02:57","guid":{"rendered":"https:\/\/www.neuraxpharm.com\/it2\/?page_id=15940"},"modified":"2023-05-11T15:28:15","modified_gmt":"2023-05-11T15:28:15","slug":"aida-fernandez","status":"publish","type":"page","link":"https:\/\/www.neuraxpharm.com\/be-fl\/over-ons\/directie\/aida-fernandez","title":{"rendered":"AIDA FERNANDEZ"},"content":{"rendered":"\t\t<div data-elementor-type=\"wp-page\" data-elementor-id=\"15940\" class=\"elementor elementor-15940\" data-elementor-post-type=\"page\">\n\t\t\t\t\t\t<section class=\"elementor-section elementor-top-section elementor-element elementor-element-7f808905 elementor-section-boxed elementor-section-height-default elementor-section-height-default\" data-id=\"7f808905\" data-element_type=\"section\" data-e-type=\"section\" data-settings=\"{&quot;jet_parallax_layout_list&quot;:[{&quot;jet_parallax_layout_image&quot;:{&quot;url&quot;:&quot;&quot;,&quot;id&quot;:&quot;&quot;,&quot;size&quot;:&quot;&quot;},&quot;_id&quot;:&quot;f02b98c&quot;,&quot;jet_parallax_layout_image_tablet&quot;:{&quot;url&quot;:&quot;&quot;,&quot;id&quot;:&quot;&quot;,&quot;size&quot;:&quot;&quot;},&quot;jet_parallax_layout_image_mobile&quot;:{&quot;url&quot;:&quot;&quot;,&quot;id&quot;:&quot;&quot;,&quot;size&quot;:&quot;&quot;},&quot;jet_parallax_layout_speed&quot;:{&quot;unit&quot;:&quot;%&quot;,&quot;size&quot;:50,&quot;sizes&quot;:[]},&quot;jet_parallax_layout_type&quot;:&quot;scroll&quot;,&quot;jet_parallax_layout_direction&quot;:&quot;1&quot;,&quot;jet_parallax_layout_fx_direction&quot;:null,&quot;jet_parallax_layout_z_index&quot;:&quot;&quot;,&quot;jet_parallax_layout_bg_x&quot;:50,&quot;jet_parallax_layout_bg_x_tablet&quot;:&quot;&quot;,&quot;jet_parallax_layout_bg_x_mobile&quot;:&quot;&quot;,&quot;jet_parallax_layout_bg_y&quot;:50,&quot;jet_parallax_layout_bg_y_tablet&quot;:&quot;&quot;,&quot;jet_parallax_layout_bg_y_mobile&quot;:&quot;&quot;,&quot;jet_parallax_layout_bg_size&quot;:&quot;auto&quot;,&quot;jet_parallax_layout_bg_size_tablet&quot;:&quot;&quot;,&quot;jet_parallax_layout_bg_size_mobile&quot;:&quot;&quot;,&quot;jet_parallax_layout_animation_prop&quot;:&quot;transform&quot;,&quot;jet_parallax_layout_on&quot;:[&quot;desktop&quot;,&quot;tablet&quot;]}]}\">\n\t\t\t\t\t\t<div class=\"elementor-container elementor-column-gap-default\">\n\t\t\t\t\t<div class=\"elementor-column elementor-col-33 elementor-top-column elementor-element elementor-element-3d70389b\" data-id=\"3d70389b\" data-element_type=\"column\" data-e-type=\"column\">\n\t\t\t<div class=\"elementor-widget-wrap elementor-element-populated\">\n\t\t\t\t\t\t<div class=\"elementor-element elementor-element-75ad8cba elementor-widget elementor-widget-image\" data-id=\"75ad8cba\" data-element_type=\"widget\" data-e-type=\"widget\" data-widget_type=\"image.default\">\n\t\t\t\t<div class=\"elementor-widget-container\">\n\t\t\t\t\t\t\t\t\t\t\t\t\t\t\t<img fetchpriority=\"high\" decoding=\"async\" width=\"716\" height=\"700\" src=\"https:\/\/www.neuraxpharm.com\/be-fl\/wp-content\/uploads\/sites\/34\/2023\/03\/aida-fernandez-1.jpg\" class=\"attachment-large size-large wp-image-28526\" alt=\"\" srcset=\"https:\/\/www.neuraxpharm.com\/be-fl\/wp-content\/uploads\/sites\/34\/2023\/03\/aida-fernandez-1.jpg 716w, https:\/\/www.neuraxpharm.com\/be-fl\/wp-content\/uploads\/sites\/34\/2023\/03\/aida-fernandez-1-300x293.jpg 300w, https:\/\/www.neuraxpharm.com\/be-fl\/wp-content\/uploads\/sites\/34\/2023\/03\/aida-fernandez-1-600x587.jpg 600w\" sizes=\"(max-width: 716px) 100vw, 716px\" \/>\t\t\t\t\t\t\t\t\t\t\t\t\t\t\t<\/div>\n\t\t\t\t<\/div>\n\t\t\t\t<section class=\"elementor-section elementor-inner-section elementor-element elementor-element-74b8bffa elementor-section-content-top elementor-section-boxed elementor-section-height-default elementor-section-height-default\" data-id=\"74b8bffa\" data-element_type=\"section\" data-e-type=\"section\" data-settings=\"{&quot;jet_parallax_layout_list&quot;:[{&quot;jet_parallax_layout_image&quot;:{&quot;url&quot;:&quot;&quot;,&quot;id&quot;:&quot;&quot;,&quot;size&quot;:&quot;&quot;},&quot;_id&quot;:&quot;5f899ce&quot;,&quot;jet_parallax_layout_image_tablet&quot;:{&quot;url&quot;:&quot;&quot;,&quot;id&quot;:&quot;&quot;,&quot;size&quot;:&quot;&quot;},&quot;jet_parallax_layout_image_mobile&quot;:{&quot;url&quot;:&quot;&quot;,&quot;id&quot;:&quot;&quot;,&quot;size&quot;:&quot;&quot;},&quot;jet_parallax_layout_speed&quot;:{&quot;unit&quot;:&quot;%&quot;,&quot;size&quot;:50,&quot;sizes&quot;:[]},&quot;jet_parallax_layout_type&quot;:&quot;scroll&quot;,&quot;jet_parallax_layout_direction&quot;:&quot;1&quot;,&quot;jet_parallax_layout_fx_direction&quot;:null,&quot;jet_parallax_layout_z_index&quot;:&quot;&quot;,&quot;jet_parallax_layout_bg_x&quot;:50,&quot;jet_parallax_layout_bg_x_tablet&quot;:&quot;&quot;,&quot;jet_parallax_layout_bg_x_mobile&quot;:&quot;&quot;,&quot;jet_parallax_layout_bg_y&quot;:50,&quot;jet_parallax_layout_bg_y_tablet&quot;:&quot;&quot;,&quot;jet_parallax_layout_bg_y_mobile&quot;:&quot;&quot;,&quot;jet_parallax_layout_bg_size&quot;:&quot;auto&quot;,&quot;jet_parallax_layout_bg_size_tablet&quot;:&quot;&quot;,&quot;jet_parallax_layout_bg_size_mobile&quot;:&quot;&quot;,&quot;jet_parallax_layout_animation_prop&quot;:&quot;transform&quot;,&quot;jet_parallax_layout_on&quot;:[&quot;desktop&quot;,&quot;tablet&quot;]}]}\">\n\t\t\t\t\t\t<div class=\"elementor-container elementor-column-gap-default\">\n\t\t\t\t\t<div class=\"elementor-column elementor-col-50 elementor-inner-column elementor-element elementor-element-60646bf2\" data-id=\"60646bf2\" data-element_type=\"column\" data-e-type=\"column\">\n\t\t\t<div class=\"elementor-widget-wrap elementor-element-populated\">\n\t\t\t\t\t\t<div class=\"elementor-element elementor-element-15700adb elementor-view-default elementor-widget elementor-widget-icon\" data-id=\"15700adb\" data-element_type=\"widget\" data-e-type=\"widget\" data-widget_type=\"icon.default\">\n\t\t\t\t<div class=\"elementor-widget-container\">\n\t\t\t\t\t\t\t<div class=\"elementor-icon-wrapper\">\n\t\t\t<div class=\"elementor-icon\">\n\t\t\t<i aria-hidden=\"true\" class=\"fab fa-linkedin-in\"><\/i>\t\t\t<\/div>\n\t\t<\/div>\n\t\t\t\t\t\t<\/div>\n\t\t\t\t<\/div>\n\t\t\t\t\t<\/div>\n\t\t<\/div>\n\t\t\t\t<div class=\"elementor-column elementor-col-50 elementor-inner-column elementor-element elementor-element-15490b\" data-id=\"15490b\" data-element_type=\"column\" data-e-type=\"column\">\n\t\t\t<div class=\"elementor-widget-wrap elementor-element-populated\">\n\t\t\t\t\t\t<div class=\"elementor-element elementor-element-1cc52f3 elementor-widget elementor-widget-heading\" data-id=\"1cc52f3\" data-element_type=\"widget\" data-e-type=\"widget\" data-widget_type=\"heading.default\">\n\t\t\t\t<div class=\"elementor-widget-container\">\n\t\t\t\t\t<p class=\"elementor-heading-title elementor-size-default\"><a href=\"https:\/\/www.linkedin.com\/in\/aida-fernandez-48a44512\/\" target=\"_blank\">https:\/\/www.linkedin.com\/in\/aida-fernandez\/<\/a><\/p>\t\t\t\t<\/div>\n\t\t\t\t<\/div>\n\t\t\t\t\t<\/div>\n\t\t<\/div>\n\t\t\t\t\t<\/div>\n\t\t<\/section>\n\t\t\t\t\t<\/div>\n\t\t<\/div>\n\t\t\t\t<div class=\"elementor-column elementor-col-66 elementor-top-column elementor-element elementor-element-17640048\" data-id=\"17640048\" data-element_type=\"column\" data-e-type=\"column\">\n\t\t\t<div class=\"elementor-widget-wrap elementor-element-populated\">\n\t\t\t\t\t\t<div class=\"elementor-element elementor-element-3453d9e5 elementor-widget elementor-widget-jet-breadcrumbs\" data-id=\"3453d9e5\" data-element_type=\"widget\" data-e-type=\"widget\" data-widget_type=\"jet-breadcrumbs.default\">\n\t\t\t\t<div class=\"elementor-widget-container\">\n\t\t\t\t\t<div class=\"elementor-jet-breadcrumbs jet-blocks\">\n\t\t<div class=\"jet-breadcrumbs\">\n\t\t<div class=\"jet-breadcrumbs__content\">\n\t\t<div class=\"jet-breadcrumbs__wrap\"><div class=\"jet-breadcrumbs__item\"><a href=\"https:\/\/www.neuraxpharm.com\/be-fl\/\" class=\"jet-breadcrumbs__item-link is-home\" rel=\"home\" title=\"Neuraxpharm\">Neuraxpharm<\/a><\/div>\n\t\t<\/div>\n\t\t<\/div>\n\t\t<\/div><\/div>\t\t\t\t<\/div>\n\t\t\t\t<\/div>\n\t\t\t\t<div class=\"elementor-element elementor-element-e5e84e8 elementor-widget elementor-widget-heading\" data-id=\"e5e84e8\" data-element_type=\"widget\" data-e-type=\"widget\" data-widget_type=\"heading.default\">\n\t\t\t\t<div class=\"elementor-widget-container\">\n\t\t\t\t\t<h1 class=\"elementor-heading-title elementor-size-default\">AIDA FERNANDEZ<\/h1>\t\t\t\t<\/div>\n\t\t\t\t<\/div>\n\t\t\t\t<div class=\"elementor-element elementor-element-614cff3 elementor-widget elementor-widget-text-editor\" data-id=\"614cff3\" data-element_type=\"widget\" data-e-type=\"widget\" data-widget_type=\"text-editor.default\">\n\t\t\t\t<div class=\"elementor-widget-container\">\n\t\t\t\t\t\t\t\t\tAida heeft meer dan 15 jaar ervaring in de farmaceutische sector en is een wereldwijde HR-professional met een grote kennis van zaken.\n<br><br>\nZe heeft ruime ervaring in lokale en wereldwijde functies, waaronder werken op internationale hoofdkantoren. Aida heeft een bewezen staat van dienst wat betreft het implementeren van organisatorische veranderingen, het toepassen van methoden voor verandermanagement en het verzekeren van zakelijk succes in lokale, wereldwijde en bedrijfsomgevingen in verschillende landen en culturen.\n<br><br>\nAida heeft naast haar achtergrond in human resources ook een bachelor in de psychologie en een Executive MBA van het wereldwijde opleidingsinstituut ESADE.\n<br><br>\nZe ontwikkelde haar professionele carri\u00e8re bij Novartis en een van de &#8216;big four&#8217;-accountantskantoren.\t\t\t\t\t\t\t\t<\/div>\n\t\t\t\t<\/div>\n\t\t\t\t\t<\/div>\n\t\t<\/div>\n\t\t\t\t\t<\/div>\n\t\t<\/section>\n\t\t\t\t<section class=\"elementor-section elementor-top-section elementor-element elementor-element-bacc1a9 elementor-section-boxed elementor-section-height-default elementor-section-height-default\" data-id=\"bacc1a9\" data-element_type=\"section\" data-e-type=\"section\" data-settings=\"{&quot;jet_parallax_layout_list&quot;:[{&quot;jet_parallax_layout_image&quot;:{&quot;url&quot;:&quot;&quot;,&quot;id&quot;:&quot;&quot;,&quot;size&quot;:&quot;&quot;},&quot;_id&quot;:&quot;e7d9f21&quot;,&quot;jet_parallax_layout_image_tablet&quot;:{&quot;url&quot;:&quot;&quot;,&quot;id&quot;:&quot;&quot;,&quot;size&quot;:&quot;&quot;},&quot;jet_parallax_layout_image_mobile&quot;:{&quot;url&quot;:&quot;&quot;,&quot;id&quot;:&quot;&quot;,&quot;size&quot;:&quot;&quot;},&quot;jet_parallax_layout_speed&quot;:{&quot;unit&quot;:&quot;%&quot;,&quot;size&quot;:50,&quot;sizes&quot;:[]},&quot;jet_parallax_layout_type&quot;:&quot;scroll&quot;,&quot;jet_parallax_layout_direction&quot;:&quot;1&quot;,&quot;jet_parallax_layout_fx_direction&quot;:null,&quot;jet_parallax_layout_z_index&quot;:&quot;&quot;,&quot;jet_parallax_layout_bg_x&quot;:50,&quot;jet_parallax_layout_bg_x_tablet&quot;:&quot;&quot;,&quot;jet_parallax_layout_bg_x_mobile&quot;:&quot;&quot;,&quot;jet_parallax_layout_bg_y&quot;:50,&quot;jet_parallax_layout_bg_y_tablet&quot;:&quot;&quot;,&quot;jet_parallax_layout_bg_y_mobile&quot;:&quot;&quot;,&quot;jet_parallax_layout_bg_size&quot;:&quot;auto&quot;,&quot;jet_parallax_layout_bg_size_tablet&quot;:&quot;&quot;,&quot;jet_parallax_layout_bg_size_mobile&quot;:&quot;&quot;,&quot;jet_parallax_layout_animation_prop&quot;:&quot;transform&quot;,&quot;jet_parallax_layout_on&quot;:[&quot;desktop&quot;,&quot;tablet&quot;]}]}\">\n\t\t\t\t\t\t<div class=\"elementor-container elementor-column-gap-default\">\n\t\t\t\t\t<div class=\"elementor-column elementor-col-100 elementor-top-column elementor-element elementor-element-7080505\" data-id=\"7080505\" data-element_type=\"column\" data-e-type=\"column\">\n\t\t\t<div class=\"elementor-widget-wrap elementor-element-populated\">\n\t\t\t\t\t\t<div class=\"elementor-element elementor-element-53f8d38 elementor-widget elementor-widget-spacer\" data-id=\"53f8d38\" data-element_type=\"widget\" data-e-type=\"widget\" data-widget_type=\"spacer.default\">\n\t\t\t\t<div class=\"elementor-widget-container\">\n\t\t\t\t\t\t\t<div class=\"elementor-spacer\">\n\t\t\t<div class=\"elementor-spacer-inner\"><\/div>\n\t\t<\/div>\n\t\t\t\t\t\t<\/div>\n\t\t\t\t<\/div>\n\t\t\t\t\t<\/div>\n\t\t<\/div>\n\t\t\t\t\t<\/div>\n\t\t<\/section>\n\t\t\t\t<\/div>\n\t\t","protected":false},"excerpt":{"rendered":"<p>https:\/\/www.linkedin.com\/in\/aida-fernandez\/ Neuraxpharm AIDA FERNANDEZ Aida heeft meer dan 15 jaar ervaring in de farmaceutische sector en is een wereldwijde HR-professional met een grote kennis van zaken. Ze heeft ruime ervaring in lokale en wereldwijde functies, waaronder werken op internationale hoofdkantoren. Aida heeft een bewezen staat van dienst wat betreft het implementeren van organisatorische veranderingen, het [&hellip;]<\/p>\n","protected":false},"author":2,"featured_media":0,"parent":1998,"menu_order":0,"comment_status":"closed","ping_status":"closed","template":"elementor_header_footer","meta":{"_acf_changed":false,"footnotes":""},"class_list":["post-15940","page","type-page","status-publish","hentry"],"yoast_head":"<!-- This site is optimized with the Yoast SEO Premium plugin v27.2 (Yoast SEO v27.2) - https:\/\/yoast.com\/product\/yoast-seo-premium-wordpress\/ -->\n<title>AIDA FERNANDEZ - Neuraxpharm Belgi\u00eb<\/title>\n<meta name=\"robots\" content=\"index, follow, max-snippet:-1, max-image-preview:large, max-video-preview:-1\" \/>\n<link rel=\"canonical\" href=\"https:\/\/www.neuraxpharm.com\/be-fl\/over-ons\/directie\/aida-fernandez\" \/>\n<meta property=\"og:locale\" content=\"nl_BE\" \/>\n<meta property=\"og:type\" content=\"article\" \/>\n<meta property=\"og:title\" content=\"AIDA FERNANDEZ\" \/>\n<meta property=\"og:description\" content=\"https:\/\/www.linkedin.com\/in\/aida-fernandez\/ Neuraxpharm AIDA FERNANDEZ Aida heeft meer dan 15 jaar ervaring in de farmaceutische sector en is een wereldwijde HR-professional met een grote kennis van zaken. Ze heeft ruime ervaring in lokale en wereldwijde functies, waaronder werken op internationale hoofdkantoren. Aida heeft een bewezen staat van dienst wat betreft het implementeren van organisatorische veranderingen, het [&hellip;]\" \/>\n<meta property=\"og:url\" content=\"https:\/\/www.neuraxpharm.com\/be-fl\/over-ons\/directie\/aida-fernandez\" \/>\n<meta property=\"og:site_name\" content=\"Neuraxpharm Belgi\u00eb\" \/>\n<meta property=\"article:modified_time\" content=\"2023-05-11T15:28:15+00:00\" \/>\n<meta property=\"og:image\" content=\"https:\/\/www.neuraxpharm.com\/be-fl\/wp-content\/uploads\/sites\/34\/2023\/03\/aida-fernandez-1.jpg\" \/>\n<meta name=\"twitter:card\" content=\"summary_large_image\" \/>\n<meta name=\"twitter:label1\" content=\"Geschatte leestijd\" \/>\n\t<meta name=\"twitter:data1\" content=\"1 minuut\" \/>\n<script type=\"application\/ld+json\" class=\"yoast-schema-graph\">{\"@context\":\"https:\/\/schema.org\",\"@graph\":[{\"@type\":\"WebPage\",\"@id\":\"https:\/\/www.neuraxpharm.com\/be-fl\/over-ons\/directie\/aida-fernandez\",\"url\":\"https:\/\/www.neuraxpharm.com\/be-fl\/over-ons\/directie\/aida-fernandez\",\"name\":\"AIDA FERNANDEZ - Neuraxpharm Belgi\u00eb\",\"isPartOf\":{\"@id\":\"https:\/\/www.neuraxpharm.com\/be-fl\/#website\"},\"primaryImageOfPage\":{\"@id\":\"https:\/\/www.neuraxpharm.com\/be-fl\/over-ons\/directie\/aida-fernandez#primaryimage\"},\"image\":{\"@id\":\"https:\/\/www.neuraxpharm.com\/be-fl\/over-ons\/directie\/aida-fernandez#primaryimage\"},\"thumbnailUrl\":\"https:\/\/www.neuraxpharm.com\/be-fl\/wp-content\/uploads\/sites\/34\/2023\/03\/aida-fernandez-1.jpg\",\"datePublished\":\"2021-04-13T09:02:57+00:00\",\"dateModified\":\"2023-05-11T15:28:15+00:00\",\"breadcrumb\":{\"@id\":\"https:\/\/www.neuraxpharm.com\/be-fl\/over-ons\/directie\/aida-fernandez#breadcrumb\"},\"inLanguage\":\"nl-BE\",\"potentialAction\":[{\"@type\":\"ReadAction\",\"target\":[\"https:\/\/www.neuraxpharm.com\/be-fl\/over-ons\/directie\/aida-fernandez\"]}]},{\"@type\":\"ImageObject\",\"inLanguage\":\"nl-BE\",\"@id\":\"https:\/\/www.neuraxpharm.com\/be-fl\/over-ons\/directie\/aida-fernandez#primaryimage\",\"url\":\"https:\/\/www.neuraxpharm.com\/be-fl\/wp-content\/uploads\/sites\/34\/2023\/03\/aida-fernandez-1.jpg\",\"contentUrl\":\"https:\/\/www.neuraxpharm.com\/be-fl\/wp-content\/uploads\/sites\/34\/2023\/03\/aida-fernandez-1.jpg\",\"width\":716,\"height\":700},{\"@type\":\"BreadcrumbList\",\"@id\":\"https:\/\/www.neuraxpharm.com\/be-fl\/over-ons\/directie\/aida-fernandez#breadcrumb\",\"itemListElement\":[{\"@type\":\"ListItem\",\"position\":1,\"name\":\"Over ons\",\"item\":\"https:\/\/www.neuraxpharm.com\/be-fl\/over-ons\"},{\"@type\":\"ListItem\",\"position\":2,\"name\":\"Directie\",\"item\":\"https:\/\/www.neuraxpharm.com\/be-fl\/over-ons\/directie\"},{\"@type\":\"ListItem\",\"position\":3,\"name\":\"AIDA FERNANDEZ\"}]},{\"@type\":\"WebSite\",\"@id\":\"https:\/\/www.neuraxpharm.com\/be-fl\/#website\",\"url\":\"https:\/\/www.neuraxpharm.com\/be-fl\/\",\"name\":\"Neuraxpharm Belgi\u00eb\",\"description\":\"Ein europ\u00e4ischer Marktf\u00fchrer f\u00fcr CNS-Produkte\",\"potentialAction\":[{\"@type\":\"SearchAction\",\"target\":{\"@type\":\"EntryPoint\",\"urlTemplate\":\"https:\/\/www.neuraxpharm.com\/be-fl\/?s={search_term_string}\"},\"query-input\":{\"@type\":\"PropertyValueSpecification\",\"valueRequired\":true,\"valueName\":\"search_term_string\"}}],\"inLanguage\":\"nl-BE\"}]}<\/script>\n<!-- \/ Yoast SEO Premium plugin. -->","yoast_head_json":{"title":"AIDA FERNANDEZ - Neuraxpharm Belgi\u00eb","robots":{"index":"index","follow":"follow","max-snippet":"max-snippet:-1","max-image-preview":"max-image-preview:large","max-video-preview":"max-video-preview:-1"},"canonical":"https:\/\/www.neuraxpharm.com\/be-fl\/over-ons\/directie\/aida-fernandez","og_locale":"nl_BE","og_type":"article","og_title":"AIDA FERNANDEZ","og_description":"https:\/\/www.linkedin.com\/in\/aida-fernandez\/ Neuraxpharm AIDA FERNANDEZ Aida heeft meer dan 15 jaar ervaring in de farmaceutische sector en is een wereldwijde HR-professional met een grote kennis van zaken. Ze heeft ruime ervaring in lokale en wereldwijde functies, waaronder werken op internationale hoofdkantoren. Aida heeft een bewezen staat van dienst wat betreft het implementeren van organisatorische veranderingen, het [&hellip;]","og_url":"https:\/\/www.neuraxpharm.com\/be-fl\/over-ons\/directie\/aida-fernandez","og_site_name":"Neuraxpharm Belgi\u00eb","article_modified_time":"2023-05-11T15:28:15+00:00","og_image":[{"url":"https:\/\/www.neuraxpharm.com\/be-fl\/wp-content\/uploads\/sites\/34\/2023\/03\/aida-fernandez-1.jpg","type":"","width":"","height":""}],"twitter_card":"summary_large_image","twitter_misc":{"Geschatte leestijd":"1 minuut"},"schema":{"@context":"https:\/\/schema.org","@graph":[{"@type":"WebPage","@id":"https:\/\/www.neuraxpharm.com\/be-fl\/over-ons\/directie\/aida-fernandez","url":"https:\/\/www.neuraxpharm.com\/be-fl\/over-ons\/directie\/aida-fernandez","name":"AIDA FERNANDEZ - Neuraxpharm Belgi\u00eb","isPartOf":{"@id":"https:\/\/www.neuraxpharm.com\/be-fl\/#website"},"primaryImageOfPage":{"@id":"https:\/\/www.neuraxpharm.com\/be-fl\/over-ons\/directie\/aida-fernandez#primaryimage"},"image":{"@id":"https:\/\/www.neuraxpharm.com\/be-fl\/over-ons\/directie\/aida-fernandez#primaryimage"},"thumbnailUrl":"https:\/\/www.neuraxpharm.com\/be-fl\/wp-content\/uploads\/sites\/34\/2023\/03\/aida-fernandez-1.jpg","datePublished":"2021-04-13T09:02:57+00:00","dateModified":"2023-05-11T15:28:15+00:00","breadcrumb":{"@id":"https:\/\/www.neuraxpharm.com\/be-fl\/over-ons\/directie\/aida-fernandez#breadcrumb"},"inLanguage":"nl-BE","potentialAction":[{"@type":"ReadAction","target":["https:\/\/www.neuraxpharm.com\/be-fl\/over-ons\/directie\/aida-fernandez"]}]},{"@type":"ImageObject","inLanguage":"nl-BE","@id":"https:\/\/www.neuraxpharm.com\/be-fl\/over-ons\/directie\/aida-fernandez#primaryimage","url":"https:\/\/www.neuraxpharm.com\/be-fl\/wp-content\/uploads\/sites\/34\/2023\/03\/aida-fernandez-1.jpg","contentUrl":"https:\/\/www.neuraxpharm.com\/be-fl\/wp-content\/uploads\/sites\/34\/2023\/03\/aida-fernandez-1.jpg","width":716,"height":700},{"@type":"BreadcrumbList","@id":"https:\/\/www.neuraxpharm.com\/be-fl\/over-ons\/directie\/aida-fernandez#breadcrumb","itemListElement":[{"@type":"ListItem","position":1,"name":"Over ons","item":"https:\/\/www.neuraxpharm.com\/be-fl\/over-ons"},{"@type":"ListItem","position":2,"name":"Directie","item":"https:\/\/www.neuraxpharm.com\/be-fl\/over-ons\/directie"},{"@type":"ListItem","position":3,"name":"AIDA FERNANDEZ"}]},{"@type":"WebSite","@id":"https:\/\/www.neuraxpharm.com\/be-fl\/#website","url":"https:\/\/www.neuraxpharm.com\/be-fl\/","name":"Neuraxpharm Belgi\u00eb","description":"Ein europ\u00e4ischer Marktf\u00fchrer f\u00fcr CNS-Produkte","potentialAction":[{"@type":"SearchAction","target":{"@type":"EntryPoint","urlTemplate":"https:\/\/www.neuraxpharm.com\/be-fl\/?s={search_term_string}"},"query-input":{"@type":"PropertyValueSpecification","valueRequired":true,"valueName":"search_term_string"}}],"inLanguage":"nl-BE"}]}},"acf":[],"_links":{"self":[{"href":"https:\/\/www.neuraxpharm.com\/be-fl\/wp-json\/wp\/v2\/pages\/15940","targetHints":{"allow":["GET"]}}],"collection":[{"href":"https:\/\/www.neuraxpharm.com\/be-fl\/wp-json\/wp\/v2\/pages"}],"about":[{"href":"https:\/\/www.neuraxpharm.com\/be-fl\/wp-json\/wp\/v2\/types\/page"}],"author":[{"embeddable":true,"href":"https:\/\/www.neuraxpharm.com\/be-fl\/wp-json\/wp\/v2\/users\/2"}],"replies":[{"embeddable":true,"href":"https:\/\/www.neuraxpharm.com\/be-fl\/wp-json\/wp\/v2\/comments?post=15940"}],"version-history":[{"count":21,"href":"https:\/\/www.neuraxpharm.com\/be-fl\/wp-json\/wp\/v2\/pages\/15940\/revisions"}],"predecessor-version":[{"id":28222,"href":"https:\/\/www.neuraxpharm.com\/be-fl\/wp-json\/wp\/v2\/pages\/15940\/revisions\/28222"}],"up":[{"embeddable":true,"href":"https:\/\/www.neuraxpharm.com\/be-fl\/wp-json\/wp\/v2\/pages\/1998"}],"wp:attachment":[{"href":"https:\/\/www.neuraxpharm.com\/be-fl\/wp-json\/wp\/v2\/media?parent=15940"}],"curies":[{"name":"wp","href":"https:\/\/api.w.org\/{rel}","templated":true}]}}