{"id":26712,"date":"2021-10-20T07:06:24","date_gmt":"2021-10-20T07:06:24","guid":{"rendered":"https:\/\/www.neuraxpharm.com\/at\/?post_type=product&#038;p=26712"},"modified":"2021-12-07T10:32:51","modified_gmt":"2021-12-07T10:32:51","slug":"erapatch","status":"publish","type":"product","link":"https:\/\/www.neuraxpharm.com\/at\/produkte\/erapatch","title":{"rendered":"ERAPATCH\u00ae"},"content":{"rendered":"<p>Mit dieser Innovation wird die Wunde nicht nur abgedeckt, sondern durch die enthaltene Hyalurons\u00e4ure auch befeuchtet und die Abheilung gef\u00f6rdert. Das Pflaster ist ganz d\u00fcnn, fast unsichtbar, kann gut \u00fcberschminkt werden, ist hypoallergen, lindert Schmerz und Juckreiz und ist 12 Stunden wirksam.<\/p>\n","protected":false},"excerpt":{"rendered":"<p>Das Fieberblasenpflaster mit Hylaurons\u00e4ure.<\/p>\n","protected":false},"featured_media":26180,"comment_status":"open","ping_status":"closed","template":"","meta":{"_acf_changed":false},"product_brand":[],"product_cat":[383],"product_tag":[],"class_list":{"0":"post-26712","1":"product","2":"type-product","3":"status-publish","4":"has-post-thumbnail","6":"product_cat-fieberblasen","8":"first","9":"instock","10":"taxable","11":"shipping-taxable","12":"product-type-simple"},"yoast_head":"<!-- This site is optimized with the Yoast SEO Premium plugin v27.2 (Yoast SEO v27.5) - https:\/\/yoast.com\/product\/yoast-seo-premium-wordpress\/ -->\n<title>ERAPATCH\u00ae - Neuraxpharm AT<\/title>\n<meta name=\"robots\" content=\"noindex, follow\" \/>\n<meta property=\"og:locale\" content=\"de_DE\" \/>\n<meta property=\"og:type\" content=\"article\" \/>\n<meta property=\"og:title\" content=\"ERAPATCH\u00ae\" \/>\n<meta property=\"og:description\" content=\"Das Fieberblasenpflaster mit Hylaurons\u00e4ure.\" \/>\n<meta property=\"og:url\" content=\"https:\/\/www.neuraxpharm.com\/at\/produkte\/erapatch\" \/>\n<meta property=\"og:site_name\" content=\"Neuraxpharm AT\" \/>\n<meta property=\"article:modified_time\" content=\"2021-12-07T10:32:51+00:00\" \/>\n<meta property=\"og:image\" content=\"https:\/\/www.neuraxpharm.com\/at\/wp-content\/uploads\/sites\/23\/2021\/10\/erapatch.png\" \/>\n\t<meta property=\"og:image:width\" content=\"960\" \/>\n\t<meta property=\"og:image:height\" content=\"960\" \/>\n\t<meta property=\"og:image:type\" content=\"image\/png\" \/>\n<meta name=\"twitter:card\" content=\"summary_large_image\" \/>\n<meta name=\"twitter:label1\" content=\"Gesch\u00e4tzte Lesezeit\" \/>\n\t<meta name=\"twitter:data1\" content=\"1\u00a0Minute\" \/>\n<script type=\"application\/ld+json\" class=\"yoast-schema-graph\">{\"@context\":\"https:\\\/\\\/schema.org\",\"@graph\":[{\"@type\":\"WebPage\",\"@id\":\"https:\\\/\\\/www.neuraxpharm.com\\\/at\\\/produkte\\\/erapatch\",\"url\":\"https:\\\/\\\/www.neuraxpharm.com\\\/at\\\/produkte\\\/erapatch\",\"name\":\"ERAPATCH\u00ae - Neuraxpharm AT\",\"isPartOf\":{\"@id\":\"https:\\\/\\\/www.neuraxpharm.com\\\/at\\\/#website\"},\"primaryImageOfPage\":{\"@id\":\"https:\\\/\\\/www.neuraxpharm.com\\\/at\\\/produkte\\\/erapatch#primaryimage\"},\"image\":{\"@id\":\"https:\\\/\\\/www.neuraxpharm.com\\\/at\\\/produkte\\\/erapatch#primaryimage\"},\"thumbnailUrl\":\"https:\\\/\\\/www.neuraxpharm.com\\\/at\\\/wp-content\\\/uploads\\\/sites\\\/23\\\/2021\\\/10\\\/erapatch.png\",\"datePublished\":\"2021-10-20T07:06:24+00:00\",\"dateModified\":\"2021-12-07T10:32:51+00:00\",\"breadcrumb\":{\"@id\":\"https:\\\/\\\/www.neuraxpharm.com\\\/at\\\/produkte\\\/erapatch#breadcrumb\"},\"inLanguage\":\"de\",\"potentialAction\":[{\"@type\":\"ReadAction\",\"target\":[\"https:\\\/\\\/www.neuraxpharm.com\\\/at\\\/produkte\\\/erapatch\"]}]},{\"@type\":\"ImageObject\",\"inLanguage\":\"de\",\"@id\":\"https:\\\/\\\/www.neuraxpharm.com\\\/at\\\/produkte\\\/erapatch#primaryimage\",\"url\":\"https:\\\/\\\/www.neuraxpharm.com\\\/at\\\/wp-content\\\/uploads\\\/sites\\\/23\\\/2021\\\/10\\\/erapatch.png\",\"contentUrl\":\"https:\\\/\\\/www.neuraxpharm.com\\\/at\\\/wp-content\\\/uploads\\\/sites\\\/23\\\/2021\\\/10\\\/erapatch.png\",\"width\":960,\"height\":960},{\"@type\":\"BreadcrumbList\",\"@id\":\"https:\\\/\\\/www.neuraxpharm.com\\\/at\\\/produkte\\\/erapatch#breadcrumb\",\"itemListElement\":[{\"@type\":\"ListItem\",\"position\":1,\"name\":\"Produkte f\u00fcr die Gesundheit\",\"item\":\"https:\\\/\\\/www.neuraxpharm.com\\\/at\\\/produkte\"},{\"@type\":\"ListItem\",\"position\":2,\"name\":\"ERAPATCH\u00ae\"}]},{\"@type\":\"WebSite\",\"@id\":\"https:\\\/\\\/www.neuraxpharm.com\\\/at\\\/#website\",\"url\":\"https:\\\/\\\/www.neuraxpharm.com\\\/at\\\/\",\"name\":\"Neuraxpharm AT\",\"description\":\"Ein europ\u00e4ischer Marktf\u00fchrer f\u00fcr CNS-Produkte\",\"potentialAction\":[{\"@type\":\"SearchAction\",\"target\":{\"@type\":\"EntryPoint\",\"urlTemplate\":\"https:\\\/\\\/www.neuraxpharm.com\\\/at\\\/?s={search_term_string}\"},\"query-input\":{\"@type\":\"PropertyValueSpecification\",\"valueRequired\":true,\"valueName\":\"search_term_string\"}}],\"inLanguage\":\"de\"}]}<\/script>\n<!-- \/ Yoast SEO Premium plugin. -->","yoast_head_json":{"title":"ERAPATCH\u00ae - Neuraxpharm AT","robots":{"index":"noindex","follow":"follow"},"og_locale":"de_DE","og_type":"article","og_title":"ERAPATCH\u00ae","og_description":"Das Fieberblasenpflaster mit Hylaurons\u00e4ure.","og_url":"https:\/\/www.neuraxpharm.com\/at\/produkte\/erapatch","og_site_name":"Neuraxpharm AT","article_modified_time":"2021-12-07T10:32:51+00:00","og_image":[{"width":960,"height":960,"url":"https:\/\/www.neuraxpharm.com\/at\/wp-content\/uploads\/sites\/23\/2021\/10\/erapatch.png","type":"image\/png"}],"twitter_card":"summary_large_image","twitter_misc":{"Gesch\u00e4tzte Lesezeit":"1\u00a0Minute"},"schema":{"@context":"https:\/\/schema.org","@graph":[{"@type":"WebPage","@id":"https:\/\/www.neuraxpharm.com\/at\/produkte\/erapatch","url":"https:\/\/www.neuraxpharm.com\/at\/produkte\/erapatch","name":"ERAPATCH\u00ae - Neuraxpharm AT","isPartOf":{"@id":"https:\/\/www.neuraxpharm.com\/at\/#website"},"primaryImageOfPage":{"@id":"https:\/\/www.neuraxpharm.com\/at\/produkte\/erapatch#primaryimage"},"image":{"@id":"https:\/\/www.neuraxpharm.com\/at\/produkte\/erapatch#primaryimage"},"thumbnailUrl":"https:\/\/www.neuraxpharm.com\/at\/wp-content\/uploads\/sites\/23\/2021\/10\/erapatch.png","datePublished":"2021-10-20T07:06:24+00:00","dateModified":"2021-12-07T10:32:51+00:00","breadcrumb":{"@id":"https:\/\/www.neuraxpharm.com\/at\/produkte\/erapatch#breadcrumb"},"inLanguage":"de","potentialAction":[{"@type":"ReadAction","target":["https:\/\/www.neuraxpharm.com\/at\/produkte\/erapatch"]}]},{"@type":"ImageObject","inLanguage":"de","@id":"https:\/\/www.neuraxpharm.com\/at\/produkte\/erapatch#primaryimage","url":"https:\/\/www.neuraxpharm.com\/at\/wp-content\/uploads\/sites\/23\/2021\/10\/erapatch.png","contentUrl":"https:\/\/www.neuraxpharm.com\/at\/wp-content\/uploads\/sites\/23\/2021\/10\/erapatch.png","width":960,"height":960},{"@type":"BreadcrumbList","@id":"https:\/\/www.neuraxpharm.com\/at\/produkte\/erapatch#breadcrumb","itemListElement":[{"@type":"ListItem","position":1,"name":"Produkte f\u00fcr die Gesundheit","item":"https:\/\/www.neuraxpharm.com\/at\/produkte"},{"@type":"ListItem","position":2,"name":"ERAPATCH\u00ae"}]},{"@type":"WebSite","@id":"https:\/\/www.neuraxpharm.com\/at\/#website","url":"https:\/\/www.neuraxpharm.com\/at\/","name":"Neuraxpharm AT","description":"Ein europ\u00e4ischer Marktf\u00fchrer f\u00fcr CNS-Produkte","potentialAction":[{"@type":"SearchAction","target":{"@type":"EntryPoint","urlTemplate":"https:\/\/www.neuraxpharm.com\/at\/?s={search_term_string}"},"query-input":{"@type":"PropertyValueSpecification","valueRequired":true,"valueName":"search_term_string"}}],"inLanguage":"de"}]}},"acf":[],"_links":{"self":[{"href":"https:\/\/www.neuraxpharm.com\/at\/wp-json\/wp\/v2\/product\/26712","targetHints":{"allow":["GET"]}}],"collection":[{"href":"https:\/\/www.neuraxpharm.com\/at\/wp-json\/wp\/v2\/product"}],"about":[{"href":"https:\/\/www.neuraxpharm.com\/at\/wp-json\/wp\/v2\/types\/product"}],"replies":[{"embeddable":true,"href":"https:\/\/www.neuraxpharm.com\/at\/wp-json\/wp\/v2\/comments?post=26712"}],"wp:featuredmedia":[{"embeddable":true,"href":"https:\/\/www.neuraxpharm.com\/at\/wp-json\/wp\/v2\/media\/26180"}],"wp:attachment":[{"href":"https:\/\/www.neuraxpharm.com\/at\/wp-json\/wp\/v2\/media?parent=26712"}],"wp:term":[{"taxonomy":"product_brand","embeddable":true,"href":"https:\/\/www.neuraxpharm.com\/at\/wp-json\/wp\/v2\/product_brand?post=26712"},{"taxonomy":"product_cat","embeddable":true,"href":"https:\/\/www.neuraxpharm.com\/at\/wp-json\/wp\/v2\/product_cat?post=26712"},{"taxonomy":"product_tag","embeddable":true,"href":"https:\/\/www.neuraxpharm.com\/at\/wp-json\/wp\/v2\/product_tag?post=26712"}],"curies":[{"name":"wp","href":"https:\/\/api.w.org\/{rel}","templated":true}]}}