{"id":26703,"date":"2021-10-20T06:27:28","date_gmt":"2021-10-20T06:27:28","guid":{"rendered":"https:\/\/www.neuraxpharm.com\/at\/?post_type=product&#038;p=26703"},"modified":"2021-12-07T11:40:37","modified_gmt":"2021-12-07T11:40:37","slug":"easyrelax-direkt","status":"publish","type":"product","link":"https:\/\/www.neuraxpharm.com\/at\/produkte\/easyrelax-direkt","title":{"rendered":"easyrelax Direkt"},"content":{"rendered":"<p>easyrelax dirket unterst\u00fctzt mit seinen Inhaltsstoffen bei aktuellen oder kurz bevorstehenden emotionalen Belastungs- oder Stresssituationen das mentale Wohlbefinden, wie z.B. Nervosit\u00e4t (Baldrian, Lavendel) und Anspannung (Baldrian) und unterst\u00fctzt die Entspannung (Baldrian, Melisse, Lavendel, Safran) sowie die Bew\u00e4ltigung von Stress und Gereiztheit (Baldrian, Lavendel) und tr\u00e4gt dazu bei, gelassen und ausgeglichen zu bleiben (Safran, Melisse, Baldrian). easyrelax direkt kann bei pl\u00f6tzlichen oder kurz bevorstehenden emotionalen Belastungs- oder Stresssituationen t\u00e4glich bis zu 2x angewendet werden.<\/p>\n","protected":false},"excerpt":{"rendered":"<p>bei aktuer Nervosit\u00e4t!<\/p>\n","protected":false},"featured_media":26167,"comment_status":"open","ping_status":"closed","template":"","meta":{"_acf_changed":false},"product_brand":[],"product_cat":[142],"product_tag":[],"class_list":{"0":"post-26703","1":"product","2":"type-product","3":"status-publish","4":"has-post-thumbnail","6":"product_cat-schlaf-und-entspannung","8":"first","9":"instock","10":"taxable","11":"shipping-taxable","12":"product-type-simple"},"yoast_head":"<!-- This site is optimized with the Yoast SEO Premium plugin v27.2 (Yoast SEO v27.2) - https:\/\/yoast.com\/product\/yoast-seo-premium-wordpress\/ -->\n<title>easyrelax Direkt - Neuraxpharm AT<\/title>\n<meta name=\"robots\" content=\"noindex, follow\" \/>\n<meta property=\"og:locale\" content=\"de_DE\" \/>\n<meta property=\"og:type\" content=\"article\" \/>\n<meta property=\"og:title\" content=\"easyrelax Direkt\" \/>\n<meta property=\"og:description\" content=\"bei aktuer Nervosit\u00e4t!\" \/>\n<meta property=\"og:url\" content=\"https:\/\/www.neuraxpharm.com\/at\/produkte\/easyrelax-direkt\" \/>\n<meta property=\"og:site_name\" content=\"Neuraxpharm AT\" \/>\n<meta property=\"article:modified_time\" content=\"2021-12-07T11:40:37+00:00\" \/>\n<meta property=\"og:image\" content=\"https:\/\/www.neuraxpharm.com\/at\/wp-content\/uploads\/sites\/23\/2021\/10\/easyrelax-direkt.png\" \/>\n\t<meta property=\"og:image:width\" content=\"960\" \/>\n\t<meta property=\"og:image:height\" content=\"960\" \/>\n\t<meta property=\"og:image:type\" content=\"image\/png\" \/>\n<meta name=\"twitter:card\" content=\"summary_large_image\" \/>\n<meta name=\"twitter:label1\" content=\"Gesch\u00e4tzte Lesezeit\" \/>\n\t<meta name=\"twitter:data1\" content=\"1\u00a0Minute\" \/>\n<script type=\"application\/ld+json\" class=\"yoast-schema-graph\">{\"@context\":\"https:\/\/schema.org\",\"@graph\":[{\"@type\":\"WebPage\",\"@id\":\"https:\/\/www.neuraxpharm.com\/at\/produkte\/easyrelax-direkt\",\"url\":\"https:\/\/www.neuraxpharm.com\/at\/produkte\/easyrelax-direkt\",\"name\":\"easyrelax Direkt - Neuraxpharm AT\",\"isPartOf\":{\"@id\":\"https:\/\/www.neuraxpharm.com\/at\/#website\"},\"primaryImageOfPage\":{\"@id\":\"https:\/\/www.neuraxpharm.com\/at\/produkte\/easyrelax-direkt#primaryimage\"},\"image\":{\"@id\":\"https:\/\/www.neuraxpharm.com\/at\/produkte\/easyrelax-direkt#primaryimage\"},\"thumbnailUrl\":\"https:\/\/www.neuraxpharm.com\/at\/wp-content\/uploads\/sites\/23\/2021\/10\/easyrelax-direkt.png\",\"datePublished\":\"2021-10-20T06:27:28+00:00\",\"dateModified\":\"2021-12-07T11:40:37+00:00\",\"breadcrumb\":{\"@id\":\"https:\/\/www.neuraxpharm.com\/at\/produkte\/easyrelax-direkt#breadcrumb\"},\"inLanguage\":\"de\",\"potentialAction\":[{\"@type\":\"ReadAction\",\"target\":[\"https:\/\/www.neuraxpharm.com\/at\/produkte\/easyrelax-direkt\"]}]},{\"@type\":\"ImageObject\",\"inLanguage\":\"de\",\"@id\":\"https:\/\/www.neuraxpharm.com\/at\/produkte\/easyrelax-direkt#primaryimage\",\"url\":\"https:\/\/www.neuraxpharm.com\/at\/wp-content\/uploads\/sites\/23\/2021\/10\/easyrelax-direkt.png\",\"contentUrl\":\"https:\/\/www.neuraxpharm.com\/at\/wp-content\/uploads\/sites\/23\/2021\/10\/easyrelax-direkt.png\",\"width\":960,\"height\":960},{\"@type\":\"BreadcrumbList\",\"@id\":\"https:\/\/www.neuraxpharm.com\/at\/produkte\/easyrelax-direkt#breadcrumb\",\"itemListElement\":[{\"@type\":\"ListItem\",\"position\":1,\"name\":\"Produkte f\u00fcr die Gesundheit\",\"item\":\"https:\/\/www.neuraxpharm.com\/at\/produkte\"},{\"@type\":\"ListItem\",\"position\":2,\"name\":\"easyrelax Direkt\"}]},{\"@type\":\"WebSite\",\"@id\":\"https:\/\/www.neuraxpharm.com\/at\/#website\",\"url\":\"https:\/\/www.neuraxpharm.com\/at\/\",\"name\":\"Neuraxpharm AT\",\"description\":\"Ein europ\u00e4ischer Marktf\u00fchrer f\u00fcr CNS-Produkte\",\"potentialAction\":[{\"@type\":\"SearchAction\",\"target\":{\"@type\":\"EntryPoint\",\"urlTemplate\":\"https:\/\/www.neuraxpharm.com\/at\/?s={search_term_string}\"},\"query-input\":{\"@type\":\"PropertyValueSpecification\",\"valueRequired\":true,\"valueName\":\"search_term_string\"}}],\"inLanguage\":\"de\"}]}<\/script>\n<!-- \/ Yoast SEO Premium plugin. -->","yoast_head_json":{"title":"easyrelax Direkt - Neuraxpharm AT","robots":{"index":"noindex","follow":"follow"},"og_locale":"de_DE","og_type":"article","og_title":"easyrelax Direkt","og_description":"bei aktuer Nervosit\u00e4t!","og_url":"https:\/\/www.neuraxpharm.com\/at\/produkte\/easyrelax-direkt","og_site_name":"Neuraxpharm AT","article_modified_time":"2021-12-07T11:40:37+00:00","og_image":[{"width":960,"height":960,"url":"https:\/\/www.neuraxpharm.com\/at\/wp-content\/uploads\/sites\/23\/2021\/10\/easyrelax-direkt.png","type":"image\/png"}],"twitter_card":"summary_large_image","twitter_misc":{"Gesch\u00e4tzte Lesezeit":"1\u00a0Minute"},"schema":{"@context":"https:\/\/schema.org","@graph":[{"@type":"WebPage","@id":"https:\/\/www.neuraxpharm.com\/at\/produkte\/easyrelax-direkt","url":"https:\/\/www.neuraxpharm.com\/at\/produkte\/easyrelax-direkt","name":"easyrelax Direkt - Neuraxpharm AT","isPartOf":{"@id":"https:\/\/www.neuraxpharm.com\/at\/#website"},"primaryImageOfPage":{"@id":"https:\/\/www.neuraxpharm.com\/at\/produkte\/easyrelax-direkt#primaryimage"},"image":{"@id":"https:\/\/www.neuraxpharm.com\/at\/produkte\/easyrelax-direkt#primaryimage"},"thumbnailUrl":"https:\/\/www.neuraxpharm.com\/at\/wp-content\/uploads\/sites\/23\/2021\/10\/easyrelax-direkt.png","datePublished":"2021-10-20T06:27:28+00:00","dateModified":"2021-12-07T11:40:37+00:00","breadcrumb":{"@id":"https:\/\/www.neuraxpharm.com\/at\/produkte\/easyrelax-direkt#breadcrumb"},"inLanguage":"de","potentialAction":[{"@type":"ReadAction","target":["https:\/\/www.neuraxpharm.com\/at\/produkte\/easyrelax-direkt"]}]},{"@type":"ImageObject","inLanguage":"de","@id":"https:\/\/www.neuraxpharm.com\/at\/produkte\/easyrelax-direkt#primaryimage","url":"https:\/\/www.neuraxpharm.com\/at\/wp-content\/uploads\/sites\/23\/2021\/10\/easyrelax-direkt.png","contentUrl":"https:\/\/www.neuraxpharm.com\/at\/wp-content\/uploads\/sites\/23\/2021\/10\/easyrelax-direkt.png","width":960,"height":960},{"@type":"BreadcrumbList","@id":"https:\/\/www.neuraxpharm.com\/at\/produkte\/easyrelax-direkt#breadcrumb","itemListElement":[{"@type":"ListItem","position":1,"name":"Produkte f\u00fcr die Gesundheit","item":"https:\/\/www.neuraxpharm.com\/at\/produkte"},{"@type":"ListItem","position":2,"name":"easyrelax Direkt"}]},{"@type":"WebSite","@id":"https:\/\/www.neuraxpharm.com\/at\/#website","url":"https:\/\/www.neuraxpharm.com\/at\/","name":"Neuraxpharm AT","description":"Ein europ\u00e4ischer Marktf\u00fchrer f\u00fcr CNS-Produkte","potentialAction":[{"@type":"SearchAction","target":{"@type":"EntryPoint","urlTemplate":"https:\/\/www.neuraxpharm.com\/at\/?s={search_term_string}"},"query-input":{"@type":"PropertyValueSpecification","valueRequired":true,"valueName":"search_term_string"}}],"inLanguage":"de"}]}},"acf":[],"_links":{"self":[{"href":"https:\/\/www.neuraxpharm.com\/at\/wp-json\/wp\/v2\/product\/26703","targetHints":{"allow":["GET"]}}],"collection":[{"href":"https:\/\/www.neuraxpharm.com\/at\/wp-json\/wp\/v2\/product"}],"about":[{"href":"https:\/\/www.neuraxpharm.com\/at\/wp-json\/wp\/v2\/types\/product"}],"replies":[{"embeddable":true,"href":"https:\/\/www.neuraxpharm.com\/at\/wp-json\/wp\/v2\/comments?post=26703"}],"wp:featuredmedia":[{"embeddable":true,"href":"https:\/\/www.neuraxpharm.com\/at\/wp-json\/wp\/v2\/media\/26167"}],"wp:attachment":[{"href":"https:\/\/www.neuraxpharm.com\/at\/wp-json\/wp\/v2\/media?parent=26703"}],"wp:term":[{"taxonomy":"product_brand","embeddable":true,"href":"https:\/\/www.neuraxpharm.com\/at\/wp-json\/wp\/v2\/product_brand?post=26703"},{"taxonomy":"product_cat","embeddable":true,"href":"https:\/\/www.neuraxpharm.com\/at\/wp-json\/wp\/v2\/product_cat?post=26703"},{"taxonomy":"product_tag","embeddable":true,"href":"https:\/\/www.neuraxpharm.com\/at\/wp-json\/wp\/v2\/product_tag?post=26703"}],"curies":[{"name":"wp","href":"https:\/\/api.w.org\/{rel}","templated":true}]}}