{"id":26693,"date":"2021-10-19T14:52:19","date_gmt":"2021-10-19T14:52:19","guid":{"rendered":"https:\/\/www.neuraxpharm.com\/at\/?post_type=product&#038;p=26693"},"modified":"2021-12-07T13:13:32","modified_gmt":"2021-12-07T13:13:32","slug":"easybronchial-kids","status":"publish","type":"product","link":"https:\/\/www.neuraxpharm.com\/at\/produkte\/easybronchial-kids","title":{"rendered":"easybronchial\u00ae Kids"},"content":{"rendered":"<p>Husten ist eine der h\u00e4ufigsten Diagnosen im Winter, besonders Kinder sind h\u00e4ufig betroffen. Problematisch ist f\u00fcr Babys und Kleinkinder ein altersentsprechendes Hustenmittel zu finden. easybronchial\u00ae Kids Sirup ist explizit f\u00fcr Kinder ab dem 6. Lebensmonat. Das in diesem Sirup enthaltene Glyzerin bildet eine sch\u00fctzende Filmschicht im gereizten Hals und wirkt dadurch lindernd und hustenstillend.<\/p>\n","protected":false},"excerpt":{"rendered":"<p>easybronchial\u00ae Kids Sirup ist zur Behandlung von trockenem Husten und Halsreizungen bei Kleinkindern geeignet.<\/p>\n","protected":false},"featured_media":26154,"comment_status":"open","ping_status":"closed","template":"","meta":{"_acf_changed":false},"product_brand":[],"product_cat":[379],"product_tag":[],"class_list":{"0":"post-26693","1":"product","2":"type-product","3":"status-publish","4":"has-post-thumbnail","6":"product_cat-erkaeltung","8":"first","9":"instock","10":"taxable","11":"shipping-taxable","12":"product-type-simple"},"yoast_head":"<!-- This site is optimized with the Yoast SEO Premium plugin v27.2 (Yoast SEO v27.5) - https:\/\/yoast.com\/product\/yoast-seo-premium-wordpress\/ -->\n<title>easybronchial\u00ae Kids - Neuraxpharm AT<\/title>\n<meta name=\"robots\" content=\"noindex, follow\" \/>\n<meta property=\"og:locale\" content=\"de_DE\" \/>\n<meta property=\"og:type\" content=\"article\" \/>\n<meta property=\"og:title\" content=\"easybronchial\u00ae Kids\" \/>\n<meta property=\"og:description\" content=\"easybronchial\u00ae Kids Sirup ist zur Behandlung von trockenem Husten und Halsreizungen bei Kleinkindern geeignet.\" \/>\n<meta property=\"og:url\" content=\"https:\/\/www.neuraxpharm.com\/at\/produkte\/easybronchial-kids\" \/>\n<meta property=\"og:site_name\" content=\"Neuraxpharm AT\" \/>\n<meta property=\"article:modified_time\" content=\"2021-12-07T13:13:32+00:00\" \/>\n<meta property=\"og:image\" content=\"https:\/\/www.neuraxpharm.com\/at\/wp-content\/uploads\/sites\/23\/2021\/10\/easybronchial-kids.png\" \/>\n\t<meta property=\"og:image:width\" content=\"960\" \/>\n\t<meta property=\"og:image:height\" content=\"960\" \/>\n\t<meta property=\"og:image:type\" content=\"image\/png\" \/>\n<meta name=\"twitter:card\" content=\"summary_large_image\" \/>\n<meta name=\"twitter:label1\" content=\"Gesch\u00e4tzte Lesezeit\" \/>\n\t<meta name=\"twitter:data1\" content=\"1\u00a0Minute\" \/>\n<script type=\"application\/ld+json\" class=\"yoast-schema-graph\">{\"@context\":\"https:\\\/\\\/schema.org\",\"@graph\":[{\"@type\":\"WebPage\",\"@id\":\"https:\\\/\\\/www.neuraxpharm.com\\\/at\\\/produkte\\\/easybronchial-kids\",\"url\":\"https:\\\/\\\/www.neuraxpharm.com\\\/at\\\/produkte\\\/easybronchial-kids\",\"name\":\"easybronchial\u00ae Kids - Neuraxpharm AT\",\"isPartOf\":{\"@id\":\"https:\\\/\\\/www.neuraxpharm.com\\\/at\\\/#website\"},\"primaryImageOfPage\":{\"@id\":\"https:\\\/\\\/www.neuraxpharm.com\\\/at\\\/produkte\\\/easybronchial-kids#primaryimage\"},\"image\":{\"@id\":\"https:\\\/\\\/www.neuraxpharm.com\\\/at\\\/produkte\\\/easybronchial-kids#primaryimage\"},\"thumbnailUrl\":\"https:\\\/\\\/www.neuraxpharm.com\\\/at\\\/wp-content\\\/uploads\\\/sites\\\/23\\\/2021\\\/10\\\/easybronchial-kids.png\",\"datePublished\":\"2021-10-19T14:52:19+00:00\",\"dateModified\":\"2021-12-07T13:13:32+00:00\",\"breadcrumb\":{\"@id\":\"https:\\\/\\\/www.neuraxpharm.com\\\/at\\\/produkte\\\/easybronchial-kids#breadcrumb\"},\"inLanguage\":\"de\",\"potentialAction\":[{\"@type\":\"ReadAction\",\"target\":[\"https:\\\/\\\/www.neuraxpharm.com\\\/at\\\/produkte\\\/easybronchial-kids\"]}]},{\"@type\":\"ImageObject\",\"inLanguage\":\"de\",\"@id\":\"https:\\\/\\\/www.neuraxpharm.com\\\/at\\\/produkte\\\/easybronchial-kids#primaryimage\",\"url\":\"https:\\\/\\\/www.neuraxpharm.com\\\/at\\\/wp-content\\\/uploads\\\/sites\\\/23\\\/2021\\\/10\\\/easybronchial-kids.png\",\"contentUrl\":\"https:\\\/\\\/www.neuraxpharm.com\\\/at\\\/wp-content\\\/uploads\\\/sites\\\/23\\\/2021\\\/10\\\/easybronchial-kids.png\",\"width\":960,\"height\":960},{\"@type\":\"BreadcrumbList\",\"@id\":\"https:\\\/\\\/www.neuraxpharm.com\\\/at\\\/produkte\\\/easybronchial-kids#breadcrumb\",\"itemListElement\":[{\"@type\":\"ListItem\",\"position\":1,\"name\":\"Produkte f\u00fcr die Gesundheit\",\"item\":\"https:\\\/\\\/www.neuraxpharm.com\\\/at\\\/produkte\"},{\"@type\":\"ListItem\",\"position\":2,\"name\":\"easybronchial\u00ae Kids\"}]},{\"@type\":\"WebSite\",\"@id\":\"https:\\\/\\\/www.neuraxpharm.com\\\/at\\\/#website\",\"url\":\"https:\\\/\\\/www.neuraxpharm.com\\\/at\\\/\",\"name\":\"Neuraxpharm AT\",\"description\":\"Ein europ\u00e4ischer Marktf\u00fchrer f\u00fcr CNS-Produkte\",\"potentialAction\":[{\"@type\":\"SearchAction\",\"target\":{\"@type\":\"EntryPoint\",\"urlTemplate\":\"https:\\\/\\\/www.neuraxpharm.com\\\/at\\\/?s={search_term_string}\"},\"query-input\":{\"@type\":\"PropertyValueSpecification\",\"valueRequired\":true,\"valueName\":\"search_term_string\"}}],\"inLanguage\":\"de\"}]}<\/script>\n<!-- \/ Yoast SEO Premium plugin. -->","yoast_head_json":{"title":"easybronchial\u00ae Kids - Neuraxpharm AT","robots":{"index":"noindex","follow":"follow"},"og_locale":"de_DE","og_type":"article","og_title":"easybronchial\u00ae Kids","og_description":"easybronchial\u00ae Kids Sirup ist zur Behandlung von trockenem Husten und Halsreizungen bei Kleinkindern geeignet.","og_url":"https:\/\/www.neuraxpharm.com\/at\/produkte\/easybronchial-kids","og_site_name":"Neuraxpharm AT","article_modified_time":"2021-12-07T13:13:32+00:00","og_image":[{"width":960,"height":960,"url":"https:\/\/www.neuraxpharm.com\/at\/wp-content\/uploads\/sites\/23\/2021\/10\/easybronchial-kids.png","type":"image\/png"}],"twitter_card":"summary_large_image","twitter_misc":{"Gesch\u00e4tzte Lesezeit":"1\u00a0Minute"},"schema":{"@context":"https:\/\/schema.org","@graph":[{"@type":"WebPage","@id":"https:\/\/www.neuraxpharm.com\/at\/produkte\/easybronchial-kids","url":"https:\/\/www.neuraxpharm.com\/at\/produkte\/easybronchial-kids","name":"easybronchial\u00ae Kids - Neuraxpharm AT","isPartOf":{"@id":"https:\/\/www.neuraxpharm.com\/at\/#website"},"primaryImageOfPage":{"@id":"https:\/\/www.neuraxpharm.com\/at\/produkte\/easybronchial-kids#primaryimage"},"image":{"@id":"https:\/\/www.neuraxpharm.com\/at\/produkte\/easybronchial-kids#primaryimage"},"thumbnailUrl":"https:\/\/www.neuraxpharm.com\/at\/wp-content\/uploads\/sites\/23\/2021\/10\/easybronchial-kids.png","datePublished":"2021-10-19T14:52:19+00:00","dateModified":"2021-12-07T13:13:32+00:00","breadcrumb":{"@id":"https:\/\/www.neuraxpharm.com\/at\/produkte\/easybronchial-kids#breadcrumb"},"inLanguage":"de","potentialAction":[{"@type":"ReadAction","target":["https:\/\/www.neuraxpharm.com\/at\/produkte\/easybronchial-kids"]}]},{"@type":"ImageObject","inLanguage":"de","@id":"https:\/\/www.neuraxpharm.com\/at\/produkte\/easybronchial-kids#primaryimage","url":"https:\/\/www.neuraxpharm.com\/at\/wp-content\/uploads\/sites\/23\/2021\/10\/easybronchial-kids.png","contentUrl":"https:\/\/www.neuraxpharm.com\/at\/wp-content\/uploads\/sites\/23\/2021\/10\/easybronchial-kids.png","width":960,"height":960},{"@type":"BreadcrumbList","@id":"https:\/\/www.neuraxpharm.com\/at\/produkte\/easybronchial-kids#breadcrumb","itemListElement":[{"@type":"ListItem","position":1,"name":"Produkte f\u00fcr die Gesundheit","item":"https:\/\/www.neuraxpharm.com\/at\/produkte"},{"@type":"ListItem","position":2,"name":"easybronchial\u00ae Kids"}]},{"@type":"WebSite","@id":"https:\/\/www.neuraxpharm.com\/at\/#website","url":"https:\/\/www.neuraxpharm.com\/at\/","name":"Neuraxpharm AT","description":"Ein europ\u00e4ischer Marktf\u00fchrer f\u00fcr CNS-Produkte","potentialAction":[{"@type":"SearchAction","target":{"@type":"EntryPoint","urlTemplate":"https:\/\/www.neuraxpharm.com\/at\/?s={search_term_string}"},"query-input":{"@type":"PropertyValueSpecification","valueRequired":true,"valueName":"search_term_string"}}],"inLanguage":"de"}]}},"acf":[],"_links":{"self":[{"href":"https:\/\/www.neuraxpharm.com\/at\/wp-json\/wp\/v2\/product\/26693","targetHints":{"allow":["GET"]}}],"collection":[{"href":"https:\/\/www.neuraxpharm.com\/at\/wp-json\/wp\/v2\/product"}],"about":[{"href":"https:\/\/www.neuraxpharm.com\/at\/wp-json\/wp\/v2\/types\/product"}],"replies":[{"embeddable":true,"href":"https:\/\/www.neuraxpharm.com\/at\/wp-json\/wp\/v2\/comments?post=26693"}],"wp:featuredmedia":[{"embeddable":true,"href":"https:\/\/www.neuraxpharm.com\/at\/wp-json\/wp\/v2\/media\/26154"}],"wp:attachment":[{"href":"https:\/\/www.neuraxpharm.com\/at\/wp-json\/wp\/v2\/media?parent=26693"}],"wp:term":[{"taxonomy":"product_brand","embeddable":true,"href":"https:\/\/www.neuraxpharm.com\/at\/wp-json\/wp\/v2\/product_brand?post=26693"},{"taxonomy":"product_cat","embeddable":true,"href":"https:\/\/www.neuraxpharm.com\/at\/wp-json\/wp\/v2\/product_cat?post=26693"},{"taxonomy":"product_tag","embeddable":true,"href":"https:\/\/www.neuraxpharm.com\/at\/wp-json\/wp\/v2\/product_tag?post=26693"}],"curies":[{"name":"wp","href":"https:\/\/api.w.org\/{rel}","templated":true}]}}