{"id":26684,"date":"2021-10-19T14:26:24","date_gmt":"2021-10-19T14:26:24","guid":{"rendered":"https:\/\/www.neuraxpharm.com\/at\/?post_type=product&#038;p=26684"},"modified":"2024-10-02T10:25:18","modified_gmt":"2024-10-02T10:25:18","slug":"easyangin-lutschtabletten-lemon","status":"publish","type":"product","link":"https:\/\/www.neuraxpharm.com\/at\/produkte\/easyangin-lutschtabletten-lemon","title":{"rendered":"easyangin\u00ae Lutschtabletten mit Zitronengeschmack"},"content":{"rendered":"<p>easyangin\u00ae &#8211; die einzigartige zuckerfreie Kombination aus dem lokalem Schmerzmittel Lidocain und dem Antiseptikum Chlorhexidin hilft bei Entz\u00fcndungen im Mund- und Rachenraum. Easyangin ist einfach in der Handhabung, kann bis zu 10x t\u00e4glich angewendet werden und ist auch f\u00fcr Kinder ab 6 Jahren geeignet.<\/p>\n","protected":false},"excerpt":{"rendered":"<p>Halsschmerzen?<\/p>\n","protected":false},"featured_media":27793,"comment_status":"open","ping_status":"closed","template":"","meta":{"_acf_changed":false},"product_brand":[],"product_cat":[379],"product_tag":[],"class_list":{"0":"post-26684","1":"product","2":"type-product","3":"status-publish","4":"has-post-thumbnail","6":"product_cat-erkaeltung","8":"first","9":"instock","10":"taxable","11":"shipping-taxable","12":"product-type-simple"},"yoast_head":"<!-- This site is optimized with the Yoast SEO Premium plugin v27.2 (Yoast SEO v27.5) - https:\/\/yoast.com\/product\/yoast-seo-premium-wordpress\/ -->\n<title>easyangin\u00ae Lutschtabletten mit Zitronengeschmack - Neuraxpharm AT<\/title>\n<meta name=\"robots\" content=\"noindex, follow\" \/>\n<meta property=\"og:locale\" content=\"de_DE\" \/>\n<meta property=\"og:type\" content=\"article\" \/>\n<meta property=\"og:title\" content=\"easyangin\u00ae Lutschtabletten mit Zitronengeschmack\" \/>\n<meta property=\"og:description\" content=\"Halsschmerzen?\" \/>\n<meta property=\"og:url\" content=\"https:\/\/www.neuraxpharm.com\/at\/produkte\/easyangin-lutschtabletten-lemon\" \/>\n<meta property=\"og:site_name\" content=\"Neuraxpharm AT\" \/>\n<meta property=\"article:modified_time\" content=\"2024-10-02T10:25:18+00:00\" \/>\n<meta property=\"og:image\" content=\"https:\/\/static.neuraxpharm.com\/wp-content\/uploads\/sites\/23\/2021\/10\/02102500\/easyangin-zitrone-packshot.png\" \/>\n\t<meta property=\"og:image:width\" content=\"768\" \/>\n\t<meta property=\"og:image:height\" content=\"768\" \/>\n\t<meta property=\"og:image:type\" content=\"image\/png\" \/>\n<meta name=\"twitter:card\" content=\"summary_large_image\" \/>\n<meta name=\"twitter:label1\" content=\"Gesch\u00e4tzte Lesezeit\" \/>\n\t<meta name=\"twitter:data1\" content=\"1\u00a0Minute\" \/>\n<script type=\"application\/ld+json\" class=\"yoast-schema-graph\">{\"@context\":\"https:\\\/\\\/schema.org\",\"@graph\":[{\"@type\":\"WebPage\",\"@id\":\"https:\\\/\\\/www.neuraxpharm.com\\\/at\\\/produkte\\\/easyangin-lutschtabletten-lemon\",\"url\":\"https:\\\/\\\/www.neuraxpharm.com\\\/at\\\/produkte\\\/easyangin-lutschtabletten-lemon\",\"name\":\"easyangin\u00ae Lutschtabletten mit Zitronengeschmack - Neuraxpharm AT\",\"isPartOf\":{\"@id\":\"https:\\\/\\\/www.neuraxpharm.com\\\/at\\\/#website\"},\"primaryImageOfPage\":{\"@id\":\"https:\\\/\\\/www.neuraxpharm.com\\\/at\\\/produkte\\\/easyangin-lutschtabletten-lemon#primaryimage\"},\"image\":{\"@id\":\"https:\\\/\\\/www.neuraxpharm.com\\\/at\\\/produkte\\\/easyangin-lutschtabletten-lemon#primaryimage\"},\"thumbnailUrl\":\"https:\\\/\\\/static.neuraxpharm.com\\\/wp-content\\\/uploads\\\/sites\\\/23\\\/2021\\\/10\\\/02102500\\\/easyangin-zitrone-packshot.png\",\"datePublished\":\"2021-10-19T14:26:24+00:00\",\"dateModified\":\"2024-10-02T10:25:18+00:00\",\"breadcrumb\":{\"@id\":\"https:\\\/\\\/www.neuraxpharm.com\\\/at\\\/produkte\\\/easyangin-lutschtabletten-lemon#breadcrumb\"},\"inLanguage\":\"de\",\"potentialAction\":[{\"@type\":\"ReadAction\",\"target\":[\"https:\\\/\\\/www.neuraxpharm.com\\\/at\\\/produkte\\\/easyangin-lutschtabletten-lemon\"]}]},{\"@type\":\"ImageObject\",\"inLanguage\":\"de\",\"@id\":\"https:\\\/\\\/www.neuraxpharm.com\\\/at\\\/produkte\\\/easyangin-lutschtabletten-lemon#primaryimage\",\"url\":\"https:\\\/\\\/static.neuraxpharm.com\\\/wp-content\\\/uploads\\\/sites\\\/23\\\/2021\\\/10\\\/02102500\\\/easyangin-zitrone-packshot.png\",\"contentUrl\":\"https:\\\/\\\/static.neuraxpharm.com\\\/wp-content\\\/uploads\\\/sites\\\/23\\\/2021\\\/10\\\/02102500\\\/easyangin-zitrone-packshot.png\",\"width\":768,\"height\":768},{\"@type\":\"BreadcrumbList\",\"@id\":\"https:\\\/\\\/www.neuraxpharm.com\\\/at\\\/produkte\\\/easyangin-lutschtabletten-lemon#breadcrumb\",\"itemListElement\":[{\"@type\":\"ListItem\",\"position\":1,\"name\":\"Produkte f\u00fcr die Gesundheit\",\"item\":\"https:\\\/\\\/www.neuraxpharm.com\\\/at\\\/produkte\"},{\"@type\":\"ListItem\",\"position\":2,\"name\":\"easyangin\u00ae Lutschtabletten mit Zitronengeschmack\"}]},{\"@type\":\"WebSite\",\"@id\":\"https:\\\/\\\/www.neuraxpharm.com\\\/at\\\/#website\",\"url\":\"https:\\\/\\\/www.neuraxpharm.com\\\/at\\\/\",\"name\":\"Neuraxpharm AT\",\"description\":\"Ein europ\u00e4ischer Marktf\u00fchrer f\u00fcr CNS-Produkte\",\"potentialAction\":[{\"@type\":\"SearchAction\",\"target\":{\"@type\":\"EntryPoint\",\"urlTemplate\":\"https:\\\/\\\/www.neuraxpharm.com\\\/at\\\/?s={search_term_string}\"},\"query-input\":{\"@type\":\"PropertyValueSpecification\",\"valueRequired\":true,\"valueName\":\"search_term_string\"}}],\"inLanguage\":\"de\"}]}<\/script>\n<!-- \/ Yoast SEO Premium plugin. -->","yoast_head_json":{"title":"easyangin\u00ae Lutschtabletten mit Zitronengeschmack - Neuraxpharm AT","robots":{"index":"noindex","follow":"follow"},"og_locale":"de_DE","og_type":"article","og_title":"easyangin\u00ae Lutschtabletten mit Zitronengeschmack","og_description":"Halsschmerzen?","og_url":"https:\/\/www.neuraxpharm.com\/at\/produkte\/easyangin-lutschtabletten-lemon","og_site_name":"Neuraxpharm AT","article_modified_time":"2024-10-02T10:25:18+00:00","og_image":[{"width":768,"height":768,"url":"https:\/\/static.neuraxpharm.com\/wp-content\/uploads\/sites\/23\/2021\/10\/02102500\/easyangin-zitrone-packshot.png","type":"image\/png"}],"twitter_card":"summary_large_image","twitter_misc":{"Gesch\u00e4tzte Lesezeit":"1\u00a0Minute"},"schema":{"@context":"https:\/\/schema.org","@graph":[{"@type":"WebPage","@id":"https:\/\/www.neuraxpharm.com\/at\/produkte\/easyangin-lutschtabletten-lemon","url":"https:\/\/www.neuraxpharm.com\/at\/produkte\/easyangin-lutschtabletten-lemon","name":"easyangin\u00ae Lutschtabletten mit Zitronengeschmack - Neuraxpharm AT","isPartOf":{"@id":"https:\/\/www.neuraxpharm.com\/at\/#website"},"primaryImageOfPage":{"@id":"https:\/\/www.neuraxpharm.com\/at\/produkte\/easyangin-lutschtabletten-lemon#primaryimage"},"image":{"@id":"https:\/\/www.neuraxpharm.com\/at\/produkte\/easyangin-lutschtabletten-lemon#primaryimage"},"thumbnailUrl":"https:\/\/static.neuraxpharm.com\/wp-content\/uploads\/sites\/23\/2021\/10\/02102500\/easyangin-zitrone-packshot.png","datePublished":"2021-10-19T14:26:24+00:00","dateModified":"2024-10-02T10:25:18+00:00","breadcrumb":{"@id":"https:\/\/www.neuraxpharm.com\/at\/produkte\/easyangin-lutschtabletten-lemon#breadcrumb"},"inLanguage":"de","potentialAction":[{"@type":"ReadAction","target":["https:\/\/www.neuraxpharm.com\/at\/produkte\/easyangin-lutschtabletten-lemon"]}]},{"@type":"ImageObject","inLanguage":"de","@id":"https:\/\/www.neuraxpharm.com\/at\/produkte\/easyangin-lutschtabletten-lemon#primaryimage","url":"https:\/\/static.neuraxpharm.com\/wp-content\/uploads\/sites\/23\/2021\/10\/02102500\/easyangin-zitrone-packshot.png","contentUrl":"https:\/\/static.neuraxpharm.com\/wp-content\/uploads\/sites\/23\/2021\/10\/02102500\/easyangin-zitrone-packshot.png","width":768,"height":768},{"@type":"BreadcrumbList","@id":"https:\/\/www.neuraxpharm.com\/at\/produkte\/easyangin-lutschtabletten-lemon#breadcrumb","itemListElement":[{"@type":"ListItem","position":1,"name":"Produkte f\u00fcr die Gesundheit","item":"https:\/\/www.neuraxpharm.com\/at\/produkte"},{"@type":"ListItem","position":2,"name":"easyangin\u00ae Lutschtabletten mit Zitronengeschmack"}]},{"@type":"WebSite","@id":"https:\/\/www.neuraxpharm.com\/at\/#website","url":"https:\/\/www.neuraxpharm.com\/at\/","name":"Neuraxpharm AT","description":"Ein europ\u00e4ischer Marktf\u00fchrer f\u00fcr CNS-Produkte","potentialAction":[{"@type":"SearchAction","target":{"@type":"EntryPoint","urlTemplate":"https:\/\/www.neuraxpharm.com\/at\/?s={search_term_string}"},"query-input":{"@type":"PropertyValueSpecification","valueRequired":true,"valueName":"search_term_string"}}],"inLanguage":"de"}]}},"acf":[],"_links":{"self":[{"href":"https:\/\/www.neuraxpharm.com\/at\/wp-json\/wp\/v2\/product\/26684","targetHints":{"allow":["GET"]}}],"collection":[{"href":"https:\/\/www.neuraxpharm.com\/at\/wp-json\/wp\/v2\/product"}],"about":[{"href":"https:\/\/www.neuraxpharm.com\/at\/wp-json\/wp\/v2\/types\/product"}],"replies":[{"embeddable":true,"href":"https:\/\/www.neuraxpharm.com\/at\/wp-json\/wp\/v2\/comments?post=26684"}],"wp:featuredmedia":[{"embeddable":true,"href":"https:\/\/www.neuraxpharm.com\/at\/wp-json\/wp\/v2\/media\/27793"}],"wp:attachment":[{"href":"https:\/\/www.neuraxpharm.com\/at\/wp-json\/wp\/v2\/media?parent=26684"}],"wp:term":[{"taxonomy":"product_brand","embeddable":true,"href":"https:\/\/www.neuraxpharm.com\/at\/wp-json\/wp\/v2\/product_brand?post=26684"},{"taxonomy":"product_cat","embeddable":true,"href":"https:\/\/www.neuraxpharm.com\/at\/wp-json\/wp\/v2\/product_cat?post=26684"},{"taxonomy":"product_tag","embeddable":true,"href":"https:\/\/www.neuraxpharm.com\/at\/wp-json\/wp\/v2\/product_tag?post=26684"}],"curies":[{"name":"wp","href":"https:\/\/api.w.org\/{rel}","templated":true}]}}