{"id":3,"date":"2021-01-27T16:51:35","date_gmt":"2021-01-27T16:51:35","guid":{"rendered":"https:\/\/www.neuraxpharm.com\/it2\/?page_id=3"},"modified":"2021-12-13T11:44:11","modified_gmt":"2021-12-13T11:44:11","slug":"datenschutzerklaerung-und-nutzungsbedingungen","status":"publish","type":"page","link":"https:\/\/www.neuraxpharm.com\/at\/datenschutzerklaerung-und-nutzungsbedingungen","title":{"rendered":"Datenschutzrichtlinie"},"content":{"rendered":"\t\t<div data-elementor-type=\"wp-page\" data-elementor-id=\"3\" class=\"elementor elementor-3\" data-elementor-post-type=\"page\">\n\t\t\t\t\t\t<section class=\"elementor-section elementor-top-section elementor-element elementor-element-4267eac8 politicas elementor-section-boxed elementor-section-height-default elementor-section-height-default\" data-id=\"4267eac8\" data-element_type=\"section\" data-e-type=\"section\" data-settings=\"{&quot;jet_parallax_layout_list&quot;:[{&quot;jet_parallax_layout_image&quot;:{&quot;url&quot;:&quot;&quot;,&quot;id&quot;:&quot;&quot;,&quot;size&quot;:&quot;&quot;},&quot;_id&quot;:&quot;b9bf352&quot;,&quot;jet_parallax_layout_image_tablet&quot;:{&quot;url&quot;:&quot;&quot;,&quot;id&quot;:&quot;&quot;,&quot;size&quot;:&quot;&quot;},&quot;jet_parallax_layout_image_mobile&quot;:{&quot;url&quot;:&quot;&quot;,&quot;id&quot;:&quot;&quot;,&quot;size&quot;:&quot;&quot;},&quot;jet_parallax_layout_speed&quot;:{&quot;unit&quot;:&quot;%&quot;,&quot;size&quot;:50,&quot;sizes&quot;:[]},&quot;jet_parallax_layout_type&quot;:&quot;scroll&quot;,&quot;jet_parallax_layout_direction&quot;:&quot;1&quot;,&quot;jet_parallax_layout_fx_direction&quot;:null,&quot;jet_parallax_layout_z_index&quot;:&quot;&quot;,&quot;jet_parallax_layout_bg_x&quot;:50,&quot;jet_parallax_layout_bg_x_tablet&quot;:&quot;&quot;,&quot;jet_parallax_layout_bg_x_mobile&quot;:&quot;&quot;,&quot;jet_parallax_layout_bg_y&quot;:50,&quot;jet_parallax_layout_bg_y_tablet&quot;:&quot;&quot;,&quot;jet_parallax_layout_bg_y_mobile&quot;:&quot;&quot;,&quot;jet_parallax_layout_bg_size&quot;:&quot;auto&quot;,&quot;jet_parallax_layout_bg_size_tablet&quot;:&quot;&quot;,&quot;jet_parallax_layout_bg_size_mobile&quot;:&quot;&quot;,&quot;jet_parallax_layout_animation_prop&quot;:&quot;transform&quot;,&quot;jet_parallax_layout_on&quot;:[&quot;desktop&quot;,&quot;tablet&quot;]}]}\">\n\t\t\t\t\t\t<div class=\"elementor-container elementor-column-gap-default\">\n\t\t\t\t\t<div class=\"elementor-column elementor-col-100 elementor-top-column elementor-element elementor-element-11149c0c\" data-id=\"11149c0c\" data-element_type=\"column\" data-e-type=\"column\">\n\t\t\t<div class=\"elementor-widget-wrap elementor-element-populated\">\n\t\t\t\t\t\t<div class=\"elementor-element elementor-element-27cfa8e elementor-widget elementor-widget-heading\" data-id=\"27cfa8e\" data-element_type=\"widget\" data-e-type=\"widget\" data-widget_type=\"heading.default\">\n\t\t\t\t<div class=\"elementor-widget-container\">\n\t\t\t\t\t<h1 class=\"elementor-heading-title elementor-size-default\">Datenschutzerkl\u00e4rung<\/h1>\t\t\t\t<\/div>\n\t\t\t\t<\/div>\n\t\t\t\t<div class=\"elementor-element elementor-element-5d244c20 elementor-widget elementor-widget-text-editor\" data-id=\"5d244c20\" data-element_type=\"widget\" data-e-type=\"widget\" data-widget_type=\"text-editor.default\">\n\t\t\t\t<div class=\"elementor-widget-container\">\n\t\t\t\t\t\t\t\t\t\n<h2 class=\"wp-block-heading\"><\/h2>\n<p>Unter Beachtung der Verordnung (EU) 2016\/679 des Europ\u00e4ischen Parlaments und des Rates vom 27. April 2016 zum Schutz nat\u00fcrlicher Personen bei der Verarbeitung personenbezogener Daten und zum freien Datenverkehr sowie sonstiger anwendbarer Datenschutzbestimmungen informieren wir Sie hiermit ausf\u00fchrlich \u00fcber die Verarbeitung Ihrer personenbezogenen Daten.<\/p>\n<p><b>1.- Wer ist der Verantwortliche f\u00fcr die Verarbeitung Ihrer personenbezogenen Daten?<\/b><\/p>\n<table>\n<tbody>\n<tr>\n<td>\n<p>Daten-Controller<\/p>\n<\/td>\n<td>\n<p>Die Konzerngesellschaften von Neuraxpharm (&#8222;<b>Neuraxpharm<\/b>&#8222;). Die Kontaktdaten der genannten Firmen finden Sie unter dem <a href=\"https:\/\/www.neuraxpharm.com\/at\/kontakt\">folgenden link<\/a>.<\/p>\n<p>Im Falle der Pharmakovigilanz ist insbesondere die CEREBRO SPAIN BIDCO S.L. verantwortlich.<\/p>\n<\/td>\n<\/tr>\n<tr>\n<td>\n<p>E-Mail Adresse<\/p>\n<\/td>\n<td>\n<p><a href=\"mailto:gdpr@neuraxpharm.com%2520\">gdpr@neuraxpharm.com<\/a><\/p>\n<\/td>\n<\/tr>\n<\/tbody>\n<\/table>\n<p><b>2.- Zu welchen Zwecken verarbeiten wir Ihre personenbezogenen Daten?<\/b><\/p>\n<p>Neuraxpharm verarbeitet die personenbezogenen Daten, die Sie uns durch Ausf\u00fcllen der Kontaktformulare oder durch Kontaktaufnahme \u00fcber eine der auf der Website angegebenen E-Mail-Adressen oder Telefonnummern zur Verf\u00fcgung stellen, zu den unten genannten Zwecken:<\/p>\n<ol>\n<li><b>Kommerzielle Kommunikation<\/b>\n<p>Im Rahmen seiner Werbet\u00e4tigkeit kann Neuraxpharm Ihnen Mittel zur Verf\u00fcgung stellen, um sich zu registrieren oder Nachrichten oder damit verbundene kommerzielle Informationen zu abonnieren. Solche Mittel erfordern immer Ihre ausdr\u00fcckliche Zustimmung, damit wir Ihnen Nachrichten oder kommerzielle Informationen zusenden k\u00f6nnen. Wenn Sie uns also Ihr Einverst\u00e4ndnis gegeben haben, wird Neruaxpharm Ihnen Informationen \u00fcber seine Produkte zusenden.<\/p>\n<p>Sie k\u00f6nnen Ihre Zustimmung zum Erhalt kommerzieller Mitteilungen jederzeit widerrufen, indem Sie auf den Link oder die Schaltfl\u00e4che klicken, der\/die in jeder kommerziellen Mitteilung enthalten ist, oder indem Sie uns eine E-Mail an die folgende Adresse senden:<\/p>\n<a href=\"mailto:gdpr@neuraxpharm.com%2520\">gdpr@neuraxpharm.com<\/a>.<\/li>\n<li><b>Presse-Kontakt<\/b>\n<p>\u00a0<\/p>\n<p>Zur Beantwortung von Informationsanfragen.<\/p>\n<\/li>\n<li><b>Kanal f\u00fcr Ethik und Compliance:<\/b>\n<p>\u00a0<\/p>\n<p>Bearbeitung der \u00fcber den Kanal f\u00fcr Ethik und Compliance an Neuraxpharm herangetragenen Beschwerden sowie Durchf\u00fchrung der Untersuchung der gemeldeten Sachverhalte, Verabschiedung der entsprechenden Korrekturma\u00dfnahmen und ggf. Benachrichtigung des Nutzers \u00fcber das Ergebnis des Verfahrens.<\/p>\n<p>\u00a0<\/p>\n<p>\u00a0<\/p>\n<\/li>\n<li><b>Bericht \u00fcber Nebenwirkungen<\/b>\n<p>\u00a0<\/p>\n1. Beantworten von Informationsanfragen, die der Benutzer auf diese Weise gestellt hat.\n<p>2. Verwalten der Aufzeichnungen \u00fcber Verdachtsf\u00e4lle von unerw\u00fcnschten Arzneimittelwirkungen.<\/p>\n<p>\u00a0<\/p>\n<p>\u00a0<\/p>\n<p>\u00a0<\/p>\n<\/li>\n<li><b>Kontakt mit medizinischem Fachpersonal<\/b>\n<p>\u00a0<\/p>\nZur Beantwortung von Informationsanfragen.\n<p>\u00a0<\/p>\n<p>\u00a0<\/p>\n<p>\u00a0<\/p>\n<\/li>\n<li><b>Internationales Handelsgesch\u00e4ft<\/b>\n<p>\u00a0<\/p>\nZur Beantwortung von Informationsanfragen.\n<p>\u00a0<\/p>\n<p>\u00a0<\/p>\n<\/li>\n<li><b>Website-Register (&#8222;Privater Bereich&#8220;)\u00a0<\/b>\n<p>\u00a0<\/p>\nVerwalten Ihrer Anfrage zur Registrierung auf unserer Webseite.\n<p>\u00a0<\/p>\n<\/li>\n<\/ol>\n<p><b>3.- Wie lange werden wir Ihre personenbezogenen Daten aufbewahren?<\/b><\/p>\n<p>Neuraxpharm verpflichtet sich, Ihre personenbezogenen Daten so lange zu verarbeiten, wie es n\u00fctzlich und notwendig ist, um Ihnen einen Qualit\u00e4tsservice zu bieten. Neuraxpharm wird daher alle angemessenen und geeigneten Anstrengungen unternehmen, um die Dauer, die f\u00fcr die Verarbeitung und Aufbewahrung Ihrer personenbezogenen Daten erforderlich ist, zu minimieren.<\/p>\n<p>Insbesondere m\u00f6chten wir Sie darauf hinweisen, dass Ihre personenbezogenen Daten unter Einsatz der notwendigen technischen und organisatorischen Ma\u00dfnahmen zur Gew\u00e4hrleistung der Sicherheit und Integrit\u00e4t der Daten f\u00fcr die folgenden Zeitr\u00e4ume und in jedem Fall so lange aufbewahrt werden, bis Sie deren L\u00f6schung verlangen:<\/p>\n<table>\n<tbody>\n<tr>\n<td>\n<p><b>Purpose<\/b><\/p>\n<\/td>\n<td>\n<p><b>Storage period<\/b><\/p>\n<\/td>\n<\/tr>\n<tr>\n<td>\n<p>Kommerzielle Kommunikation (Abschnitt 2.i)<\/p>\n<\/td>\n<td>\n<p>Bis Sie Ihre Einwilligung zur Verarbeitung widerrufen.<\/p>\n<\/td>\n<\/tr>\n<tr>\n<td>\n<p>Pressekontakt (Abschnitt 2.ii)<\/p>\n<\/td>\n<td>\n<p>Solange sie ben\u00f6tigt werden, um Ihre Anfrage zu bearbeiten.<\/p>\n<\/td>\n<\/tr>\n<tr>\n<td>\n<p>Kanal f\u00fcr Ethik und Compliance (Abschnitt 2.iii)<\/p>\n<\/td>\n<td>\n<p>So lange, wie es notwendig ist, um zu entscheiden, ob es angemessen ist, eine Untersuchung der gemeldeten Ereignisse einzuleiten, und ggf. f\u00fcr die Zeit, die zur Bearbeitung der Reklamation erforderlich ist.<\/p>\n<\/td>\n<\/tr>\n<tr>\n<td>\n<p>Bericht \u00fcber Nebenwirkungen (Abschnitt 2.iv)<\/p>\n<\/td>\n<td>\n<p>Die gem\u00e4\u00df Gesetzgebung zum Schutz des Rechts auf Gesundheit durch die \u00f6ffentliche Gewalt und zur Information und Aufkl\u00e4rung der Verbraucher \u00fcber die Verj\u00e4hrungsfristen f\u00fcr Haftungsanspr\u00fcche Verantwortlichen.<\/p>\n<\/td>\n<\/tr>\n<tr>\n<td>\n<p>Kontakt mit medizinischem Fachpersonal (Abschnitt 2.v)<\/p>\n<p>\u00a0<\/p>\n<p>\u00a0<\/p>\n<\/td>\n<td>\n<p>Solange sie ben\u00f6tigt werden, um Ihre Anfrage zu bearbeiten.<\/p>\n<\/td>\n<\/tr>\n<tr>\n<td>\n<p>Internationales Handelsgesch\u00e4ft (Abschnitt 2.vi)<\/p>\n<\/td>\n<td>\n<p>Solange sie ben\u00f6tigt werden, um Ihre Anfrage zu bearbeiten.<\/p>\n<\/td>\n<\/tr>\n<tr>\n<td>\n<p>Website-Register (Abschnitt 2.vii)<\/p>\n<\/td>\n<td>\n<p>Solange sie ben\u00f6tigt werden, um Ihre Anfrage zu bearbeiten.<\/p>\n<\/td>\n<\/tr>\n<\/tbody>\n<\/table>\n<p>Neuraxpharm ist in jedem Fall berechtigt, Ihre personenbezogenen Daten unter entsprechender Sperrung so lange aufzubewahren, wie es erforderlich ist, um den entsprechenden gesetzlichen Verpflichtungen nachzukommen und sie den zust\u00e4ndigen Beh\u00f6rden f\u00fcr verschiedene Angelegenheiten zur Verf\u00fcgung zu stellen. Dies gilt auch dann, wenn Sie die L\u00f6schung Ihrer personenbezogenen Daten verlangen.<\/p>\n<p><b>4.- Was ist die Rechtsgrundlage f\u00fcr die Verarbeitung Ihrer personenbezogenen Daten?<\/b><\/p>\n<p>Die Rechtsgrundlage f\u00fcr die Verarbeitung Ihrer personenbezogenen Daten variiert je nach dem Zweck der Verarbeitung gem\u00e4\u00df Absatz 2 dieser Datenschutzerkl\u00e4rung:<\/p>\n<table>\n<tbody>\n<tr>\n<td>\n<p><b>Purpose<\/b><\/p>\n<\/td>\n<td>\n<p><b>Legal Basis<\/b><\/p>\n<\/td>\n<\/tr>\n<tr>\n<td>\n<p>Kommerzielle Kommunikation (Abschnitt 2.i)<\/p>\n<\/td>\n<td>\n<p>Ihre Einwilligung.<\/p>\n<\/td>\n<\/tr>\n<tr>\n<td>\n<p>Pressekontakt (Abschnitt 2.ii)<\/p>\n<\/td>\n<td>\n<p>Ihre Einwilligung, die Sie bei der Kontaktaufnahme \u00fcber das Kontaktformular erteilt haben.<\/p>\n<\/td>\n<\/tr>\n<tr>\n<td>\n<p>Kanal f\u00fcr Ethik und Compliance (Abschnitt 2.iii)<\/p>\n<\/td>\n<td>\n<p>Eine gesetzliche Verpflichtung, insbesondere in Bezug auf Richtlinie (EU) 2019\/1937 zum Schutz von Personen, die Verst\u00f6\u00dfe gegen das Recht der Europ\u00e4ischen Union melden.<\/p>\n<\/td>\n<\/tr>\n<tr>\n<td>\n<p>Bericht \u00fcber Nebenwirkungen (Abschnitt 2.iv)<\/p>\n<\/td>\n<td>\n<p>Eine gesetzliche Verpflichtung, insbesondere in Bezug auf VERORDNUNG (EU) Nr. 1235\/2010 des Europ\u00e4ischen Parlaments und des Rates vom 15. Dezember 2010 zur \u00c4nderung der Verordnung (EG) Nr. 726\/2004 zur Festlegung von Gemeinschaftsverfahren f\u00fcr die Genehmigung und \u00dcberwachung von Human- und Tierarzneimitteln und zur Errichtung einer Europ\u00e4ischen Arzneimittel-Agentur hinsichtlich der Pharmakovigilanz von Humanarzneimitteln sowie der Verordnung (EG) Nr. 1394\/2007 \u00fcber Arzneimittel f\u00fcr neuartige Therapien.<\/p>\n<\/td>\n<\/tr>\n<tr>\n<td>\n<p>Kontakt mit medizinischem Fachpersonal (Abschnitt 2.v)<\/p>\n<p>\u00a0<\/p>\n<p>\u00a0<\/p>\n<\/td>\n<td>\n<p>Ihre Einwilligung, die Sie bei der Kontaktaufnahme \u00fcber das Kontaktformular erteilt haben.<\/p>\n<\/td>\n<\/tr>\n<tr>\n<td>\n<p>Internationales Handelsgesch\u00e4ft (Abschnitt 2.vi)<\/p>\n<\/td>\n<td>\n<p>Ihre Einwilligung, die Sie bei der Kontaktaufnahme \u00fcber das Kontaktformular erteilt haben.<\/p>\n<\/td>\n<\/tr>\n<tr>\n<td>\n<p>Website-Register (Abschnitt 2.vii)<\/p>\n<\/td>\n<td>\n<p>Ihre Einwilligung, die Sie bei der Kontaktaufnahme \u00fcber das Kontaktformular erteilt haben.<\/p>\n<\/td>\n<\/tr>\n<\/tbody>\n<\/table>\n<ol>\n<li><b>An wen werden wir Ihre personenbezogenen Daten weitergeben?<\/b><\/li>\n<\/ol>\n<p>Ihre personenbezogenen Daten werden nicht an Dritte weitergegeben, mit Ausnahme von Lieferanten, die uns bei unserem Angebot von Dienstleistungen unterst\u00fctzen. Neuraxpharm kann Ihre pers\u00f6nlichen Daten auch an \u00f6ffentliche Einrichtungen und Beh\u00f6rden (Verwaltung oder Justiz) weitergeben, wenn diesbez\u00fcglich eine gesetzliche Verpflichtung besteht.<\/p>\n<p>Beachten Sie bitte, dass die von Ihnen zur Verf\u00fcgung gestellten Daten zu internen Verwaltungszwecken an die zur Neuraxpharm-Gruppe geh\u00f6renden Unternehmen weitergegeben werden k\u00f6nnen.<\/p>\n<p><b>5.- Welche Rechte haben Sie in Bezug auf Ihre personenbezogenen Daten und wie k\u00f6nnen Sie diese aus\u00fcben?<\/b><\/p>\n<p>Sie haben jederzeit das Recht, auf Ihre personenbezogenen Daten zuzugreifen sowie die Berichtigung fehlerhafter Daten oder gegebenenfalls deren L\u00f6schung zu verlangen, wenn die Daten f\u00fcr die Zwecke, f\u00fcr die sie erhoben wurden, und ggf. f\u00fcr andere Zwecke, nicht mehr ben\u00f6tigt werden.<\/p>\n<p>Sie k\u00f6nnen unter bestimmten Umst\u00e4nden verlangen, dass wir die Verarbeitung Ihrer Daten einschr\u00e4nken. In diesem Fall werden wir sie nur f\u00fcr die Aus\u00fcbung oder Geltendmachung von Anspr\u00fcchen aufbewahren.<\/p>\n<p>Sie k\u00f6nnen unter bestimmten Umst\u00e4nden und aus Gr\u00fcnden, die sich auf Ihre besondere Situation beziehen, der Verarbeitung Ihrer Daten widersprechen. Neuraxpharm wird die Daten in diesem Fall nicht mehr verarbeiten, es sei denn, es liegen zwingende schutzw\u00fcrdige Gr\u00fcnde vor oder es dient der Geltendmachung oder Verteidigung von Rechtsanspr\u00fcchen.<\/p>\n<p>Sie k\u00f6nnen auch Ihr Recht auf \u00dcbertragbarkeit Ihrer Daten aus\u00fcben und Ihre Einwilligung jederzeit widerrufen, ohne dass die Rechtm\u00e4\u00dfigkeit der aufgrund Ihrer Einwilligung bis zum Widerruf erfolgten Verarbeitung ber\u00fchrt wird.<\/p>\n<p>Wenn Sie eines Ihrer Rechte aus\u00fcben m\u00f6chten, k\u00f6nnen Sie sich mit uns in Verbindung setzen, indem Sie ein Schreiben an die oben genannte Adresse oder eine E-Mail an <a href=\"mailto:gdpr@neuraxpharm.com\">gdpr@neuraxpharm.com<\/a> senden. Dem Schreiben muss ein Dokument zum Identit\u00e4tsnachweis beiliegen und es muss ausdr\u00fccklich das Recht genannt werden, dass Sie aus\u00fcben m\u00f6chten..<\/p>\n<p>Beachten Sie bitte auch, dass Sie sich bei allen Anspr\u00fcchen, die sich aus der Verarbeitung Ihrer personenbezogenen Daten ergeben, an die zust\u00e4ndige Datenschutzbeh\u00f6rde in Ihrem Land und andere zust\u00e4ndige \u00f6ffentliche Stellen wenden k\u00f6nnen.<\/p>\n<p><b>6.- Vertraulichkeit und Sicherheitsma\u00dfnahmen<\/b><\/p>\n<p>Neuraxpharm hat alle angemessenen Sicherheitsma\u00dfnahmen ergriffen, um zu gew\u00e4hrleisten, dass es nicht zu einem Verlust, einer Ver\u00e4nderung, einem Missbrauch oder einem unbefugter Zugriff auf die verarbeiteten personenbezogenen Daten kommt. Neuraxpharm \u00fcberpr\u00fcft in regelm\u00e4\u00dfigen Abst\u00e4nden die ergriffenen Sicherheitsma\u00dfnahmen, um sicherzustellen, dass sie bez\u00fcglich der durchgef\u00fchrten Verarbeitung angemessen sind.\u00a0<\/p>\n<p>Ungeachtet dessen ist die Nutzung des Internets nicht absolut sicher, und wir k\u00f6nnen die Sicherheit Ihrer Daten nicht garantieren.<\/p>\n<h2 class=\"wp-block-heading\"><\/h2>\n\t\t\t\t\t\t\t\t<\/div>\n\t\t\t\t<\/div>\n\t\t\t\t\t<\/div>\n\t\t<\/div>\n\t\t\t\t\t<\/div>\n\t\t<\/section>\n\t\t\t\t<\/div>\n\t\t","protected":false},"excerpt":{"rendered":"<p>Datenschutzerkl\u00e4rung Unter Beachtung der Verordnung (EU) 2016\/679 des Europ\u00e4ischen Parlaments und des Rates vom 27. April 2016 zum Schutz nat\u00fcrlicher Personen bei der Verarbeitung personenbezogener Daten und zum freien Datenverkehr sowie sonstiger anwendbarer Datenschutzbestimmungen informieren wir Sie hiermit ausf\u00fchrlich \u00fcber die Verarbeitung Ihrer personenbezogenen Daten. 1.- Wer ist der Verantwortliche f\u00fcr die Verarbeitung Ihrer personenbezogenen [&hellip;]<\/p>\n","protected":false},"author":1,"featured_media":0,"parent":0,"menu_order":0,"comment_status":"closed","ping_status":"closed","template":"","meta":{"_acf_changed":false,"footnotes":""},"class_list":["post-3","page","type-page","status-publish","hentry"],"yoast_head":"<!-- This site is optimized with the Yoast SEO Premium plugin v27.2 (Yoast SEO v27.2) - https:\/\/yoast.com\/product\/yoast-seo-premium-wordpress\/ -->\n<title>Datenschutzrichtlinie - Neuraxpharm AT<\/title>\n<meta name=\"robots\" content=\"index, follow, max-snippet:-1, max-image-preview:large, max-video-preview:-1\" \/>\n<link rel=\"canonical\" href=\"https:\/\/www.neuraxpharm.com\/at\/datenschutzerklaerung-und-nutzungsbedingungen\" \/>\n<meta property=\"og:locale\" content=\"de_DE\" \/>\n<meta property=\"og:type\" content=\"article\" \/>\n<meta property=\"og:title\" content=\"Datenschutzrichtlinie\" \/>\n<meta property=\"og:description\" content=\"Datenschutzerkl\u00e4rung Unter Beachtung der Verordnung (EU) 2016\/679 des Europ\u00e4ischen Parlaments und des Rates vom 27. April 2016 zum Schutz nat\u00fcrlicher Personen bei der Verarbeitung personenbezogener Daten und zum freien Datenverkehr sowie sonstiger anwendbarer Datenschutzbestimmungen informieren wir Sie hiermit ausf\u00fchrlich \u00fcber die Verarbeitung Ihrer personenbezogenen Daten. 1.- Wer ist der Verantwortliche f\u00fcr die Verarbeitung Ihrer personenbezogenen [&hellip;]\" \/>\n<meta property=\"og:url\" content=\"https:\/\/www.neuraxpharm.com\/at\/datenschutzerklaerung-und-nutzungsbedingungen\" \/>\n<meta property=\"og:site_name\" content=\"Neuraxpharm AT\" \/>\n<meta property=\"article:modified_time\" content=\"2021-12-13T11:44:11+00:00\" \/>\n<meta name=\"twitter:card\" content=\"summary_large_image\" \/>\n<meta name=\"twitter:label1\" content=\"Gesch\u00e4tzte Lesezeit\" \/>\n\t<meta name=\"twitter:data1\" content=\"6\u00a0Minuten\" \/>\n<script type=\"application\/ld+json\" class=\"yoast-schema-graph\">{\"@context\":\"https:\/\/schema.org\",\"@graph\":[{\"@type\":\"WebPage\",\"@id\":\"https:\/\/www.neuraxpharm.com\/at\/datenschutzerklaerung-und-nutzungsbedingungen\",\"url\":\"https:\/\/www.neuraxpharm.com\/at\/datenschutzerklaerung-und-nutzungsbedingungen\",\"name\":\"Datenschutzrichtlinie - Neuraxpharm AT\",\"isPartOf\":{\"@id\":\"https:\/\/www.neuraxpharm.com\/at\/#website\"},\"datePublished\":\"2021-01-27T16:51:35+00:00\",\"dateModified\":\"2021-12-13T11:44:11+00:00\",\"inLanguage\":\"de\",\"potentialAction\":[{\"@type\":\"ReadAction\",\"target\":[\"https:\/\/www.neuraxpharm.com\/at\/datenschutzerklaerung-und-nutzungsbedingungen\"]}]},{\"@type\":\"WebSite\",\"@id\":\"https:\/\/www.neuraxpharm.com\/at\/#website\",\"url\":\"https:\/\/www.neuraxpharm.com\/at\/\",\"name\":\"Neuraxpharm AT\",\"description\":\"Ein europ\u00e4ischer Marktf\u00fchrer f\u00fcr CNS-Produkte\",\"potentialAction\":[{\"@type\":\"SearchAction\",\"target\":{\"@type\":\"EntryPoint\",\"urlTemplate\":\"https:\/\/www.neuraxpharm.com\/at\/?s={search_term_string}\"},\"query-input\":{\"@type\":\"PropertyValueSpecification\",\"valueRequired\":true,\"valueName\":\"search_term_string\"}}],\"inLanguage\":\"de\"}]}<\/script>\n<!-- \/ Yoast SEO Premium plugin. -->","yoast_head_json":{"title":"Datenschutzrichtlinie - Neuraxpharm AT","robots":{"index":"index","follow":"follow","max-snippet":"max-snippet:-1","max-image-preview":"max-image-preview:large","max-video-preview":"max-video-preview:-1"},"canonical":"https:\/\/www.neuraxpharm.com\/at\/datenschutzerklaerung-und-nutzungsbedingungen","og_locale":"de_DE","og_type":"article","og_title":"Datenschutzrichtlinie","og_description":"Datenschutzerkl\u00e4rung Unter Beachtung der Verordnung (EU) 2016\/679 des Europ\u00e4ischen Parlaments und des Rates vom 27. April 2016 zum Schutz nat\u00fcrlicher Personen bei der Verarbeitung personenbezogener Daten und zum freien Datenverkehr sowie sonstiger anwendbarer Datenschutzbestimmungen informieren wir Sie hiermit ausf\u00fchrlich \u00fcber die Verarbeitung Ihrer personenbezogenen Daten. 1.- Wer ist der Verantwortliche f\u00fcr die Verarbeitung Ihrer personenbezogenen [&hellip;]","og_url":"https:\/\/www.neuraxpharm.com\/at\/datenschutzerklaerung-und-nutzungsbedingungen","og_site_name":"Neuraxpharm AT","article_modified_time":"2021-12-13T11:44:11+00:00","twitter_card":"summary_large_image","twitter_misc":{"Gesch\u00e4tzte Lesezeit":"6\u00a0Minuten"},"schema":{"@context":"https:\/\/schema.org","@graph":[{"@type":"WebPage","@id":"https:\/\/www.neuraxpharm.com\/at\/datenschutzerklaerung-und-nutzungsbedingungen","url":"https:\/\/www.neuraxpharm.com\/at\/datenschutzerklaerung-und-nutzungsbedingungen","name":"Datenschutzrichtlinie - Neuraxpharm AT","isPartOf":{"@id":"https:\/\/www.neuraxpharm.com\/at\/#website"},"datePublished":"2021-01-27T16:51:35+00:00","dateModified":"2021-12-13T11:44:11+00:00","inLanguage":"de","potentialAction":[{"@type":"ReadAction","target":["https:\/\/www.neuraxpharm.com\/at\/datenschutzerklaerung-und-nutzungsbedingungen"]}]},{"@type":"WebSite","@id":"https:\/\/www.neuraxpharm.com\/at\/#website","url":"https:\/\/www.neuraxpharm.com\/at\/","name":"Neuraxpharm AT","description":"Ein europ\u00e4ischer Marktf\u00fchrer f\u00fcr CNS-Produkte","potentialAction":[{"@type":"SearchAction","target":{"@type":"EntryPoint","urlTemplate":"https:\/\/www.neuraxpharm.com\/at\/?s={search_term_string}"},"query-input":{"@type":"PropertyValueSpecification","valueRequired":true,"valueName":"search_term_string"}}],"inLanguage":"de"}]}},"acf":[],"_links":{"self":[{"href":"https:\/\/www.neuraxpharm.com\/at\/wp-json\/wp\/v2\/pages\/3","targetHints":{"allow":["GET"]}}],"collection":[{"href":"https:\/\/www.neuraxpharm.com\/at\/wp-json\/wp\/v2\/pages"}],"about":[{"href":"https:\/\/www.neuraxpharm.com\/at\/wp-json\/wp\/v2\/types\/page"}],"author":[{"embeddable":true,"href":"https:\/\/www.neuraxpharm.com\/at\/wp-json\/wp\/v2\/users\/1"}],"replies":[{"embeddable":true,"href":"https:\/\/www.neuraxpharm.com\/at\/wp-json\/wp\/v2\/comments?post=3"}],"version-history":[{"count":116,"href":"https:\/\/www.neuraxpharm.com\/at\/wp-json\/wp\/v2\/pages\/3\/revisions"}],"predecessor-version":[{"id":27408,"href":"https:\/\/www.neuraxpharm.com\/at\/wp-json\/wp\/v2\/pages\/3\/revisions\/27408"}],"wp:attachment":[{"href":"https:\/\/www.neuraxpharm.com\/at\/wp-json\/wp\/v2\/media?parent=3"}],"curies":[{"name":"wp","href":"https:\/\/api.w.org\/{rel}","templated":true}]}}